{"id":191,"date":"2010-01-21T14:03:12","date_gmt":"2010-01-21T12:03:12","guid":{"rendered":"https:\/\/webs.uab.cat\/catsynanomat\/funded-spanish-and-foreign-public-administrations\/"},"modified":"2025-09-26T13:10:20","modified_gmt":"2025-09-26T11:10:20","slug":"funded-spanish-and-foreign-public-administrations","status":"publish","type":"page","link":"https:\/\/webs.uab.cat\/catsynanomat\/funded-spanish-and-foreign-public-administrations\/","title":{"rendered":"Funded by Spanish and Foreign Public Administrations"},"content":{"rendered":"\n<p><strong>Title: Accessing New Organofluorine Chemical Space via Photoinduced Single-Electron Transfer (PID2024-156087NB-I00)<\/strong><\/p>\n\n\n\n<p>&nbsp; &nbsp; &nbsp; &nbsp; &nbsp; Financial Organism: Ministerio de Ciencia e Innovaci\u00f3n<\/p>\n\n\n\n<p>\u00a0 \u00a0 \u00a0 \u00a0 \u00a0\u00a0Years: 2025-2028<\/p>\n\n\n\n<p>\u00a0 \u00a0 \u00a0 \u00a0 \u00a0 Project Leader: Dr. Albert Granados and Prof. Adelina Vallribera<\/p>\n\n\n\n<p><strong>Title: Organic molecules and materials for catalytic sunlight driven reactions &#8211; MOLMATOSOL (PID2021-128496OB-I00)<\/strong><\/p>\n\n\n\n<p>&nbsp; &nbsp; &nbsp; &nbsp; &nbsp; Financial Organism: Ministerio de Ciencia e Innovaci\u00f3n<\/p>\n\n\n\n<p>&nbsp; &nbsp; &nbsp; &nbsp; &nbsp;&nbsp;Years: 2022-2025<\/p>\n\n\n\n<p>&nbsp; &nbsp; &nbsp; &nbsp; &nbsp; Project Leader: Dr. Carolina Gimbert<\/p>\n\n\n\n<p><strong>Title: Emergent (per)fluorination methods. Photocatalysis &#8211; FluoChemLight&nbsp;(PID2021-124916NB-I00)<\/strong><\/p>\n\n\n\n<p>&nbsp; &nbsp; &nbsp; &nbsp; &nbsp; Financial Organism: Ministerio de Ciencia e Innovaci\u00f3n<\/p>\n\n\n\n<p>&nbsp; &nbsp; &nbsp; &nbsp; &nbsp;&nbsp;Years: 2022-2025<\/p>\n\n\n\n<p>&nbsp; &nbsp; &nbsp; &nbsp; &nbsp; Project Leader: Prof. Adelina Vallribera<\/p>\n\n\n\n<p><strong>Title: Solar Energy to power CO<sub>2<\/sub>&nbsp;reduction towards&nbsp;C2 chemicals for energy storage&nbsp;&#8211; SOREC2 (101084326)<\/strong><\/p>\n\n\n\n<p>&nbsp; &nbsp; &nbsp; &nbsp; &nbsp; Financial Organism: European Commission<\/p>\n\n\n\n<p>&nbsp; &nbsp; &nbsp; &nbsp; &nbsp;&nbsp;Years: 2022-2025<\/p>\n\n\n\n<p>&nbsp; &nbsp; &nbsp; &nbsp; &nbsp; UAB Project Leader: Dr. Carolina Gimbert<\/p>\n\n\n\n<p><strong>Title: Qu\u00edmica organofluorada: M\u00e9todos emergentes de fluoraci\u00f3n y tejidos de algod\u00f3n para usos m\u00e9dicos (RTI2018-097853-B-I00)<\/strong><\/p>\n\n\n\n<p>&nbsp; &nbsp; &nbsp; &nbsp; &nbsp; Financial Organism: Ministerio de Ciencia Innovaci\u00f3n y Universiades<\/p>\n\n\n\n<p>&nbsp; &nbsp; &nbsp; &nbsp; &nbsp;&nbsp;Years: 2019-2021<\/p>\n\n\n\n<p>&nbsp; &nbsp; &nbsp; &nbsp; &nbsp;&nbsp;Project Leader: Prof.&nbsp;Adelina Vallribera and Prof. Roser Pleixats<\/p>\n\n\n\n<p><strong>Title: Compuestos organofluorados y nanomateriales para aplicaciones en cat\u00e1lisis, tratamiento de superficies y biomedicina (CTQ2014-53662-P)<\/strong><\/p>\n\n\n\n<p>&nbsp; &nbsp; &nbsp; &nbsp; &nbsp; Financial Organism: Ministerio de Economia y Competitividad<\/p>\n\n\n\n<p>&nbsp; &nbsp; &nbsp; &nbsp; &nbsp;&nbsp;Years: 2015-2018<\/p>\n\n\n\n<p>&nbsp; &nbsp; &nbsp; &nbsp; &nbsp;&nbsp;Project Leader: Dr. Adelina Vallribera and Prof. Roser Pleixats<\/p>\n\n\n\n<p><strong>Title: RED ORFEO-CINQA &#8220;CENTRO DE INNOVACION EN QUIMICA AVANZADA&#8221; (CTQ2014-51912-REDC)<\/strong><\/p>\n\n\n\n<p>&nbsp; &nbsp; &nbsp; &nbsp; &nbsp;&nbsp;Financial Organism: Ministerio de Economia y Competividad<\/p>\n\n\n\n<p>&nbsp; &nbsp; &nbsp; &nbsp; &nbsp;&nbsp;Years: 2015-2017<\/p>\n\n\n\n<p>&nbsp; &nbsp; &nbsp; &nbsp; &nbsp; UAB Project Leader: Dr. Adelina Vallribera<\/p>\n\n\n\n<p><strong>Title: Avances en cat\u00e1lisis y nuevas metodologias sint\u00e9ticas (CTQ2011-22649)<\/strong><\/p>\n\n\n\n<p>&nbsp; &nbsp; &nbsp; &nbsp; &nbsp;&nbsp;Financial Organism: Ministerio de Ciencia e Innovaci\u00f3n<\/p>\n\n\n\n<p>&nbsp; &nbsp; &nbsp; &nbsp; &nbsp;&nbsp;Years: 2012-2015<\/p>\n\n\n\n<p>&nbsp; &nbsp; &nbsp; &nbsp; &nbsp;&nbsp;Project Leader: Dr. Adelina Vallribera<\/p>\n\n\n\n<p><strong>Title: Nanopart\u00edculas met\u00e1licas y materiales h\u00edbridos org\u00e1nico-inorg\u00e1nicos.<br>Aplicaciones en cat\u00e1lisis (CTQ2009-07881\/BQU)<\/strong><\/p>\n\n\n\n<p>&nbsp; &nbsp; &nbsp; &nbsp; &nbsp;&nbsp;Financial Organism: Ministerio de Ciencia e Innovaci\u00f3n<\/p>\n\n\n\n<p>&nbsp; &nbsp; &nbsp; &nbsp; &nbsp;&nbsp;Years: 2010-2013<\/p>\n\n\n\n<p>&nbsp; &nbsp; &nbsp; &nbsp; &nbsp;&nbsp;Project Leader: Prof. Roser Pleixats<\/p>\n\n\n\n<p><strong>Title: S\u00edntesis y reactividad de compuestos polifluorados, macrociclos, dendrimeros y aerogeles. Aplicaciones en cat\u00e1lisis y en qu\u00edmica de materiales (CTQ2008-05409-C02-01\/BQU)<\/strong><\/p>\n\n\n\n<p>&nbsp; &nbsp; &nbsp; &nbsp; &nbsp;&nbsp;Financial Organism: Ministerio de Ciencia e Innovaci\u00f3n<\/p>\n\n\n\n<p>&nbsp; &nbsp; &nbsp; &nbsp; &nbsp;&nbsp;Years: 2009-2012<\/p>\n\n\n\n<p>&nbsp; &nbsp; &nbsp; &nbsp; &nbsp;&nbsp;Project Leader UAB: Dr. Adelina Vallribera<\/p>\n\n\n\n<p><strong>Title: Development of organometallic moieties for the selective functionalization of organic molecules (Consolider Ingenio 2010 (CSD2007-00006))<\/strong>. Coordinator: Prof. Miguel Angel Esteruelas<\/p>\n\n\n\n<p>&nbsp; &nbsp; &nbsp; &nbsp; &nbsp;&nbsp;Financial Organism: MCYT<\/p>\n\n\n\n<p>&nbsp; &nbsp; &nbsp; &nbsp; &nbsp;&nbsp;Years: 2007-2012<\/p>\n\n\n\n<p>&nbsp; &nbsp; &nbsp; &nbsp; &nbsp;&nbsp;UAB Project Leader: Dr. Adelina Vallribera<\/p>\n\n\n\n<p><strong>Title: Grupo de Estudios de Qu\u00edmica Org\u00e1nica y Organomet\u00e1lica (2009SGR1441)<\/strong><\/p>\n\n\n\n<p>&nbsp; &nbsp; &nbsp; &nbsp; &nbsp;&nbsp;Financial Organism: Ag\u00e8ncia de gesti\u00f3 d\u2019Ajuts Universitaris i de Recerca<\/p>\n\n\n\n<p>&nbsp; &nbsp; &nbsp; &nbsp; &nbsp;&nbsp;Years: 2009-2014<\/p>\n\n\n\n<p>&nbsp; &nbsp; &nbsp; &nbsp; &nbsp;&nbsp;Project Leader: Prof. Roser Pleixats<\/p>\n\n\n\n<p><strong>Title: Catalizadores recuperables de rutenio y de paladio por formaci\u00f3n de<br>materiales h\u00edbridos org\u00e1nico-inorg\u00e1nicos. Aplicaci\u00f3n en reacciones de met\u00e1tesis<br>y de acoplamiento (CTQ2006-4204\/BQU)<\/strong><\/p>\n\n\n\n<p>&nbsp; &nbsp; &nbsp; &nbsp; &nbsp;&nbsp;Financial Organism: Ministerio de Educaci\u00f3n y Ciencia<\/p>\n\n\n\n<p>&nbsp; &nbsp; &nbsp; &nbsp; &nbsp;&nbsp;Years: 2006-2009<\/p>\n\n\n\n<p>&nbsp; &nbsp; &nbsp; &nbsp; &nbsp;&nbsp;Project Leader: Prof. Roser Pleixats<\/p>\n\n\n\n<p><strong>Title: Metales de transici\u00f3n en medios no convencionales c\u00f3mo catalizadores en s\u00edntesis org\u00e1nica&nbsp;(CTQ2005-04968-C02-01\/BQU)<\/strong><\/p>\n\n\n\n<p>&nbsp; &nbsp; &nbsp; &nbsp; &nbsp;&nbsp;Financial Organism: MCYT<\/p>\n\n\n\n<p>&nbsp; &nbsp; &nbsp; &nbsp; &nbsp;&nbsp;Years: 2005-2008<\/p>\n\n\n\n<p>&nbsp; &nbsp; &nbsp; &nbsp; &nbsp;&nbsp;Project Leader: Dr. Adelina Vallribera<\/p>\n\n\n\n<p><strong>Title: Grupo de Estudios de Qu\u00edmica Org\u00e1nica y Organomet\u00e1lica (2005SGR-00305)<\/strong><\/p>\n\n\n\n<p>&nbsp; &nbsp; &nbsp; &nbsp; &nbsp;&nbsp;Financial Organism: Ag\u00e8ncia de gesti\u00f3 d\u2019Ajuts Universitaris i de Recerca<\/p>\n\n\n\n<p>&nbsp; &nbsp; &nbsp; &nbsp; &nbsp;&nbsp;Years: 2005-2008<\/p>\n\n\n\n<p>&nbsp; &nbsp; &nbsp; &nbsp; &nbsp;&nbsp;Project Leader: Prof. Roser Pleixats<\/p>\n\n\n\n<p><\/p>\n\n\n\n<p><strong>Title: Catalizadores recuperables de rutenio y de paladio por formaci\u00f3n de<br>materiales h\u00edbridos org\u00e1nico-inorg\u00e1nicos. Aplicaci\u00f3n en reacciones de met\u00e1tesis<br>y de acoplamiento (CTQ2005-01254\/BQU)<\/strong><\/p>\n\n\n\n<p>&nbsp; &nbsp; &nbsp; &nbsp; &nbsp;&nbsp;Financial Organism: Ministerio de Educaci\u00f3n y Ciencia<\/p>\n\n\n\n<p>&nbsp; &nbsp; &nbsp; &nbsp; &nbsp;&nbsp;Years: 2006<\/p>\n\n\n\n<p>&nbsp; &nbsp; &nbsp; &nbsp; &nbsp;&nbsp;Project Leader: Prof. Roser Pleixats<\/p>\n\n\n\n<p><strong>Title: Catalitzadors Recuperables de Ruteni i de Pal.ladi per Formaci\u00f3 de<br>Materials H\u00edbrids Org\u00e0nic-Inorg\u00e0nics. Aplicaci\u00f3 en Reaccions de Met\u00e0tesi i<br>d\u2019Acoblament (PNL2005-10)<\/strong><\/p>\n\n\n\n<p>&nbsp; &nbsp; &nbsp; &nbsp; &nbsp;&nbsp;Financial Organism: UAB<\/p>\n\n\n\n<p>&nbsp; &nbsp; &nbsp; &nbsp; &nbsp;&nbsp;Years: 2005-2007<\/p>\n\n\n\n<p>&nbsp; &nbsp; &nbsp; &nbsp; &nbsp;&nbsp;Project Leader: Prof. Roser Pleixats<\/p>\n\n\n\n<p><strong>Title: Nanopart\u00edcules met\u00e0l.liques en la cat\u00e0lisi (PICS2003-2)<\/strong><\/p>\n\n\n\n<p>&nbsp; &nbsp; &nbsp; &nbsp; &nbsp;&nbsp;Financial Organism: DURSI (Generalitat de Catalunya)<\/p>\n\n\n\n<p>&nbsp; &nbsp; &nbsp; &nbsp; &nbsp;&nbsp;Years: 2004-2006<\/p>\n\n\n\n<p>&nbsp; &nbsp; &nbsp; &nbsp; &nbsp;&nbsp;Project Leader: Montserrat G\u00f3mez and Bruno Chaudret<\/p>\n\n\n\n<p><strong>Title: Sustituci\u00f3n de Catalizadores en Fase Homog\u00e9nea por&nbsp; Catalizadores en Fase Heterog\u00e9nea en el campo de los Tenso activos (PTR1995-0589-OP)<\/strong><\/p>\n\n\n\n<p>&nbsp; &nbsp; &nbsp; &nbsp; &nbsp;&nbsp;Financial Organism: MCYT<\/p>\n\n\n\n<p>&nbsp; &nbsp; &nbsp; &nbsp; &nbsp;&nbsp;Years: 2003-2005<\/p>\n\n\n\n<p>&nbsp; &nbsp; &nbsp; &nbsp; &nbsp;&nbsp;Project Leader: Prof. Marcial Moreno-Ma\u00f1as<\/p>\n\n\n\n<p><strong>Title: Metales de Transici\u00f3n como Catalizadores en Qu\u00edmica Org\u00e1nica (BQU2002-04002-C02-02)<\/strong><\/p>\n\n\n\n<p>&nbsp; &nbsp; &nbsp; &nbsp; &nbsp;&nbsp;Financial Organism: MCYT<\/p>\n\n\n\n<p>&nbsp; &nbsp; &nbsp; &nbsp; &nbsp;&nbsp;Years: 2002-2005<\/p>\n\n\n\n<p>&nbsp; &nbsp; &nbsp; &nbsp; &nbsp;&nbsp;Project Leader: Prof. Marcial Moreno-Ma\u00f1as<\/p>\n\n\n\n<p><strong>Title: Grupo de Estudios de Qu\u00edmica Org\u00e1nica y Organomet\u00e1lica (2001SGR-00181)<\/strong><\/p>\n\n\n\n<p>&nbsp; &nbsp; &nbsp; &nbsp; &nbsp;&nbsp;Financial Organism: Ag\u00e8ncia de gesti\u00f3 d\u2019Ajuts Universitaris i de Recerca<\/p>\n\n\n\n<p>&nbsp; &nbsp; &nbsp; &nbsp; &nbsp;&nbsp;Years: 2001-2005<\/p>\n\n\n\n<p>&nbsp; &nbsp; &nbsp; &nbsp; &nbsp;&nbsp;Project Leader: Prof Marcial Moreno-Ma\u00f1as<\/p>\n\n\n\n<p><strong>Title: Grupo de Estudios de Qu\u00edmica Org\u00e1nica y Organomet\u00e1lica (2000SGR-00062)<\/strong><\/p>\n\n\n\n<p>&nbsp; &nbsp; &nbsp; &nbsp; &nbsp;&nbsp;Financial Organism: Direcci\u00f3n General de Investigaci\u00f3n de la Generalitat de Catalunya<\/p>\n\n\n\n<p>&nbsp; &nbsp; &nbsp; &nbsp; &nbsp;&nbsp;Years: 2000-2002<\/p>\n\n\n\n<p>&nbsp; &nbsp; &nbsp; &nbsp; &nbsp;&nbsp;Project Leader: Prof. Marcial Moreno-Ma\u00f1as<\/p>\n","protected":false},"excerpt":{"rendered":"<p>Title: Accessing New Organofluorine Chemical Space via Photoinduced Single-Electron Transfer (PID2024-156087NB-I00) &nbsp; &nbsp; &nbsp; &nbsp; &nbsp; Financial Organism: Ministerio de Ciencia e Innovaci\u00f3n \u00a0 \u00a0 \u00a0 \u00a0 \u00a0\u00a0Years: 2025-2028 \u00a0 \u00a0 \u00a0 \u00a0 \u00a0 Project Leader: Dr. Albert Granados and Prof. Adelina Vallribera Title: Organic molecules and materials for catalytic sunlight driven reactions &#8211; MOLMATOSOL [&hellip;]<\/p>\n","protected":false},"author":20,"featured_media":0,"parent":0,"menu_order":0,"comment_status":"closed","ping_status":"closed","template":"","meta":{"footnotes":""},"class_list":["post-191","page","type-page","status-publish","hentry"],"_links":{"self":[{"href":"https:\/\/webs.uab.cat\/catsynanomat\/wp-json\/wp\/v2\/pages\/191","targetHints":{"allow":["GET"]}}],"collection":[{"href":"https:\/\/webs.uab.cat\/catsynanomat\/wp-json\/wp\/v2\/pages"}],"about":[{"href":"https:\/\/webs.uab.cat\/catsynanomat\/wp-json\/wp\/v2\/types\/page"}],"author":[{"embeddable":true,"href":"https:\/\/webs.uab.cat\/catsynanomat\/wp-json\/wp\/v2\/users\/20"}],"replies":[{"embeddable":true,"href":"https:\/\/webs.uab.cat\/catsynanomat\/wp-json\/wp\/v2\/comments?post=191"}],"version-history":[{"count":5,"href":"https:\/\/webs.uab.cat\/catsynanomat\/wp-json\/wp\/v2\/pages\/191\/revisions"}],"predecessor-version":[{"id":1217,"href":"https:\/\/webs.uab.cat\/catsynanomat\/wp-json\/wp\/v2\/pages\/191\/revisions\/1217"}],"wp:attachment":[{"href":"https:\/\/webs.uab.cat\/catsynanomat\/wp-json\/wp\/v2\/media?parent=191"}],"curies":[{"name":"wp","href":"https:\/\/api.w.org\/{rel}","templated":true}]}}