{"id":193,"date":"2010-01-21T14:04:18","date_gmt":"2010-01-21T12:04:18","guid":{"rendered":"https:\/\/webs.uab.cat\/catsynanomat\/private-funded-projects\/"},"modified":"2010-01-21T14:04:18","modified_gmt":"2010-01-21T12:04:18","slug":"private-funded-projects","status":"publish","type":"page","link":"https:\/\/webs.uab.cat\/catsynanomat\/private-funded-projects\/","title":{"rendered":"Private funded projects"},"content":{"rendered":"<p><strong>Title: Replacement of a chlorinated solvent by a non-halogenated solvent in Fries rearrangement and Friedel-Crafts acylation reactions.<\/strong><\/p>\n<p>&nbsp; &nbsp; &nbsp; &nbsp; &nbsp; Financial: Laboratorios Almirall S. A.<\/p>\n<p>&nbsp; &nbsp; &nbsp; &nbsp; &nbsp;&nbsp;Project Leader: Prof. Roser Pleixats<\/p>\n<p>&nbsp;<\/p>\n<p><strong>Title: S\u00edntesis y Evaluaci\u00f3n Farmacol\u00f3gica de Nuevos Productos con Posible Actividad.<\/strong><\/p>\n<p>&nbsp; &nbsp; &nbsp; &nbsp; &nbsp; Financial: J. Uriach &amp; Cia.<\/p>\n<p>&nbsp; &nbsp; &nbsp; &nbsp; &nbsp;&nbsp;Project Leader: Prof. Marcial Moreno-Ma\u00f1as<\/p>\n<p>&nbsp;<\/p>\n<p><strong>Title: S\u00edntesis de Intermedios Org\u00e1nicos<\/strong><\/p>\n<p>&nbsp; &nbsp; &nbsp; &nbsp; &nbsp; Financial: Lilly, S.A.<\/p>\n<p>&nbsp; &nbsp; &nbsp; &nbsp; &nbsp;&nbsp;Project Leader: Prof. Marcial Moreno-Ma\u00f1as<\/p>\n<p>&nbsp;<\/p>\n<p><strong>Title: S\u00edntesis de Nuevos F\u00e1rmacos de Posible Aplicaci\u00f3n Terap\u00e9utica.<\/strong><\/p>\n<p>&nbsp; &nbsp; &nbsp; &nbsp; &nbsp; Financial: Ferrer Internacional, S.A.<\/p>\n<p>&nbsp; &nbsp; &nbsp; &nbsp; &nbsp;&nbsp;Project Leader: Prof. Marcial Moreno-Ma\u00f1as<\/p>\n","protected":false},"excerpt":{"rendered":"<p>Title: Replacement of a chlorinated solvent by a non-halogenated solvent in Fries rearrangement and Friedel-Crafts acylation reactions. &nbsp; &nbsp; &nbsp; &nbsp; &nbsp; Financial: Laboratorios Almirall S. A. &nbsp; &nbsp; &nbsp; &nbsp; &nbsp;&nbsp;Project Leader: Prof. Roser Pleixats &nbsp; Title: S\u00edntesis y Evaluaci\u00f3n Farmacol\u00f3gica de Nuevos Productos con Posible Actividad. &nbsp; &nbsp; &nbsp; &nbsp; &nbsp; Financial: J. [&hellip;]<\/p>\n","protected":false},"author":20,"featured_media":0,"parent":0,"menu_order":0,"comment_status":"closed","ping_status":"closed","template":"","meta":{"footnotes":""},"class_list":["post-193","page","type-page","status-publish","hentry"],"_links":{"self":[{"href":"https:\/\/webs.uab.cat\/catsynanomat\/wp-json\/wp\/v2\/pages\/193","targetHints":{"allow":["GET"]}}],"collection":[{"href":"https:\/\/webs.uab.cat\/catsynanomat\/wp-json\/wp\/v2\/pages"}],"about":[{"href":"https:\/\/webs.uab.cat\/catsynanomat\/wp-json\/wp\/v2\/types\/page"}],"author":[{"embeddable":true,"href":"https:\/\/webs.uab.cat\/catsynanomat\/wp-json\/wp\/v2\/users\/20"}],"replies":[{"embeddable":true,"href":"https:\/\/webs.uab.cat\/catsynanomat\/wp-json\/wp\/v2\/comments?post=193"}],"version-history":[{"count":0,"href":"https:\/\/webs.uab.cat\/catsynanomat\/wp-json\/wp\/v2\/pages\/193\/revisions"}],"wp:attachment":[{"href":"https:\/\/webs.uab.cat\/catsynanomat\/wp-json\/wp\/v2\/media?parent=193"}],"curies":[{"name":"wp","href":"https:\/\/api.w.org\/{rel}","templated":true}]}}