{"id":196,"date":"2010-01-21T14:06:47","date_gmt":"2010-01-21T12:06:47","guid":{"rendered":"https:\/\/webs.uab.cat\/catsynanomat\/contact-us-0\/"},"modified":"2024-10-03T08:09:49","modified_gmt":"2024-10-03T06:09:49","slug":"contact-us-0","status":"publish","type":"page","link":"https:\/\/webs.uab.cat\/catsynanomat\/contact-us-0\/","title":{"rendered":"Contact Us"},"content":{"rendered":"\n<h2 class=\"wp-block-heading\"><strong>CatSyNanoMat Group<\/strong><\/h2>\n\n\n\n<figure class=\"wp-block-image size-full is-resized\"><img loading=\"lazy\" decoding=\"async\" width=\"860\" height=\"542\" src=\"https:\/\/webs.uab.cat\/catsynanomat\/wp-content\/uploads\/sites\/346\/2024\/09\/Captura-de-pantalla-2024-09-20-155433.png\" alt=\"\" class=\"wp-image-1069\" style=\"width:712px;height:auto\" srcset=\"https:\/\/webs.uab.cat\/catsynanomat\/wp-content\/uploads\/sites\/346\/2024\/09\/Captura-de-pantalla-2024-09-20-155433.png 860w, https:\/\/webs.uab.cat\/catsynanomat\/wp-content\/uploads\/sites\/346\/2024\/09\/Captura-de-pantalla-2024-09-20-155433-300x189.png 300w, https:\/\/webs.uab.cat\/catsynanomat\/wp-content\/uploads\/sites\/346\/2024\/09\/Captura-de-pantalla-2024-09-20-155433-768x484.png 768w\" sizes=\"auto, (max-width: 860px) 100vw, 860px\" \/><\/figure>\n\n\n\n<p class=\"has-text-align-center\">Departament de Qu\u00edmica<br>Facultat de Ci\u00e8ncies<br>Universitat Aut\u00f2noma de Barcelona<br>Departament de Qu\u00edmica<br>08193 Bellaterra (Cerdanyola del Vall\u00e8s)<br>Spain<\/p>\n\n\n\n<div class=\"wp-block-columns is-layout-flex wp-container-core-columns-is-layout-9d6595d7 wp-block-columns-is-layout-flex\">\n<div class=\"wp-block-column is-layout-flow wp-block-column-is-layout-flow\">\n<p class=\"has-text-align-center\"><strong>Prof. Adelina Vallribera<\/strong><br><a href=\"mailto:adelina.vallribera@uab.es\">adelina.vallribera@uab.es<\/a><br>Tel. 9358123045<\/p>\n<\/div>\n\n\n\n<div class=\"wp-block-column is-layout-flow wp-block-column-is-layout-flow\">\n<p class=\"has-text-align-center\"><strong>Prof. Roser Pleixats<\/strong><br><a href=\"https:\/\/roser.pleixats@uab.es\/\">roser.pleixats@uab.es<\/a><br>Tel. 935812067<\/p>\n<\/div>\n<\/div>\n\n\n\n<div class=\"wp-block-columns is-layout-flex wp-container-core-columns-is-layout-9d6595d7 wp-block-columns-is-layout-flex\">\n<div class=\"wp-block-column is-layout-flow wp-block-column-is-layout-flow\">\n<p>              <strong>Dr. Carolina Gimbert Suri\u00f1ach<\/strong><br><a href=\"mailto:Carolina.gimbert@uab.cat\">carolina.gimbert@uab.es<\/a> Tel. 935811029<\/p>\n<\/div>\n\n\n\n<div class=\"wp-block-column is-layout-flow wp-block-column-is-layout-flow\">\n<p class=\"has-text-align-center\"><strong>Dr. Albert Granados Toda<\/strong> <a href=\"mailto:albert.granados@uab.es\">albert.granados@uab.es<\/a>                                    Tel. 935812924<\/p>\n<\/div>\n<\/div>\n","protected":false},"excerpt":{"rendered":"<p>CatSyNanoMat Group Departament de Qu\u00edmicaFacultat de Ci\u00e8nciesUniversitat Aut\u00f2noma de BarcelonaDepartament de Qu\u00edmica08193 Bellaterra (Cerdanyola del Vall\u00e8s)Spain Prof. Adelina Vallriberaadelina.vallribera@uab.esTel. 9358123045 Prof. Roser Pleixatsroser.pleixats@uab.esTel. 935812067 Dr. Carolina Gimbert Suri\u00f1achcarolina.gimbert@uab.es Tel. 935811029 Dr. Albert Granados Toda albert.granados@uab.es Tel. 935812924<\/p>\n","protected":false},"author":20,"featured_media":195,"parent":0,"menu_order":0,"comment_status":"closed","ping_status":"closed","template":"","meta":{"footnotes":""},"class_list":["post-196","page","type-page","status-publish","has-post-thumbnail","hentry"],"_links":{"self":[{"href":"https:\/\/webs.uab.cat\/catsynanomat\/wp-json\/wp\/v2\/pages\/196","targetHints":{"allow":["GET"]}}],"collection":[{"href":"https:\/\/webs.uab.cat\/catsynanomat\/wp-json\/wp\/v2\/pages"}],"about":[{"href":"https:\/\/webs.uab.cat\/catsynanomat\/wp-json\/wp\/v2\/types\/page"}],"author":[{"embeddable":true,"href":"https:\/\/webs.uab.cat\/catsynanomat\/wp-json\/wp\/v2\/users\/20"}],"replies":[{"embeddable":true,"href":"https:\/\/webs.uab.cat\/catsynanomat\/wp-json\/wp\/v2\/comments?post=196"}],"version-history":[{"count":8,"href":"https:\/\/webs.uab.cat\/catsynanomat\/wp-json\/wp\/v2\/pages\/196\/revisions"}],"predecessor-version":[{"id":1098,"href":"https:\/\/webs.uab.cat\/catsynanomat\/wp-json\/wp\/v2\/pages\/196\/revisions\/1098"}],"wp:featuredmedia":[{"embeddable":true,"href":"https:\/\/webs.uab.cat\/catsynanomat\/wp-json\/wp\/v2\/media\/195"}],"wp:attachment":[{"href":"https:\/\/webs.uab.cat\/catsynanomat\/wp-json\/wp\/v2\/media?parent=196"}],"curies":[{"name":"wp","href":"https:\/\/api.w.org\/{rel}","templated":true}]}}