{"id":109,"date":"2022-12-02T19:31:56","date_gmt":"2022-12-02T18:31:56","guid":{"rendered":"https:\/\/webs.uab.cat\/cbllletres\/?page_id=109"},"modified":"2022-12-02T19:31:56","modified_gmt":"2022-12-02T18:31:56","slug":"jose-luis-molina-gonzalez","status":"publish","type":"page","link":"https:\/\/webs.uab.cat\/cbllletres\/jose-luis-molina-gonzalez\/","title":{"rendered":"Jos\u00e9 Luis Molina Gonz\u00e1lez"},"content":{"rendered":"\n<figure class=\"wp-block-image size-full is-resized\"><img loading=\"lazy\" decoding=\"async\" src=\"https:\/\/webs.uab.cat\/cbllletres\/wp-content\/uploads\/sites\/298\/2022\/12\/JoseLuisMolina.jpg\" alt=\"\" class=\"wp-image-110\" width=\"150\" height=\"179\" \/><\/figure>\n\n\n\n<hr class=\"wp-block-separator has-alpha-channel-opacity\" \/>\n\n\n\n<p>President del Comit\u00e8 d&#8217;\u00c8tica en Experimentaci\u00f3 Animal i Humana de la Facultat de Filosofia i Lletres.<\/p>\n\n\n\n<p>Catedr\u00e0tic d&#8217;Universitat del Departament d&#8217;Antropologia Social i Cultural.<\/p>\n\n\n\n<figure class=\"wp-block-image size-large is-resized\"><img loading=\"lazy\" decoding=\"async\" src=\"https:\/\/webs.uab.cat\/cbllletres\/wp-content\/uploads\/sites\/298\/2022\/12\/1200px-ORCID_logo.svg_-8-1024x348.png\" alt=\"\" class=\"wp-image-111\" width=\"59\" height=\"19\" srcset=\"https:\/\/webs.uab.cat\/cbllletres\/wp-content\/uploads\/sites\/298\/2022\/12\/1200px-ORCID_logo.svg_-8-1024x348.png 1024w, https:\/\/webs.uab.cat\/cbllletres\/wp-content\/uploads\/sites\/298\/2022\/12\/1200px-ORCID_logo.svg_-8-300x102.png 300w, https:\/\/webs.uab.cat\/cbllletres\/wp-content\/uploads\/sites\/298\/2022\/12\/1200px-ORCID_logo.svg_-8-768x261.png 768w, https:\/\/webs.uab.cat\/cbllletres\/wp-content\/uploads\/sites\/298\/2022\/12\/1200px-ORCID_logo.svg_-8.png 1200w\" sizes=\"auto, (max-width: 59px) 100vw, 59px\" \/><\/figure>\n\n\n\n<p><strong>Contacte<\/strong>: JoseLuis.Molina@uab.cat<\/p>\n","protected":false},"excerpt":{"rendered":"<p>President del Comit\u00e8 d&#8217;\u00c8tica en Experimentaci\u00f3 Animal i Humana de la Facultat de Filosofia i Lletres. Catedr\u00e0tic d&#8217;Universitat del Departament d&#8217;Antropologia Social i Cultural. Contacte: JoseLuis.Molina@uab.cat<\/p>\n","protected":false},"author":99,"featured_media":0,"parent":0,"menu_order":0,"comment_status":"closed","ping_status":"closed","template":"","meta":{"footnotes":""},"class_list":["post-109","page","type-page","status-publish","hentry"],"_links":{"self":[{"href":"https:\/\/webs.uab.cat\/cbllletres\/wp-json\/wp\/v2\/pages\/109","targetHints":{"allow":["GET"]}}],"collection":[{"href":"https:\/\/webs.uab.cat\/cbllletres\/wp-json\/wp\/v2\/pages"}],"about":[{"href":"https:\/\/webs.uab.cat\/cbllletres\/wp-json\/wp\/v2\/types\/page"}],"author":[{"embeddable":true,"href":"https:\/\/webs.uab.cat\/cbllletres\/wp-json\/wp\/v2\/users\/99"}],"replies":[{"embeddable":true,"href":"https:\/\/webs.uab.cat\/cbllletres\/wp-json\/wp\/v2\/comments?post=109"}],"version-history":[{"count":1,"href":"https:\/\/webs.uab.cat\/cbllletres\/wp-json\/wp\/v2\/pages\/109\/revisions"}],"predecessor-version":[{"id":113,"href":"https:\/\/webs.uab.cat\/cbllletres\/wp-json\/wp\/v2\/pages\/109\/revisions\/113"}],"wp:attachment":[{"href":"https:\/\/webs.uab.cat\/cbllletres\/wp-json\/wp\/v2\/media?parent=109"}],"curies":[{"name":"wp","href":"https:\/\/api.w.org\/{rel}","templated":true}]}}