{"id":12,"date":"2022-12-02T17:55:17","date_gmt":"2022-12-02T16:55:17","guid":{"rendered":"https:\/\/webs.uab.cat\/cbllletres\/?page_id=12"},"modified":"2022-12-02T17:55:17","modified_gmt":"2022-12-02T16:55:17","slug":"el-projecte-2","status":"publish","type":"page","link":"https:\/\/webs.uab.cat\/cbllletres\/el-projecte-2\/","title":{"rendered":"EL PROJECTE"},"content":{"rendered":"\n<p><\/p>\n\n\n\n<figure class=\"wp-block-image size-large is-resized\"><img loading=\"lazy\" decoding=\"async\" src=\"https:\/\/webs.uab.cat\/cbllletres\/wp-content\/uploads\/sites\/298\/2022\/12\/Logo-Projecte-PMD-1-1024x583.png\" alt=\"\" class=\"wp-image-13\" width=\"166\" height=\"94\" srcset=\"https:\/\/webs.uab.cat\/cbllletres\/wp-content\/uploads\/sites\/298\/2022\/12\/Logo-Projecte-PMD-1-1024x583.png 1024w, https:\/\/webs.uab.cat\/cbllletres\/wp-content\/uploads\/sites\/298\/2022\/12\/Logo-Projecte-PMD-1-300x171.png 300w, https:\/\/webs.uab.cat\/cbllletres\/wp-content\/uploads\/sites\/298\/2022\/12\/Logo-Projecte-PMD-1-768x438.png 768w, https:\/\/webs.uab.cat\/cbllletres\/wp-content\/uploads\/sites\/298\/2022\/12\/Logo-Projecte-PMD-1-1536x875.png 1536w, https:\/\/webs.uab.cat\/cbllletres\/wp-content\/uploads\/sites\/298\/2022\/12\/Logo-Projecte-PMD-1-2048x1167.png 2048w, https:\/\/webs.uab.cat\/cbllletres\/wp-content\/uploads\/sites\/298\/2022\/12\/Logo-Projecte-PMD-1-1200x684.png 1200w, https:\/\/webs.uab.cat\/cbllletres\/wp-content\/uploads\/sites\/298\/2022\/12\/Logo-Projecte-PMD-1-1980x1128.png 1980w\" sizes=\"auto, (max-width: 166px) 100vw, 166px\" \/><\/figure>\n\n\n\n<p><strong>L\u2019 aprenentatge basat en reptes com a estrat\u00e8gia de millora de la formaci\u00f3 i l\u2019ocupabilitat a les titulacions de la Facultat de Filosofia i Lletres en el marc de l\u2019ECIU University<\/strong><\/p>\n\n\n\n<p><\/p>\n\n\n\n<p>El projecte pret\u00e9n impulsar el disseny, desenvolupament i avaluaci\u00f3 de propostes formatives basades&nbsp;en l\u2019aprenentatge per reptes (CBL)&nbsp;per a les titulacions de la Facultat de Filosofia i Lletres, amb el prop\u00f2sit de&nbsp;millorar l\u2019ocupabilitat de l\u2019alumnat graduat mitjan\u00e7ant: la detecci\u00f3 de necessitats espec\u00edfiques, el desenvolupament de les compet\u00e8ncies necess\u00e0ries per a cobrir-les i el refor\u00e7ament&nbsp;d\u2019habilitats&nbsp;en l\u2019abordatge i resoluci\u00f3 de reptes d\u2019inter\u00e8s social.<\/p>\n\n\n\n<p>Aquesta iniciativa s\u2019inscriu en el marc de l\u2019ECIU University i est\u00e0 vertebrada des del deganat de la Facultat, a trav\u00e9s d\u2019un equip&nbsp;coordinador, per tal de garantir (a) la m\u00e0xima coher\u00e8ncia en la&nbsp;implementaci\u00f3 d\u2019aquest objectiu amb les sortides professionals de cada titulaci\u00f3, (b) l\u2019adaptaci\u00f3 de&nbsp;la metodologia CBL al servei general de la societat i de possibles&nbsp;<em>stakeholders&nbsp;<\/em>concrets en cada \u00e0mbit i (c) la consolidaci\u00f3 del projecte m\u00e9s enll\u00e0 de la implementaci\u00f3 de la fase pilot en qu\u00e8 actualment es troba el Centre, juntament amb la Facultat de Bioci\u00e8ncies.<\/p>\n\n\n\n<p>Per a l\u2019assoliment dels objectius s\u2019ha previst un desplegament&nbsp;en diverses fases successives, que recull els aven\u00e7os del pla pilot ECIU en qu\u00e8 est\u00e0 participant el centre i que permet consolidar-ne la implantaci\u00f3 en les diferents titulacions a diversos nivells (TFG, TFM, m\u00f2duls docents&#8230;).<\/p>\n","protected":false},"excerpt":{"rendered":"<p>L\u2019 aprenentatge basat en reptes com a estrat\u00e8gia de millora de la formaci\u00f3 i l\u2019ocupabilitat a les titulacions de la Facultat de Filosofia i Lletres en el marc de l\u2019ECIU University El projecte pret\u00e9n impulsar el disseny, desenvolupament i avaluaci\u00f3 de propostes formatives basades&nbsp;en l\u2019aprenentatge per reptes (CBL)&nbsp;per a les titulacions de la Facultat de [&hellip;]<\/p>\n","protected":false},"author":99,"featured_media":0,"parent":0,"menu_order":0,"comment_status":"closed","ping_status":"closed","template":"","meta":{"footnotes":""},"class_list":["post-12","page","type-page","status-publish","hentry"],"_links":{"self":[{"href":"https:\/\/webs.uab.cat\/cbllletres\/wp-json\/wp\/v2\/pages\/12","targetHints":{"allow":["GET"]}}],"collection":[{"href":"https:\/\/webs.uab.cat\/cbllletres\/wp-json\/wp\/v2\/pages"}],"about":[{"href":"https:\/\/webs.uab.cat\/cbllletres\/wp-json\/wp\/v2\/types\/page"}],"author":[{"embeddable":true,"href":"https:\/\/webs.uab.cat\/cbllletres\/wp-json\/wp\/v2\/users\/99"}],"replies":[{"embeddable":true,"href":"https:\/\/webs.uab.cat\/cbllletres\/wp-json\/wp\/v2\/comments?post=12"}],"version-history":[{"count":3,"href":"https:\/\/webs.uab.cat\/cbllletres\/wp-json\/wp\/v2\/pages\/12\/revisions"}],"predecessor-version":[{"id":21,"href":"https:\/\/webs.uab.cat\/cbllletres\/wp-json\/wp\/v2\/pages\/12\/revisions\/21"}],"wp:attachment":[{"href":"https:\/\/webs.uab.cat\/cbllletres\/wp-json\/wp\/v2\/media?parent=12"}],"curies":[{"name":"wp","href":"https:\/\/api.w.org\/{rel}","templated":true}]}}