{"id":223,"date":"2023-06-13T16:40:02","date_gmt":"2023-06-13T15:40:02","guid":{"rendered":"https:\/\/webs.uab.cat\/cbllletres\/?page_id=223"},"modified":"2024-05-06T12:01:50","modified_gmt":"2024-05-06T11:01:50","slug":"informes","status":"publish","type":"page","link":"https:\/\/webs.uab.cat\/cbllletres\/informes\/","title":{"rendered":"INFORMES"},"content":{"rendered":"\n<figure class=\"wp-block-image size-large is-resized\"><img loading=\"lazy\" decoding=\"async\" width=\"1024\" height=\"576\" src=\"https:\/\/webs.uab.cat\/cbllletres\/wp-content\/uploads\/sites\/298\/2023\/06\/school-supplies-gd9aea4547_1280-1024x576.jpg\" alt=\"\" class=\"wp-image-224\" style=\"width:206px;height:115px\" srcset=\"https:\/\/webs.uab.cat\/cbllletres\/wp-content\/uploads\/sites\/298\/2023\/06\/school-supplies-gd9aea4547_1280-1024x576.jpg 1024w, https:\/\/webs.uab.cat\/cbllletres\/wp-content\/uploads\/sites\/298\/2023\/06\/school-supplies-gd9aea4547_1280-300x169.jpg 300w, https:\/\/webs.uab.cat\/cbllletres\/wp-content\/uploads\/sites\/298\/2023\/06\/school-supplies-gd9aea4547_1280-768x432.jpg 768w, https:\/\/webs.uab.cat\/cbllletres\/wp-content\/uploads\/sites\/298\/2023\/06\/school-supplies-gd9aea4547_1280-1200x675.jpg 1200w, https:\/\/webs.uab.cat\/cbllletres\/wp-content\/uploads\/sites\/298\/2023\/06\/school-supplies-gd9aea4547_1280.jpg 1280w\" sizes=\"auto, (max-width: 1024px) 100vw, 1024px\" \/><\/figure>\n\n\n\n<hr class=\"wp-block-separator has-alpha-channel-opacity\" \/>\n\n\n\n<h2 class=\"wp-block-heading has-text-align-center\">Informe sobre perfils i compet\u00e8ncies de l&#8217;alumnat<\/h2>\n\n\n\n<div class=\"wp-block-columns alignfull is-layout-flex wp-container-core-columns-is-layout-9d6595d7 wp-block-columns-is-layout-flex\">\n<div class=\"wp-block-column is-layout-flow wp-block-column-is-layout-flow\" style=\"flex-basis:50%\">\n<div class=\"wp-block-cover is-light\" style=\"min-height:417px;aspect-ratio:unset;\"><span aria-hidden=\"true\" class=\"wp-block-cover__background has-background-dim-100 has-background-dim\" style=\"background-color:#f6f6f6\"><\/span><div class=\"wp-block-cover__inner-container is-layout-flow wp-block-cover-is-layout-flow\"><div class=\"wp-block-image\">\n<figure class=\"aligncenter size-large\"><img loading=\"lazy\" decoding=\"async\" width=\"1024\" height=\"491\" src=\"https:\/\/webs.uab.cat\/cbllletres\/wp-content\/uploads\/sites\/298\/2023\/06\/Captura-de-pantalla-2023-06-13-a-las-17.33.10-1024x491.png\" alt=\"\" class=\"wp-image-225\" srcset=\"https:\/\/webs.uab.cat\/cbllletres\/wp-content\/uploads\/sites\/298\/2023\/06\/Captura-de-pantalla-2023-06-13-a-las-17.33.10-1024x491.png 1024w, https:\/\/webs.uab.cat\/cbllletres\/wp-content\/uploads\/sites\/298\/2023\/06\/Captura-de-pantalla-2023-06-13-a-las-17.33.10-300x144.png 300w, https:\/\/webs.uab.cat\/cbllletres\/wp-content\/uploads\/sites\/298\/2023\/06\/Captura-de-pantalla-2023-06-13-a-las-17.33.10-768x368.png 768w, https:\/\/webs.uab.cat\/cbllletres\/wp-content\/uploads\/sites\/298\/2023\/06\/Captura-de-pantalla-2023-06-13-a-las-17.33.10-1536x737.png 1536w, https:\/\/webs.uab.cat\/cbllletres\/wp-content\/uploads\/sites\/298\/2023\/06\/Captura-de-pantalla-2023-06-13-a-las-17.33.10-1200x576.png 1200w, https:\/\/webs.uab.cat\/cbllletres\/wp-content\/uploads\/sites\/298\/2023\/06\/Captura-de-pantalla-2023-06-13-a-las-17.33.10.png 1776w\" sizes=\"auto, (max-width: 1024px) 100vw, 1024px\" \/><\/figure>\n<\/div><\/div><\/div>\n<\/div>\n\n\n\n<div class=\"wp-block-column is-vertically-aligned-center is-layout-flow wp-block-column-is-layout-flow\" style=\"padding-top:1em;padding-right:1em;padding-bottom:1em;padding-left:1em\">\n<div class=\"wp-block-columns is-layout-flex wp-container-core-columns-is-layout-9d6595d7 wp-block-columns-is-layout-flex\">\n<div class=\"wp-block-column is-layout-flow wp-block-column-is-layout-flow\" style=\"flex-basis:320px\">\n<p class=\"has-small-font-size\" style=\"line-height:1.6\"><strong>Informe preliminar sobre perfils i compet\u00e8ncies de l&#8217;alumnat (2023)<\/strong><\/p>\n\n\n\n<p>Els resultats que es recullen en aquest informe preliminar deriven de l\u2019aplicaci\u00f3 de dues eines de recollida de dades: (a) Un q\u00fcestionari&nbsp;d\u2019elaboraci\u00f3 pr\u00f2pia i (b) el Test de Compet\u00e8ncies de Barcelona Activa<\/p>\n\n\n\n<div class=\"wp-block-file\"><a id=\"wp-block-file--media-3c328e11-9713-45de-91df-e88f5c851320\" href=\"https:\/\/webs.uab.cat\/cbllletres\/wp-content\/uploads\/sites\/298\/2024\/03\/Informe-perfils-competencies-20240306-1.pdf\">Informe-perfils-competencies-20240306-1<\/a><a href=\"https:\/\/webs.uab.cat\/cbllletres\/wp-content\/uploads\/sites\/298\/2024\/03\/Informe-perfils-competencies-20240306-1.pdf\" class=\"wp-block-file__button wp-element-button\" download aria-describedby=\"wp-block-file--media-3c328e11-9713-45de-91df-e88f5c851320\">DescarREga<\/a><\/div>\n<\/div>\n<\/div>\n<\/div>\n<\/div>\n\n\n\n<hr class=\"wp-block-separator has-alpha-channel-opacity\" \/>\n\n\n\n<h2 class=\"wp-block-heading\">Test de Compet\u00e8ncies de Barcelona Activa (alumnat de 2n curs)<\/h2>\n\n\n\n<div class=\"wp-block-columns alignfull is-layout-flex wp-container-core-columns-is-layout-9d6595d7 wp-block-columns-is-layout-flex\">\n<div class=\"wp-block-column is-layout-flow wp-block-column-is-layout-flow\" style=\"flex-basis:50%\">\n<div class=\"wp-block-cover is-light\" style=\"min-height:396px;aspect-ratio:unset;\"><span aria-hidden=\"true\" class=\"wp-block-cover__background has-background-dim-100 has-background-dim\" style=\"background-color:#f6f6f6\"><\/span><div class=\"wp-block-cover__inner-container is-layout-flow wp-block-cover-is-layout-flow\"><div class=\"wp-block-image\">\n<figure class=\"aligncenter size-full is-resized\"><img loading=\"lazy\" decoding=\"async\" width=\"1920\" height=\"1080\" src=\"https:\/\/webs.uab.cat\/cbllletres\/wp-content\/uploads\/sites\/298\/2024\/05\/Image-test.jpg\" alt=\"\" class=\"wp-image-333\" style=\"width:533px;height:auto\" srcset=\"https:\/\/webs.uab.cat\/cbllletres\/wp-content\/uploads\/sites\/298\/2024\/05\/Image-test.jpg 1920w, https:\/\/webs.uab.cat\/cbllletres\/wp-content\/uploads\/sites\/298\/2024\/05\/Image-test-300x169.jpg 300w, https:\/\/webs.uab.cat\/cbllletres\/wp-content\/uploads\/sites\/298\/2024\/05\/Image-test-1024x576.jpg 1024w, https:\/\/webs.uab.cat\/cbllletres\/wp-content\/uploads\/sites\/298\/2024\/05\/Image-test-768x432.jpg 768w, https:\/\/webs.uab.cat\/cbllletres\/wp-content\/uploads\/sites\/298\/2024\/05\/Image-test-1536x864.jpg 1536w, https:\/\/webs.uab.cat\/cbllletres\/wp-content\/uploads\/sites\/298\/2024\/05\/Image-test-1200x675.jpg 1200w\" sizes=\"auto, (max-width: 1920px) 100vw, 1920px\" \/><\/figure>\n<\/div><\/div><\/div>\n<\/div>\n\n\n\n<div class=\"wp-block-column is-vertically-aligned-center is-layout-flow wp-block-column-is-layout-flow\" style=\"padding-top:1em;padding-right:1em;padding-bottom:1em;padding-left:1em\">\n<div class=\"wp-block-columns is-layout-flex wp-container-core-columns-is-layout-9d6595d7 wp-block-columns-is-layout-flex\">\n<div class=\"wp-block-column is-layout-flow wp-block-column-is-layout-flow\" style=\"flex-basis:320px\">\n<p class=\"has-small-font-size\" style=\"line-height:1.6\">Com a conseq\u00fc\u00e8ncia de l&#8217;informe preliminar i de l&#8217;aplicaci\u00f3 d&#8217;una primera fase pilot del test en el marc del projecte, la Facultat de Filosofia i Lletres participa en el desplegament del Test de Compet\u00e8ncies de Barcelona Activa al conjunt de la UAB. En el nostre centre, s&#8217;estendr\u00e0 el test a tot l&#8217;alumnat de segon curs de tots els estudis de Grau de la Facultat.<\/p>\n<\/div>\n<\/div>\n<\/div>\n<\/div>\n\n\n\n<div style=\"height:26px\" aria-hidden=\"true\" class=\"wp-block-spacer\"><\/div>\n\n\n\n<p><\/p>\n","protected":false},"excerpt":{"rendered":"<p>Informe sobre perfils i compet\u00e8ncies de l&#8217;alumnat Informe preliminar sobre perfils i compet\u00e8ncies de l&#8217;alumnat (2023) Els resultats que es recullen en aquest informe preliminar deriven de l\u2019aplicaci\u00f3 de dues eines de recollida de dades: (a) Un q\u00fcestionari&nbsp;d\u2019elaboraci\u00f3 pr\u00f2pia i (b) el Test de Compet\u00e8ncies de Barcelona Activa Test de Compet\u00e8ncies de Barcelona Activa (alumnat [&hellip;]<\/p>\n","protected":false},"author":99,"featured_media":0,"parent":0,"menu_order":0,"comment_status":"closed","ping_status":"closed","template":"","meta":{"footnotes":""},"class_list":["post-223","page","type-page","status-publish","hentry"],"_links":{"self":[{"href":"https:\/\/webs.uab.cat\/cbllletres\/wp-json\/wp\/v2\/pages\/223","targetHints":{"allow":["GET"]}}],"collection":[{"href":"https:\/\/webs.uab.cat\/cbllletres\/wp-json\/wp\/v2\/pages"}],"about":[{"href":"https:\/\/webs.uab.cat\/cbllletres\/wp-json\/wp\/v2\/types\/page"}],"author":[{"embeddable":true,"href":"https:\/\/webs.uab.cat\/cbllletres\/wp-json\/wp\/v2\/users\/99"}],"replies":[{"embeddable":true,"href":"https:\/\/webs.uab.cat\/cbllletres\/wp-json\/wp\/v2\/comments?post=223"}],"version-history":[{"count":13,"href":"https:\/\/webs.uab.cat\/cbllletres\/wp-json\/wp\/v2\/pages\/223\/revisions"}],"predecessor-version":[{"id":336,"href":"https:\/\/webs.uab.cat\/cbllletres\/wp-json\/wp\/v2\/pages\/223\/revisions\/336"}],"wp:attachment":[{"href":"https:\/\/webs.uab.cat\/cbllletres\/wp-json\/wp\/v2\/media?parent=223"}],"curies":[{"name":"wp","href":"https:\/\/api.w.org\/{rel}","templated":true}]}}