{"id":27,"date":"2022-12-02T17:42:11","date_gmt":"2022-12-02T16:42:11","guid":{"rendered":"https:\/\/webs.uab.cat\/cbllletres\/?page_id=27"},"modified":"2024-05-29T11:09:42","modified_gmt":"2024-05-29T10:09:42","slug":"activitats","status":"publish","type":"page","link":"https:\/\/webs.uab.cat\/cbllletres\/activitats\/","title":{"rendered":"ACTIVITATS"},"content":{"rendered":"\n<hr class=\"wp-block-separator has-alpha-channel-opacity\" \/>\n\n\n\n<h2 class=\"wp-block-heading\">Tallers, seminaris i jornades<\/h2>\n\n\n\n<p><\/p>\n\n\n\n<div class=\"wp-block-columns alignfull is-layout-flex wp-container-core-columns-is-layout-9d6595d7 wp-block-columns-is-layout-flex\">\n<div class=\"wp-block-column is-layout-flow wp-block-column-is-layout-flow\" style=\"flex-basis:50%\">\n<div class=\"wp-block-cover is-light\" style=\"min-height:348px;aspect-ratio:unset;\"><span aria-hidden=\"true\" class=\"wp-block-cover__background has-accent-background-color has-background-dim-100 has-background-dim\"><\/span><div class=\"wp-block-cover__inner-container is-layout-flow wp-block-cover-is-layout-flow\"><div class=\"wp-block-image\">\n<figure class=\"aligncenter size-full\"><img loading=\"lazy\" decoding=\"async\" width=\"480\" height=\"269\" src=\"https:\/\/webs.uab.cat\/cbllletres\/wp-content\/uploads\/sites\/298\/2022\/12\/img-CBL-gran-1.jpg\" alt=\"\" class=\"wp-image-115\" srcset=\"https:\/\/webs.uab.cat\/cbllletres\/wp-content\/uploads\/sites\/298\/2022\/12\/img-CBL-gran-1.jpg 480w, https:\/\/webs.uab.cat\/cbllletres\/wp-content\/uploads\/sites\/298\/2022\/12\/img-CBL-gran-1-300x168.jpg 300w\" sizes=\"auto, (max-width: 480px) 100vw, 480px\" \/><\/figure>\n<\/div><\/div><\/div>\n<\/div>\n\n\n\n<div class=\"wp-block-column is-vertically-aligned-center is-layout-flow wp-block-column-is-layout-flow\" style=\"padding-top:1em;padding-right:1em;padding-bottom:1em;padding-left:1em\">\n<div class=\"wp-block-columns is-layout-flex wp-container-core-columns-is-layout-9d6595d7 wp-block-columns-is-layout-flex\">\n<div class=\"wp-block-column is-layout-flow wp-block-column-is-layout-flow\" style=\"flex-basis:320px\">\n<p class=\"has-small-font-size\" style=\"line-height:1.6\"><strong><strong><a href=\"https:\/\/www.uab.cat\/web\/detall-de-noticia\/la-facultat-organitza-un-taller-d-aprenentatge-per-reptes-1345697212743.html?noticiaid=1345874907602\">Introducci\u00f3 al m\u00e8tode Lombard<\/a><\/strong>.<\/strong><\/p>\n\n\n\n<p class=\"has-small-font-size\" style=\"line-height:1.6\">Impartit per Xavier Verdaguer (CEO del <a href=\"https:\/\/imagine.cc\">centre de creativitat&nbsp;<em>Imagine<\/em><\/a>). Sala Tarotdequinze, Facultat de Filosofia i Lletres. 7\/11\/ 2022.<\/p>\n<\/div>\n<\/div>\n<\/div>\n<\/div>\n\n\n\n<hr class=\"wp-block-separator has-alpha-channel-opacity\" \/>\n\n\n\n<div class=\"wp-block-columns alignfull is-layout-flex wp-container-core-columns-is-layout-9d6595d7 wp-block-columns-is-layout-flex\">\n<div class=\"wp-block-column is-layout-flow wp-block-column-is-layout-flow\" style=\"flex-basis:50%\">\n<div class=\"wp-block-cover is-light\" style=\"min-height:200px;aspect-ratio:unset;\"><span aria-hidden=\"true\" class=\"wp-block-cover__background has-accent-background-color has-background-dim-100 has-background-dim\"><\/span><div class=\"wp-block-cover__inner-container is-layout-flow wp-block-cover-is-layout-flow\"><div class=\"wp-block-image\">\n<figure class=\"aligncenter size-full\"><img loading=\"lazy\" decoding=\"async\" width=\"920\" height=\"316\" src=\"https:\/\/webs.uab.cat\/cbllletres\/wp-content\/uploads\/sites\/298\/2023\/04\/Captura-de-pantalla-2023-04-14-a-las-11.48.43.png\" alt=\"\" class=\"wp-image-163\" srcset=\"https:\/\/webs.uab.cat\/cbllletres\/wp-content\/uploads\/sites\/298\/2023\/04\/Captura-de-pantalla-2023-04-14-a-las-11.48.43.png 920w, https:\/\/webs.uab.cat\/cbllletres\/wp-content\/uploads\/sites\/298\/2023\/04\/Captura-de-pantalla-2023-04-14-a-las-11.48.43-300x103.png 300w, https:\/\/webs.uab.cat\/cbllletres\/wp-content\/uploads\/sites\/298\/2023\/04\/Captura-de-pantalla-2023-04-14-a-las-11.48.43-768x264.png 768w\" sizes=\"auto, (max-width: 920px) 100vw, 920px\" \/><\/figure>\n<\/div><\/div><\/div>\n<\/div>\n\n\n\n<div class=\"wp-block-column is-vertically-aligned-center is-layout-flow wp-block-column-is-layout-flow\" style=\"padding-top:1em;padding-right:1em;padding-bottom:1em;padding-left:1em\">\n<div class=\"wp-block-columns is-layout-flex wp-container-core-columns-is-layout-9d6595d7 wp-block-columns-is-layout-flex\">\n<div class=\"wp-block-column is-layout-flow wp-block-column-is-layout-flow\" style=\"flex-basis:320px\">\n<p class=\"has-text-align-center has-small-font-size\" style=\"line-height:1.6\"><strong><strong><strong><a href=\"https:\/\/www.uab.cat\/web\/detall-de-noticia\/docencia-sessio-sobre-les-aplicacions-de-la-intel-ligencia-artificial-1345697212743.html?noticiaid=1345885557677\">Doc\u00e8ncIA<\/a><\/strong><\/strong><\/strong><\/p>\n\n\n\n<p class=\"has-text-align-center has-small-font-size\" style=\"line-height:1.6\"><a href=\"https:\/\/www.uab.cat\/web\/detall-de-noticia\/docencia-sessio-sobre-les-aplicacions-de-la-intel-ligencia-artificial-1345697212743.html?noticiaid=1345885557677\">Debat sobre Intel\u00b7lig\u00e8ncia Artificial<\/a><\/p>\n\n\n\n<p>Activitat organitzada pel deganat de la Facultat de Filosofia i Lletres amb la col\u00b7laboraci\u00f3 del vicerectorat de Relacions Internacionals, sobre les possibles aplicacions de la Intel\u00b7lig\u00e8ncia Artificial a la doc\u00e8ncia universit\u00e0ria. 19\/4\/2023.<\/p>\n<\/div>\n<\/div>\n<\/div>\n<\/div>\n\n\n\n<hr class=\"wp-block-separator has-alpha-channel-opacity\" \/>\n\n\n\n<div class=\"wp-block-columns alignfull is-layout-flex wp-container-core-columns-is-layout-9d6595d7 wp-block-columns-is-layout-flex\">\n<div class=\"wp-block-column is-layout-flow wp-block-column-is-layout-flow\" style=\"flex-basis:50%\">\n<div class=\"wp-block-cover\" style=\"min-height:401px;aspect-ratio:unset;\"><span aria-hidden=\"true\" class=\"wp-block-cover__background has-verd-tropic-background-color has-background-dim-100 has-background-dim\"><\/span><div class=\"wp-block-cover__inner-container is-layout-flow wp-block-cover-is-layout-flow\"><div class=\"wp-block-image\">\n<figure class=\"aligncenter size-large\"><img loading=\"lazy\" decoding=\"async\" width=\"1024\" height=\"576\" src=\"https:\/\/webs.uab.cat\/cbllletres\/wp-content\/uploads\/sites\/298\/2024\/05\/3-Jornada-Innovacio-1024x576.jpg\" alt=\"\" class=\"wp-image-338\" srcset=\"https:\/\/webs.uab.cat\/cbllletres\/wp-content\/uploads\/sites\/298\/2024\/05\/3-Jornada-Innovacio-1024x576.jpg 1024w, https:\/\/webs.uab.cat\/cbllletres\/wp-content\/uploads\/sites\/298\/2024\/05\/3-Jornada-Innovacio-300x169.jpg 300w, https:\/\/webs.uab.cat\/cbllletres\/wp-content\/uploads\/sites\/298\/2024\/05\/3-Jornada-Innovacio-768x432.jpg 768w, https:\/\/webs.uab.cat\/cbllletres\/wp-content\/uploads\/sites\/298\/2024\/05\/3-Jornada-Innovacio-1200x675.jpg 1200w, https:\/\/webs.uab.cat\/cbllletres\/wp-content\/uploads\/sites\/298\/2024\/05\/3-Jornada-Innovacio.jpg 1280w\" sizes=\"auto, (max-width: 1024px) 100vw, 1024px\" \/><\/figure>\n<\/div><\/div><\/div>\n<\/div>\n\n\n\n<div class=\"wp-block-column is-vertically-aligned-center is-layout-flow wp-block-column-is-layout-flow\" style=\"padding-top:1em;padding-right:1em;padding-bottom:1em;padding-left:1em\">\n<div class=\"wp-block-columns is-layout-flex wp-container-core-columns-is-layout-9d6595d7 wp-block-columns-is-layout-flex\">\n<div class=\"wp-block-column is-layout-flow wp-block-column-is-layout-flow\" style=\"flex-basis:320px\">\n<p class=\"has-small-font-size\" style=\"line-height:1.6\"><strong><a href=\"https:\/\/www.uab.cat\/web\/detall-de-noticia\/tercera-jornada-d-innovacio-docent-de-la-facultat-de-filosofia-i-lletres-1345697212743.html?noticiaid=1345917153362\">Tercera Jornada d&#8217;Innovaci\u00f3 Docent de la Facultat de Filosofia i Lletres<\/a><\/strong><\/p>\n\n\n\n<p class=\"has-small-font-size\" style=\"line-height:1.6\">Exposici\u00f3 de diferents experi\u00e8ncies i projectes d\u2019innovaci\u00f3 de la doc\u00e8ncia dutes a terme pels membres de la nostra Facultat.<\/p>\n\n\n\n<p><a href=\"https:\/\/www.uab.cat\/doc\/programa_tercera_jornada_innovacio\">Programa<\/a>.<\/p>\n<\/div>\n<\/div>\n<\/div>\n<\/div>\n\n\n\n<hr class=\"wp-block-separator has-alpha-channel-opacity\" \/>\n\n\n\n<div class=\"wp-block-columns alignfull is-layout-flex wp-container-core-columns-is-layout-9d6595d7 wp-block-columns-is-layout-flex\">\n<div class=\"wp-block-column is-layout-flow wp-block-column-is-layout-flow\" style=\"flex-basis:50%\">\n<div class=\"wp-block-cover\" style=\"min-height:401px;aspect-ratio:unset;\"><span aria-hidden=\"true\" class=\"wp-block-cover__background has-verd-tropic-background-color has-background-dim-100 has-background-dim\"><\/span><div class=\"wp-block-cover__inner-container is-layout-flow wp-block-cover-is-layout-flow\"><div class=\"wp-block-image\">\n<figure class=\"aligncenter size-large\"><img loading=\"lazy\" decoding=\"async\" width=\"1024\" height=\"683\" src=\"https:\/\/webs.uab.cat\/cbllletres\/wp-content\/uploads\/sites\/298\/2023\/05\/board-g9b9f100ec_1920-1024x683.jpg\" alt=\"\" class=\"wp-image-202\" srcset=\"https:\/\/webs.uab.cat\/cbllletres\/wp-content\/uploads\/sites\/298\/2023\/05\/board-g9b9f100ec_1920-1024x683.jpg 1024w, https:\/\/webs.uab.cat\/cbllletres\/wp-content\/uploads\/sites\/298\/2023\/05\/board-g9b9f100ec_1920-300x200.jpg 300w, https:\/\/webs.uab.cat\/cbllletres\/wp-content\/uploads\/sites\/298\/2023\/05\/board-g9b9f100ec_1920-768x512.jpg 768w, https:\/\/webs.uab.cat\/cbllletres\/wp-content\/uploads\/sites\/298\/2023\/05\/board-g9b9f100ec_1920-1536x1024.jpg 1536w, https:\/\/webs.uab.cat\/cbllletres\/wp-content\/uploads\/sites\/298\/2023\/05\/board-g9b9f100ec_1920-1200x800.jpg 1200w, https:\/\/webs.uab.cat\/cbllletres\/wp-content\/uploads\/sites\/298\/2023\/05\/board-g9b9f100ec_1920.jpg 1920w\" sizes=\"auto, (max-width: 1024px) 100vw, 1024px\" \/><\/figure>\n<\/div><\/div><\/div>\n<\/div>\n\n\n\n<div class=\"wp-block-column is-vertically-aligned-center is-layout-flow wp-block-column-is-layout-flow\" style=\"padding-top:1em;padding-right:1em;padding-bottom:1em;padding-left:1em\">\n<div class=\"wp-block-columns is-layout-flex wp-container-core-columns-is-layout-9d6595d7 wp-block-columns-is-layout-flex\">\n<div class=\"wp-block-column is-layout-flow wp-block-column-is-layout-flow\" style=\"flex-basis:320px\">\n<p class=\"has-small-font-size\" style=\"line-height:1.6\"><strong><a href=\"https:\/\/www.uab.cat\/web\/detall-de-noticia\/segona-jornada-d-innovacio-docent-de-la-facultat-de-filosofia-i-lletres-1345697212743.html?noticiaid=1345888579500\">Segona Jornada d&#8217;Innovaci\u00f3 Docent de la Facultat de Filosofia i Lletres<\/a><\/strong><\/p>\n\n\n\n<p class=\"has-small-font-size\" style=\"line-height:1.6\">Exposici\u00f3 de diferents experi\u00e8ncies i projectes d\u2019innovaci\u00f3 de la doc\u00e8ncia dutes a terme pels membres de la nostra Facultat.<\/p>\n\n\n\n<p><a href=\"https:\/\/www.uab.cat\/doc\/programa_jornada_innovacio\">Programa<\/a>.<\/p>\n<\/div>\n<\/div>\n<\/div>\n<\/div>\n\n\n\n<hr class=\"wp-block-separator has-alpha-channel-opacity\" \/>\n\n\n\n<div class=\"wp-block-columns alignfull is-layout-flex wp-container-core-columns-is-layout-9d6595d7 wp-block-columns-is-layout-flex\">\n<div class=\"wp-block-column is-layout-flow wp-block-column-is-layout-flow\" style=\"flex-basis:50%\">\n<div class=\"wp-block-cover\" style=\"min-height:600px;aspect-ratio:unset;\"><span aria-hidden=\"true\" class=\"wp-block-cover__background has-verd-tropic-background-color has-background-dim-100 has-background-dim\"><\/span><div class=\"wp-block-cover__inner-container is-layout-flow wp-block-cover-is-layout-flow\"><div class=\"wp-block-image\">\n<figure class=\"aligncenter size-large\"><img loading=\"lazy\" decoding=\"async\" width=\"1024\" height=\"576\" src=\"https:\/\/webs.uab.cat\/cbllletres\/wp-content\/uploads\/sites\/298\/2023\/05\/Imatge-noticia-curs-Valero-3-1024x576.png\" alt=\"\" class=\"wp-image-207\" srcset=\"https:\/\/webs.uab.cat\/cbllletres\/wp-content\/uploads\/sites\/298\/2023\/05\/Imatge-noticia-curs-Valero-3-1024x576.png 1024w, https:\/\/webs.uab.cat\/cbllletres\/wp-content\/uploads\/sites\/298\/2023\/05\/Imatge-noticia-curs-Valero-3-300x169.png 300w, https:\/\/webs.uab.cat\/cbllletres\/wp-content\/uploads\/sites\/298\/2023\/05\/Imatge-noticia-curs-Valero-3-768x432.png 768w, https:\/\/webs.uab.cat\/cbllletres\/wp-content\/uploads\/sites\/298\/2023\/05\/Imatge-noticia-curs-Valero-3-1200x675.png 1200w, https:\/\/webs.uab.cat\/cbllletres\/wp-content\/uploads\/sites\/298\/2023\/05\/Imatge-noticia-curs-Valero-3.png 1280w\" sizes=\"auto, (max-width: 1024px) 100vw, 1024px\" \/><\/figure>\n<\/div><\/div><\/div>\n<\/div>\n\n\n\n<div class=\"wp-block-column is-vertically-aligned-center is-layout-flow wp-block-column-is-layout-flow\" style=\"padding-top:1em;padding-right:1em;padding-bottom:1em;padding-left:1em\">\n<div class=\"wp-block-columns is-layout-flex wp-container-core-columns-is-layout-9d6595d7 wp-block-columns-is-layout-flex\">\n<div class=\"wp-block-column is-layout-flow wp-block-column-is-layout-flow\" style=\"flex-basis:320px\">\n<p class=\"has-small-font-size\" style=\"line-height:1.6\"><strong><em><a href=\"https:\/\/www.uab.cat\/web\/detall-de-noticia\/taller-practic-aprenentatge-basat-en-projectes-com-es-i-com-aproximar-se-1345697212743.html?noticiaid=1345889911363\">Aprenentatge basat en projectes: com \u00e9s i com aproximar-s&#8217;hi<\/a><\/em><\/strong><\/p>\n\n\n\n<p>L&#8217;aprenentatge basat en projectes (i altres variants , com l&#8217;aprenentatge basat en reptes), t\u00e9 un gran potencial per aconseguir una motivaci\u00f3 m\u00e9s gran del nostre alumnat que es tradueixi en un millor aprenentatge i millors rendiments acad\u00e8mics. <\/p>\n\n\n\n<p>Al taller, impartit pel professor Miguel Valero Garc\u00eda (UPC), es descriuen els elements b\u00e0sics que caracteritzen la metodologia i s&#8217;ofereixen estrat\u00e8gies per aproximar-se pas a pas a l&#8217;escenari ideal, assumint en cada nou pas m\u00e9s riscos, per\u00f2 sempre sobre la base d&#8217;un petit \u00e8xit al pas anterior.<\/p>\n\n\n\n<p class=\"has-small-font-size\">(Activitat vinculada a la <a href=\"https:\/\/www.uab.cat\/web\/detall-de-noticia\/segona-jornada-d-innovacio-docent-de-la-facultat-de-filosofia-i-lletres-1345697212743.html?noticiaid=1345888579500\">Segona Jornada d&#8217;Innovaci\u00f3 Docent de la Facultat de Filosofia i Lletres<\/a>)<\/p>\n<\/div>\n<\/div>\n<\/div>\n<\/div>\n\n\n\n<hr class=\"wp-block-separator has-alpha-channel-opacity\" \/>\n\n\n\n<div class=\"wp-block-columns alignfull is-layout-flex wp-container-core-columns-is-layout-9d6595d7 wp-block-columns-is-layout-flex\">\n<div class=\"wp-block-column is-layout-flow wp-block-column-is-layout-flow\" style=\"flex-basis:50%\">\n<div class=\"wp-block-cover\" style=\"min-height:600px;aspect-ratio:unset;\"><span aria-hidden=\"true\" class=\"wp-block-cover__background has-verd-tropic-background-color has-background-dim-100 has-background-dim\"><\/span><div class=\"wp-block-cover__inner-container is-layout-flow wp-block-cover-is-layout-flow\"><div class=\"wp-block-image\">\n<figure class=\"aligncenter size-full is-resized\"><img loading=\"lazy\" decoding=\"async\" width=\"480\" height=\"319\" src=\"https:\/\/webs.uab.cat\/cbllletres\/wp-content\/uploads\/sites\/298\/2023\/11\/student-849822_1280-1.png\" alt=\"\" class=\"wp-image-243\" style=\"width:508px;height:338px\" srcset=\"https:\/\/webs.uab.cat\/cbllletres\/wp-content\/uploads\/sites\/298\/2023\/11\/student-849822_1280-1.png 480w, https:\/\/webs.uab.cat\/cbllletres\/wp-content\/uploads\/sites\/298\/2023\/11\/student-849822_1280-1-300x199.png 300w\" sizes=\"auto, (max-width: 480px) 100vw, 480px\" \/><\/figure>\n<\/div><\/div><\/div>\n<\/div>\n\n\n\n<div class=\"wp-block-column is-vertically-aligned-center is-layout-flow wp-block-column-is-layout-flow\" style=\"padding-top:1em;padding-right:1em;padding-bottom:1em;padding-left:1em\">\n<div class=\"wp-block-columns is-layout-flex wp-container-core-columns-is-layout-9d6595d7 wp-block-columns-is-layout-flex\">\n<div class=\"wp-block-column is-layout-flow wp-block-column-is-layout-flow\" style=\"flex-basis:320px\">\n<p class=\"has-small-font-size\" style=\"line-height:1.6\"><strong><a href=\"https:\/\/www.uab.cat\/web\/detall-de-noticia\/mercat-laboral-i-sortides-professionals-en-l-ambit-de-les-humanitats-1345697212743.html?noticiaid=1345899198947\">Mercat laboral i sortides professionals en l&#8217;\u00e0mbit de les Humanitats<\/a><\/strong><\/p>\n\n\n\n<p>Jornada d&#8217;Ocupabilitat organitzada pel servei d&#8217;ocupabilitat de la UAB i la Facultat de Filosofia i Lletres.<\/p>\n\n\n\n<p>La sessi\u00f3 va constar de dues parts. Una taula rodona, d&#8217;11h a 12h, on van participar professionals que s&#8217;han format en l&#8217;\u00e0mbit de les humanitats, i una presentaci\u00f3 del Servei d&#8217;Ocupabilitat, de 12h a 13h, on s&#8217;explic\u00e0 a l&#8217;alumnat el suport que pot proporcionar la Unitat d&#8217;orientaci\u00f3, pr\u00e0ctiques i inserci\u00f3 laboral i la Unitat d&#8217;emprenedoria, a m\u00e9s d&#8217;informaci\u00f3 sobre la Unitat de mobilitat professional internacional.<\/p>\n\n\n\n<p>6 de novembre de 2023.<\/p>\n<\/div>\n<\/div>\n<\/div>\n<\/div>\n","protected":false},"excerpt":{"rendered":"<p>Tallers, seminaris i jornades Introducci\u00f3 al m\u00e8tode Lombard. Impartit per Xavier Verdaguer (CEO del centre de creativitat&nbsp;Imagine). Sala Tarotdequinze, Facultat de Filosofia i Lletres. 7\/11\/ 2022. Doc\u00e8ncIA Debat sobre Intel\u00b7lig\u00e8ncia Artificial Activitat organitzada pel deganat de la Facultat de Filosofia i Lletres amb la col\u00b7laboraci\u00f3 del vicerectorat de Relacions Internacionals, sobre les possibles aplicacions de [&hellip;]<\/p>\n","protected":false},"author":99,"featured_media":0,"parent":0,"menu_order":0,"comment_status":"closed","ping_status":"closed","template":"","meta":{"footnotes":""},"class_list":["post-27","page","type-page","status-publish","hentry"],"_links":{"self":[{"href":"https:\/\/webs.uab.cat\/cbllletres\/wp-json\/wp\/v2\/pages\/27","targetHints":{"allow":["GET"]}}],"collection":[{"href":"https:\/\/webs.uab.cat\/cbllletres\/wp-json\/wp\/v2\/pages"}],"about":[{"href":"https:\/\/webs.uab.cat\/cbllletres\/wp-json\/wp\/v2\/types\/page"}],"author":[{"embeddable":true,"href":"https:\/\/webs.uab.cat\/cbllletres\/wp-json\/wp\/v2\/users\/99"}],"replies":[{"embeddable":true,"href":"https:\/\/webs.uab.cat\/cbllletres\/wp-json\/wp\/v2\/comments?post=27"}],"version-history":[{"count":22,"href":"https:\/\/webs.uab.cat\/cbllletres\/wp-json\/wp\/v2\/pages\/27\/revisions"}],"predecessor-version":[{"id":340,"href":"https:\/\/webs.uab.cat\/cbllletres\/wp-json\/wp\/v2\/pages\/27\/revisions\/340"}],"wp:attachment":[{"href":"https:\/\/webs.uab.cat\/cbllletres\/wp-json\/wp\/v2\/media?parent=27"}],"curies":[{"name":"wp","href":"https:\/\/api.w.org\/{rel}","templated":true}]}}