{"id":30,"date":"2022-12-02T17:55:45","date_gmt":"2022-12-02T16:55:45","guid":{"rendered":"https:\/\/webs.uab.cat\/cbllletres\/?page_id=30"},"modified":"2022-12-02T18:13:43","modified_gmt":"2022-12-02T17:13:43","slug":"objectius","status":"publish","type":"page","link":"https:\/\/webs.uab.cat\/cbllletres\/objectius\/","title":{"rendered":"OBJECTIUS"},"content":{"rendered":"\n<figure class=\"wp-block-image size-large is-resized\"><img loading=\"lazy\" decoding=\"async\" src=\"https:\/\/webs.uab.cat\/cbllletres\/wp-content\/uploads\/sites\/298\/2022\/12\/network-g9df191c3f_1920-1024x683.png\" alt=\"\" class=\"wp-image-31\" width=\"211\" height=\"140\" srcset=\"https:\/\/webs.uab.cat\/cbllletres\/wp-content\/uploads\/sites\/298\/2022\/12\/network-g9df191c3f_1920-1024x683.png 1024w, https:\/\/webs.uab.cat\/cbllletres\/wp-content\/uploads\/sites\/298\/2022\/12\/network-g9df191c3f_1920-300x200.png 300w, https:\/\/webs.uab.cat\/cbllletres\/wp-content\/uploads\/sites\/298\/2022\/12\/network-g9df191c3f_1920-768x512.png 768w, https:\/\/webs.uab.cat\/cbllletres\/wp-content\/uploads\/sites\/298\/2022\/12\/network-g9df191c3f_1920-1536x1024.png 1536w, https:\/\/webs.uab.cat\/cbllletres\/wp-content\/uploads\/sites\/298\/2022\/12\/network-g9df191c3f_1920-1200x800.png 1200w, https:\/\/webs.uab.cat\/cbllletres\/wp-content\/uploads\/sites\/298\/2022\/12\/network-g9df191c3f_1920.png 1920w\" sizes=\"auto, (max-width: 211px) 100vw, 211px\" \/><\/figure>\n\n\n\n<hr class=\"wp-block-separator has-alpha-channel-opacity\" \/>\n\n\n\n<p><\/p>\n\n\n\n<p><strong>Objectiu general<\/strong>:<\/p>\n\n\n\n<p>Millorar&nbsp;la formaci\u00f3 i l\u2019ocupabilitat a les titulacions de la Facultat de Filosofia i Lletres&nbsp;mitjan\u00e7ant la implementaci\u00f3 de&nbsp;l\u2019aprenentatge basat en reptes.<\/p>\n\n\n\n<p><strong>Objectius espec\u00edfics<\/strong>:<\/p>\n\n\n\n<ol class=\"wp-block-list\"><li>Detectar necessitats&nbsp;formatives orientades a millorar l\u2019ocupabilitat futura en&nbsp;\u00e0mbits sectorialsd\u2019actuaci\u00f3.<\/li><li>a) Definir assignatures focus a primer curs dels diferents Graus per treballar conjuntament amb&nbsp;el Servei d\u2019ocupabilitat i el&nbsp;PIUNE en la implementaci\u00f3 de procediments i eines&nbsp;d\u2019autoconeixement. b) Administraci\u00f3 de les eines disponibles i an\u00e0lisi de resultats.<\/li><li>a) Seleccionar assignatures focus a tercer i quart curs per tal de&nbsp;d\u2019implementar actuacions concretes d\u2019orientaci\u00f3 professional.&nbsp;b) Disseny de les accions seleccionades.<\/li><li>Dissenyar un pla de formaci\u00f3 per al professorat per a facilitar la transici\u00f3 a les metodologies CBL i ApS.<\/li><li>a) Adaptar&nbsp;metodologies actives d\u2019ensenyament-aprenentatge als contextos particulars de les diferents titulacions de la Facultat. b) Proposta d\u2019implementaci\u00f3&nbsp;en algunes titulacions i assignatures seleccionades (estudi pilot).<\/li><li>Potenciar les pr\u00e0ctiques extracurriculars com a instrument de consolidaci\u00f3 de compet\u00e8ncies i habilitats professionalitzadores.<\/li><li>Crear una comissi\u00f3 estable de seguiment, mitjan\u00e7ant la coordinaci\u00f3 de grups de treball integrats per professorat i alumnat que permeti avaluar les accions implementades i identificar necessitats (potser canviants en el temps) de suport.<\/li><\/ol>\n","protected":false},"excerpt":{"rendered":"<p>Objectiu general: Millorar&nbsp;la formaci\u00f3 i l\u2019ocupabilitat a les titulacions de la Facultat de Filosofia i Lletres&nbsp;mitjan\u00e7ant la implementaci\u00f3 de&nbsp;l\u2019aprenentatge basat en reptes. Objectius espec\u00edfics: Detectar necessitats&nbsp;formatives orientades a millorar l\u2019ocupabilitat futura en&nbsp;\u00e0mbits sectorialsd\u2019actuaci\u00f3. a) Definir assignatures focus a primer curs dels diferents Graus per treballar conjuntament amb&nbsp;el Servei d\u2019ocupabilitat i el&nbsp;PIUNE en la implementaci\u00f3 de [&hellip;]<\/p>\n","protected":false},"author":99,"featured_media":0,"parent":0,"menu_order":0,"comment_status":"closed","ping_status":"closed","template":"","meta":{"footnotes":""},"class_list":["post-30","page","type-page","status-publish","hentry"],"_links":{"self":[{"href":"https:\/\/webs.uab.cat\/cbllletres\/wp-json\/wp\/v2\/pages\/30","targetHints":{"allow":["GET"]}}],"collection":[{"href":"https:\/\/webs.uab.cat\/cbllletres\/wp-json\/wp\/v2\/pages"}],"about":[{"href":"https:\/\/webs.uab.cat\/cbllletres\/wp-json\/wp\/v2\/types\/page"}],"author":[{"embeddable":true,"href":"https:\/\/webs.uab.cat\/cbllletres\/wp-json\/wp\/v2\/users\/99"}],"replies":[{"embeddable":true,"href":"https:\/\/webs.uab.cat\/cbllletres\/wp-json\/wp\/v2\/comments?post=30"}],"version-history":[{"count":4,"href":"https:\/\/webs.uab.cat\/cbllletres\/wp-json\/wp\/v2\/pages\/30\/revisions"}],"predecessor-version":[{"id":52,"href":"https:\/\/webs.uab.cat\/cbllletres\/wp-json\/wp\/v2\/pages\/30\/revisions\/52"}],"wp:attachment":[{"href":"https:\/\/webs.uab.cat\/cbllletres\/wp-json\/wp\/v2\/media?parent=30"}],"curies":[{"name":"wp","href":"https:\/\/api.w.org\/{rel}","templated":true}]}}