{"id":42,"date":"2022-12-02T18:04:37","date_gmt":"2022-12-02T17:04:37","guid":{"rendered":"https:\/\/webs.uab.cat\/cbllletres\/?page_id=42"},"modified":"2022-12-02T18:13:19","modified_gmt":"2022-12-02T17:13:19","slug":"equip-2","status":"publish","type":"page","link":"https:\/\/webs.uab.cat\/cbllletres\/equip-2\/","title":{"rendered":"EQUIP"},"content":{"rendered":"\n<p><\/p>\n\n\n\n<figure class=\"wp-block-image size-large is-resized\"><img loading=\"lazy\" decoding=\"async\" src=\"https:\/\/webs.uab.cat\/cbllletres\/wp-content\/uploads\/sites\/298\/2022\/12\/team-gfdc434311_1920-1024x1024.png\" alt=\"\" class=\"wp-image-43\" width=\"141\" height=\"141\" srcset=\"https:\/\/webs.uab.cat\/cbllletres\/wp-content\/uploads\/sites\/298\/2022\/12\/team-gfdc434311_1920-1024x1024.png 1024w, https:\/\/webs.uab.cat\/cbllletres\/wp-content\/uploads\/sites\/298\/2022\/12\/team-gfdc434311_1920-300x300.png 300w, https:\/\/webs.uab.cat\/cbllletres\/wp-content\/uploads\/sites\/298\/2022\/12\/team-gfdc434311_1920-150x150.png 150w, https:\/\/webs.uab.cat\/cbllletres\/wp-content\/uploads\/sites\/298\/2022\/12\/team-gfdc434311_1920-768x768.png 768w, https:\/\/webs.uab.cat\/cbllletres\/wp-content\/uploads\/sites\/298\/2022\/12\/team-gfdc434311_1920-1536x1536.png 1536w, https:\/\/webs.uab.cat\/cbllletres\/wp-content\/uploads\/sites\/298\/2022\/12\/team-gfdc434311_1920-1200x1200.png 1200w, https:\/\/webs.uab.cat\/cbllletres\/wp-content\/uploads\/sites\/298\/2022\/12\/team-gfdc434311_1920.png 1920w\" sizes=\"auto, (max-width: 141px) 100vw, 141px\" \/><\/figure>\n\n\n\n<hr class=\"wp-block-separator has-alpha-channel-opacity\" \/>\n\n\n\n<p><a href=\"https:\/\/jordigrau2.wixsite.com\/jordigrau\">Jordi Grau Rebollo<\/a> (IP)<\/p>\n\n\n\n<p>Susagna Tubau Munta\u00f1a (I))<\/p>\n\n\n\n<p>Margarita Freixas Al\u00e1s<\/p>\n\n\n\n<p>Xavier Roqu\u00e9 Rodr\u00edguez<\/p>\n\n\n\n<p>Jordi Nadal Tersa<\/p>\n\n\n\n<p>Juan Antonio M\u00f3denes Cabrerizo<\/p>\n\n\n\n<p>Oscar Jan\u00e9 Checa<\/p>\n\n\n\n<p>Montserrat Capdevila Batet<\/p>\n\n\n\n<p>Jos\u00e9 Luis Molina Gonz\u00e1lez<\/p>\n","protected":false},"excerpt":{"rendered":"<p>Jordi Grau Rebollo (IP) Susagna Tubau Munta\u00f1a (I)) Margarita Freixas Al\u00e1s Xavier Roqu\u00e9 Rodr\u00edguez Jordi Nadal Tersa Juan Antonio M\u00f3denes Cabrerizo Oscar Jan\u00e9 Checa Montserrat Capdevila Batet Jos\u00e9 Luis Molina Gonz\u00e1lez<\/p>\n","protected":false},"author":99,"featured_media":0,"parent":0,"menu_order":0,"comment_status":"closed","ping_status":"closed","template":"","meta":{"footnotes":""},"class_list":["post-42","page","type-page","status-publish","hentry"],"_links":{"self":[{"href":"https:\/\/webs.uab.cat\/cbllletres\/wp-json\/wp\/v2\/pages\/42","targetHints":{"allow":["GET"]}}],"collection":[{"href":"https:\/\/webs.uab.cat\/cbllletres\/wp-json\/wp\/v2\/pages"}],"about":[{"href":"https:\/\/webs.uab.cat\/cbllletres\/wp-json\/wp\/v2\/types\/page"}],"author":[{"embeddable":true,"href":"https:\/\/webs.uab.cat\/cbllletres\/wp-json\/wp\/v2\/users\/99"}],"replies":[{"embeddable":true,"href":"https:\/\/webs.uab.cat\/cbllletres\/wp-json\/wp\/v2\/comments?post=42"}],"version-history":[{"count":3,"href":"https:\/\/webs.uab.cat\/cbllletres\/wp-json\/wp\/v2\/pages\/42\/revisions"}],"predecessor-version":[{"id":50,"href":"https:\/\/webs.uab.cat\/cbllletres\/wp-json\/wp\/v2\/pages\/42\/revisions\/50"}],"wp:attachment":[{"href":"https:\/\/webs.uab.cat\/cbllletres\/wp-json\/wp\/v2\/media?parent=42"}],"curies":[{"name":"wp","href":"https:\/\/api.w.org\/{rel}","templated":true}]}}