{"id":53,"date":"2022-12-02T18:27:29","date_gmt":"2022-12-02T17:27:29","guid":{"rendered":"https:\/\/webs.uab.cat\/cbllletres\/?page_id=53"},"modified":"2023-06-13T16:46:02","modified_gmt":"2023-06-13T15:46:02","slug":"enllacos","status":"publish","type":"page","link":"https:\/\/webs.uab.cat\/cbllletres\/enllacos\/","title":{"rendered":"ENLLA\u00c7OS"},"content":{"rendered":"\n<figure class=\"wp-block-image size-large is-resized\"><img loading=\"lazy\" decoding=\"async\" src=\"https:\/\/webs.uab.cat\/cbllletres\/wp-content\/uploads\/sites\/298\/2022\/12\/link-gf174335fc_1280-1024x1024.png\" alt=\"\" class=\"wp-image-54\" width=\"142\" height=\"142\" srcset=\"https:\/\/webs.uab.cat\/cbllletres\/wp-content\/uploads\/sites\/298\/2022\/12\/link-gf174335fc_1280-1024x1024.png 1024w, https:\/\/webs.uab.cat\/cbllletres\/wp-content\/uploads\/sites\/298\/2022\/12\/link-gf174335fc_1280-300x300.png 300w, https:\/\/webs.uab.cat\/cbllletres\/wp-content\/uploads\/sites\/298\/2022\/12\/link-gf174335fc_1280-150x150.png 150w, https:\/\/webs.uab.cat\/cbllletres\/wp-content\/uploads\/sites\/298\/2022\/12\/link-gf174335fc_1280-768x768.png 768w, https:\/\/webs.uab.cat\/cbllletres\/wp-content\/uploads\/sites\/298\/2022\/12\/link-gf174335fc_1280-1200x1200.png 1200w, https:\/\/webs.uab.cat\/cbllletres\/wp-content\/uploads\/sites\/298\/2022\/12\/link-gf174335fc_1280.png 1280w\" sizes=\"auto, (max-width: 142px) 100vw, 142px\" \/><\/figure>\n\n\n\n<hr class=\"wp-block-separator has-alpha-channel-opacity\" \/>\n\n\n\n<h2 class=\"wp-block-heading\">ECIU UNIVERSITY<\/h2>\n\n\n\n<p><\/p>\n\n\n\n<p>&#8220;The ECIU University is an EU-funded European University that will create a completely new educational model on a European scale. The ECIU University gathers together learners, teachers, and&nbsp;researchers to&nbsp;cooperate with cities and businesses and&nbsp;solve real-life challenges&#8221; (<a href=\"https:\/\/www.eciu.org\">https:\/\/www.eciu.org<\/a>).<\/p>\n\n\n\n<h2 class=\"wp-block-heading\">ECIU UAB<\/h2>\n\n\n\n<p>Actualment, un nodrit equip de personal de la UAB dels \u00e0mbits de la recerca, la doc\u00e8ncia, la\u00a0gesti\u00f3 i els serveis treballa conjuntament per impulsar la innovaci\u00f3 en formaci\u00f3 que connecti\u00a0amb agilitat diferents disciplines, aix\u00ed com nous espais i iniciatives de recerca\u00a0que obriran les portes a una col\u00b7laboraci\u00f3 directa entre les universitats i\u00a0els diferents agents del teixit social i productiu\u00a0dels seus ecosistemes, a escala europea&#8221; (<a href=\"https:\/\/www.uab.cat\/web\/implantacio-a-la-uab-1345821318406.html)\">https:\/\/www.uab.cat\/web\/implantacio-a-la-uab-1345821318406.html)<\/a> <\/p>\n\n\n\n<h2 class=\"wp-block-heading\">Servei d&#8217;Ocupabilitat UAB<\/h2>\n\n\n\n<p>Al <a href=\"https:\/\/www.uab.cat\/web\/servei-d-ocupabilitat-de-la-uab-1345704838572.html\">Servei d\u2019Ocupabilitat de la UAB<\/a> s&#8217;ofereixen serveis d&#8217;orientaci\u00f3 profesional, pr\u00e0ctiques i feina, mobilitat professional internacional i generaci\u00f3 d&#8217;idees (UAB-Empr\u00e8n).<\/p>\n\n\n\n<h2 class=\"wp-block-heading\">ALUMNI UAB<\/h2>\n\n\n\n<p><a href=\"https:\/\/www.uab.cat\/web\/alumni\/alumni-uab-1345870011877.html\">Alumni UAB<\/a>\u00a0\u00e9s la\u00a0xarxa de persones titulades\u00a0a la Universitat Aut\u00f2noma de Barcelona. Una comunitat de m\u00e9s de\u00a0350.000 professionals, din\u00e0mica i interconnectada, amb pres\u00e8ncia internacional a m\u00e9s de\u00a0100 pa\u00efsos, basada en la promoci\u00f3 de la formaci\u00f3 continuada, la capacitaci\u00f3 professional i la creaci\u00f3 d&#8217;espais de relaci\u00f3.<\/p>\n","protected":false},"excerpt":{"rendered":"<p>ECIU UNIVERSITY &#8220;The ECIU University is an EU-funded European University that will create a completely new educational model on a European scale. The ECIU University gathers together learners, teachers, and&nbsp;researchers to&nbsp;cooperate with cities and businesses and&nbsp;solve real-life challenges&#8221; (https:\/\/www.eciu.org). ECIU UAB Actualment, un nodrit equip de personal de la UAB dels \u00e0mbits de la recerca, [&hellip;]<\/p>\n","protected":false},"author":99,"featured_media":0,"parent":0,"menu_order":0,"comment_status":"closed","ping_status":"closed","template":"","meta":{"footnotes":""},"class_list":["post-53","page","type-page","status-publish","hentry"],"_links":{"self":[{"href":"https:\/\/webs.uab.cat\/cbllletres\/wp-json\/wp\/v2\/pages\/53","targetHints":{"allow":["GET"]}}],"collection":[{"href":"https:\/\/webs.uab.cat\/cbllletres\/wp-json\/wp\/v2\/pages"}],"about":[{"href":"https:\/\/webs.uab.cat\/cbllletres\/wp-json\/wp\/v2\/types\/page"}],"author":[{"embeddable":true,"href":"https:\/\/webs.uab.cat\/cbllletres\/wp-json\/wp\/v2\/users\/99"}],"replies":[{"embeddable":true,"href":"https:\/\/webs.uab.cat\/cbllletres\/wp-json\/wp\/v2\/comments?post=53"}],"version-history":[{"count":4,"href":"https:\/\/webs.uab.cat\/cbllletres\/wp-json\/wp\/v2\/pages\/53\/revisions"}],"predecessor-version":[{"id":233,"href":"https:\/\/webs.uab.cat\/cbllletres\/wp-json\/wp\/v2\/pages\/53\/revisions\/233"}],"wp:attachment":[{"href":"https:\/\/webs.uab.cat\/cbllletres\/wp-json\/wp\/v2\/media?parent=53"}],"curies":[{"name":"wp","href":"https:\/\/api.w.org\/{rel}","templated":true}]}}