{"id":78,"date":"2022-12-02T19:08:47","date_gmt":"2022-12-02T18:08:47","guid":{"rendered":"https:\/\/webs.uab.cat\/cbllletres\/?page_id=78"},"modified":"2022-12-19T09:00:19","modified_gmt":"2022-12-19T08:00:19","slug":"xavier-roque-rodriguez","status":"publish","type":"page","link":"https:\/\/webs.uab.cat\/cbllletres\/xavier-roque-rodriguez\/","title":{"rendered":"Xavier Roqu\u00e9 Rodr\u00edguez"},"content":{"rendered":"\n<figure class=\"wp-block-image size-full is-resized\"><img loading=\"lazy\" decoding=\"async\" src=\"https:\/\/webs.uab.cat\/cbllletres\/wp-content\/uploads\/sites\/298\/2022\/12\/s200_xavier.roqu_.jpg\" alt=\"\" class=\"wp-image-80\" width=\"168\" height=\"168\" srcset=\"https:\/\/webs.uab.cat\/cbllletres\/wp-content\/uploads\/sites\/298\/2022\/12\/s200_xavier.roqu_.jpg 200w, https:\/\/webs.uab.cat\/cbllletres\/wp-content\/uploads\/sites\/298\/2022\/12\/s200_xavier.roqu_-150x150.jpg 150w\" sizes=\"auto, (max-width: 168px) 100vw, 168px\" \/><\/figure>\n\n\n\n<hr class=\"wp-block-separator has-alpha-channel-opacity\" \/>\n\n\n\n<p>Institut d\u2019Hist\u00f2ria de la Ci\u00e8ncia. Coordinador del Grau en Ci\u00e8ncia, Tecnologia i Humanitats.<\/p>\n\n\n\n<p>Professor Titular del Departament de Filosofia.<\/p>\n\n\n\n<figure class=\"wp-block-image size-large is-resized\"><a href=\"https:\/\/orcid.org\/0000-0003-3475-2051\"><img loading=\"lazy\" decoding=\"async\" src=\"https:\/\/webs.uab.cat\/cbllletres\/wp-content\/uploads\/sites\/298\/2022\/12\/1200px-ORCID_logo.svg_-3-1024x348.png\" alt=\"\" class=\"wp-image-81\" width=\"59\" height=\"19\" srcset=\"https:\/\/webs.uab.cat\/cbllletres\/wp-content\/uploads\/sites\/298\/2022\/12\/1200px-ORCID_logo.svg_-3-1024x348.png 1024w, https:\/\/webs.uab.cat\/cbllletres\/wp-content\/uploads\/sites\/298\/2022\/12\/1200px-ORCID_logo.svg_-3-300x102.png 300w, https:\/\/webs.uab.cat\/cbllletres\/wp-content\/uploads\/sites\/298\/2022\/12\/1200px-ORCID_logo.svg_-3-768x261.png 768w, https:\/\/webs.uab.cat\/cbllletres\/wp-content\/uploads\/sites\/298\/2022\/12\/1200px-ORCID_logo.svg_-3.png 1200w\" sizes=\"auto, (max-width: 59px) 100vw, 59px\" \/><\/a><\/figure>\n\n\n\n<p><strong>Contacte<\/strong>: Xavier.Roque@uab.cat <\/p>\n","protected":false},"excerpt":{"rendered":"<p>Institut d\u2019Hist\u00f2ria de la Ci\u00e8ncia. Coordinador del Grau en Ci\u00e8ncia, Tecnologia i Humanitats. Professor Titular del Departament de Filosofia. Contacte: Xavier.Roque@uab.cat<\/p>\n","protected":false},"author":99,"featured_media":0,"parent":0,"menu_order":0,"comment_status":"closed","ping_status":"closed","template":"","meta":{"footnotes":""},"class_list":["post-78","page","type-page","status-publish","hentry"],"_links":{"self":[{"href":"https:\/\/webs.uab.cat\/cbllletres\/wp-json\/wp\/v2\/pages\/78","targetHints":{"allow":["GET"]}}],"collection":[{"href":"https:\/\/webs.uab.cat\/cbllletres\/wp-json\/wp\/v2\/pages"}],"about":[{"href":"https:\/\/webs.uab.cat\/cbllletres\/wp-json\/wp\/v2\/types\/page"}],"author":[{"embeddable":true,"href":"https:\/\/webs.uab.cat\/cbllletres\/wp-json\/wp\/v2\/users\/99"}],"replies":[{"embeddable":true,"href":"https:\/\/webs.uab.cat\/cbllletres\/wp-json\/wp\/v2\/comments?post=78"}],"version-history":[{"count":3,"href":"https:\/\/webs.uab.cat\/cbllletres\/wp-json\/wp\/v2\/pages\/78\/revisions"}],"predecessor-version":[{"id":145,"href":"https:\/\/webs.uab.cat\/cbllletres\/wp-json\/wp\/v2\/pages\/78\/revisions\/145"}],"wp:attachment":[{"href":"https:\/\/webs.uab.cat\/cbllletres\/wp-json\/wp\/v2\/media?parent=78"}],"curies":[{"name":"wp","href":"https:\/\/api.w.org\/{rel}","templated":true}]}}