{"id":96,"date":"2022-12-02T19:21:03","date_gmt":"2022-12-02T18:21:03","guid":{"rendered":"https:\/\/webs.uab.cat\/cbllletres\/?page_id=96"},"modified":"2022-12-02T19:21:03","modified_gmt":"2022-12-02T18:21:03","slug":"oscar-jane-checa","status":"publish","type":"page","link":"https:\/\/webs.uab.cat\/cbllletres\/oscar-jane-checa\/","title":{"rendered":"Oscar Jan\u00e9 Checa"},"content":{"rendered":"\n<figure class=\"wp-block-image size-full is-resized\"><img loading=\"lazy\" decoding=\"async\" src=\"https:\/\/webs.uab.cat\/cbllletres\/wp-content\/uploads\/sites\/298\/2022\/12\/s200_oscar.jan_.jpg\" alt=\"\" class=\"wp-image-97\" width=\"147\" height=\"147\" srcset=\"https:\/\/webs.uab.cat\/cbllletres\/wp-content\/uploads\/sites\/298\/2022\/12\/s200_oscar.jan_.jpg 200w, https:\/\/webs.uab.cat\/cbllletres\/wp-content\/uploads\/sites\/298\/2022\/12\/s200_oscar.jan_-150x150.jpg 150w\" sizes=\"auto, (max-width: 147px) 100vw, 147px\" \/><\/figure>\n\n\n\n<hr class=\"wp-block-separator has-alpha-channel-opacity\" \/>\n\n\n\n<p>Vicedeg\u00e0 d&#8217;Afers Acad\u00e8mics d&#8217;Estudis de Grau de la Facultat de Filosofia i Lletres.<\/p>\n\n\n\n<p>Professor Titular del Departament d&#8217;Hist\u00f2ria Moderna i Contempor\u00e0nia.<\/p>\n\n\n\n<figure class=\"wp-block-image size-large is-resized\"><a href=\"https:\/\/orcid.org\/0000-0002-4288-5447\"><img loading=\"lazy\" decoding=\"async\" src=\"https:\/\/webs.uab.cat\/cbllletres\/wp-content\/uploads\/sites\/298\/2022\/12\/1200px-ORCID_logo.svg_-6-1024x348.png\" alt=\"\" class=\"wp-image-98\" width=\"59\" height=\"19\" srcset=\"https:\/\/webs.uab.cat\/cbllletres\/wp-content\/uploads\/sites\/298\/2022\/12\/1200px-ORCID_logo.svg_-6-1024x348.png 1024w, https:\/\/webs.uab.cat\/cbllletres\/wp-content\/uploads\/sites\/298\/2022\/12\/1200px-ORCID_logo.svg_-6-300x102.png 300w, https:\/\/webs.uab.cat\/cbllletres\/wp-content\/uploads\/sites\/298\/2022\/12\/1200px-ORCID_logo.svg_-6-768x261.png 768w, https:\/\/webs.uab.cat\/cbllletres\/wp-content\/uploads\/sites\/298\/2022\/12\/1200px-ORCID_logo.svg_-6.png 1200w\" sizes=\"auto, (max-width: 59px) 100vw, 59px\" \/><\/a><\/figure>\n\n\n\n<p><strong>Contacte<\/strong>: Oscar.Jane@uab.cat<\/p>\n","protected":false},"excerpt":{"rendered":"<p>Vicedeg\u00e0 d&#8217;Afers Acad\u00e8mics d&#8217;Estudis de Grau de la Facultat de Filosofia i Lletres. Professor Titular del Departament d&#8217;Hist\u00f2ria Moderna i Contempor\u00e0nia. Contacte: Oscar.Jane@uab.cat<\/p>\n","protected":false},"author":99,"featured_media":0,"parent":0,"menu_order":0,"comment_status":"closed","ping_status":"closed","template":"","meta":{"footnotes":""},"class_list":["post-96","page","type-page","status-publish","hentry"],"_links":{"self":[{"href":"https:\/\/webs.uab.cat\/cbllletres\/wp-json\/wp\/v2\/pages\/96","targetHints":{"allow":["GET"]}}],"collection":[{"href":"https:\/\/webs.uab.cat\/cbllletres\/wp-json\/wp\/v2\/pages"}],"about":[{"href":"https:\/\/webs.uab.cat\/cbllletres\/wp-json\/wp\/v2\/types\/page"}],"author":[{"embeddable":true,"href":"https:\/\/webs.uab.cat\/cbllletres\/wp-json\/wp\/v2\/users\/99"}],"replies":[{"embeddable":true,"href":"https:\/\/webs.uab.cat\/cbllletres\/wp-json\/wp\/v2\/comments?post=96"}],"version-history":[{"count":1,"href":"https:\/\/webs.uab.cat\/cbllletres\/wp-json\/wp\/v2\/pages\/96\/revisions"}],"predecessor-version":[{"id":100,"href":"https:\/\/webs.uab.cat\/cbllletres\/wp-json\/wp\/v2\/pages\/96\/revisions\/100"}],"wp:attachment":[{"href":"https:\/\/webs.uab.cat\/cbllletres\/wp-json\/wp\/v2\/media?parent=96"}],"curies":[{"name":"wp","href":"https:\/\/api.w.org\/{rel}","templated":true}]}}