{"id":24,"date":"2021-01-20T19:01:50","date_gmt":"2021-01-20T17:01:50","guid":{"rendered":"https:\/\/blogs.uab.cat\/ccoo\/?page_id=24"},"modified":"2025-09-17T12:22:24","modified_gmt":"2025-09-17T10:22:24","slug":"contacte-seccio-sindical","status":"publish","type":"page","link":"https:\/\/webs.uab.cat\/ccoo\/contacte-seccio-sindical\/","title":{"rendered":"Contacte Secci\u00f3 Sindical"},"content":{"rendered":"\n<div class=\"wp-block-group\"><div class=\"wp-block-group__inner-container is-layout-flow wp-block-group-is-layout-flow\">\n<figure class=\"wp-block-table\"><table><tbody><tr><td><strong>Nom<\/strong><\/td><td><strong>C\u00e0rrec<\/strong><\/td><td><strong>E-mail<\/strong><\/td><td><strong>Tel\u00e8fon<\/strong><\/td><\/tr><tr><td><strong>Secci\u00f3 Sindical<\/strong><\/td><td>&nbsp;<\/td><td><a href=\"mailto:sccoo@uab.cat\"><strong>sccoo@uab.cat<\/strong><\/a><\/td><td>&nbsp;1722<\/td><\/tr><tr><td><strong>Ernesto Casta\u00f1os<\/strong> <strong>Moreno<\/strong><\/td><td>Secretari General<\/td><td><strong><a href=\"mailto:juan.montesinos@uab.cat\">Ernesto.Castanos@uab.cat<\/a><\/strong><\/td><td>&nbsp;1722<\/td><\/tr><tr><td><strong>M\u00f3nica Espejo<\/strong> <strong>Segura<\/strong><\/td><td>Secret\u00e0ria d&#8217;Organitzaci\u00f3<\/td><td><strong><a href=\"mailto:Monica.Espejo@uab.cat\">Monica.Espejo@uab.cat<\/a><\/strong><\/td><td>&nbsp;1839<\/td><\/tr><tr><td><strong>Eva Mor\u00e9<\/strong> <strong>Casals<\/strong><\/td><td>Secret\u00e0ria d&#8217;Igualtat<\/td><td><strong><a href=\"mailto:Eva.More@uab.cat\">Eva.More@uab.cat<\/a><\/strong><\/td><td>1055<\/td><\/tr><tr><td><strong>Ernesto Asensio<\/strong> <strong>Sosa<\/strong><\/td><td>Secretari de Salut Laboral<\/td><td><a href=\"mailto:Ernesto.Asensio@uab.cat\"><strong>Ernesto.Asensio@uab.cat<\/strong><\/a><\/td><td>1722<\/td><\/tr><tr><td><strong>Juan Montesinos<\/strong> <strong>Andrade<\/strong><\/td><td>Responsable de Coordinaci\u00f3 amb les UUPP<\/td><td><a href=\"mailto:ernesto.castanos@uab.cat\"><strong>Juan.Montesinos@uab.cat<\/strong><\/a><\/td><td>&nbsp;1722<\/td><\/tr><tr><td><strong>David S\u00e1nchez Solbes<\/strong><\/td><td>Secretari d\u2019Assessorament&nbsp; i Responsable de PTGAS Laboral<\/td><td><a href=\"mailto:david.sanchez.solbes@uab.cat\"><strong>David.Sanchez.Solbes@uab.cat<\/strong><\/a><\/td><td>1158<\/td><\/tr><tr><td><strong>\u00c1ngel Cebollada<\/strong> <strong>Frontera<\/strong><\/td><td>Responsable de PDI-F<\/td><td><a href=\"mailto:angel.cebollada@uab.cat\"><strong>Angel.Cebollada@uab.cat<\/strong><\/a><\/td><td>&nbsp;4810<\/td><\/tr><tr><td><strong>Maria Feijoo Cid<\/strong><\/td><td>Responsable de PDI-L<\/td><td><a href=\"mailto:Maria.Feijoo@uab.cat\"><strong>Maria.Feijoo@uab.cat<\/strong><\/a><\/td><td>&nbsp;1722<\/td><\/tr><tr><td><strong>Ivan Martos<\/strong> <strong>Aguilar<\/strong><\/td><td>Responsable de PAS-F<\/td><td><a href=\"mailto:Ivan.Martos@uab.cat\"><strong>Ivan.Martos@uab.cat<\/strong><\/a><\/td><td>1722<\/td><\/tr><\/tbody><\/table><\/figure>\n\n\n\n<p><\/p>\n<\/div><\/div>\n","protected":false},"excerpt":{"rendered":"<p>Nom C\u00e0rrec E-mail Tel\u00e8fon Secci\u00f3 Sindical &nbsp; sccoo@uab.cat &nbsp;1722 Ernesto Casta\u00f1os Moreno Secretari General Ernesto.Castanos@uab.cat &nbsp;1722 M\u00f3nica Espejo Segura Secret\u00e0ria d&#8217;Organitzaci\u00f3 Monica.Espejo@uab.cat &nbsp;1839 Eva Mor\u00e9 Casals Secret\u00e0ria d&#8217;Igualtat Eva.More@uab.cat 1055 Ernesto Asensio Sosa Secretari de Salut Laboral Ernesto.Asensio@uab.cat 1722 Juan Montesinos Andrade Responsable de Coordinaci\u00f3 amb les UUPP Juan.Montesinos@uab.cat &nbsp;1722 David S\u00e1nchez Solbes Secretari d\u2019Assessorament&nbsp; [&hellip;]<\/p>\n","protected":false},"author":1627,"featured_media":0,"parent":0,"menu_order":0,"comment_status":"closed","ping_status":"closed","template":"","meta":{"footnotes":""},"class_list":["post-24","page","type-page","status-publish","hentry"],"_links":{"self":[{"href":"https:\/\/webs.uab.cat\/ccoo\/wp-json\/wp\/v2\/pages\/24","targetHints":{"allow":["GET"]}}],"collection":[{"href":"https:\/\/webs.uab.cat\/ccoo\/wp-json\/wp\/v2\/pages"}],"about":[{"href":"https:\/\/webs.uab.cat\/ccoo\/wp-json\/wp\/v2\/types\/page"}],"author":[{"embeddable":true,"href":"https:\/\/webs.uab.cat\/ccoo\/wp-json\/wp\/v2\/users\/1627"}],"replies":[{"embeddable":true,"href":"https:\/\/webs.uab.cat\/ccoo\/wp-json\/wp\/v2\/comments?post=24"}],"version-history":[{"count":3,"href":"https:\/\/webs.uab.cat\/ccoo\/wp-json\/wp\/v2\/pages\/24\/revisions"}],"predecessor-version":[{"id":1402,"href":"https:\/\/webs.uab.cat\/ccoo\/wp-json\/wp\/v2\/pages\/24\/revisions\/1402"}],"wp:attachment":[{"href":"https:\/\/webs.uab.cat\/ccoo\/wp-json\/wp\/v2\/media?parent=24"}],"curies":[{"name":"wp","href":"https:\/\/api.w.org\/{rel}","templated":true}]}}