{"id":38,"date":"2021-01-20T19:11:27","date_gmt":"2021-01-20T17:11:27","guid":{"rendered":"https:\/\/blogs.uab.cat\/ccoo\/?page_id=38"},"modified":"2025-09-17T12:26:43","modified_gmt":"2025-09-17T10:26:43","slug":"delegats-des-junta-pdi-f","status":"publish","type":"page","link":"https:\/\/webs.uab.cat\/ccoo\/delegats-des-junta-pdi-f\/","title":{"rendered":"Delegats\/des Junta PDI F"},"content":{"rendered":"\n<figure class=\"wp-block-table\"><table><tbody><tr><td><strong>Nom<\/strong><\/td><td><strong>C\u00e0rrec<\/strong><\/td><td><strong>E-mail<\/strong><\/td><td><strong>Tel\u00e8fon<\/strong><\/td><\/tr><tr><td><strong>Asunci\u00f3n Blanco Romero<\/strong><\/td><td>Delegada de la Junta PDI Funcionari<\/td><td><a href=\"mailto:Asuncion.Blanco@uab.cat\">Asuncion.Blanco@uab.cat<\/a><\/td><td>1722<\/td><\/tr><tr><td><strong>Ana Carretero Romay<\/strong><\/td><td>Delegada de la Junta PDI Funcionari<\/td><td><a href=\"mailto:Ana.Carretero@uab.cat\">Ana.Carretero@uab.cat<\/a><\/td><td>1722<\/td><\/tr><tr><td><strong>\u00c1ngel Cebollada Frontera<\/strong><\/td><td>Delegat de la Junta PDI Funcionari<\/td><td><a href=\"mailto:Angel.cebollada@uab.cat\">Angel.cebollada@uab.cat<\/a><\/td><td>1722<\/td><\/tr><tr><td><strong>Alfons Gonz\u00e1lez Quesada<\/strong><\/td><td>Delegat de la Junta PDI Funcionari<\/td><td><a href=\"mailto:Alfons.Gonzalez@uab.cat\">Alfons.Gonzalez@uab.cat<\/a><\/td><td>1541<\/td><\/tr><tr><td><strong>Josep Antoni Iglesias Fonseca<\/strong><\/td><td>Delegat de la Junta PDI Funcionari<\/td><td><a href=\"mailto:Toni.Iglesias@uab.cat\">Toni.Iglesias@uab.cat<\/a><\/td><td>1722<\/td><\/tr><\/tbody><\/table><\/figure>\n\n\n\n<p><\/p>\n","protected":false},"excerpt":{"rendered":"<p>Nom C\u00e0rrec E-mail Tel\u00e8fon Asunci\u00f3n Blanco Romero Delegada de la Junta PDI Funcionari Asuncion.Blanco@uab.cat 1722 Ana Carretero Romay Delegada de la Junta PDI Funcionari Ana.Carretero@uab.cat 1722 \u00c1ngel Cebollada Frontera Delegat de la Junta PDI Funcionari Angel.cebollada@uab.cat 1722 Alfons Gonz\u00e1lez Quesada Delegat de la Junta PDI Funcionari Alfons.Gonzalez@uab.cat 1541 Josep Antoni Iglesias Fonseca Delegat de la [&hellip;]<\/p>\n","protected":false},"author":1627,"featured_media":0,"parent":0,"menu_order":0,"comment_status":"closed","ping_status":"closed","template":"","meta":{"footnotes":""},"class_list":["post-38","page","type-page","status-publish","hentry"],"_links":{"self":[{"href":"https:\/\/webs.uab.cat\/ccoo\/wp-json\/wp\/v2\/pages\/38","targetHints":{"allow":["GET"]}}],"collection":[{"href":"https:\/\/webs.uab.cat\/ccoo\/wp-json\/wp\/v2\/pages"}],"about":[{"href":"https:\/\/webs.uab.cat\/ccoo\/wp-json\/wp\/v2\/types\/page"}],"author":[{"embeddable":true,"href":"https:\/\/webs.uab.cat\/ccoo\/wp-json\/wp\/v2\/users\/1627"}],"replies":[{"embeddable":true,"href":"https:\/\/webs.uab.cat\/ccoo\/wp-json\/wp\/v2\/comments?post=38"}],"version-history":[{"count":3,"href":"https:\/\/webs.uab.cat\/ccoo\/wp-json\/wp\/v2\/pages\/38\/revisions"}],"predecessor-version":[{"id":1408,"href":"https:\/\/webs.uab.cat\/ccoo\/wp-json\/wp\/v2\/pages\/38\/revisions\/1408"}],"wp:attachment":[{"href":"https:\/\/webs.uab.cat\/ccoo\/wp-json\/wp\/v2\/media?parent=38"}],"curies":[{"name":"wp","href":"https:\/\/api.w.org\/{rel}","templated":true}]}}