{"id":44,"date":"2021-01-20T19:14:01","date_gmt":"2021-01-20T17:14:01","guid":{"rendered":"https:\/\/blogs.uab.cat\/ccoo\/?page_id=44"},"modified":"2025-07-23T09:39:23","modified_gmt":"2025-07-23T07:39:23","slug":"delegats-des-de-prevencio-i-salut","status":"publish","type":"page","link":"https:\/\/webs.uab.cat\/ccoo\/delegats-des-de-prevencio-i-salut\/","title":{"rendered":"Delegats\/des de Prevenci\u00f3 i Salut"},"content":{"rendered":"\n<figure class=\"wp-block-table\"><table><tbody><tr><td><strong>Nom<\/strong><\/td><td><strong>C\u00e0rrec<\/strong><\/td><td><strong>E-mail<\/strong><\/td><td><strong>Tel\u00e8fon<\/strong><\/td><\/tr><tr><td><strong>Ernesto Asensio Sosa<\/strong><\/td><td>Delegat Prevenci\u00f3 PTGAS L<\/td><td><a href=\"mailto:Ernesto.Asensio@uab.cat\">Ernesto.Asensio@uab.cat<\/a><\/td><td>1722<\/td><\/tr><tr><td><strong>Asunci\u00f3n Blanco Romero<\/strong><\/td><td>Delegada Prevenci\u00f3 JPDI F<\/td><td><a href=\"mailto:asuncion.blanco@uab.cat\">Asuncion.Blanco@uab.cat<\/a><\/td><td>1722<\/td><\/tr><tr><td><strong>Iv\u00e1n Martos Aguilar<\/strong><\/td><td>Delegat Prevenci\u00f3 PTGAS F<\/td><td><a href=\"mailto:ivan.martos@uab.cat\">Ivan.martos@uab.cat<\/a><\/td><td>1722<\/td><\/tr><tr><td><strong><strong>Anna&nbsp;Morist Yag\u00fce<\/strong><\/strong><\/td><td>Delegada Prevenci\u00f3 PTGAS L<\/td><td><a href=\"mailto:anna.morist@uab.cat\">Anna.Morist@uab.cat<\/a><\/td><td>1722<\/td><\/tr><\/tbody><\/table><\/figure>\n\n\n\n<p><\/p>\n","protected":false},"excerpt":{"rendered":"<p>Nom C\u00e0rrec E-mail Tel\u00e8fon Ernesto Asensio Sosa Delegat Prevenci\u00f3 PTGAS L Ernesto.Asensio@uab.cat 1722 Asunci\u00f3n Blanco Romero Delegada Prevenci\u00f3 JPDI F Asuncion.Blanco@uab.cat 1722 Iv\u00e1n Martos Aguilar Delegat Prevenci\u00f3 PTGAS F Ivan.martos@uab.cat 1722 Anna&nbsp;Morist Yag\u00fce Delegada Prevenci\u00f3 PTGAS L Anna.Morist@uab.cat 1722<\/p>\n","protected":false},"author":1627,"featured_media":0,"parent":0,"menu_order":0,"comment_status":"closed","ping_status":"closed","template":"","meta":{"footnotes":""},"class_list":["post-44","page","type-page","status-publish","hentry"],"_links":{"self":[{"href":"https:\/\/webs.uab.cat\/ccoo\/wp-json\/wp\/v2\/pages\/44","targetHints":{"allow":["GET"]}}],"collection":[{"href":"https:\/\/webs.uab.cat\/ccoo\/wp-json\/wp\/v2\/pages"}],"about":[{"href":"https:\/\/webs.uab.cat\/ccoo\/wp-json\/wp\/v2\/types\/page"}],"author":[{"embeddable":true,"href":"https:\/\/webs.uab.cat\/ccoo\/wp-json\/wp\/v2\/users\/1627"}],"replies":[{"embeddable":true,"href":"https:\/\/webs.uab.cat\/ccoo\/wp-json\/wp\/v2\/comments?post=44"}],"version-history":[{"count":3,"href":"https:\/\/webs.uab.cat\/ccoo\/wp-json\/wp\/v2\/pages\/44\/revisions"}],"predecessor-version":[{"id":1365,"href":"https:\/\/webs.uab.cat\/ccoo\/wp-json\/wp\/v2\/pages\/44\/revisions\/1365"}],"wp:attachment":[{"href":"https:\/\/webs.uab.cat\/ccoo\/wp-json\/wp\/v2\/media?parent=44"}],"curies":[{"name":"wp","href":"https:\/\/api.w.org\/{rel}","templated":true}]}}