{"id":309,"date":"2023-11-22T15:00:01","date_gmt":"2023-11-22T15:00:01","guid":{"rendered":"https:\/\/webs.uab.cat\/ceac\/?page_id=309"},"modified":"2023-12-02T08:27:03","modified_gmt":"2023-12-02T08:27:03","slug":"monografias","status":"publish","type":"page","link":"https:\/\/webs.uab.cat\/ceac\/monografias\/","title":{"rendered":"Monograf\u00edas"},"content":{"rendered":"\n<p class=\"has-drop-cap\">La serie \u00abMonograf\u00edas\u00bb del CEAC se publica en colaboraci\u00f3n con el Centro para la Edici\u00f3n de los Cl\u00e1sicos Espa\u00f1oles y la Universitat Aut\u00f2noma de Barcelona. <\/p>\n","protected":false},"excerpt":{"rendered":"<p>La serie \u00abMonograf\u00edas\u00bb del CEAC se publica en colaboraci\u00f3n con el Centro para la Edici\u00f3n de los Cl\u00e1sicos Espa\u00f1oles y la Universitat Aut\u00f2noma de Barcelona.<\/p>\n","protected":false},"author":33,"featured_media":0,"parent":0,"menu_order":0,"comment_status":"closed","ping_status":"closed","template":"","meta":{"footnotes":""},"class_list":["post-309","page","type-page","status-publish","hentry"],"_links":{"self":[{"href":"https:\/\/webs.uab.cat\/ceac\/wp-json\/wp\/v2\/pages\/309","targetHints":{"allow":["GET"]}}],"collection":[{"href":"https:\/\/webs.uab.cat\/ceac\/wp-json\/wp\/v2\/pages"}],"about":[{"href":"https:\/\/webs.uab.cat\/ceac\/wp-json\/wp\/v2\/types\/page"}],"author":[{"embeddable":true,"href":"https:\/\/webs.uab.cat\/ceac\/wp-json\/wp\/v2\/users\/33"}],"replies":[{"embeddable":true,"href":"https:\/\/webs.uab.cat\/ceac\/wp-json\/wp\/v2\/comments?post=309"}],"version-history":[{"count":4,"href":"https:\/\/webs.uab.cat\/ceac\/wp-json\/wp\/v2\/pages\/309\/revisions"}],"predecessor-version":[{"id":472,"href":"https:\/\/webs.uab.cat\/ceac\/wp-json\/wp\/v2\/pages\/309\/revisions\/472"}],"wp:attachment":[{"href":"https:\/\/webs.uab.cat\/ceac\/wp-json\/wp\/v2\/media?parent=309"}],"curies":[{"name":"wp","href":"https:\/\/api.w.org\/{rel}","templated":true}]}}