{"id":416,"date":"2023-11-30T12:21:46","date_gmt":"2023-11-30T12:21:46","guid":{"rendered":"https:\/\/webs.uab.cat\/ceac\/?page_id=416"},"modified":"2023-11-30T12:21:47","modified_gmt":"2023-11-30T12:21:47","slug":"nuevas-de-indias-2","status":"publish","type":"page","link":"https:\/\/webs.uab.cat\/ceac\/nuevas-de-indias-2\/","title":{"rendered":"Nuevas de Indias"},"content":{"rendered":"\n<p class=\"has-drop-cap\">La revista <em><a rel=\"noreferrer noopener\" href=\"https:\/\/revistes.uab.cat\/nuevasdeindias\/index\" target=\"_blank\"><strong><mark style=\"color:var(--color-marca-primari)\" class=\"has-inline-color\">Nuevas de Indias. Anuario del CEAC<\/mark><\/strong><\/a><\/em> se centra en la historia y la literatura espa\u00f1ola e hispanoamericana colonial, que abarca, a grandes rasgos, los siglos XVI\u2013XIX, de modo que arranca con una perspectiva multidisciplinar.<\/p>\n\n\n\n<p>Las \u00e1reas de conocimiento, no obstante, no son solo aquellas dos (historia moderna y literatura espa\u00f1ola), sino que all\u00ed se incluyen otras disciplinas contiguas y afines, como la filosof\u00eda, la ciencia pol\u00edtica, el derecho, la religi\u00f3n, la antropolog\u00eda o la mitolog\u00eda, la arquitectura y el urbanismo, la arqueolog\u00eda y la ense\u00f1anza, entre otras. Tambi\u00e9n se tomar\u00e1n en consideraci\u00f3n el debate cultural com\u00fan en Espa\u00f1a y Am\u00e9rica, y por extensi\u00f3n los mundos ib\u00e9ricos, la herencia europea en el Nuevo Mundo y los enfoques te\u00f3ricos y metodol\u00f3gicos para examinar la historia literaria de la \u00e9poca colonial a la luz de los estudios culturales.<\/p>\n\n\n\n<p>Va dirigida, en primer lugar, a los profesores, investigadores y estudiantes de los departamentos de Filolog\u00edas e Historia Moderna y Contempor\u00e1nea; en segundo lugar, a los de humanidades, derecho, teolog\u00eda, antropolog\u00eda y otras disciplinas atingentes, como historia del libro, arquitectura y urbanismo, geograf\u00eda, iconograf\u00eda e iconolog\u00eda, arqueolog\u00eda y m\u00fasica, o a los de las literaturas en otros idiomas, especialmente la portuguesa, la francesa y la inglesa.<\/p>\n\n\n\n<p>Su objetivo fundamental es la publicaci\u00f3n de investigaciones originales y de calidad acad\u00e9mica, por lo que tiene una pol\u00edtica de edici\u00f3n basada en el cumplimiento de los indicadores de calidad m\u00e1s rigurosos a escala estatal e internacional.<\/p>\n","protected":false},"excerpt":{"rendered":"<p>La revista Nuevas de Indias. Anuario del CEAC se centra en la historia y la literatura espa\u00f1ola e hispanoamericana colonial, que abarca, a grandes rasgos, los siglos XVI\u2013XIX, de modo que arranca con una perspectiva multidisciplinar. Las \u00e1reas de conocimiento, no obstante, no son solo aquellas dos (historia moderna y literatura espa\u00f1ola), sino que all\u00ed [&hellip;]<\/p>\n","protected":false},"author":33,"featured_media":0,"parent":0,"menu_order":0,"comment_status":"closed","ping_status":"closed","template":"","meta":{"footnotes":""},"class_list":["post-416","page","type-page","status-publish","hentry"],"_links":{"self":[{"href":"https:\/\/webs.uab.cat\/ceac\/wp-json\/wp\/v2\/pages\/416","targetHints":{"allow":["GET"]}}],"collection":[{"href":"https:\/\/webs.uab.cat\/ceac\/wp-json\/wp\/v2\/pages"}],"about":[{"href":"https:\/\/webs.uab.cat\/ceac\/wp-json\/wp\/v2\/types\/page"}],"author":[{"embeddable":true,"href":"https:\/\/webs.uab.cat\/ceac\/wp-json\/wp\/v2\/users\/33"}],"replies":[{"embeddable":true,"href":"https:\/\/webs.uab.cat\/ceac\/wp-json\/wp\/v2\/comments?post=416"}],"version-history":[{"count":1,"href":"https:\/\/webs.uab.cat\/ceac\/wp-json\/wp\/v2\/pages\/416\/revisions"}],"predecessor-version":[{"id":417,"href":"https:\/\/webs.uab.cat\/ceac\/wp-json\/wp\/v2\/pages\/416\/revisions\/417"}],"wp:attachment":[{"href":"https:\/\/webs.uab.cat\/ceac\/wp-json\/wp\/v2\/media?parent=416"}],"curies":[{"name":"wp","href":"https:\/\/api.w.org\/{rel}","templated":true}]}}