{"id":433,"date":"2023-11-30T12:42:44","date_gmt":"2023-11-30T12:42:44","guid":{"rendered":"https:\/\/webs.uab.cat\/ceac\/?page_id=433"},"modified":"2023-11-30T12:42:46","modified_gmt":"2023-11-30T12:42:46","slug":"equipo-de-trabajo","status":"publish","type":"page","link":"https:\/\/webs.uab.cat\/ceac\/equipo-de-trabajo\/","title":{"rendered":"Equipo de trabajo"},"content":{"rendered":"\n<h3 class=\"wp-block-heading\" style=\"font-style:normal;font-weight:400\">Carlos Blanco Fern\u00e1ndez, Universitat Aut\u00f2noma de Barcelona<\/h3>\n\n\n\n<h3 class=\"wp-block-heading\" style=\"font-style:normal;font-weight:400\">Alfonso Calder\u00f3n, Universitat de Lleida<\/h3>\n\n\n\n<h3 class=\"wp-block-heading\" style=\"font-style:normal;font-weight:400\">Fernando del Castillo, Universitat Aut\u00f2noma de Barcelona<\/h3>\n\n\n\n<h3 class=\"wp-block-heading\" style=\"font-style:normal;font-weight:400\">Leonardo Espitia, Universidad Nacional de Colombia<\/h3>\n\n\n\n<h3 class=\"wp-block-heading\" style=\"font-style:normal;font-weight:400\">Laura Fern\u00e1ndez, Universitat Aut\u00f2noma de Barcelona<\/h3>\n\n\n\n<h3 class=\"wp-block-heading\" style=\"font-style:normal;font-weight:400\">Maria Candida Ferreira de Almeida, Universidad de los Andes<\/h3>\n\n\n\n<h3 class=\"wp-block-heading\" style=\"font-style:normal;font-weight:400\">Paul Firbas,&nbsp;Stony Brook University<\/h3>\n\n\n\n<h3 class=\"wp-block-heading\" style=\"font-style:normal;font-weight:400\">Bernat Gar\u00ed, Universitat de Barcelona<\/h3>\n\n\n\n<h3 class=\"wp-block-heading\" style=\"font-style:normal;font-weight:400\">Laura Gimeno, Universitat Aut\u00f2noma de Barcelona<\/h3>\n\n\n\n<h3 class=\"wp-block-heading\" style=\"font-style:normal;font-weight:400\">Cristina Gimeno-Maldonado, Universitat Aut\u00f2noma de Barcelona<\/h3>\n\n\n\n<h3 class=\"wp-block-heading\" style=\"font-style:normal;font-weight:400\">Anna Guillam\u00f3n, Universitat de Barcelona<\/h3>\n\n\n\n<h3 class=\"wp-block-heading\" style=\"font-style:normal;font-weight:400\">Zhicang Huang, Universitat Aut\u00f2noma de Barcelona<\/h3>\n\n\n\n<h3 class=\"wp-block-heading\" style=\"font-style:normal;font-weight:400\">Jaouad Jabri, Universitat Aut\u00f2noma de Barcelona<\/h3>\n\n\n\n<h3 class=\"wp-block-heading\" style=\"font-style:normal;font-weight:400\">Eva Lafuente,\u00a0Sorbonne Nouvelle<\/h3>\n\n\n\n<h3 class=\"wp-block-heading\" style=\"font-style:normal;font-weight:400\">Santiago Lugo,&nbsp;Universitat Aut\u00f2noma de Barcelona<\/h3>\n\n\n\n<h3 class=\"wp-block-heading\" style=\"font-style:normal;font-weight:400\">Giuseppe Marino, Universidad Complutense de Madrid<\/h3>\n\n\n\n<h3 class=\"wp-block-heading\" style=\"font-style:normal;font-weight:400\">Ra\u00fal Marrero-Fente, University of Minnesota<\/h3>\n\n\n\n<h3 class=\"wp-block-heading\" style=\"font-style:normal;font-weight:400\">Francisco Javier Padilla, Universitat Aut\u00f2noma de Barcelona<\/h3>\n\n\n\n<h3 class=\"wp-block-heading\" style=\"font-style:normal;font-weight:400\">Nicolas de Ribas, Universit\u00e9 d&#8217;Artois<\/h3>\n\n\n\n<h3 class=\"wp-block-heading\" style=\"font-style:normal;font-weight:400\">Francisco Rico Manrique, Real Academia Espa\u00f1ola<\/h3>\n\n\n\n<h3 class=\"wp-block-heading\" style=\"font-style:normal;font-weight:400\">Pere Roca-Bruzzo, Universitat Aut\u00f2noma de Barcelona<\/h3>\n\n\n\n<h3 class=\"wp-block-heading\" style=\"font-style:normal;font-weight:400\">Eric Roulet, Universit\u00e9 du Littoral &#8211; C\u00f4te d&#8217;Opale<\/h3>\n\n\n\n<h3 class=\"wp-block-heading\" style=\"font-style:normal;font-weight:400\">Omar Sanz, Universitat Aut\u00f2noma de Barcelona<\/h3>\n\n\n\n<h3 class=\"wp-block-heading\" style=\"font-style:normal;font-weight:400\">David Tella, Universitat de Barcelona<\/h3>\n\n\n\n<h3 class=\"wp-block-heading\" style=\"font-style:normal;font-weight:400\">Concepci\u00f3n Zayas,&nbsp;Benem\u00e9rita&nbsp;Universidad Aut\u00f3noma de Puebla<\/h3>\n","protected":false},"excerpt":{"rendered":"<p>Carlos Blanco Fern\u00e1ndez, Universitat Aut\u00f2noma de Barcelona Alfonso Calder\u00f3n, Universitat de Lleida Fernando del Castillo, Universitat Aut\u00f2noma de Barcelona Leonardo Espitia, Universidad Nacional de Colombia Laura Fern\u00e1ndez, Universitat Aut\u00f2noma de Barcelona Maria Candida Ferreira de Almeida, Universidad de los Andes Paul Firbas,&nbsp;Stony Brook University Bernat Gar\u00ed, Universitat de Barcelona Laura Gimeno, Universitat Aut\u00f2noma de Barcelona [&hellip;]<\/p>\n","protected":false},"author":33,"featured_media":0,"parent":0,"menu_order":0,"comment_status":"closed","ping_status":"closed","template":"","meta":{"footnotes":""},"class_list":["post-433","page","type-page","status-publish","hentry"],"_links":{"self":[{"href":"https:\/\/webs.uab.cat\/ceac\/wp-json\/wp\/v2\/pages\/433","targetHints":{"allow":["GET"]}}],"collection":[{"href":"https:\/\/webs.uab.cat\/ceac\/wp-json\/wp\/v2\/pages"}],"about":[{"href":"https:\/\/webs.uab.cat\/ceac\/wp-json\/wp\/v2\/types\/page"}],"author":[{"embeddable":true,"href":"https:\/\/webs.uab.cat\/ceac\/wp-json\/wp\/v2\/users\/33"}],"replies":[{"embeddable":true,"href":"https:\/\/webs.uab.cat\/ceac\/wp-json\/wp\/v2\/comments?post=433"}],"version-history":[{"count":1,"href":"https:\/\/webs.uab.cat\/ceac\/wp-json\/wp\/v2\/pages\/433\/revisions"}],"predecessor-version":[{"id":434,"href":"https:\/\/webs.uab.cat\/ceac\/wp-json\/wp\/v2\/pages\/433\/revisions\/434"}],"wp:attachment":[{"href":"https:\/\/webs.uab.cat\/ceac\/wp-json\/wp\/v2\/media?parent=433"}],"curies":[{"name":"wp","href":"https:\/\/api.w.org\/{rel}","templated":true}]}}