{"id":440,"date":"2023-11-30T12:52:23","date_gmt":"2023-11-30T12:52:23","guid":{"rendered":"https:\/\/webs.uab.cat\/ceac\/?page_id=440"},"modified":"2026-03-15T09:05:19","modified_gmt":"2026-03-15T08:05:19","slug":"proyectos-anteriores-2","status":"publish","type":"page","link":"https:\/\/webs.uab.cat\/ceac\/proyectos-anteriores-2\/","title":{"rendered":"Proyectos anteriores"},"content":{"rendered":"\n<p class=\"has-normal-font-size\"><strong>2021 &#8211; 2025<\/strong><\/p>\n\n\n\n<p class=\"has-verd-tropic-color has-text-color has-link-color has-normal-font-size wp-elements-e4f5738cb6b8f8def96da7b762b4f9f1\"><strong><a href=\"https:\/\/portalrecerca.uab.cat\/ca\/projects\/humanismos-ibericos-circulacion-de-textos-generos-y-discursos-de--3\/\">HUMIBER. Humanismos ib\u00e9ricos. Circulaci\u00f3n de textos, g\u00e9neros y discursos de poder en la Monarqu\u00eda Cat\u00f3lica (siglos XVI-XVIII)<\/a><\/strong><\/p>\n\n\n\n<p><\/p>\n\n\n\n<p class=\"has-normal-font-size\"><strong>2018 &#8211; 2021<\/strong><\/p>\n\n\n\n<p class=\"has-verd-tropic-color has-text-color has-link-color has-normal-font-size wp-elements-5b318c2f0356fcb2d262b81141a96279\"><strong><a href=\"https:\/\/portalrecerca.uab.cat\/ca\/projects\/tradici%C3%B3n-y-originalidad-en-la-cultura-human%C3%ADstica-de-indias-g%C3%A9ne-5\/\">Tradici\u00f3n y originalidad en la cultura human\u00edstica de Indias. G\u00e9neros, paratextos y traducciones en el mundo atl\u00e1ntico (siglos XVI-XVII)<\/a><\/strong><\/p>\n\n\n\n<p><\/p>\n\n\n\n<p class=\"has-normal-font-size\"><strong>2015 &#8211; 2019<\/strong><\/p>\n\n\n\n<p class=\"has-verd-tropic-color has-text-color has-link-color has-normal-font-size wp-elements-ac2a2a9718280d9c93a3fcd5d41e33da\"><strong><a href=\"https:\/\/portalrecerca.uab.cat\/ca\/projects\/fronteras-culturales-en-el-mundo-hisp%C3%A1nico-ssxvi-xviientre-ortodo-5\/\">Fronteras culturales en el Mundo Hisp\u00e1nico, siglos XVI-XVII. Entre ortodoxias y heterodoxias<\/a><\/strong><\/p>\n\n\n\n<p><\/p>\n\n\n\n<p class=\"has-normal-font-size\"><strong>2015 &#8211; 2017<\/strong><\/p>\n\n\n\n<p class=\"has-verd-tropic-color has-text-color has-link-color has-normal-font-size wp-elements-5164a3d81889e5e2a31d74ac43e7250d\"><strong><a href=\"https:\/\/portalrecerca.uab.cat\/ca\/projects\/generaltransmisi%C3%B3n-y-circulaci%C3%B3n-de-paradigmas-culturales-en-el-n-5\/\">Transmisi\u00f3n y circulaci\u00f3n de paradigmas culturales en el Nuevo Mundo, siglos XVI-XVIII&nbsp;<\/a><\/strong><\/p>\n\n\n\n<p><\/p>\n\n\n\n<p class=\"has-normal-font-size\"><strong>2012 &#8211; 2015<\/strong><\/p>\n\n\n\n<p class=\"has-verd-tropic-color has-text-color has-link-color has-normal-font-size wp-elements-b26cdfea8d225491a4d53d793db0c828\"><strong><a href=\"https:\/\/portalrecerca.uab.cat\/ca\/projects\/memoria-y-cultura-religiosa-en-el-mundo-hisp%C3%A1nico-1500-1835-5\/\">Memoria y cultura religiosa en el mundo hisp\u00e1nico, 1500-1835<\/a><\/strong><\/p>\n\n\n\n<p><\/p>\n\n\n\n<p class=\"has-normal-font-size\"><strong>2012 &#8211; 2014<\/strong><\/p>\n\n\n\n<p class=\"has-verd-tropic-color has-text-color has-link-color has-normal-font-size wp-elements-5a2cd9bd3cc1db772beef2fe83b499d7\"><a href=\"https:\/\/portalrecerca.uab.cat\/ca\/projects\/cr%C3%B3nicas-y-literaturas-en-am%C3%A9rica-colonial-la-biblioteca-indiana--5\/\"><strong>Cr\u00f3nicas y literaturas en Am\u00e9rica Colonial. La Biblioteca indiana como testimonio y como controversia<\/strong><\/a><\/p>\n\n\n\n<p><\/p>\n\n\n\n<p class=\"has-normal-font-size\"><strong>2009 &#8211; 2011<\/strong><\/p>\n\n\n\n<p class=\"has-verd-tropic-color has-text-color has-link-color has-normal-font-size wp-elements-82e298c1a867e7f98cfd0d2d501644f7\"><strong><a href=\"https:\/\/portalrecerca.uab.cat\/ca\/projects\/la-justicia-en-la-am%C3%A9rica-colonial-textos-e-historia-jac-5\/\">JAC. La justicia en la Am\u00e9rica colonial: textos e historia<br><\/a><\/strong><\/p>\n\n\n\n<p class=\"has-normal-font-size\"><strong>2005 &#8211; 2008<\/strong><\/p>\n\n\n\n<p class=\"has-verd-tropic-color has-text-color has-link-color has-normal-font-size wp-elements-0f151e1481fd72481fe5ec5c24c2ad65\"><a href=\"https:\/\/portalrecerca.uab.cat\/ca\/projects\/edici%C3%B3-i-estudi-dalgunes-cr%C3%B2niques-d%C3%ADndies-dels-segles-xvi-i-xvii-4\/\"><strong>Edici\u00f3 i estudi d&#8217;algunes cr\u00f2niques d&#8217;\u00cdndies dels segles XVI i XVII<br><\/strong><\/a><\/p>\n","protected":false},"excerpt":{"rendered":"<p>2021 &#8211; 2025 HUMIBER. Humanismos ib\u00e9ricos. Circulaci\u00f3n de textos, g\u00e9neros y discursos de poder en la Monarqu\u00eda Cat\u00f3lica (siglos XVI-XVIII) 2018 &#8211; 2021 Tradici\u00f3n y originalidad en la cultura human\u00edstica de Indias. G\u00e9neros, paratextos y traducciones en el mundo atl\u00e1ntico (siglos XVI-XVII) 2015 &#8211; 2019 Fronteras culturales en el Mundo Hisp\u00e1nico, siglos XVI-XVII. Entre ortodoxias [&hellip;]<\/p>\n","protected":false},"author":33,"featured_media":0,"parent":0,"menu_order":0,"comment_status":"closed","ping_status":"closed","template":"","meta":{"footnotes":""},"class_list":["post-440","page","type-page","status-publish","hentry"],"_links":{"self":[{"href":"https:\/\/webs.uab.cat\/ceac\/wp-json\/wp\/v2\/pages\/440","targetHints":{"allow":["GET"]}}],"collection":[{"href":"https:\/\/webs.uab.cat\/ceac\/wp-json\/wp\/v2\/pages"}],"about":[{"href":"https:\/\/webs.uab.cat\/ceac\/wp-json\/wp\/v2\/types\/page"}],"author":[{"embeddable":true,"href":"https:\/\/webs.uab.cat\/ceac\/wp-json\/wp\/v2\/users\/33"}],"replies":[{"embeddable":true,"href":"https:\/\/webs.uab.cat\/ceac\/wp-json\/wp\/v2\/comments?post=440"}],"version-history":[{"count":13,"href":"https:\/\/webs.uab.cat\/ceac\/wp-json\/wp\/v2\/pages\/440\/revisions"}],"predecessor-version":[{"id":707,"href":"https:\/\/webs.uab.cat\/ceac\/wp-json\/wp\/v2\/pages\/440\/revisions\/707"}],"wp:attachment":[{"href":"https:\/\/webs.uab.cat\/ceac\/wp-json\/wp\/v2\/media?parent=440"}],"curies":[{"name":"wp","href":"https:\/\/api.w.org\/{rel}","templated":true}]}}