{"id":462,"date":"2023-12-02T08:09:07","date_gmt":"2023-12-02T08:09:07","guid":{"rendered":"https:\/\/webs.uab.cat\/ceac\/?page_id=462"},"modified":"2024-12-16T06:29:00","modified_gmt":"2024-12-16T05:29:00","slug":"consejo-editor","status":"publish","type":"page","link":"https:\/\/webs.uab.cat\/ceac\/consejo-editor\/","title":{"rendered":"Consejo editor"},"content":{"rendered":"\n<p class=\"has-verd-tropic-color has-text-color has-normal-font-size\"><strong>Consejo editor<\/strong><\/p>\n\n\n\n<p><em>Directores<\/em>: Bernat Hern\u00e1ndez (Universitat Aut\u00f2noma de Barcelona), Guillermo Ser\u00e9s (Universitat Aut\u00f2noma de Barcelona) y Mercedes Serna (Universitat de Barcelona)<\/p>\n\n\n\n<p><em>Vocales<\/em>: Bernat Castany (Universitat Aut\u00f2noma de Barcelona), Joan Curbet (Universitat Aut\u00f2noma de Barcelona), Carme Font (Universitat Aut\u00f2noma de Barcelona), Eva Lafuente (Sorbonne Nouvelle) y Miguel Anxo Pena (Universidad Pontificia de Salamanca)<\/p>\n\n\n\n<p><em>Consejo Asesor<\/em>: Ignacio Arellano (Universidad de Navarra), Trinidad Barrera (Universidad de Sevilla), Paul Firbas (Stony Brook University), Ricardo Garc\u00eda C\u00e1rcel (Universitat Aut\u00f2noma de Barcelona), Jacques Joset (Universit\u00e9 de Li\u00e8ge), Antonio Lorente (Universidad Nacional de Educaci\u00f3n a Distancia), Ra\u00fal Marrero-Fente (University of Minnesota), Carmen de Mora (Universidad de Sevilla), Consuelo Varela (Escuela de Estudios Hispanoamericanos)<\/p>\n\n\n\n<p><em>Proceso de revisi\u00f3n<\/em>: Los originales recibidos deben superar para su publicaci\u00f3n un proceso de evaluaci\u00f3n mediante sistema de doble ciego.<\/p>\n","protected":false},"excerpt":{"rendered":"<p>Consejo editor Directores: Bernat Hern\u00e1ndez (Universitat Aut\u00f2noma de Barcelona), Guillermo Ser\u00e9s (Universitat Aut\u00f2noma de Barcelona) y Mercedes Serna (Universitat de Barcelona) Vocales: Bernat Castany (Universitat Aut\u00f2noma de Barcelona), Joan Curbet (Universitat Aut\u00f2noma de Barcelona), Carme Font (Universitat Aut\u00f2noma de Barcelona), Eva Lafuente (Sorbonne Nouvelle) y Miguel Anxo Pena (Universidad Pontificia de Salamanca) Consejo Asesor: Ignacio [&hellip;]<\/p>\n","protected":false},"author":33,"featured_media":0,"parent":0,"menu_order":0,"comment_status":"closed","ping_status":"closed","template":"","meta":{"footnotes":""},"class_list":["post-462","page","type-page","status-publish","hentry"],"_links":{"self":[{"href":"https:\/\/webs.uab.cat\/ceac\/wp-json\/wp\/v2\/pages\/462","targetHints":{"allow":["GET"]}}],"collection":[{"href":"https:\/\/webs.uab.cat\/ceac\/wp-json\/wp\/v2\/pages"}],"about":[{"href":"https:\/\/webs.uab.cat\/ceac\/wp-json\/wp\/v2\/types\/page"}],"author":[{"embeddable":true,"href":"https:\/\/webs.uab.cat\/ceac\/wp-json\/wp\/v2\/users\/33"}],"replies":[{"embeddable":true,"href":"https:\/\/webs.uab.cat\/ceac\/wp-json\/wp\/v2\/comments?post=462"}],"version-history":[{"count":3,"href":"https:\/\/webs.uab.cat\/ceac\/wp-json\/wp\/v2\/pages\/462\/revisions"}],"predecessor-version":[{"id":514,"href":"https:\/\/webs.uab.cat\/ceac\/wp-json\/wp\/v2\/pages\/462\/revisions\/514"}],"wp:attachment":[{"href":"https:\/\/webs.uab.cat\/ceac\/wp-json\/wp\/v2\/media?parent=462"}],"curies":[{"name":"wp","href":"https:\/\/api.w.org\/{rel}","templated":true}]}}