{"id":49,"date":"2016-01-19T13:43:45","date_gmt":"2016-01-19T13:43:45","guid":{"rendered":"https:\/\/webs.uab.cat\/ceac\/pagina\/"},"modified":"2025-01-28T07:28:49","modified_gmt":"2025-01-28T06:28:49","slug":"pagina","status":"publish","type":"page","link":"https:\/\/webs.uab.cat\/ceac\/","title":{"rendered":"PRESENTACION"},"content":{"rendered":"\n<div class=\"wp-block-group\"><div class=\"wp-block-group__inner-container is-layout-constrained wp-block-group-is-layout-constrained\"><\/div><\/div>\n\n\n\n<p class=\"has-drop-cap has-text-align-left\">El Centro de Estudios de la Am\u00e9rica Colonial (CEAC) tiene como n\u00facleo los miembros de un grupo de investigaci\u00f3n con sede en la Universitat Aut\u00f2noma de Barcelona, compuesto por investigadores de esa universidad (Departamentos de Filolog\u00eda Espa\u00f1ola, Filolog\u00eda Francesa y Rom\u00e1nica, Filolog\u00eda Inglesa y German\u00edstica e Historia Moderna y Contempor\u00e1nea) y de la Universitat de Barcelona, acompa\u00f1ados por otros estudiosos de centros espa\u00f1oles y extranjeros. Lleva m\u00e1s de diez a\u00f1os dedicando su trabajo al conocimiento de\u00a0los mundos ib\u00e9ricos durante los siglos modernos desde una perspectiva interdisciplinaria, mediante la edici\u00f3n de textos cl\u00e1sicos, el estudio filol\u00f3gico de\u00a0obras y el an\u00e1lisis de su contexto hist\u00f3rico.<br><br>Esta p\u00e1gina web re\u00fane la informaci\u00f3n sobre su historial y sus actividades.<\/p>\n","protected":false},"excerpt":{"rendered":"<p>El Centro de Estudios de la Am\u00e9rica Colonial (CEAC) tiene como n\u00facleo los miembros de un grupo de investigaci\u00f3n con sede en la Universitat Aut\u00f2noma de Barcelona, compuesto por investigadores de esa universidad (Departamentos de Filolog\u00eda Espa\u00f1ola, Filolog\u00eda Francesa y Rom\u00e1nica, Filolog\u00eda Inglesa y German\u00edstica e Historia Moderna y Contempor\u00e1nea) y de la Universitat de [&hellip;]<\/p>\n","protected":false},"author":20,"featured_media":0,"parent":0,"menu_order":0,"comment_status":"closed","ping_status":"closed","template":"index.php","meta":{"footnotes":""},"class_list":["post-49","page","type-page","status-publish","hentry"],"_links":{"self":[{"href":"https:\/\/webs.uab.cat\/ceac\/wp-json\/wp\/v2\/pages\/49","targetHints":{"allow":["GET"]}}],"collection":[{"href":"https:\/\/webs.uab.cat\/ceac\/wp-json\/wp\/v2\/pages"}],"about":[{"href":"https:\/\/webs.uab.cat\/ceac\/wp-json\/wp\/v2\/types\/page"}],"author":[{"embeddable":true,"href":"https:\/\/webs.uab.cat\/ceac\/wp-json\/wp\/v2\/users\/20"}],"replies":[{"embeddable":true,"href":"https:\/\/webs.uab.cat\/ceac\/wp-json\/wp\/v2\/comments?post=49"}],"version-history":[{"count":10,"href":"https:\/\/webs.uab.cat\/ceac\/wp-json\/wp\/v2\/pages\/49\/revisions"}],"predecessor-version":[{"id":534,"href":"https:\/\/webs.uab.cat\/ceac\/wp-json\/wp\/v2\/pages\/49\/revisions\/534"}],"wp:attachment":[{"href":"https:\/\/webs.uab.cat\/ceac\/wp-json\/wp\/v2\/media?parent=49"}],"curies":[{"name":"wp","href":"https:\/\/api.w.org\/{rel}","templated":true}]}}