{"id":80,"date":"2016-04-26T14:53:56","date_gmt":"2016-04-26T14:53:56","guid":{"rendered":"https:\/\/webs.uab.cat\/ceac\/publicaciones\/"},"modified":"2023-12-02T08:27:40","modified_gmt":"2023-12-02T08:27:40","slug":"publicaciones","status":"publish","type":"page","link":"https:\/\/webs.uab.cat\/ceac\/publicaciones\/","title":{"rendered":"Publicaciones"},"content":{"rendered":"<h2 class=\"rteindent4\">&nbsp;<\/h2>\n\n\n<p class=\"has-drop-cap\">El CEAC publica una colecci\u00f3n de monograf\u00edas cient\u00edficas. Desde 2016 publica con periodicidad anual la revista <em>Nuevas de Indias<\/em>.<\/p>\n\n\n\n<p><\/p>\n","protected":false},"excerpt":{"rendered":"<p>&nbsp; El CEAC publica una colecci\u00f3n de monograf\u00edas cient\u00edficas. Desde 2016 publica con periodicidad anual la revista Nuevas de Indias.<\/p>\n","protected":false},"author":20,"featured_media":0,"parent":0,"menu_order":0,"comment_status":"closed","ping_status":"closed","template":"","meta":{"footnotes":""},"class_list":["post-80","page","type-page","status-publish","hentry"],"_links":{"self":[{"href":"https:\/\/webs.uab.cat\/ceac\/wp-json\/wp\/v2\/pages\/80","targetHints":{"allow":["GET"]}}],"collection":[{"href":"https:\/\/webs.uab.cat\/ceac\/wp-json\/wp\/v2\/pages"}],"about":[{"href":"https:\/\/webs.uab.cat\/ceac\/wp-json\/wp\/v2\/types\/page"}],"author":[{"embeddable":true,"href":"https:\/\/webs.uab.cat\/ceac\/wp-json\/wp\/v2\/users\/20"}],"replies":[{"embeddable":true,"href":"https:\/\/webs.uab.cat\/ceac\/wp-json\/wp\/v2\/comments?post=80"}],"version-history":[{"count":5,"href":"https:\/\/webs.uab.cat\/ceac\/wp-json\/wp\/v2\/pages\/80\/revisions"}],"predecessor-version":[{"id":473,"href":"https:\/\/webs.uab.cat\/ceac\/wp-json\/wp\/v2\/pages\/80\/revisions\/473"}],"wp:attachment":[{"href":"https:\/\/webs.uab.cat\/ceac\/wp-json\/wp\/v2\/media?parent=80"}],"curies":[{"name":"wp","href":"https:\/\/api.w.org\/{rel}","templated":true}]}}