{"id":87,"date":"2020-07-14T08:29:53","date_gmt":"2020-07-14T08:29:53","guid":{"rendered":"https:\/\/webs.uab.cat\/ceac\/nova\/"},"modified":"2026-03-15T08:41:43","modified_gmt":"2026-03-15T07:41:43","slug":"novedades","status":"publish","type":"page","link":"https:\/\/webs.uab.cat\/ceac\/novedades\/","title":{"rendered":"ACTIVIDADES"},"content":{"rendered":"\n<p class=\"has-text-align-center has-accent-color has-text-color has-larger-font-size\" style=\"letter-spacing:9px\"><strong><a href=\"#2025\">2025<\/a><\/strong> \u2766 <strong><a href=\"#2024\">2024<\/a> \u2766 <a href=\"#2023\">2023<\/a> \u2766 <a href=\"#2022\">2022<\/a> \u2766 <a href=\"#2019\">2019<\/a> \u2766 <a href=\"#2018\">2018<\/a> \u2766 <a href=\"#2017\">2017<\/a> \u2766 <a href=\"#2016\">2016<\/a> \u2766 <a href=\"#2014\">2014<\/a> \u2766 <a href=\"#2012\">2012<\/a> \u2766 <a href=\"#2010\">2010<\/a><\/strong><\/p>\n\n\n\n<p class=\"has-normal-font-size\"><\/p>\n\n\n\n<p class=\"has-text-align-center has-verd-tropic-color has-text-color has-link-color has-larger-font-size wp-elements-9fc63b549ad2472ea392cc6f87e52897\" id=\"2025\"><strong>2025<\/strong><\/p>\n\n\n\n<p class=\"has-normal-font-size\"><a href=\"https:\/\/webs.uab.cat\/ceac\/wp-content\/uploads\/sites\/152\/2026\/03\/Programa-Nuevas-tendencias-III-2025.pdf\"><strong>Nuevas tendencias historiogr\u00e1ficas para el estudio de las \u00f3rdenes religiosas<\/strong> <strong>(III<\/strong><\/a>) | Ateneu Universitari Sant Paci\u00e0 &#8211; Universitat Aut\u00f2noma de Barcelona | Barcelona | 25 de noviembre de 2025.<\/p>\n\n\n\n<p class=\"has-text-align-center has-verd-tropic-color has-text-color has-link-color has-larger-font-size wp-elements-9fc5a15813f963c9933a58fa519660dd\" id=\"2024\"><strong>2024<\/strong><\/p>\n\n\n\n<p class=\"has-normal-font-size\"><strong><a href=\"https:\/\/dfe.uab.cat\/presentacion-del-cd-romances-del-amor-y-de-la-muerte\/\">Romances del amor y de la muerte<\/a><\/strong> <strong>(Brasil Opus Musica)<\/strong> | Jornada en torno al CD elaborado por Antoni Rossell | Universitat Aut\u00f2noma de Barcelona | Barcelona | 10 de diciembre de 2024.<\/p>\n\n\n\n<p class=\"has-normal-font-size\"><a href=\"https:\/\/webs.uab.cat\/ceac\/wp-content\/uploads\/sites\/152\/2024\/12\/Seminario_27_noviembre_2024.pdf\"><strong>Nuevas tendencias historiogr\u00e1ficas para el estudio de las \u00f3rdenes religiosas<\/strong> <strong>(II)<\/strong><\/a> | Ateneu Universitari Sant Paci\u00e0 &#8211; Universitat Aut\u00f2noma de Barcelona | Barcelona | 27 de noviembre de 2024.<\/p>\n\n\n\n<p class=\"has-text-align-center has-verd-tropic-color has-text-color has-link-color has-larger-font-size wp-elements-2747570e930e33b009b65d891b84164a\" id=\"2023\"><strong>2023<\/strong><\/p>\n\n\n\n<p class=\"has-normal-font-size\"><a href=\"https:\/\/webs.uab.cat\/grehc\/wp-content\/uploads\/sites\/36\/2024\/12\/Seminario_AUSP-IHPHOP-UAB42-1.pdf\"><strong>Nuevas tendencias historiogr\u00e1ficas para el estudio de las \u00f3rdenes religiosas<\/strong> <strong>(I)<\/strong><\/a> | Ateneu Universitari Sant Paci\u00e0 &#8211; Universitat Aut\u00f2noma de Barcelona | Barcelona | 14 de diciembre de 2023<\/p>\n\n\n\n<p class=\"has-verd-tropic-color has-text-color has-link-color has-normal-font-size wp-elements-f764c05e4cb77d0f888724edd8cc25ed\"><strong><a href=\"https:\/\/webs.uab.cat\/ceac\/wp-content\/uploads\/sites\/152\/2026\/03\/Humanismo-global_modif.pdf\" target=\"_blank\" rel=\"noreferrer noopener\">El origen del humanismo global, siglos XVI-XVIII<\/a><\/strong> | Universitat Aut\u00f2noma de Barcelona &#8211; Universitat de Barcelona | Barcelona | 13 &#8211; 14 de abril de 2023<\/p>\n\n\n\n<p class=\"has-text-align-center has-verd-tropic-color has-text-color has-link-color has-larger-font-size wp-elements-8b6f9f287f443e6fa07d783b85f3f735\" id=\"2022\"><strong>2022<\/strong><\/p>\n\n\n\n<p class=\"has-accent-color has-text-color has-normal-font-size\"><strong><a rel=\"noreferrer noopener\" href=\"https:\/\/webs.uab.cat\/ceac\/wp-content\/uploads\/sites\/152\/2022\/12\/Di\u0301ptico-Humanismos-y-culturas-DEF-1.pdf\" data-type=\"URL\" data-id=\"https:\/\/webs.uab.cat\/ceac\/wp-content\/uploads\/sites\/152\/2022\/12\/Di\u0301ptico-Humanismos-y-culturas-DEF-1.pdf\" target=\"_blank\">Humanismos y culturas en el mundo iberoamericano, siglos XVI-XVIII<\/a><\/strong> | Universitat Aut\u00f2noma de Barcelona &#8211; Universidad Aut\u00f2noma de Madrid | Madrid | 15 &#8211; 16 de diciembre de 2022<\/p>\n\n\n\n<p class=\"has-text-align-left has-accent-color has-text-color has-normal-font-size\"><strong><a href=\"https:\/\/webs.uab.cat\/ceac\/wp-content\/uploads\/sites\/152\/2026\/03\/Cartel-Iberoasia-castellano_modif.pdf\" target=\"_blank\" rel=\"noreferrer noopener\">En torno a 1622. Iberoasia y Propaganda Fide<\/a><\/strong> | Universitat Aut\u00f2noma de Barcelona | Bellaterra | 18 de noviembre de 2022<\/p>\n\n\n\n<p class=\"has-text-align-center has-verd-tropic-color has-text-color has-link-color has-larger-font-size wp-elements-bdf7ca1be07fe4af05e1fcf33000f1ac\" id=\"2019\"><strong>2019<\/strong><\/p>\n\n\n\n<p class=\"has-text-align-left has-accent-color has-text-color has-normal-font-size\"><strong><a rel=\"noreferrer noopener\" href=\"https:\/\/webs.uab.cat\/ceac\/wp-content\/uploads\/sites\/152\/2022\/11\/Cartel-Transoce\u0301anos.pdf\" target=\"_blank\">Transoc\u00e9anos. Culturas y mundos ib\u00e9ricos en los siglos XVI a XVIII<\/a> <\/strong>|<strong> <\/strong>Universitat Aut\u00f2noma de Barcelona &#8211; Universitat de Barcelona | Barcelona | 2019<\/p>\n\n\n\n<p class=\"has-text-align-center has-verd-tropic-color has-text-color has-link-color has-larger-font-size wp-elements-d114b776ee15dcd89752a5970a2593cd\" id=\"2016\"><strong>2016<\/strong><\/p>\n\n\n\n<p class=\"has-text-align-left has-accent-color has-text-color has-normal-font-size\"><strong><a href=\"https:\/\/webs.uab.cat\/ceac\/wp-content\/uploads\/sites\/152\/2022\/11\/Cartel-Salas-2016.pdf\" target=\"_blank\" rel=\"noreferrer noopener\">Viajeros, cr\u00f3nicas de Indias y \u00e9pica coloni<\/a>al<\/strong> | Fundaci\u00f3n Vald\u00e9s-Salas &#8211; Universitat Aut\u00f2noma de Barcelona &#8211; Universidad de Navarra | Salas | 2016<\/p>\n\n\n\n<p class=\"has-text-align-left has-accent-color has-text-color has-normal-font-size\"><strong><a rel=\"noreferrer noopener\" href=\"https:\/\/webs.uab.cat\/ceac\/wp-content\/uploads\/sites\/152\/2022\/11\/Cartel-Saberes-y-ensen\u0303anzas.pdf\" target=\"_blank\">Saberes y ense\u00f1anzas en la Am\u00e9rica colonial<\/a><\/strong>  |<strong> <\/strong>Universitat Aut\u00f2noma de Barcelona &#8211; Universitat de Barcelona | Barcelona | 2016<\/p>\n\n\n\n<p class=\"has-text-align-center has-verd-tropic-color has-text-color has-link-color has-larger-font-size wp-elements-a900b150f3232a7f7866a9c3fb9e2140\" id=\"2014\"><strong>2014<\/strong><\/p>\n\n\n\n<p class=\"has-text-align-left has-accent-color has-text-color has-normal-font-size\"><a rel=\"noreferrer noopener\" href=\"https:\/\/webs.uab.cat\/ceac\/wp-content\/uploads\/sites\/152\/2022\/11\/Cartel-Centauro-para-imprimir.pdf\" target=\"_blank\"><strong>La tradici\u00f3n cl\u00e1sica en la Am\u00e9rica de los siglos XVI y XVII<\/strong> <\/a>| Fundaci\u00f3n  Juan March &#8211; Universitat Aut\u00f2noma de Barcelona | Madrid | 2014<\/p>\n\n\n\n<p class=\"has-text-align-center has-verd-tropic-color has-text-color has-link-color has-larger-font-size wp-elements-c43c39a9d75f4ae5d05759c0864c1f08\" id=\"2012\"><strong>2012<\/strong><\/p>\n\n\n\n<p class=\"has-text-align-left has-accent-color has-text-color has-normal-font-size\"><a rel=\"noreferrer noopener\" href=\"https:\/\/webs.uab.cat\/ceac\/wp-content\/uploads\/sites\/152\/2022\/11\/Trujillo_2012_cartel-pdf.pdf\" target=\"_blank\"><strong>Hombres de a pie y de a caballo: conquistadores, descubridores, misioneros<\/strong> <\/a>| Fundaci\u00f3n Obra P\u00eda de los Pizarro &#8211; Universitat Aut\u00f2noma de Barcelona &#8211; Universidad de Navarra | Trujillo | 2012 <\/p>\n\n\n\n<p class=\"has-text-align-center has-verd-tropic-color has-text-color has-link-color has-larger-font-size wp-elements-71d8d299318f30aad88d910955f4b544\" id=\"2010\"><strong>2010<\/strong><\/p>\n\n\n\n<p class=\"has-text-align-left has-accent-color has-text-color has-normal-font-size\"><strong><a href=\"https:\/\/webs.uab.cat\/ceac\/wp-content\/uploads\/sites\/152\/2022\/11\/Cartel-Colonia-Independencia.jpg\">De la colonia a la independencia<\/a><\/strong> |<strong> <\/strong>Universitat Aut\u00f2noma de Barcelona &#8211; Universitat de Barcelona | Barcelona | 2010<\/p>\n\n\n\n<p><\/p>\n","protected":false},"excerpt":{"rendered":"<p>2025 \u2766 2024 \u2766 2023 \u2766 2022 \u2766 2019 \u2766 2018 \u2766 2017 \u2766 2016 \u2766 2014 \u2766 2012 \u2766 2010 2025 Nuevas tendencias historiogr\u00e1ficas para el estudio de las \u00f3rdenes religiosas (III) | Ateneu Universitari Sant Paci\u00e0 &#8211; Universitat Aut\u00f2noma de Barcelona | Barcelona | 25 de noviembre de 2025. 2024 Romances del amor [&hellip;]<\/p>\n","protected":false},"author":20,"featured_media":0,"parent":0,"menu_order":0,"comment_status":"closed","ping_status":"closed","template":"","meta":{"footnotes":""},"class_list":["post-87","page","type-page","status-publish","hentry"],"_links":{"self":[{"href":"https:\/\/webs.uab.cat\/ceac\/wp-json\/wp\/v2\/pages\/87","targetHints":{"allow":["GET"]}}],"collection":[{"href":"https:\/\/webs.uab.cat\/ceac\/wp-json\/wp\/v2\/pages"}],"about":[{"href":"https:\/\/webs.uab.cat\/ceac\/wp-json\/wp\/v2\/types\/page"}],"author":[{"embeddable":true,"href":"https:\/\/webs.uab.cat\/ceac\/wp-json\/wp\/v2\/users\/20"}],"replies":[{"embeddable":true,"href":"https:\/\/webs.uab.cat\/ceac\/wp-json\/wp\/v2\/comments?post=87"}],"version-history":[{"count":40,"href":"https:\/\/webs.uab.cat\/ceac\/wp-json\/wp\/v2\/pages\/87\/revisions"}],"predecessor-version":[{"id":686,"href":"https:\/\/webs.uab.cat\/ceac\/wp-json\/wp\/v2\/pages\/87\/revisions\/686"}],"wp:attachment":[{"href":"https:\/\/webs.uab.cat\/ceac\/wp-json\/wp\/v2\/media?parent=87"}],"curies":[{"name":"wp","href":"https:\/\/api.w.org\/{rel}","templated":true}]}}