{"id":1474,"date":"2013-05-08T17:57:08","date_gmt":"2013-05-08T17:57:08","guid":{"rendered":"https:\/\/webs.uab.cat\/cedid\/el-centro\/"},"modified":"2023-01-17T10:12:00","modified_gmt":"2023-01-17T10:12:00","slug":"el-centro","status":"publish","type":"page","link":"https:\/\/webs.uab.cat\/cedid\/es\/el-centro\/","title":{"rendered":"El Centro"},"content":{"rendered":"\n<div class=\"wp-block-cover alignfull wp-duotone-rgba515151097-rgb1822222-1\" style=\"min-height:800px;aspect-ratio:unset;\"><span aria-hidden=\"true\" class=\"wp-block-cover__background has-background-dim-100 has-background-dim\" style=\"background-color:#b61616\"><\/span><div class=\"wp-block-cover__inner-container is-layout-flow wp-block-cover-is-layout-flow\">\n<div class=\"wp-block-columns alignwide is-layout-flex wp-container-core-columns-is-layout-9d6595d7 wp-block-columns-is-layout-flex\">\n<div class=\"wp-block-column is-layout-flow wp-block-column-is-layout-flow\" style=\"flex-basis:55%\">\n<p class=\"has-background-color has-text-color\">El Centro de Estudios sobre Dictaduras y Democracias (CEDID) es un Centro de Estudio e Investigaci\u00f3n de la UAB formado por m\u00e1s de un centenar de investigadoras e investigadores de diferentes disciplinas \u2013historia, filolog\u00eda, politolog\u00eda, comunicaci\u00f3n, sociolog\u00eda, econom\u00eda, derecho\u2013, la mayor\u00eda de los cuales est\u00e1n adscritos a diversos departamentos o grupos de investigaci\u00f3n de la UAB, aunque tambi\u00e9n forman parte de \u00e9l profesores y investigadores de otras universidades catalanas y de otros territorios.&nbsp; Constituido en 2001 con el nombre de Centro de Estudios sobre las \u00c9pocas Franquista y Democr\u00e1tica (CEFID), su car\u00e1cter interdisciplinar permiti\u00f3 reunir en un \u00fanico centro una parte muy destacada de la investigaci\u00f3n desarrollada en Catalu\u00f1a sobre aquel per\u00edodo hist\u00f3rico. Con el paso de los a\u00f1os, las l\u00edneas de trabajo cient\u00edfico impulsadas desde el centro experimentaron una progresiva ampliaci\u00f3n tem\u00e1tica y cronol\u00f3gica y adquirieron una creciente dimensi\u00f3n internacional, con particular atenci\u00f3n a procesos hist\u00f3ricos comparables acaecidos en otros pa\u00edses de Europa y Am\u00e9rica Latina. Este ensanchamiento sustancial de los \u00e1mbitos de investigaci\u00f3n del centro se reflej\u00f3 en 2017 con la adopci\u00f3n de su actual nombre.<\/p>\n<\/div>\n\n\n\n<div class=\"wp-block-column is-layout-flow wp-block-column-is-layout-flow\">\n<p class=\"has-background-color has-text-color\">En el CEDID est\u00e1n integrados el Grup de Recerca sobre Dictadures i Democr\u00e0cies -GReDD (antes GREF)-, el Grupo de Estudios del Exilio Literario \u2013GEXEL\u2013 y el Grup de Recerca en Hist\u00f2ria Actual \u2013GReHA\u2013, adem\u00e1s de numerosos investigadores que encabezan otros grupos o forman parte de ellos, o bien desarrollan su tarea de manera individual. Por otra parte, el CEDID tiene relaciones de colaboraci\u00f3n permanente con el Servei d\u2019Informaci\u00f3 Bibliogr\u00e0fica i de Documentaci\u00f3 d&#8217;Hist\u00f2ria, Llengua, Literatura i Art de Catalunya \u2013Sibhil\u00b7la\u2013 y el Centre Documental de la Comunicaci\u00f3 \u2013CEDOC\u2013, ambos de la UAB.<\/p>\n<\/div>\n<\/div>\n<\/div><\/div>\n\n\n\n<p><\/p>\n\n\n\n<p><\/p>\n","protected":false},"excerpt":{"rendered":"","protected":false},"author":20,"featured_media":0,"parent":0,"menu_order":0,"comment_status":"closed","ping_status":"closed","template":"index.php","meta":{"footnotes":""},"class_list":["post-1474","page","type-page","status-publish","hentry"],"_links":{"self":[{"href":"https:\/\/webs.uab.cat\/cedid\/es\/wp-json\/wp\/v2\/pages\/1474","targetHints":{"allow":["GET"]}}],"collection":[{"href":"https:\/\/webs.uab.cat\/cedid\/es\/wp-json\/wp\/v2\/pages"}],"about":[{"href":"https:\/\/webs.uab.cat\/cedid\/es\/wp-json\/wp\/v2\/types\/page"}],"author":[{"embeddable":true,"href":"https:\/\/webs.uab.cat\/cedid\/es\/wp-json\/wp\/v2\/users\/20"}],"replies":[{"embeddable":true,"href":"https:\/\/webs.uab.cat\/cedid\/es\/wp-json\/wp\/v2\/comments?post=1474"}],"version-history":[{"count":7,"href":"https:\/\/webs.uab.cat\/cedid\/es\/wp-json\/wp\/v2\/pages\/1474\/revisions"}],"predecessor-version":[{"id":6396,"href":"https:\/\/webs.uab.cat\/cedid\/es\/wp-json\/wp\/v2\/pages\/1474\/revisions\/6396"}],"wp:attachment":[{"href":"https:\/\/webs.uab.cat\/cedid\/es\/wp-json\/wp\/v2\/media?parent=1474"}],"curies":[{"name":"wp","href":"https:\/\/api.w.org\/{rel}","templated":true}]}}