{"id":1476,"date":"2013-05-10T15:20:59","date_gmt":"2013-05-10T15:20:59","guid":{"rendered":"https:\/\/webs.uab.cat\/cedid\/formacion-0\/"},"modified":"2022-08-10T12:22:19","modified_gmt":"2022-08-10T12:22:19","slug":"formacion-0","status":"publish","type":"page","link":"https:\/\/webs.uab.cat\/cedid\/es\/formacion-0\/","title":{"rendered":"Formaci\u00f3n"},"content":{"rendered":"\n<p><a href=\"https:\/\/webs.uab.cat\/cedid\/es\/tesis-doctorales\/\" data-type=\"page\" data-id=\"412\">Tesis doctorales<\/a><\/p>\n\n\n\n<p><a href=\"https:\/\/webs.uab.cat\/cedid\/es\/jornades-dactualitzacio-cientifica-i-didactica-2\/\" data-type=\"page\" data-id=\"1679\">Jornades d&#8217;Actualizaci\u00f3 Cient\u00edfica i Did\u00e0ctica<\/a><\/p>\n\n\n\n<p><a href=\"https:\/\/webs.uab.cat\/cedid\/es\/programa-argo-2\/\" data-type=\"page\" data-id=\"1703\">Programa Arg\u00f3<\/a><\/p>\n","protected":false},"excerpt":{"rendered":"<p>Tesis doctorales Jornades d&#8217;Actualizaci\u00f3 Cient\u00edfica i Did\u00e0ctica Programa Arg\u00f3<\/p>\n","protected":false},"author":20,"featured_media":0,"parent":0,"menu_order":0,"comment_status":"closed","ping_status":"closed","template":"","meta":{"footnotes":""},"class_list":["post-1476","page","type-page","status-publish","hentry"],"_links":{"self":[{"href":"https:\/\/webs.uab.cat\/cedid\/es\/wp-json\/wp\/v2\/pages\/1476","targetHints":{"allow":["GET"]}}],"collection":[{"href":"https:\/\/webs.uab.cat\/cedid\/es\/wp-json\/wp\/v2\/pages"}],"about":[{"href":"https:\/\/webs.uab.cat\/cedid\/es\/wp-json\/wp\/v2\/types\/page"}],"author":[{"embeddable":true,"href":"https:\/\/webs.uab.cat\/cedid\/es\/wp-json\/wp\/v2\/users\/20"}],"replies":[{"embeddable":true,"href":"https:\/\/webs.uab.cat\/cedid\/es\/wp-json\/wp\/v2\/comments?post=1476"}],"version-history":[{"count":1,"href":"https:\/\/webs.uab.cat\/cedid\/es\/wp-json\/wp\/v2\/pages\/1476\/revisions"}],"predecessor-version":[{"id":2920,"href":"https:\/\/webs.uab.cat\/cedid\/es\/wp-json\/wp\/v2\/pages\/1476\/revisions\/2920"}],"wp:attachment":[{"href":"https:\/\/webs.uab.cat\/cedid\/es\/wp-json\/wp\/v2\/media?parent=1476"}],"curies":[{"name":"wp","href":"https:\/\/api.w.org\/{rel}","templated":true}]}}