{"id":1478,"date":"2013-05-14T16:52:48","date_gmt":"2013-05-14T16:52:48","guid":{"rendered":"https:\/\/webs.uab.cat\/cedid\/archivo-de-fuentes-orales\/"},"modified":"2013-05-14T16:52:48","modified_gmt":"2013-05-14T16:52:48","slug":"archivo-de-fuentes-orales","status":"publish","type":"page","link":"https:\/\/webs.uab.cat\/cedid\/es\/archivo-de-fuentes-orales\/","title":{"rendered":"Archivo de fuentes orales"},"content":{"rendered":"<p align=\"justify\">El proyecto \u00ab<strong>Memoria de un movimiento: los estudiantes catalanes contra Franco<\/strong>\u00ab, financiado por la convocatoria AREM de la Agencia de Gesti\u00f3n y de Ayudas Universitarias y de Investigaci\u00f3n (AGAUR) y desarrollado entre enero y diciembre del 2006, tuvo como finalidad la articulaci\u00f3n de un fondo de fuentes orales que permitiese recuperar, fijar, preservar, investigar y difundir la memoria hist\u00f3rica del movimiento estudiantil bajo el franquismo en Catalu\u00f1a. Hasta el momento, ninguna instituci\u00f3n, centro de investigaci\u00f3n o universidad hab\u00eda articulado un fondo propio de entrevistas biogr\u00e1ficas sobre aquel movimiento. Esto no ha hecho sino agravar las dificultades de preservaci\u00f3n de la memoria derivadas de las mismas caracter\u00edsticas del movimiento, marcado por una cierta discontinuidad hist\u00f3rica y militante y por la renovaci\u00f3n constante de sus integrantes. De esta manera, la experiencia de uno de los fen\u00f3menos hist\u00f3ricos para comprender la llegada de la democracia en nuestro pa\u00eds -por las fuertes movilizaciones que protagoniz\u00f3 y por el surgimiento en su seno de una nueva generaci\u00f3n de profesionales comprometidos con las libertades- se ha mantenido invisible en la construcci\u00f3n de una memoria democr\u00e1tica que dote de puntos de referencia a nuestra cultura c\u00edvica. El proyecto permiti\u00f3 iniciar un camino para abrir aquel vac\u00edo: se realizaron treinta entrevistas registradas en forma digital, a partir del m\u00e9todo de biograf\u00edas de vida. Las entrevistas abarcan los diversos tramos generacionales del movimiento, tratando de asegurar la m\u00e1xima representatividad desde el punto de vista cronol\u00f3gico y de la diversidad militante. Por otra parte, se intent\u00f3 dar la m\u00e1xima amplitud a la informaci\u00f3n aportada por las entrevistas, tanto por lo que hace a las trayectorias militantes como al an\u00e1lisis del desarrollo del mismo movimiento y la memoria que se tiene de \u00e9l hoy. El proyecto se desarroll\u00f3 entre enero y diciembre del 2006. Todas las entrevistas se realizaron en el \u00e1rea metropolitana de Barcelona.<\/p>\n<p>El proyecto \u00ab<strong>Construyendo la ciudad democr\u00e1tica: el movimiento vecinal durante el tardofranquismo y la transici\u00f3n (1964-1980)<\/strong>\u00ab, realizado durante los a\u00f1os 2008 y 2009 en el marco de un convenio entre el Departamento de Interior, Relaciones Institucionales y Participaci\u00f3n de la Generalitat de Catalunya, la Confederaci\u00f3n&nbsp; de Asociaciones Vecinales de Catalunya (CONFAVC) y la Universidad Aut\u00f3noma de Barcelona (UAB), se fundament\u00f3 en una amplia investigaci\u00f3n documental que fue acompa\u00f1ada en una similar tarea por lo que se refiere a la recogida de testimonios orales de antiguos militantes del movimiento vecinal catal\u00e1n. La motivaci\u00f3n para la creaci\u00f3n de este modesto pero relevante fondo de entrevistas -un total de veintis\u00e9is- fue la misma que gui\u00f3 la del proyecto abocado a la recuperaci\u00f3n, preservaci\u00f3n e investigaci\u00f3n de la memoria de los integrantes del movimiento estudiantil antifranquista. En este sentido, ya que la mayoria de estos registros corresponden a Barcelona y su \u00e1rea metropolitana -como no podr\u00eda ser de otra manera atendiendo a la preponderancia de esta zona en el conjunto del movimiento- se ha hecho un esfuerzo por tratar de hacer visibles y accesibles las voces de militantes de las demarcaciones de Girona, Tarragona y Lleida, as\u00ed como la presencia y la visi\u00f3n de algunas de las mujeres que participaron en la movilizaci\u00f3n vecinal. De la misma manera, tambi\u00e9n est\u00e1n presentes los testimonios de tres capellanes de barrio y de una asistente social, as\u00ed como de numerosos militantes de diversos partidos de izquierda y la extrema izquierda antifranquista, todos ellos representantes de n\u00facleos muy activos y claves en la configuraci\u00f3n, evoluci\u00f3n y extensi\u00f2n del movimiento vecinal.<\/p>\n","protected":false},"excerpt":{"rendered":"<p>El proyecto \u00abMemoria de un movimiento: los estudiantes catalanes contra Franco\u00ab, financiado por la convocatoria AREM de la Agencia de Gesti\u00f3n y de Ayudas Universitarias y de Investigaci\u00f3n (AGAUR) y desarrollado entre enero y diciembre del 2006, tuvo como finalidad la articulaci\u00f3n de un fondo de fuentes orales que permitiese recuperar, fijar, preservar, investigar y [&hellip;]<\/p>\n","protected":false},"author":20,"featured_media":0,"parent":0,"menu_order":0,"comment_status":"closed","ping_status":"closed","template":"","meta":{"footnotes":""},"class_list":["post-1478","page","type-page","status-publish","hentry"],"_links":{"self":[{"href":"https:\/\/webs.uab.cat\/cedid\/es\/wp-json\/wp\/v2\/pages\/1478","targetHints":{"allow":["GET"]}}],"collection":[{"href":"https:\/\/webs.uab.cat\/cedid\/es\/wp-json\/wp\/v2\/pages"}],"about":[{"href":"https:\/\/webs.uab.cat\/cedid\/es\/wp-json\/wp\/v2\/types\/page"}],"author":[{"embeddable":true,"href":"https:\/\/webs.uab.cat\/cedid\/es\/wp-json\/wp\/v2\/users\/20"}],"replies":[{"embeddable":true,"href":"https:\/\/webs.uab.cat\/cedid\/es\/wp-json\/wp\/v2\/comments?post=1478"}],"version-history":[{"count":0,"href":"https:\/\/webs.uab.cat\/cedid\/es\/wp-json\/wp\/v2\/pages\/1478\/revisions"}],"wp:attachment":[{"href":"https:\/\/webs.uab.cat\/cedid\/es\/wp-json\/wp\/v2\/media?parent=1478"}],"curies":[{"name":"wp","href":"https:\/\/api.w.org\/{rel}","templated":true}]}}