{"id":1491,"date":"2013-04-22T16:33:34","date_gmt":"2013-04-22T16:33:34","guid":{"rendered":"https:\/\/webs.uab.cat\/cedid\/gref-grup-de-recerca-sobre-lepoca-franquista\/"},"modified":"2023-02-14T10:11:44","modified_gmt":"2023-02-14T10:11:44","slug":"gref-grup-de-recerca-sobre-lepoca-franquista","status":"publish","type":"page","link":"https:\/\/webs.uab.cat\/cedid\/es\/gref-grup-de-recerca-sobre-lepoca-franquista\/","title":{"rendered":"GRUP DE RECERCA SOBRE DICTADURES I DEMOCR\u00c0CIES (GReDD)"},"content":{"rendered":"<p>El Grup de Recerca sobre Dictadures i Democr\u00e0cies (GReDD), formado en 1997 con el nombre de Grup de Recerca sobre l\u2019\u00c8poca Franquista (GREF), ha sido reconocido como Grupo de Investigaci\u00f3n Consolidado y financiado en sucesivas convocatorias de la Generalitat de Catalunya desde 2002, incluida la m\u00e1s reciente (referencia: 2021 SGR 00123). Despu\u00e9s de su fundaci\u00f3n, el grupo no tard\u00f3 en convertirse en uno de los principales puntos de referencia para los estudios de su \u00e1mbito, tanto en Catalunya como en el conjunto del Estado y tambi\u00e9n internacionalmente. M\u00e1s adelante, la diversificaci\u00f3n de proyectos de investigaci\u00f3n y la incorporaci\u00f3n de nuevos miembros fueron favoreciendo que se abrieran nuevas l\u00edneas de investigaci\u00f3n en un marco temporal, espacial y tem\u00e1tico cada vez m\u00e1s amplio. La constataci\u00f3n de esta realidad hizo recomendable, a principios de 2022, la adopci\u00f3n del nombre actual, aunque en ning\u00fan caso esto significa abandonar el anclaje en los intereses fundacionales del grupo.<\/p>\n<p>Forman parte del GReDD los profesores Francesc Vilanova (UAB, coordinador), Pau Casanellas (UAB), Xavier Dom\u00e8nech (UAB), Cristian Ferrer (UOC), Ol\u00edvia Gassol (UOC), Guillermo Garc\u00eda Crespo (UOC), Mart\u00ed Mar\u00edn (UAB), Conxita Mir (UdL), Carme Molinero (UAB), Carlos \u00c1ngel Ord\u00e1s (UOC), Manel Risques (UB), Francisco Veiga (UAB), Ricard Vinyes (UB) y Pere Ys\u00e0s (UAB); los investigadores postdoctorales Laia Ara\u00f1\u00f3 ( Fundaci\u00f3n Carlos Pi y Sunyer), Miguel D\u00edaz (UAB), Julio Mart\u00ednez-Cava (UB) y Jordi Sancho (UAB); los investigadores predoctorales de la UAB Nil Bosch, Mireia Capdevila, Xavier Planell, Daniel Raya, Rub\u00e9n Soto y Gerard Vallejo, y el t\u00e9cnico e investigador predoctoral de la UAB Ricard Mart\u00ednez i Muntada.<\/p>\n<p><strong>Objetivos<\/strong><\/p>\n<p>El objetivo principal del GReDD es impulsar la investigaci\u00f3n de excelencia sobre las dictaduras del siglo XX, las transiciones y las democracias resultantes de las ellas, con particular atenci\u00f3n al caso espa\u00f1ol y con dimensi\u00f3n comparativa con otros casos de Europa meridional y Am\u00e9rica Latina. Las l\u00edneas de investigaci\u00f3n del grupo abordan todos los aspectos hist\u00f3ricos \u2013pol\u00edticos, socio-econ\u00f3micos y culturales- de estos sistemas. El GReDD desarrolla su actividad mediante los equipos de investigaci\u00f3n de proyectos competitivos y convenios con todo tipo de instituciones, y da apoyo a la actividad individual de sus miembros. Desarrolla proyectos para la creaci\u00f3n de infraestructuras cient\u00edficas e impulsa de forma continuada el debate cient\u00edfico, sea en su Seminario Permanente o en congresos internacionales o jornadas m\u00e1s especializadas. El GReDD desarrolla una intensa actividad de transferencia de conocimientos, de divulgaci\u00f3n cient\u00edfica y de asesoramiento, considerando la perspectiva RRI.<\/p>\n<p><a href=\"https:\/\/centresderecerca.uab.cat\/cedid\/es\/content\/del-gref\"><strong>Seminario Permanente del GReDD<\/strong><\/a><\/p>\n<p align=\"justify\">\n","protected":false},"excerpt":{"rendered":"<p>El Grup de Recerca sobre Dictadures i Democr\u00e0cies (GReDD), formado en 1997 con el nombre de Grup de Recerca sobre l\u2019\u00c8poca Franquista (GREF), ha sido reconocido como Grupo de Investigaci\u00f3n Consolidado y financiado en sucesivas convocatorias de la Generalitat de Catalunya desde 2002, incluida la m\u00e1s reciente (referencia: 2021 SGR 00123). Despu\u00e9s de su fundaci\u00f3n, [&hellip;]<\/p>\n","protected":false},"author":20,"featured_media":0,"parent":0,"menu_order":0,"comment_status":"closed","ping_status":"closed","template":"","meta":{"footnotes":""},"class_list":["post-1491","page","type-page","status-publish","hentry"],"_links":{"self":[{"href":"https:\/\/webs.uab.cat\/cedid\/es\/wp-json\/wp\/v2\/pages\/1491","targetHints":{"allow":["GET"]}}],"collection":[{"href":"https:\/\/webs.uab.cat\/cedid\/es\/wp-json\/wp\/v2\/pages"}],"about":[{"href":"https:\/\/webs.uab.cat\/cedid\/es\/wp-json\/wp\/v2\/types\/page"}],"author":[{"embeddable":true,"href":"https:\/\/webs.uab.cat\/cedid\/es\/wp-json\/wp\/v2\/users\/20"}],"replies":[{"embeddable":true,"href":"https:\/\/webs.uab.cat\/cedid\/es\/wp-json\/wp\/v2\/comments?post=1491"}],"version-history":[{"count":4,"href":"https:\/\/webs.uab.cat\/cedid\/es\/wp-json\/wp\/v2\/pages\/1491\/revisions"}],"predecessor-version":[{"id":6591,"href":"https:\/\/webs.uab.cat\/cedid\/es\/wp-json\/wp\/v2\/pages\/1491\/revisions\/6591"}],"wp:attachment":[{"href":"https:\/\/webs.uab.cat\/cedid\/es\/wp-json\/wp\/v2\/media?parent=1491"}],"curies":[{"name":"wp","href":"https:\/\/api.w.org\/{rel}","templated":true}]}}