{"id":1495,"date":"2013-05-15T15:52:10","date_gmt":"2013-05-15T15:52:10","guid":{"rendered":"https:\/\/webs.uab.cat\/cedid\/grup-destudis-de-literatura-catalana-contemporania\/"},"modified":"2013-05-15T15:52:10","modified_gmt":"2013-05-15T15:52:10","slug":"grup-destudis-de-literatura-catalana-contemporania","status":"publish","type":"page","link":"https:\/\/webs.uab.cat\/cedid\/es\/grup-destudis-de-literatura-catalana-contemporania\/","title":{"rendered":"GRUP D&#8217;ESTUDIS DE LITERATURA CATALANA CONTEMPOR\u00c0NIA"},"content":{"rendered":"<p align=\"justify\">El Grup d&#8217;Estudis de Literatura Catalana Contempor\u00e0nia es un grupo de investigaci\u00f3n consolidado (2017 SGR 590) formado por investigadores de la Universitat Aut\u00f2noma de Barcelona, Universitat Pompeu Fabra y Universitat de Girona. Ha centrado su investigaci\u00f3n en el campo de la literatura catalana contempor\u00e1nea, especialmente en el estudio de movimientos y g\u00e9neros. En este sentido, ha contado con varios proyectos centrados en diferentes \u00e1mbitos tem\u00e1ticos, como las corrientes literarias y modelos est\u00e9ticos de la narrativa catalana desde 1890, historia de la cr\u00edtica literaria, del teatro, la poes\u00eda o el \u00abRealisme\u00bb. Entre estos proyectos hay que destaca \u00abLa novela catalana contempor\u00e0nia. Hist\u00f2ria i cr\u00edtica\u00bb (2000-2002), \u00abL&#8217;escriptor i la seva imatge. Projecci\u00f3 social de la literatura a la Catalunya contempor\u00e0nia\u00bb (2003-2005) y \u00abConcepcions i discursos sobre la modernitat en la literatura catalana dels segles XIX i XX\u00bb (2006-2008). Ha estudiado, tambi\u00e9n, la recepci\u00f3n del teatro extranjero en Catalu\u00f1a (Grupo de la UPF). Cuenta, adem\u00e1s, con el banco de datos bibliogr\u00e1fico \u00abTrazas\u00bb, ofrecido a trav\u00e9s del <a href=\"http:\/\/www.cbuc.es\/llc\/\" target=\"_blank\" rel=\"noopener\">Cat\u00e1logo Colectivo de Bibliotecas Universitarias de Catalunya<\/a>.<\/p>\n<p><a href=\"http:\/\/filcat.uab.cat\/gelcc\/\" target=\"_blank\" rel=\"noopener\">Para mayores informaciones<\/a><\/p>\n<p><a href=\"mailto:gelcc@uab.cat\" target=\"_blank\" rel=\"noopener\">gelcc@uab.cat&nbsp;<\/a><\/p>\n","protected":false},"excerpt":{"rendered":"<p>El Grup d&#8217;Estudis de Literatura Catalana Contempor\u00e0nia es un grupo de investigaci\u00f3n consolidado (2017 SGR 590) formado por investigadores de la Universitat Aut\u00f2noma de Barcelona, Universitat Pompeu Fabra y Universitat de Girona. Ha centrado su investigaci\u00f3n en el campo de la literatura catalana contempor\u00e1nea, especialmente en el estudio de movimientos y g\u00e9neros. En este sentido, [&hellip;]<\/p>\n","protected":false},"author":20,"featured_media":0,"parent":0,"menu_order":0,"comment_status":"closed","ping_status":"closed","template":"","meta":{"footnotes":""},"class_list":["post-1495","page","type-page","status-publish","hentry"],"_links":{"self":[{"href":"https:\/\/webs.uab.cat\/cedid\/es\/wp-json\/wp\/v2\/pages\/1495","targetHints":{"allow":["GET"]}}],"collection":[{"href":"https:\/\/webs.uab.cat\/cedid\/es\/wp-json\/wp\/v2\/pages"}],"about":[{"href":"https:\/\/webs.uab.cat\/cedid\/es\/wp-json\/wp\/v2\/types\/page"}],"author":[{"embeddable":true,"href":"https:\/\/webs.uab.cat\/cedid\/es\/wp-json\/wp\/v2\/users\/20"}],"replies":[{"embeddable":true,"href":"https:\/\/webs.uab.cat\/cedid\/es\/wp-json\/wp\/v2\/comments?post=1495"}],"version-history":[{"count":0,"href":"https:\/\/webs.uab.cat\/cedid\/es\/wp-json\/wp\/v2\/pages\/1495\/revisions"}],"wp:attachment":[{"href":"https:\/\/webs.uab.cat\/cedid\/es\/wp-json\/wp\/v2\/media?parent=1495"}],"curies":[{"name":"wp","href":"https:\/\/api.w.org\/{rel}","templated":true}]}}