{"id":1535,"date":"2013-05-15T15:58:03","date_gmt":"2013-05-15T15:58:03","guid":{"rendered":"https:\/\/webs.uab.cat\/cedid\/el-cefid-2\/"},"modified":"2013-05-15T15:58:03","modified_gmt":"2013-05-15T15:58:03","slug":"el-cefid-2","status":"publish","type":"page","link":"https:\/\/webs.uab.cat\/cedid\/es\/el-cefid-2\/","title":{"rendered":"El CEFID"},"content":{"rendered":"<p align=\"justify\"><span style=\"line-height: 20px;\">El Centro de Estudios sobre las \u00c9pocas Franquista y Democr\u00e1tica es un Centro de Estudio e Investigaci\u00f3n Propio de la Universidad Aut\u00f3noma de Barcelona (UAB) formado por m\u00e1s de un centenar de investigadores de diferentes disciplinas \u2013historiadores, fil\u00f3logos, polit\u00f3logos, comunic\u00f3logos, soci\u00f3logos, economistas\u2013 especializados en el estudio de este periodo hist\u00f3rico; la mayor\u00eda est\u00e1n adscritos a varios departamentos o grupos de investigaci\u00f3n de la UAB, aunque tambi\u00e9n est\u00e1 formado por profesores e investigadores de otras universidades catalanas.<\/span><\/p>\n<p align=\"justify\">El car\u00e1cter interdisciplinario del CEFID ha permitido reunir en un \u00fanico centro de investigaci\u00f3n una parte muy destacada de la investigaci\u00f3n que en Catalu\u00f1a se desarrolla sobre este periodo hist\u00f3rico. En el CEFID est\u00e1n integrados el Grupo de Investigaci\u00f3n sobre la \u00c9poca Franquista \u2013GREF\u2013, el Grupo de Estudios del Exilio Literario \u2013GEXEL\u2013 y el Grup de Recerca en Hist\u00f2ria Actual \u2013GReHA\u2013, adem\u00e1s de numerosos investigadores encabezan otros grupos o forman parte de ellos, o bien desarrollan la investigaci\u00f3n de forma individual. Por otra parte, el CEFID tiene relaciones de colaboraci\u00f3n permanente con el Servicio de Historia Local de Catalu\u00f1a, el Instituto de Ciencias de la Educaci\u00f3n y el Centro Documental de la Comunicaci\u00f3n, los tres de la UAB.<\/p>\n<p>&nbsp;<\/p>\n<p>&nbsp;<\/p>\n<p>&nbsp;<\/p>\n<p>&nbsp;<\/p>\n<p>&nbsp;<\/p>\n<p>&nbsp;<\/p>\n<p>&nbsp;<\/p>\n<p>&nbsp;<\/p>\n<p>&nbsp;<\/p>\n<p>&nbsp;<\/p>\n<p>&nbsp;<\/p>\n","protected":false},"excerpt":{"rendered":"<p>El Centro de Estudios sobre las \u00c9pocas Franquista y Democr\u00e1tica es un Centro de Estudio e Investigaci\u00f3n Propio de la Universidad Aut\u00f3noma de Barcelona (UAB) formado por m\u00e1s de un centenar de investigadores de diferentes disciplinas \u2013historiadores, fil\u00f3logos, polit\u00f3logos, comunic\u00f3logos, soci\u00f3logos, economistas\u2013 especializados en el estudio de este periodo hist\u00f3rico; la mayor\u00eda est\u00e1n adscritos a [&hellip;]<\/p>\n","protected":false},"author":20,"featured_media":0,"parent":0,"menu_order":0,"comment_status":"closed","ping_status":"closed","template":"","meta":{"footnotes":""},"class_list":["post-1535","page","type-page","status-publish","hentry"],"_links":{"self":[{"href":"https:\/\/webs.uab.cat\/cedid\/es\/wp-json\/wp\/v2\/pages\/1535","targetHints":{"allow":["GET"]}}],"collection":[{"href":"https:\/\/webs.uab.cat\/cedid\/es\/wp-json\/wp\/v2\/pages"}],"about":[{"href":"https:\/\/webs.uab.cat\/cedid\/es\/wp-json\/wp\/v2\/types\/page"}],"author":[{"embeddable":true,"href":"https:\/\/webs.uab.cat\/cedid\/es\/wp-json\/wp\/v2\/users\/20"}],"replies":[{"embeddable":true,"href":"https:\/\/webs.uab.cat\/cedid\/es\/wp-json\/wp\/v2\/comments?post=1535"}],"version-history":[{"count":0,"href":"https:\/\/webs.uab.cat\/cedid\/es\/wp-json\/wp\/v2\/pages\/1535\/revisions"}],"wp:attachment":[{"href":"https:\/\/webs.uab.cat\/cedid\/es\/wp-json\/wp\/v2\/media?parent=1535"}],"curies":[{"name":"wp","href":"https:\/\/api.w.org\/{rel}","templated":true}]}}