{"id":1537,"date":"2013-05-15T15:59:09","date_gmt":"2013-05-15T15:59:09","guid":{"rendered":"https:\/\/webs.uab.cat\/cedid\/consejo-asesor-0\/"},"modified":"2013-05-15T15:59:09","modified_gmt":"2013-05-15T15:59:09","slug":"consejo-asesor-0","status":"publish","type":"page","link":"https:\/\/webs.uab.cat\/cedid\/es\/consejo-asesor-0\/","title":{"rendered":"Consejo asesor"},"content":{"rendered":"<p><span>Alicia Alted (Universidad Nacional de Educaci\u00f3n a Distancia)<\/span><\/p>\n<p><span>Alfonso Botti (Universit\u00e0 degli studi di Modena e Reggio Emilia)<\/span><\/p>\n<p><span>Mario Caciagli (Universit\u00e0 degli studi di Firenze)<\/span><\/p>\n<p><span>Luciano Casali (Universit\u00e0 degli studi di Bologna)<\/span><\/p>\n<p><span>Juli\u00e1n Casanova (Universidad de Zaragoza)<\/span><\/p>\n<p><span>Giuliana di Febo (Universit\u00e0 degli studi Roma Tre)<\/span><\/p>\n<p><span>Clara Lida (El Colegio de M\u00e9xico)<\/span><\/p>\n<p><span>Jos\u00e9-Carlos Mainer (Universidad de Zaragoza)<\/span><\/p>\n<p><span>Javier P\u00e9rez Royo (Universidad de Sevilla)<\/span><\/p>\n<p><span>Paul Preston (London School of Economics)<\/span><\/p>\n<p><span>Fernando Rosas (Universidade Nova de Lisboa)<\/span><\/p>\n<p><span>Serge Sala\u00fcn (Universit\u00e9 de la Sorbone Nouvelle &#8211; Paris III)<\/span><\/p>\n<p><span>Ismael Saz (Universitat de Val\u00e8ncia)<\/span><\/p>\n<p><span>Alan Yates (University of Sheffield)<\/span><\/p>\n","protected":false},"excerpt":{"rendered":"<p>Alicia Alted (Universidad Nacional de Educaci\u00f3n a Distancia) Alfonso Botti (Universit\u00e0 degli studi di Modena e Reggio Emilia) Mario Caciagli (Universit\u00e0 degli studi di Firenze) Luciano Casali (Universit\u00e0 degli studi di Bologna) Juli\u00e1n Casanova (Universidad de Zaragoza) Giuliana di Febo (Universit\u00e0 degli studi Roma Tre) Clara Lida (El Colegio de M\u00e9xico) Jos\u00e9-Carlos Mainer (Universidad de [&hellip;]<\/p>\n","protected":false},"author":20,"featured_media":0,"parent":0,"menu_order":0,"comment_status":"closed","ping_status":"closed","template":"","meta":{"footnotes":""},"class_list":["post-1537","page","type-page","status-publish","hentry"],"_links":{"self":[{"href":"https:\/\/webs.uab.cat\/cedid\/es\/wp-json\/wp\/v2\/pages\/1537","targetHints":{"allow":["GET"]}}],"collection":[{"href":"https:\/\/webs.uab.cat\/cedid\/es\/wp-json\/wp\/v2\/pages"}],"about":[{"href":"https:\/\/webs.uab.cat\/cedid\/es\/wp-json\/wp\/v2\/types\/page"}],"author":[{"embeddable":true,"href":"https:\/\/webs.uab.cat\/cedid\/es\/wp-json\/wp\/v2\/users\/20"}],"replies":[{"embeddable":true,"href":"https:\/\/webs.uab.cat\/cedid\/es\/wp-json\/wp\/v2\/comments?post=1537"}],"version-history":[{"count":0,"href":"https:\/\/webs.uab.cat\/cedid\/es\/wp-json\/wp\/v2\/pages\/1537\/revisions"}],"wp:attachment":[{"href":"https:\/\/webs.uab.cat\/cedid\/es\/wp-json\/wp\/v2\/media?parent=1537"}],"curies":[{"name":"wp","href":"https:\/\/api.w.org\/{rel}","templated":true}]}}