{"id":1576,"date":"2013-05-02T17:04:48","date_gmt":"2013-05-02T17:04:48","guid":{"rendered":"https:\/\/webs.uab.cat\/cedid\/cefid\/"},"modified":"2026-03-24T15:27:17","modified_gmt":"2026-03-24T15:27:17","slug":"cefid","status":"publish","type":"page","link":"https:\/\/webs.uab.cat\/cedid\/es\/cefid\/","title":{"rendered":"Del CEDID"},"content":{"rendered":"\n<p><\/p>\n\n\n\n<hr class=\"wp-block-separator has-alpha-channel-opacity\" \/>\n\n\n\n<div class=\"wp-block-media-text alignwide is-stacked-on-mobile\" style=\"grid-template-columns:29% auto\"><figure class=\"wp-block-media-text__media\"><img loading=\"lazy\" decoding=\"async\" width=\"724\" height=\"1024\" src=\"https:\/\/webs.uab.cat\/cedid\/wp-content\/uploads\/sites\/151\/2026\/03\/VG_Sabadell_1976_2-1-724x1024.jpg\" alt=\"\" class=\"wp-image-11216 size-full\" srcset=\"https:\/\/webs.uab.cat\/cedid\/wp-content\/uploads\/sites\/151\/2026\/03\/VG_Sabadell_1976_2-1-724x1024.jpg 724w, https:\/\/webs.uab.cat\/cedid\/wp-content\/uploads\/sites\/151\/2026\/03\/VG_Sabadell_1976_2-1-212x300.jpg 212w, https:\/\/webs.uab.cat\/cedid\/wp-content\/uploads\/sites\/151\/2026\/03\/VG_Sabadell_1976_2-1-768x1086.jpg 768w, https:\/\/webs.uab.cat\/cedid\/wp-content\/uploads\/sites\/151\/2026\/03\/VG_Sabadell_1976_2-1-1086x1536.jpg 1086w, https:\/\/webs.uab.cat\/cedid\/wp-content\/uploads\/sites\/151\/2026\/03\/VG_Sabadell_1976_2-1.jpg 1131w\" sizes=\"auto, (max-width: 724px) 100vw, 724px\" \/><\/figure><div class=\"wp-block-media-text__content\">\n<p><span style=\"text-decoration: underline\">Jornada<\/span><\/p>\n\n\n\n<p><strong>50 anys despr\u00e9s. Quan Sabadell es va convertir en Petrograd<\/strong><\/p>\n\n\n\n<p>S\u00e1bado 28 de marzo de 2026<\/p>\n\n\n\n<p>L&#8217;Obrera, carrer Lope de Vega 16, Sabadell<\/p>\n\n\n\n<p>Organizan: CEDID, Centre Social L&#8217;Obrera y Museu d&#8217;Hist\u00f2ria de Sabadell<\/p>\n\n\n\n<p><\/p>\n\n\n\n<p><\/p>\n<\/div><\/div>\n\n\n\n<hr class=\"wp-block-separator has-alpha-channel-opacity\" \/>\n\n\n\n<div class=\"wp-block-media-text alignwide is-stacked-on-mobile\" style=\"grid-template-columns:29% auto\"><figure class=\"wp-block-media-text__media\"><img loading=\"lazy\" decoding=\"async\" width=\"768\" height=\"1024\" src=\"https:\/\/webs.uab.cat\/cedid\/wp-content\/uploads\/sites\/151\/2026\/03\/GReDD_20260415-768x1024.png\" alt=\"\" class=\"wp-image-11219 size-full\" srcset=\"https:\/\/webs.uab.cat\/cedid\/wp-content\/uploads\/sites\/151\/2026\/03\/GReDD_20260415-768x1024.png 768w, https:\/\/webs.uab.cat\/cedid\/wp-content\/uploads\/sites\/151\/2026\/03\/GReDD_20260415-225x300.png 225w, https:\/\/webs.uab.cat\/cedid\/wp-content\/uploads\/sites\/151\/2026\/03\/GReDD_20260415-1152x1536.png 1152w, https:\/\/webs.uab.cat\/cedid\/wp-content\/uploads\/sites\/151\/2026\/03\/GReDD_20260415-1200x1600.png 1200w, https:\/\/webs.uab.cat\/cedid\/wp-content\/uploads\/sites\/151\/2026\/03\/GReDD_20260415.png 1280w\" sizes=\"auto, (max-width: 768px) 100vw, 768px\" \/><\/figure><div class=\"wp-block-media-text__content\">\n<p><span style=\"text-decoration: underline\">Seminario Permanente GReDD<\/span><\/p>\n\n\n\n<p><strong>\u00bfQu\u00e9 es el pueblo? \u00bfQui\u00e9n es el pueblo? An\u00e1lisis de un concepto pol\u00edtico en la Espa\u00f1a de principios del siglo XXI<\/strong><\/p>\n\n\n\n<p>A cargo de Sergi Soler (CEDID-UAB)<\/p>\n\n\n\n<p>Mi\u00e9rcoles 15 de abril de 2026<\/p>\n\n\n\n<p>Sala de Actos de la Facultat de Filosofia i Lletres de la UAB<\/p>\n<\/div><\/div>\n\n\n\n<hr class=\"wp-block-separator has-alpha-channel-opacity\" \/>\n\n\n\n<div class=\"wp-block-media-text alignwide is-stacked-on-mobile\" style=\"grid-template-columns:29% auto\"><figure class=\"wp-block-media-text__media\"><img loading=\"lazy\" decoding=\"async\" width=\"724\" height=\"1024\" src=\"https:\/\/webs.uab.cat\/cedid\/wp-content\/uploads\/sites\/151\/2026\/03\/PUEBLO-DE-DERECHA-2026-ESP-1-724x1024.jpg\" alt=\"\" class=\"wp-image-11232 size-full\" srcset=\"https:\/\/webs.uab.cat\/cedid\/wp-content\/uploads\/sites\/151\/2026\/03\/PUEBLO-DE-DERECHA-2026-ESP-1-724x1024.jpg 724w, https:\/\/webs.uab.cat\/cedid\/wp-content\/uploads\/sites\/151\/2026\/03\/PUEBLO-DE-DERECHA-2026-ESP-1-212x300.jpg 212w, https:\/\/webs.uab.cat\/cedid\/wp-content\/uploads\/sites\/151\/2026\/03\/PUEBLO-DE-DERECHA-2026-ESP-1-768x1086.jpg 768w, https:\/\/webs.uab.cat\/cedid\/wp-content\/uploads\/sites\/151\/2026\/03\/PUEBLO-DE-DERECHA-2026-ESP-1-1086x1536.jpg 1086w, https:\/\/webs.uab.cat\/cedid\/wp-content\/uploads\/sites\/151\/2026\/03\/PUEBLO-DE-DERECHA-2026-ESP-1-1200x1697.jpg 1200w, https:\/\/webs.uab.cat\/cedid\/wp-content\/uploads\/sites\/151\/2026\/03\/PUEBLO-DE-DERECHA-2026-ESP-1.jpg 1414w\" sizes=\"auto, (max-width: 724px) 100vw, 724px\" \/><\/figure><div class=\"wp-block-media-text__content\">\n<p><span style=\"text-decoration: underline\">Seminario online<\/span><\/p>\n\n\n\n<p><strong>EL PUEBLO DE DERECHA. EL CONSERVADURISMO POPULAR EN LAS<\/strong> <strong>AM\u00c9RICAS Y EUROPA (SIGLOS XIX, XX Y XXI)<\/strong><\/p>\n\n\n\n<p><strong>Enlace a las sesions (siempre <span style=\"text-decoration: underline\">de 16 a 18 horas CET<\/span>)<\/strong>: <a href=\"https:\/\/bit.ly\/42pVTDj\"><strong>https:\/\/bit.ly\/42pVTDj<\/strong><\/a><\/p>\n\n\n\n<p><strong>11 de febrero de 2026<\/strong>: S\u00e9bastien Rozeaux (Universit\u00e9 Toulouse Jean Jaur\u00e8s, FRAMESPA, Francia): \u00abLe peuple \u00abconselheirista\u00bb existe-t-il encore ? Usages politiques de la m\u00e9moire de la guerre de Canudos dans le sert\u00e3o de Bahia (Br\u00e9sil, 20e-21e si\u00e8cles)\u00bb<\/p>\n\n\n\n<p><strong>25 de marzo de 2026<\/strong>: Camillo Robertini (Universit\u00e0 di Messina, Italia): \u201cEl anticomunismo obrero en la Argentina de los \u201970. Reflexiones acerca de una entrevista de historia oral con un sindicalista de la derecha peronista\u201d<\/p>\n\n\n\n<p><strong>29 de abril de 2026<\/strong>: Michael Gorup (Ithaca College, Estados Unidos): \u201cThe Counterrevolutionary Shadow: Race, Democracy, and the Making of the American People\u201d<\/p>\n\n\n\n<p><strong>10 de junio de 2026<\/strong>: Desir\u00e9e Osella (Universidad Nacional de R\u00edo Cuarto y CONICET, Argentina): \u00abLos dem\u00f3cratas de C\u00f3rdoba y su anhelo de crear un conservadurismo popular\u00bb<\/p>\n\n\n\n<p><strong><a href=\"https:\/\/webs.uab.cat\/cedid\/wp-content\/uploads\/sites\/151\/2026\/02\/SEMINARIO-2026.pdf\">M\u00e1s informaci\u00f3n<\/a><\/strong><\/p>\n\n\n\n<p>Organizan: \u00c9cole des Hautes \u00c9tudes en Sciences Sociales (EHESS), Mondes Am\u00e9ricains y Centre d\u2019Estudis sobre Dictadures i Democr\u00e0cies (CEDID-UAB).<\/p>\n<\/div><\/div>\n\n\n\n<hr class=\"wp-block-separator has-alpha-channel-opacity\" \/>\n\n\n\n<div class=\"wp-block-media-text alignwide is-stacked-on-mobile\" style=\"grid-template-columns:29% auto\"><figure class=\"wp-block-media-text__media\"><img loading=\"lazy\" decoding=\"async\" width=\"1024\" height=\"1024\" src=\"https:\/\/webs.uab.cat\/cedid\/wp-content\/uploads\/sites\/151\/2025\/09\/Logo_TR27.png\" alt=\"\" class=\"wp-image-9797 size-full\" srcset=\"https:\/\/webs.uab.cat\/cedid\/wp-content\/uploads\/sites\/151\/2025\/09\/Logo_TR27.png 1024w, https:\/\/webs.uab.cat\/cedid\/wp-content\/uploads\/sites\/151\/2025\/09\/Logo_TR27-300x300.png 300w, https:\/\/webs.uab.cat\/cedid\/wp-content\/uploads\/sites\/151\/2025\/09\/Logo_TR27-150x150.png 150w, https:\/\/webs.uab.cat\/cedid\/wp-content\/uploads\/sites\/151\/2025\/09\/Logo_TR27-768x768.png 768w\" sizes=\"auto, (max-width: 1024px) 100vw, 1024px\" \/><\/figure><div class=\"wp-block-media-text__content\">\n<p><span style=\"text-decoration: underline\">Congreso internacional<\/span><\/p>\n\n\n\n<p><strong>LA TRANSICI\u00d3N A LA DEMOCRACIA: BALANCE HISTORIOGR\u00c1FICO Y NUEVAS L\u00cdNEAS DE INVESTIGACI\u00d3N<\/strong><\/p>\n\n\n\n<p>Barcelona, 3, 4 y 5 de febrero de 2027<\/p>\n\n\n\n<p class=\"has-normal-font-size\"><strong><a href=\"https:\/\/webs.uab.cat\/cedid\/wp-content\/uploads\/sites\/151\/2026\/02\/TR27_1aCCfP_4L_20260128.pdf\">Primera circular y CfP \u2013 ACTUALIZADA 28\/01\/2026<\/a><\/strong><\/p>\n\n\n\n<p class=\"has-small-font-size\"><a href=\"https:\/\/webs.uab.cat\/cedid\/wp-content\/uploads\/sites\/151\/2025\/09\/TR27_1aCCfP_4L.pdf\" target=\"_blank\" rel=\"noreferrer noopener\">Primera circular y CfP<\/a><\/p>\n\n\n\n<p><strong>Organizan:<\/strong> CEDID-UAB y Laboratoire d\u2019\u00c9tudes Romanes &#8211; Universit\u00e9 Paris 8<\/p>\n<\/div><\/div>\n\n\n\n<p><\/p>\n","protected":false},"excerpt":{"rendered":"<p>Jornada 50 anys despr\u00e9s. Quan Sabadell es va convertir en Petrograd S\u00e1bado 28 de marzo de 2026 L&#8217;Obrera, carrer Lope de Vega 16, Sabadell Organizan: CEDID, Centre Social L&#8217;Obrera y Museu d&#8217;Hist\u00f2ria de Sabadell Seminario Permanente GReDD \u00bfQu\u00e9 es el pueblo? \u00bfQui\u00e9n es el pueblo? An\u00e1lisis de un concepto pol\u00edtico en la Espa\u00f1a de principios [&hellip;]<\/p>\n","protected":false},"author":20,"featured_media":0,"parent":0,"menu_order":0,"comment_status":"closed","ping_status":"closed","template":"","meta":{"footnotes":""},"class_list":["post-1576","page","type-page","status-publish","hentry"],"_links":{"self":[{"href":"https:\/\/webs.uab.cat\/cedid\/es\/wp-json\/wp\/v2\/pages\/1576","targetHints":{"allow":["GET"]}}],"collection":[{"href":"https:\/\/webs.uab.cat\/cedid\/es\/wp-json\/wp\/v2\/pages"}],"about":[{"href":"https:\/\/webs.uab.cat\/cedid\/es\/wp-json\/wp\/v2\/types\/page"}],"author":[{"embeddable":true,"href":"https:\/\/webs.uab.cat\/cedid\/es\/wp-json\/wp\/v2\/users\/20"}],"replies":[{"embeddable":true,"href":"https:\/\/webs.uab.cat\/cedid\/es\/wp-json\/wp\/v2\/comments?post=1576"}],"version-history":[{"count":99,"href":"https:\/\/webs.uab.cat\/cedid\/es\/wp-json\/wp\/v2\/pages\/1576\/revisions"}],"predecessor-version":[{"id":11233,"href":"https:\/\/webs.uab.cat\/cedid\/es\/wp-json\/wp\/v2\/pages\/1576\/revisions\/11233"}],"wp:attachment":[{"href":"https:\/\/webs.uab.cat\/cedid\/es\/wp-json\/wp\/v2\/media?parent=1576"}],"curies":[{"name":"wp","href":"https:\/\/api.w.org\/{rel}","templated":true}]}}