{"id":1623,"date":"2013-05-02T17:05:17","date_gmt":"2013-05-02T17:05:17","guid":{"rendered":"https:\/\/webs.uab.cat\/cedid\/de-otras-instituciones\/"},"modified":"2026-01-19T11:55:19","modified_gmt":"2026-01-19T11:55:19","slug":"de-otras-instituciones","status":"publish","type":"page","link":"https:\/\/webs.uab.cat\/cedid\/es\/de-otras-instituciones\/","title":{"rendered":"De otras instituciones"},"content":{"rendered":"\n<p><\/p>\n\n\n\n<p><\/p>\n\n\n\n<hr class=\"wp-block-separator has-alpha-channel-opacity\" \/>\n\n\n\n<div class=\"wp-block-media-text alignwide is-stacked-on-mobile\" style=\"grid-template-columns:29% auto\"><figure class=\"wp-block-media-text__media\"><img loading=\"lazy\" decoding=\"async\" width=\"371\" height=\"48\" src=\"https:\/\/webs.uab.cat\/cedid\/wp-content\/uploads\/sites\/151\/2026\/01\/logo-roig-e1676703664163.png\" alt=\"\" class=\"wp-image-11136 size-full\" srcset=\"https:\/\/webs.uab.cat\/cedid\/wp-content\/uploads\/sites\/151\/2026\/01\/logo-roig-e1676703664163.png 371w, https:\/\/webs.uab.cat\/cedid\/wp-content\/uploads\/sites\/151\/2026\/01\/logo-roig-e1676703664163-300x39.png 300w\" sizes=\"auto, (max-width: 371px) 100vw, 371px\" \/><\/figure><div class=\"wp-block-media-text__content\">\n<p><strong>Programaci\u00f3n de actividades del European Observatory on Memories<\/strong><\/p>\n\n\n\n<p><a href=\"https:\/\/europeanmemories.net\/activities\/\"><strong>Acceso a la programaci\u00f3n<\/strong><\/a><\/p>\n<\/div><\/div>\n\n\n\n<hr class=\"wp-block-separator has-alpha-channel-opacity\" \/>\n\n\n\n<div class=\"wp-block-media-text alignwide is-stacked-on-mobile\" style=\"grid-template-columns:25% auto\"><figure class=\"wp-block-media-text__media\"><img loading=\"lazy\" decoding=\"async\" width=\"791\" height=\"1024\" src=\"https:\/\/webs.uab.cat\/cedid\/wp-content\/uploads\/sites\/151\/2023\/06\/afiche_seminario_23_y_24_nov_2022-2-791x1024.png\" alt=\"\" class=\"wp-image-7260 size-full\" srcset=\"https:\/\/webs.uab.cat\/cedid\/wp-content\/uploads\/sites\/151\/2023\/06\/afiche_seminario_23_y_24_nov_2022-2-791x1024.png 791w, https:\/\/webs.uab.cat\/cedid\/wp-content\/uploads\/sites\/151\/2023\/06\/afiche_seminario_23_y_24_nov_2022-2-232x300.png 232w, https:\/\/webs.uab.cat\/cedid\/wp-content\/uploads\/sites\/151\/2023\/06\/afiche_seminario_23_y_24_nov_2022-2-768x994.png 768w, https:\/\/webs.uab.cat\/cedid\/wp-content\/uploads\/sites\/151\/2023\/06\/afiche_seminario_23_y_24_nov_2022-2-1187x1536.png 1187w, https:\/\/webs.uab.cat\/cedid\/wp-content\/uploads\/sites\/151\/2023\/06\/afiche_seminario_23_y_24_nov_2022-2-1200x1553.png 1200w, https:\/\/webs.uab.cat\/cedid\/wp-content\/uploads\/sites\/151\/2023\/06\/afiche_seminario_23_y_24_nov_2022-2.png 1500w\" sizes=\"auto, (max-width: 791px) 100vw, 791px\" \/><\/figure><div class=\"wp-block-media-text__content\">\n<p><u>Seminario Permanente<\/u><\/p>\n\n\n\n<p><strong>Dictaduras en Iberoam\u00e9rica <\/strong><\/p>\n\n\n\n<p>Periodicidad semestral, formato en l\u00ednea en la plataforma Zoom.<\/p>\n\n\n\n<p>Organizado por el Departamento de Ciencias del Derecho de la Universidad de Chile<\/p>\n\n\n\n<p><strong><a href=\"https:\/\/dictaduraseniberoamerica.com\/\" target=\"_blank\" rel=\"noreferrer noopener\">M\u00e1s informaci\u00f3n<\/a><\/strong><\/p>\n<\/div><\/div>\n\n\n\n<p><\/p>\n\n\n\n<hr class=\"wp-block-separator has-alpha-channel-opacity\" \/>\n","protected":false},"excerpt":{"rendered":"<p>Programaci\u00f3n de actividades del European Observatory on Memories Acceso a la programaci\u00f3n Seminario Permanente Dictaduras en Iberoam\u00e9rica Periodicidad semestral, formato en l\u00ednea en la plataforma Zoom. Organizado por el Departamento de Ciencias del Derecho de la Universidad de Chile M\u00e1s informaci\u00f3n<\/p>\n","protected":false},"author":20,"featured_media":0,"parent":0,"menu_order":0,"comment_status":"closed","ping_status":"closed","template":"","meta":{"footnotes":""},"class_list":["post-1623","page","type-page","status-publish","hentry"],"_links":{"self":[{"href":"https:\/\/webs.uab.cat\/cedid\/es\/wp-json\/wp\/v2\/pages\/1623","targetHints":{"allow":["GET"]}}],"collection":[{"href":"https:\/\/webs.uab.cat\/cedid\/es\/wp-json\/wp\/v2\/pages"}],"about":[{"href":"https:\/\/webs.uab.cat\/cedid\/es\/wp-json\/wp\/v2\/types\/page"}],"author":[{"embeddable":true,"href":"https:\/\/webs.uab.cat\/cedid\/es\/wp-json\/wp\/v2\/users\/20"}],"replies":[{"embeddable":true,"href":"https:\/\/webs.uab.cat\/cedid\/es\/wp-json\/wp\/v2\/comments?post=1623"}],"version-history":[{"count":69,"href":"https:\/\/webs.uab.cat\/cedid\/es\/wp-json\/wp\/v2\/pages\/1623\/revisions"}],"predecessor-version":[{"id":11139,"href":"https:\/\/webs.uab.cat\/cedid\/es\/wp-json\/wp\/v2\/pages\/1623\/revisions\/11139"}],"wp:attachment":[{"href":"https:\/\/webs.uab.cat\/cedid\/es\/wp-json\/wp\/v2\/media?parent=1623"}],"curies":[{"name":"wp","href":"https:\/\/api.w.org\/{rel}","templated":true}]}}