{"id":1660,"date":"2013-05-15T16:46:10","date_gmt":"2013-05-15T16:46:10","guid":{"rendered":"https:\/\/webs.uab.cat\/cedid\/actividades-realizadas\/"},"modified":"2022-12-14T15:40:39","modified_gmt":"2022-12-14T15:40:39","slug":"actividades-realizadas","status":"publish","type":"page","link":"https:\/\/webs.uab.cat\/cedid\/es\/actividades-realizadas\/","title":{"rendered":"Actividades realizadas"},"content":{"rendered":"\n<p><a href=\"https:\/\/webs.uab.cat\/cedid\/es\/congresos-del-cefid\/\" data-type=\"page\" data-id=\"1675\">Congresos<\/a><\/p>\n\n\n\n<p><a href=\"https:\/\/webs.uab.cat\/cedid\/es\/seminarios-permanentes\/\" data-type=\"page\" data-id=\"1678\">Seminarios permanentes<\/a><\/p>\n\n\n\n<p><a href=\"https:\/\/webs.uab.cat\/cedid\/es\/jornades-dactualitzacio-cientifica-i-didactica-2\/\" data-type=\"page\" data-id=\"1679\">Jornades d&#8217;Actualitzaci\u00f3 Cient\u00edfica i Did\u00e0ctica<\/a><\/p>\n\n\n\n<p><a href=\"https:\/\/webs.uab.cat\/cedid\/es\/ciclo-de-conferencias-gref\/\" data-type=\"page\" data-id=\"1688\">Ciclo de conferencias GREF<\/a><\/p>\n\n\n\n<p><a href=\"https:\/\/webs.uab.cat\/cedid\/es\/otras-actividades\/\" data-type=\"page\" data-id=\"1805\">Simposios, workshops, reuniones cient\u00edficas<\/a><\/p>\n","protected":false},"excerpt":{"rendered":"<p>Congresos Seminarios permanentes Jornades d&#8217;Actualitzaci\u00f3 Cient\u00edfica i Did\u00e0ctica Ciclo de conferencias GREF Simposios, workshops, reuniones cient\u00edficas<\/p>\n","protected":false},"author":20,"featured_media":0,"parent":0,"menu_order":0,"comment_status":"closed","ping_status":"closed","template":"","meta":{"footnotes":""},"class_list":["post-1660","page","type-page","status-publish","hentry"],"_links":{"self":[{"href":"https:\/\/webs.uab.cat\/cedid\/es\/wp-json\/wp\/v2\/pages\/1660","targetHints":{"allow":["GET"]}}],"collection":[{"href":"https:\/\/webs.uab.cat\/cedid\/es\/wp-json\/wp\/v2\/pages"}],"about":[{"href":"https:\/\/webs.uab.cat\/cedid\/es\/wp-json\/wp\/v2\/types\/page"}],"author":[{"embeddable":true,"href":"https:\/\/webs.uab.cat\/cedid\/es\/wp-json\/wp\/v2\/users\/20"}],"replies":[{"embeddable":true,"href":"https:\/\/webs.uab.cat\/cedid\/es\/wp-json\/wp\/v2\/comments?post=1660"}],"version-history":[{"count":5,"href":"https:\/\/webs.uab.cat\/cedid\/es\/wp-json\/wp\/v2\/pages\/1660\/revisions"}],"predecessor-version":[{"id":6267,"href":"https:\/\/webs.uab.cat\/cedid\/es\/wp-json\/wp\/v2\/pages\/1660\/revisions\/6267"}],"wp:attachment":[{"href":"https:\/\/webs.uab.cat\/cedid\/es\/wp-json\/wp\/v2\/media?parent=1660"}],"curies":[{"name":"wp","href":"https:\/\/api.w.org\/{rel}","templated":true}]}}