{"id":1679,"date":"2012-06-28T18:04:30","date_gmt":"2012-06-28T18:04:30","guid":{"rendered":"https:\/\/webs.uab.cat\/cedid\/jornades-dactualitzacio-cientifica-i-didactica-2\/"},"modified":"2023-04-25T10:38:15","modified_gmt":"2023-04-25T10:38:15","slug":"jornades-dactualitzacio-cientifica-i-didactica-2","status":"publish","type":"page","link":"https:\/\/webs.uab.cat\/cedid\/es\/jornades-dactualitzacio-cientifica-i-didactica-2\/","title":{"rendered":"Jornades d&#8217;actualitzaci\u00f3 cient\u00edfica i did\u00e0ctica"},"content":{"rendered":"\n<div class=\"wp-block-media-text alignwide is-stacked-on-mobile\" style=\"grid-template-columns:30% auto\"><figure class=\"wp-block-media-text__media\"><img loading=\"lazy\" decoding=\"async\" width=\"1024\" height=\"722\" src=\"https:\/\/webs.uab.cat\/cedid\/wp-content\/uploads\/sites\/151\/2023\/04\/Cartell_Jornades_2021-1024x722.png\" alt=\"\" class=\"wp-image-6974 size-full\" srcset=\"https:\/\/webs.uab.cat\/cedid\/wp-content\/uploads\/sites\/151\/2023\/04\/Cartell_Jornades_2021-1024x722.png 1024w, https:\/\/webs.uab.cat\/cedid\/wp-content\/uploads\/sites\/151\/2023\/04\/Cartell_Jornades_2021-300x211.png 300w, https:\/\/webs.uab.cat\/cedid\/wp-content\/uploads\/sites\/151\/2023\/04\/Cartell_Jornades_2021-768x541.png 768w, https:\/\/webs.uab.cat\/cedid\/wp-content\/uploads\/sites\/151\/2023\/04\/Cartell_Jornades_2021.png 1121w\" sizes=\"auto, (max-width: 1024px) 100vw, 1024px\" \/><\/figure><div class=\"wp-block-media-text__content\">\n<p><strong>Mujeres en lucha, feminismos y cambio social<\/strong><\/p>\n\n\n\n<p>Barcelona, 5 a 9 de julio de 2021<br>Organizan: Centre d&#8217;Estudis sobre Dictadures i Democr\u00e0cies (CEDID-UAB) y Fundaci\u00f3 Carles Pi i Sunyer d&#8217;Estudis Auton\u00f2mics i Locals<\/p>\n\n\n\n<p><a rel=\"noopener\" href=\"https:\/\/webs.uab.cat\/cedid\/wp-content\/uploads\/sites\/151\/2012\/06\/programa_jornades_2021_5.pdf\" target=\"_blank\">Programa<\/a><\/p>\n<\/div><\/div>\n\n\n\n<hr class=\"wp-block-separator has-alpha-channel-opacity\" \/>\n\n\n\n<div class=\"wp-block-media-text alignwide is-stacked-on-mobile\" style=\"grid-template-columns:30% auto\"><figure class=\"wp-block-media-text__media\"><img loading=\"lazy\" decoding=\"async\" width=\"1024\" height=\"767\" src=\"https:\/\/webs.uab.cat\/cedid\/wp-content\/uploads\/sites\/151\/2023\/04\/Cartell_2019-1-1024x767.png\" alt=\"\" class=\"wp-image-6874 size-full\" srcset=\"https:\/\/webs.uab.cat\/cedid\/wp-content\/uploads\/sites\/151\/2023\/04\/Cartell_2019-1-1024x767.png 1024w, https:\/\/webs.uab.cat\/cedid\/wp-content\/uploads\/sites\/151\/2023\/04\/Cartell_2019-1-300x225.png 300w, https:\/\/webs.uab.cat\/cedid\/wp-content\/uploads\/sites\/151\/2023\/04\/Cartell_2019-1-768x575.png 768w, https:\/\/webs.uab.cat\/cedid\/wp-content\/uploads\/sites\/151\/2023\/04\/Cartell_2019-1.png 1150w\" sizes=\"auto, (max-width: 1024px) 100vw, 1024px\" \/><\/figure><div class=\"wp-block-media-text__content\">\n<p><strong>La nueva extrema derecha en Europa y Estados Unidos<\/strong><\/p>\n\n\n\n<p>Barcelona, 1 a 5 de julio de 2019<br>Organizan: Centre d&#8217;Estudis sobre Dictadures i Democr\u00e0cies (CEDID-UAB) y Fundaci\u00f3 Carles Pi i Sunyer d&#8217;Estudis Auton\u00f2mics i Locals.<\/p>\n\n\n\n<p><a rel=\"noopener\" href=\"http:\/\/centresderecerca.uab.cat\/cedid\/sites\/centresderecerca.uab.cat.cedid\/files\/11jacd_web3.pdf\" target=\"_blank\"><a rel=\"noreferrer noopener\" href=\"https:\/\/webs.uab.cat\/cedid\/wp-content\/uploads\/sites\/151\/2023\/04\/Programa_2019.pdf\" target=\"_blank\">Programa<\/a><\/a><\/p>\n<\/div><\/div>\n\n\n\n<hr class=\"wp-block-separator has-alpha-channel-opacity\" \/>\n\n\n\n<div class=\"wp-block-media-text alignwide is-stacked-on-mobile\" style=\"grid-template-columns:30% auto\"><figure class=\"wp-block-media-text__media\"><img loading=\"lazy\" decoding=\"async\" width=\"1024\" height=\"723\" src=\"https:\/\/webs.uab.cat\/cedid\/wp-content\/uploads\/sites\/151\/2023\/04\/Cartell_2017-1-1024x723.png\" alt=\"\" class=\"wp-image-6872 size-full\" srcset=\"https:\/\/webs.uab.cat\/cedid\/wp-content\/uploads\/sites\/151\/2023\/04\/Cartell_2017-1-1024x723.png 1024w, https:\/\/webs.uab.cat\/cedid\/wp-content\/uploads\/sites\/151\/2023\/04\/Cartell_2017-1-300x212.png 300w, https:\/\/webs.uab.cat\/cedid\/wp-content\/uploads\/sites\/151\/2023\/04\/Cartell_2017-1-768x542.png 768w, https:\/\/webs.uab.cat\/cedid\/wp-content\/uploads\/sites\/151\/2023\/04\/Cartell_2017-1-1200x847.png 1200w, https:\/\/webs.uab.cat\/cedid\/wp-content\/uploads\/sites\/151\/2023\/04\/Cartell_2017-1.png 1218w\" sizes=\"auto, (max-width: 1024px) 100vw, 1024px\" \/><\/figure><div class=\"wp-block-media-text__content\">\n<p><strong>De la Rep\u00fablica a la Transici\u00f3n: Historia y cine<\/strong><\/p>\n\n\n\n<p>Barcelona, 3 a 7 de julio de 2017<br>Organiza: Centre d&#8217;Estudis sobre le \u00c8poques Franquista i Democr\u00e0tica (CEFID-UAB) e Institut de Ci\u00e8ncies de l&#8217;Educaci\u00f3 (ICE-UAB).<\/p>\n\n\n\n<p><a rel=\"noopener\" href=\"http:\/\/centresderecerca.uab.cat\/cedid\/sites\/centresderecerca.uab.cat.cedid\/files\/jornades2017_cartell4.pdf\" target=\"_blank\"><a rel=\"noreferrer noopener\" href=\"https:\/\/webs.uab.cat\/cedid\/wp-content\/uploads\/sites\/151\/2023\/04\/Jornades2017_Diptic4-1.pdf\" target=\"_blank\">Programa<\/a><\/a><\/p>\n<\/div><\/div>\n\n\n\n<hr class=\"wp-block-separator has-alpha-channel-opacity\" \/>\n\n\n\n<div class=\"wp-block-media-text alignwide is-stacked-on-mobile\" style=\"grid-template-columns:30% auto\"><figure class=\"wp-block-media-text__media\"><img loading=\"lazy\" decoding=\"async\" width=\"1024\" height=\"723\" src=\"https:\/\/webs.uab.cat\/cedid\/wp-content\/uploads\/sites\/151\/2023\/04\/Cartell_2016-1-1024x723.png\" alt=\"\" class=\"wp-image-6870 size-full\" srcset=\"https:\/\/webs.uab.cat\/cedid\/wp-content\/uploads\/sites\/151\/2023\/04\/Cartell_2016-1-1024x723.png 1024w, https:\/\/webs.uab.cat\/cedid\/wp-content\/uploads\/sites\/151\/2023\/04\/Cartell_2016-1-300x212.png 300w, https:\/\/webs.uab.cat\/cedid\/wp-content\/uploads\/sites\/151\/2023\/04\/Cartell_2016-1-768x542.png 768w, https:\/\/webs.uab.cat\/cedid\/wp-content\/uploads\/sites\/151\/2023\/04\/Cartell_2016-1-1200x847.png 1200w, https:\/\/webs.uab.cat\/cedid\/wp-content\/uploads\/sites\/151\/2023\/04\/Cartell_2016-1.png 1220w\" sizes=\"auto, (max-width: 1024px) 100vw, 1024px\" \/><\/figure><div class=\"wp-block-media-text__content\">\n<p><strong>Los usos de la memoria, de la posguerra a la transici\u00f3n<\/strong><\/p>\n\n\n\n<p>Barcelona, del 4 al 8 de julio de 2016<br>Organiza: Centre d&#8217;Estudis sobre le \u00c8poques Franquista i Democr\u00e0tica (CEFID-UAB) e Institut de Ci\u00e8ncies de l&#8217;Educaci\u00f3 (ICE-UAB).<\/p>\n\n\n\n<p><a rel=\"noopener\" href=\"http:\/\/centresderecerca.uab.cat\/cedid\/sites\/centresderecerca.uab.cat.cedid\/files\/cartell_jornades_juliol_2016.pdf\" target=\"_blank\"><a rel=\"noreferrer noopener\" href=\"https:\/\/webs.uab.cat\/cedid\/wp-content\/uploads\/sites\/151\/2023\/04\/Diptic_J_2016-1.pdf\" target=\"_blank\">Programa<\/a><\/a><\/p>\n<\/div><\/div>\n\n\n\n<hr class=\"wp-block-separator has-alpha-channel-opacity\" \/>\n\n\n\n<div class=\"wp-block-media-text alignwide is-stacked-on-mobile\" style=\"grid-template-columns:30% auto\"><figure class=\"wp-block-media-text__media\"><img loading=\"lazy\" decoding=\"async\" width=\"867\" height=\"561\" src=\"https:\/\/webs.uab.cat\/cedid\/wp-content\/uploads\/sites\/151\/2023\/04\/Cartell-2015-1.png\" alt=\"\" class=\"wp-image-6868 size-full\" srcset=\"https:\/\/webs.uab.cat\/cedid\/wp-content\/uploads\/sites\/151\/2023\/04\/Cartell-2015-1.png 867w, https:\/\/webs.uab.cat\/cedid\/wp-content\/uploads\/sites\/151\/2023\/04\/Cartell-2015-1-300x194.png 300w, https:\/\/webs.uab.cat\/cedid\/wp-content\/uploads\/sites\/151\/2023\/04\/Cartell-2015-1-768x497.png 768w\" sizes=\"auto, (max-width: 867px) 100vw, 867px\" \/><\/figure><div class=\"wp-block-media-text__content\">\n<p><strong>Disidencias y resistencias al franquismo<\/strong><\/p>\n\n\n\n<p>Barcelona, del 6 al 10 de julio de 2015<br>Organiza: Centre d&#8217;Estudis sobre les \u00c8poques franquista i Democr\u00e0tica (CEFID-UAB) y Institut de Ci\u00e8ncies de l&#8217;Educaci\u00f3 (ICE-UAB).<\/p>\n\n\n\n<p><a rel=\"noopener\" href=\"http:\/\/centresderecerca.uab.cat\/cedid\/sites\/centresderecerca.uab.cat.cedid\/files\/cartell_jornades_juliol_2015.pdf\" target=\"_blank\"><a rel=\"noreferrer noopener\" href=\"https:\/\/webs.uab.cat\/cedid\/wp-content\/uploads\/sites\/151\/2023\/04\/Programa-jornades-juliol-2015-1.pdf\" target=\"_blank\">Programa<\/a><\/a><\/p>\n<\/div><\/div>\n\n\n\n<hr class=\"wp-block-separator has-alpha-channel-opacity\" \/>\n\n\n\n<div class=\"wp-block-media-text alignwide is-stacked-on-mobile\" style=\"grid-template-columns:30% auto\"><figure class=\"wp-block-media-text__media\"><img loading=\"lazy\" decoding=\"async\" width=\"1024\" height=\"721\" src=\"https:\/\/webs.uab.cat\/cedid\/wp-content\/uploads\/sites\/151\/2023\/04\/Cartell_2014-1-1024x721.png\" alt=\"\" class=\"wp-image-6864 size-full\" srcset=\"https:\/\/webs.uab.cat\/cedid\/wp-content\/uploads\/sites\/151\/2023\/04\/Cartell_2014-1-1024x721.png 1024w, https:\/\/webs.uab.cat\/cedid\/wp-content\/uploads\/sites\/151\/2023\/04\/Cartell_2014-1-300x211.png 300w, https:\/\/webs.uab.cat\/cedid\/wp-content\/uploads\/sites\/151\/2023\/04\/Cartell_2014-1-768x541.png 768w, https:\/\/webs.uab.cat\/cedid\/wp-content\/uploads\/sites\/151\/2023\/04\/Cartell_2014-1-1200x845.png 1200w, https:\/\/webs.uab.cat\/cedid\/wp-content\/uploads\/sites\/151\/2023\/04\/Cartell_2014-1.png 1216w\" sizes=\"auto, (max-width: 1024px) 100vw, 1024px\" \/><\/figure><div class=\"wp-block-media-text__content\">\n<p><strong>Conquistas y retrocesos: la democracia en Espa\u00f1a, del siglo XX al siglo XXI<\/strong><\/p>\n\n\n\n<p>Barcelona, del 30 de junio al 4 de julio de 2014<br>Organiza: Centre d&#8217;Estudis sobre les \u00c8poques franquista i Democr\u00e0tica (CEFID-UAB) y Institut de Ci\u00e8ncies de l&#8217;Educaci\u00f3 (ICE-UAB).<\/p>\n\n\n\n<p><a rel=\"noopener\" href=\"http:\/\/centresderecerca.uab.cat\/cedid\/sites\/centresderecerca.uab.cat.cedid\/files\/Cartell%20definitiu%20(1).pdf\" target=\"_blank\"><a rel=\"noreferrer noopener\" href=\"https:\/\/webs.uab.cat\/cedid\/wp-content\/uploads\/sites\/151\/2023\/04\/Programa-jornades-2014-Diptic-1.pdf\" target=\"_blank\">Programa<\/a><\/a><\/p>\n<\/div><\/div>\n\n\n\n<hr class=\"wp-block-separator has-alpha-channel-opacity\" \/>\n\n\n\n<div class=\"wp-block-media-text alignwide is-stacked-on-mobile\" style=\"grid-template-columns:30% auto\"><figure class=\"wp-block-media-text__media\"><img loading=\"lazy\" decoding=\"async\" width=\"1024\" height=\"720\" src=\"https:\/\/webs.uab.cat\/cedid\/wp-content\/uploads\/sites\/151\/2023\/04\/Cartell_2013-1-1024x720.png\" alt=\"\" class=\"wp-image-6862 size-full\" srcset=\"https:\/\/webs.uab.cat\/cedid\/wp-content\/uploads\/sites\/151\/2023\/04\/Cartell_2013-1-1024x720.png 1024w, https:\/\/webs.uab.cat\/cedid\/wp-content\/uploads\/sites\/151\/2023\/04\/Cartell_2013-1-300x211.png 300w, https:\/\/webs.uab.cat\/cedid\/wp-content\/uploads\/sites\/151\/2023\/04\/Cartell_2013-1-768x540.png 768w, https:\/\/webs.uab.cat\/cedid\/wp-content\/uploads\/sites\/151\/2023\/04\/Cartell_2013-1-1200x844.png 1200w, https:\/\/webs.uab.cat\/cedid\/wp-content\/uploads\/sites\/151\/2023\/04\/Cartell_2013-1.png 1220w\" sizes=\"auto, (max-width: 1024px) 100vw, 1024px\" \/><\/figure><div class=\"wp-block-media-text__content\">\n<p><strong>Dictadura, democracia y estado del bienestar de la segunda mitad del siglo XX al siglo XXI<\/strong><\/p>\n\n\n\n<p>Barcelona, del 1 al 5 de julio de 2013.<br>Organizado por: Centre d&#8217;Estudis sobre les \u00c8poques franquista i Democr\u00e0tica (CEFID-UAB) e Institut de Ci\u00e8ncies de l&#8217;Educaci\u00f3 (ICE-UAB).<\/p>\n\n\n\n<p><a rel=\"noreferrer noopener\" href=\"https:\/\/webs.uab.cat\/cedid\/wp-content\/uploads\/sites\/151\/2023\/04\/Programa-jornades-2013-Diptic-Definitiu-1.pdf\" target=\"_blank\">Programa<\/a><\/p>\n<\/div><\/div>\n\n\n\n<hr class=\"wp-block-separator has-alpha-channel-opacity\" \/>\n\n\n\n<div class=\"wp-block-media-text alignwide is-stacked-on-mobile\" style=\"grid-template-columns:30% auto\"><figure class=\"wp-block-media-text__media\"><img loading=\"lazy\" decoding=\"async\" width=\"1024\" height=\"723\" src=\"https:\/\/webs.uab.cat\/cedid\/wp-content\/uploads\/sites\/151\/2023\/04\/Cartell_2012-1-1024x723.png\" alt=\"\" class=\"wp-image-6860 size-full\" srcset=\"https:\/\/webs.uab.cat\/cedid\/wp-content\/uploads\/sites\/151\/2023\/04\/Cartell_2012-1-1024x723.png 1024w, https:\/\/webs.uab.cat\/cedid\/wp-content\/uploads\/sites\/151\/2023\/04\/Cartell_2012-1-300x212.png 300w, https:\/\/webs.uab.cat\/cedid\/wp-content\/uploads\/sites\/151\/2023\/04\/Cartell_2012-1-768x542.png 768w, https:\/\/webs.uab.cat\/cedid\/wp-content\/uploads\/sites\/151\/2023\/04\/Cartell_2012-1-1200x848.png 1200w, https:\/\/webs.uab.cat\/cedid\/wp-content\/uploads\/sites\/151\/2023\/04\/Cartell_2012-1.png 1219w\" sizes=\"auto, (max-width: 1024px) 100vw, 1024px\" \/><\/figure><div class=\"wp-block-media-text__content\">\n<p><strong>La Guerra Civil y la construcci\u00f3n del estado franquista: nuevas aportaciones.<\/strong><\/p>\n\n\n\n<p>Barcelona, del 2 al 6 de julio de 2012.<br>Organizado por: Centre d&#8217;Estudis sobre les \u00c8poques franquista i Democr\u00e0tica (CEFID-UAB) e Institut de Ci\u00e8ncies de l&#8217;Educaci\u00f3 (ICE-UAB).<\/p>\n\n\n\n<p><a rel=\"noopener\" href=\"http:\/\/centresderecerca.uab.cat\/cedid\/sites\/centresderecerca.uab.cat.cedid\/files\/programa.pdf\" target=\"_blank\"><a rel=\"noreferrer noopener\" href=\"https:\/\/webs.uab.cat\/cedid\/wp-content\/uploads\/sites\/151\/2023\/04\/Programa-2012.pdf\" target=\"_blank\">Programa<\/a><\/a><\/p>\n<\/div><\/div>\n\n\n\n<hr class=\"wp-block-separator has-alpha-channel-opacity\" \/>\n\n\n\n<div class=\"wp-block-media-text alignwide is-stacked-on-mobile\" style=\"grid-template-columns:30% auto\"><figure class=\"wp-block-media-text__media\"><img loading=\"lazy\" decoding=\"async\" width=\"1024\" height=\"723\" src=\"https:\/\/webs.uab.cat\/cedid\/wp-content\/uploads\/sites\/151\/2023\/04\/Cartell_2011-1-1024x723.png\" alt=\"\" class=\"wp-image-6858 size-full\" srcset=\"https:\/\/webs.uab.cat\/cedid\/wp-content\/uploads\/sites\/151\/2023\/04\/Cartell_2011-1-1024x723.png 1024w, https:\/\/webs.uab.cat\/cedid\/wp-content\/uploads\/sites\/151\/2023\/04\/Cartell_2011-1-300x212.png 300w, https:\/\/webs.uab.cat\/cedid\/wp-content\/uploads\/sites\/151\/2023\/04\/Cartell_2011-1-768x542.png 768w, https:\/\/webs.uab.cat\/cedid\/wp-content\/uploads\/sites\/151\/2023\/04\/Cartell_2011-1-1200x847.png 1200w, https:\/\/webs.uab.cat\/cedid\/wp-content\/uploads\/sites\/151\/2023\/04\/Cartell_2011-1.png 1214w\" sizes=\"auto, (max-width: 1024px) 100vw, 1024px\" \/><\/figure><div class=\"wp-block-media-text__content\">\n<p><strong>Historia y g\u00e9nero: de la II Rep\u00fablica a la transici\u00f3n a la democracia<\/strong><\/p>\n\n\n\n<p>Barcelona, del 11 al 15 de julio de 2011.<br>Organizado por: Centre d\u00b4Estudis sobre les \u00c8poques Franquista i Democr\u00e0tica (CEFID-UAB) e Institut de Ci\u00e8ncies de l\u00b4Educaci\u00f3 (ICE-UAB)<\/p>\n\n\n\n<p><a href=\"https:\/\/webs.uab.cat\/cedid\/wp-content\/uploads\/sites\/151\/2023\/04\/Programa_2011-1.pdf\" target=\"_blank\" rel=\"noreferrer noopener\">Programa<\/a><\/p>\n<\/div><\/div>\n\n\n\n<hr class=\"wp-block-separator has-alpha-channel-opacity\" \/>\n\n\n\n<div class=\"wp-block-media-text alignwide is-stacked-on-mobile\" style=\"grid-template-columns:30% auto\"><figure class=\"wp-block-media-text__media\"><img loading=\"lazy\" decoding=\"async\" width=\"1024\" height=\"718\" src=\"https:\/\/webs.uab.cat\/cedid\/wp-content\/uploads\/sites\/151\/2023\/04\/Cartell_2010-1-1024x718.png\" alt=\"\" class=\"wp-image-6856 size-full\" srcset=\"https:\/\/webs.uab.cat\/cedid\/wp-content\/uploads\/sites\/151\/2023\/04\/Cartell_2010-1-1024x718.png 1024w, https:\/\/webs.uab.cat\/cedid\/wp-content\/uploads\/sites\/151\/2023\/04\/Cartell_2010-1-300x210.png 300w, https:\/\/webs.uab.cat\/cedid\/wp-content\/uploads\/sites\/151\/2023\/04\/Cartell_2010-1-768x539.png 768w, https:\/\/webs.uab.cat\/cedid\/wp-content\/uploads\/sites\/151\/2023\/04\/Cartell_2010-1.png 1188w\" sizes=\"auto, (max-width: 1024px) 100vw, 1024px\" \/><\/figure><div class=\"wp-block-media-text__content\">\n<p><strong>La transici\u00f3n espa\u00f1ola a la democracia<\/strong><\/p>\n\n\n\n<p>Barcelona, 5, 6, 7 y 8 de julio de 2010<br>Organizado por: Centre d&#8217;Estudis sobre les \u00c8poques Franquista i Democr\u00e0tica (CEFID-UAB) y Programa Arg\u00f3 del Institut de Ci\u00e8ncies de l&#8217;Educaci\u00f3 (ICE-UAB)<\/p>\n\n\n\n<p><a rel=\"noreferrer noopener\" href=\"https:\/\/webs.uab.cat\/cedid\/wp-content\/uploads\/sites\/151\/2023\/04\/Programa-transicio.pdf\" target=\"_blank\">Programa<\/a><\/p>\n<\/div><\/div>\n\n\n\n<hr class=\"wp-block-separator has-alpha-channel-opacity\" \/>\n\n\n\n<div class=\"wp-block-media-text alignwide is-stacked-on-mobile\" style=\"grid-template-columns:30% auto\"><figure class=\"wp-block-media-text__media\"><img loading=\"lazy\" decoding=\"async\" width=\"1024\" height=\"721\" src=\"https:\/\/webs.uab.cat\/cedid\/wp-content\/uploads\/sites\/151\/2023\/04\/Cartell_2009-1-1024x721.png\" alt=\"\" class=\"wp-image-6853 size-full\" srcset=\"https:\/\/webs.uab.cat\/cedid\/wp-content\/uploads\/sites\/151\/2023\/04\/Cartell_2009-1-1024x721.png 1024w, https:\/\/webs.uab.cat\/cedid\/wp-content\/uploads\/sites\/151\/2023\/04\/Cartell_2009-1-300x211.png 300w, https:\/\/webs.uab.cat\/cedid\/wp-content\/uploads\/sites\/151\/2023\/04\/Cartell_2009-1-768x541.png 768w, https:\/\/webs.uab.cat\/cedid\/wp-content\/uploads\/sites\/151\/2023\/04\/Cartell_2009-1-1200x845.png 1200w, https:\/\/webs.uab.cat\/cedid\/wp-content\/uploads\/sites\/151\/2023\/04\/Cartell_2009-1.png 1220w\" sizes=\"auto, (max-width: 1024px) 100vw, 1024px\" \/><\/figure><div class=\"wp-block-media-text__content\">\n<p><strong>Literatura del exilio<\/strong><\/p>\n\n\n\n<p>Barcelona, UAB Casa Convalesc\u00e8ncia, del 6 al 10 de julio de 2009<br>Organizado por: Centre d&#8217;Estudis sobre les \u00c8poques Franquista i Democr\u00e0tica (CEFID-UAB) y Programa Arg\u00f3 del Institut de Ci\u00e8ncies de l&#8217;Educaci\u00f3 (ICE-UAB)<\/p>\n\n\n\n<p><a rel=\"noopener\" href=\"http:\/\/centresderecerca.uab.cat\/cedid\/sites\/centresderecerca.uab.cat.cedid\/files\/pro_lit_exili.pdf\" target=\"_blank\"><a rel=\"noreferrer noopener\" href=\"https:\/\/webs.uab.cat\/cedid\/wp-content\/uploads\/sites\/151\/2023\/04\/Programa_2009.pdf\" target=\"_blank\">Programa<\/a><\/a><\/p>\n<\/div><\/div>\n\n\n\n<hr class=\"wp-block-separator has-alpha-channel-opacity\" \/>\n\n\n\n<div class=\"wp-block-media-text alignwide is-stacked-on-mobile\" style=\"grid-template-columns:30% auto\"><figure class=\"wp-block-media-text__media\"><img loading=\"lazy\" decoding=\"async\" width=\"1024\" height=\"694\" src=\"https:\/\/webs.uab.cat\/cedid\/wp-content\/uploads\/sites\/151\/2023\/04\/Cartell_2008-1-1024x694.png\" alt=\"\" class=\"wp-image-6851 size-full\" srcset=\"https:\/\/webs.uab.cat\/cedid\/wp-content\/uploads\/sites\/151\/2023\/04\/Cartell_2008-1-1024x694.png 1024w, https:\/\/webs.uab.cat\/cedid\/wp-content\/uploads\/sites\/151\/2023\/04\/Cartell_2008-1-300x203.png 300w, https:\/\/webs.uab.cat\/cedid\/wp-content\/uploads\/sites\/151\/2023\/04\/Cartell_2008-1-768x520.png 768w, https:\/\/webs.uab.cat\/cedid\/wp-content\/uploads\/sites\/151\/2023\/04\/Cartell_2008-1.png 1151w\" sizes=\"auto, (max-width: 1024px) 100vw, 1024px\" \/><\/figure><div class=\"wp-block-media-text__content\">\n<p><strong>El franquisme. Estat de la questi\u00f3 i experi\u00e8nces did\u00e0ctiques<\/strong><\/p>\n\n\n\n<p>Barcelona, UAB Casa Convalesc\u00e8ncia, del 7 al 10 de julio de 2008<br>Organizado por: Centre d&#8217;Estudis sobre les \u00c8poques Franquista i Democr\u00e0tica (CEFID-UAB) y Programa Arg\u00f3 del Institut de Ci\u00e8ncies de l&#8217;Educaci\u00f3 (ICE-UAB)<\/p>\n\n\n\n<p><a rel=\"noopener\" href=\"http:\/\/centresderecerca.uab.cat\/cedid\/sites\/centresderecerca.uab.cat.cedid\/files\/prog_franq.pdf\" target=\"_blank\"><a rel=\"noreferrer noopener\" href=\"https:\/\/webs.uab.cat\/cedid\/wp-content\/uploads\/sites\/151\/2023\/04\/Programa_2008-1.pdf\" target=\"_blank\">Programa<\/a><\/a><\/p>\n<\/div><\/div>\n","protected":false},"excerpt":{"rendered":"<p>Mujeres en lucha, feminismos y cambio social Barcelona, 5 a 9 de julio de 2021Organizan: Centre d&#8217;Estudis sobre Dictadures i Democr\u00e0cies (CEDID-UAB) y Fundaci\u00f3 Carles Pi i Sunyer d&#8217;Estudis Auton\u00f2mics i Locals Programa La nueva extrema derecha en Europa y Estados Unidos Barcelona, 1 a 5 de julio de 2019Organizan: Centre d&#8217;Estudis sobre Dictadures i [&hellip;]<\/p>\n","protected":false},"author":20,"featured_media":0,"parent":0,"menu_order":0,"comment_status":"closed","ping_status":"closed","template":"","meta":{"footnotes":""},"class_list":["post-1679","page","type-page","status-publish","hentry"],"_links":{"self":[{"href":"https:\/\/webs.uab.cat\/cedid\/es\/wp-json\/wp\/v2\/pages\/1679","targetHints":{"allow":["GET"]}}],"collection":[{"href":"https:\/\/webs.uab.cat\/cedid\/es\/wp-json\/wp\/v2\/pages"}],"about":[{"href":"https:\/\/webs.uab.cat\/cedid\/es\/wp-json\/wp\/v2\/types\/page"}],"author":[{"embeddable":true,"href":"https:\/\/webs.uab.cat\/cedid\/es\/wp-json\/wp\/v2\/users\/20"}],"replies":[{"embeddable":true,"href":"https:\/\/webs.uab.cat\/cedid\/es\/wp-json\/wp\/v2\/comments?post=1679"}],"version-history":[{"count":5,"href":"https:\/\/webs.uab.cat\/cedid\/es\/wp-json\/wp\/v2\/pages\/1679\/revisions"}],"predecessor-version":[{"id":6979,"href":"https:\/\/webs.uab.cat\/cedid\/es\/wp-json\/wp\/v2\/pages\/1679\/revisions\/6979"}],"wp:attachment":[{"href":"https:\/\/webs.uab.cat\/cedid\/es\/wp-json\/wp\/v2\/media?parent=1679"}],"curies":[{"name":"wp","href":"https:\/\/api.w.org\/{rel}","templated":true}]}}