{"id":1688,"date":"2012-06-28T18:05:04","date_gmt":"2012-06-28T18:05:04","guid":{"rendered":"https:\/\/webs.uab.cat\/cedid\/ciclo-de-conferencias-gref\/"},"modified":"2023-06-14T13:56:55","modified_gmt":"2023-06-14T13:56:55","slug":"ciclo-de-conferencias-gref","status":"publish","type":"page","link":"https:\/\/webs.uab.cat\/cedid\/es\/ciclo-de-conferencias-gref\/","title":{"rendered":"Ciclo de conferencias GReDD"},"content":{"rendered":"\n<p><strong>1968, a uno y otro lado de los Pirineos<\/strong><\/p>\n\n\n\n<p>23 de marzo de 2018<br><em>El 68 franc\u00e9s, \u00bfuna revoluci\u00f3n que tan s\u00f3lo estall\u00f3?<\/em>, a cargo de Brice Chamouleau (Universit\u00e9 Paris 8)<br><em>1968 y\/en la sociedad espa\u00f1ola<\/em>, a cargo de Jaime Pastor (UNED)<\/p>\n\n\n\n<p><a rel=\"noreferrer noopener\" href=\"https:\/\/webs.uab.cat\/cedid\/wp-content\/uploads\/sites\/151\/2023\/06\/Cartell_-conferencies_GREF.pdf\" target=\"_blank\">Programa<\/a><\/p>\n\n\n\n<p><a href=\"https:\/\/www.youtube.com\/watch?v=9paXIOwM1NA\">Ve al video<\/a><\/p>\n\n\n\n<hr class=\"wp-block-separator has-alpha-channel-opacity\" \/>\n\n\n\n<p><strong>Una d\u00e9cada de cambios: cultura y&nbsp;pol\u00edtica, 1967-1977<\/strong><\/p>\n\n\n\n<p>24 de marzo&nbsp;de 2017<\/p>\n\n\n\n<p><em>La cultura contestataria<\/em>. A cargo&nbsp;de Jordi Mir (Universitat Pompeu Fabra)<br><em>Las \u00abrevoluciones\u00bb del 68<\/em>. A cargo de Manuel Loff (Universidade do Porto)<\/p>\n\n\n\n<p><a rel=\"noreferrer noopener\" href=\"https:\/\/webs.uab.cat\/cedid\/wp-content\/uploads\/sites\/151\/2023\/06\/Cartelldefinitiu.pdf\" target=\"_blank\">Programa<\/a><\/p>\n\n\n\n<p><a href=\"https:\/\/www.youtube.com\/watch?v=fVMkVwP1WqA\">Ve al v\u00eddeo 1<\/a><\/p>\n\n\n\n<p><a href=\"https:\/\/www.youtube.com\/watch?v=qlmc6cZJOq4\">Ve al v\u00eddeo 2<\/a><\/p>\n\n\n\n<hr class=\"wp-block-separator has-alpha-channel-opacity\" \/>\n\n\n\n<p><strong>La <em>Caputxinada<\/em> y el movimiento estudiantil antifranquista<\/strong><\/p>\n\n\n\n<p>4 de marzo de 2016<\/p>\n\n\n\n<p><em>El movimiento estudiantil: efervescencias pol\u00edtico-culturales y ruptura generacional.<\/em> A cargo de Alberto Carrillo-Linares (Universidad de Sevilla)<br><em>Mesa redonda: los protagonistas<\/em>. Con Joan Clavera y Xavier Folch.<\/p>\n\n\n\n<p><a href=\"http:\/\/centresderecerca.uab.cat\/cedid\/sites\/centresderecerca.uab.cat.cedid\/files\/Cartell_confer\u00e8ncies_GREF_2016.pdf\" target=\"_blank\" rel=\"noopener\">Programa<\/a><\/p>\n\n\n\n<hr class=\"wp-block-separator has-alpha-channel-opacity\" \/>\n\n\n\n<p class=\"has-small-font-size\"><strong>El exilio republicano de 1939<\/strong><\/p>\n\n\n\n<p>20 de marzo de 2015<\/p>\n\n\n\n<p>\u00abIdentidades y culturas pol\u00edticas del exilio republicano\u00bb, a cargo de Abd\u00f3n Mateos (UNED)<br>\u00abL\u2019exili catal\u00e0, 1939-1954\u00bb, a cargo de Francesc Vilanova (UAB)<\/p>\n\n\n\n<p><a href=\"http:\/\/centresderecerca.uab.cat\/cedid\/sites\/centresderecerca.uab.cat.cedid\/files\/Cartell%20confer\u00e8ncies.pdf\" target=\"_blank\" rel=\"noopener\">Programa<\/a><\/p>\n\n\n\n<hr class=\"wp-block-separator has-alpha-channel-opacity\" \/>\n\n\n\n<p><strong>La Revoluci\u00f3n de los Claveles y Espa\u00f1a<\/strong><\/p>\n\n\n\n<p>14 de marzo de 2014:<br>\u201cLa revoluci\u00f3 portuguesa de 1974\u201d, a cargo de Manuel Loff (Universidad do Porto)<br>\u201cEl franquisme en crisis\u201d, a cargo de Carme Molinero (UAB)<\/p>\n\n\n\n<p>21 de marzo&nbsp;de 2014:<br>\u201cLa influ\u00e8ncia de la revoluci\u00f3 portuguesa a Espanya\u00bb, a cargo de Josep S\u00e1nchez Cervell\u00f3 (Universitat Rovira i Virgili)<\/p>\n\n\n\n<p><a rel=\"noreferrer noopener\" href=\"http:\/\/centresderecerca.uab.cat\/cedid\/sites\/centresderecerca.uab.cat.cedid\/files\/ISO-8859-1''Cartell%20cicle%20confer%C4%8Dncies%20gref%202014_0.pdf\" target=\"_blank\">Programa<\/a><\/p>\n\n\n\n<hr class=\"wp-block-separator has-alpha-channel-opacity\" \/>\n\n\n\n<p><strong>De la Secci\u00f3n Femenina al movimiento feminista. Mujeres, franquismo y transici\u00f3n<\/strong><\/p>\n\n\n\n<p>8 de marzo de 2013.<br>\u00abMujeres, g\u00e9nero y poder durante el franquismo\u00bb, a cargo de: \u00c1ngela Cenarro (Universidad de Zaragoza)<br>\u00abMujeres, g\u00e9nero y condiciones laborales durante el franquismo\u00bb, a cargo de: Carmen Sarasua (UAB)<\/p>\n\n\n\n<p>15 de marzo de 2013.<br>\u00abLa aportaci\u00f3n del feminismo a la construcci\u00f3n de la cultura pol\u00edtica democr\u00e1tica\u00bb, a cargo de: Pilar Toboso (Universidad Aut\u00f3noma de Madrid)<\/p>\n\n\n\n<p><a href=\"http:\/\/centresderecerca.uab.cat\/cedid\/sites\/centresderecerca.uab.cat.cedid\/files\/Cartell%202013_0.pdf\" target=\"_blank\" rel=\"noopener\">Programa<\/a><\/p>\n\n\n\n<hr class=\"wp-block-separator has-alpha-channel-opacity\" \/>\n\n\n\n<p><strong>Sociedad y pol\u00edtica durante el primer franquismo<\/strong><\/p>\n\n\n\n<p>16 de marzo de 2012<br>\u00abPol\u00edticas de consenso y actitudes sociales durante el primer franquismo\u00bb, a cargo de: Pere Ys\u00e0s (UAB)<br>\u00abEl poder local en la configuraci\u00f3n del Estado franquista\u00bb, a cargo de: Juli\u00e1n Sanz (Universidad de Valencia)<\/p>\n\n\n\n<p>23 de marzo de 2012<br>\u00abLa inmigraci\u00f3n de postguerra, \u00bfun or\u00edgen pol\u00edtico?\u00bb, a cargo de: Mart\u00ed Mar\u00edn (UAB)<br>\u00abLa pol\u00edtica penitenciaria en la consolidaci\u00f3n del Estado franquista\u00bb, a cargo de: Gutmaro G\u00f3mez Bravo (Universidad Complutense de Madrid)<\/p>\n\n\n\n<p><a href=\"http:\/\/centresderecerca.uab.cat\/cedid\/sites\/centresderecerca.uab.cat.cedid\/files\/ISO-8859-1''Societat%20i%20pol\u00edtica%20primer%20franquisme_0.pdf\" target=\"_blank\" rel=\"noopener\">Programa<\/a><\/p>\n\n\n\n<hr class=\"wp-block-separator has-alpha-channel-opacity\" \/>\n\n\n\n<p><strong>La Iglesia y los cat\u00f3licos durante el franquismo<\/strong><\/p>\n\n\n\n<p>1 de abril de 2011:<br>\u00abLa Iglesia en el primer franquismo\u00bb, a cargo de: Juli\u00e1n Casanova (Universidad de Zaragoza)<\/p>\n\n\n\n<p>8 de abril de 2011:<br>\u00abLes disidencias cat\u00f3licas\u00bb, a cargo de: Rafael D\u00edaz Salazar (Universidad Complutense de Madrid)<br>\u00abLa Iglesia espa\u00f1ola y el Vaticano despu\u00e9s del Concilio\u00bb, a cargo de: Giuliana di Febo (Universit\u00e0 degli Studi Roma Tre)<\/p>\n\n\n\n<p><a href=\"http:\/\/centresderecerca.uab.cat\/cedid\/sites\/centresderecerca.uab.cat.cedid\/files\/cartell_esglesia_0.pdf\" target=\"_blank\" rel=\"noopener\">Programa<\/a><\/p>\n\n\n\n<hr class=\"wp-block-separator has-alpha-channel-opacity\" \/>\n\n\n\n<p><strong>Los movimientos sociales antifranquistas<\/strong><\/p>\n\n\n\n<p>5 de marzo de 2010<br>\u00abEl movimiento obrero\u00bb, a cargo de: Rub\u00e9n Vega (Universidad de Oviedo)<br>\u00abEl movimiento vecinal\u00bb, a cargo de: Ricard Mart\u00ednez i Muntada (UAB-CEFID)<\/p>\n\n\n\n<p>12 de marzo de 2010<br>\u00abEl movimiento estudiantil\u00bb, a cargo de: Sergio Rodr\u00edguez Tejada (Universitat de Val\u00e8ncia)<br>\u00abEl activismo cultural\u00bb, a cargo de: Borja de Riquer (UAB-CEFID)<\/p>\n\n\n\n<p><a href=\"http:\/\/centresderecerca.uab.cat\/cedid\/sites\/centresderecerca.uab.cat.cedid\/files\/Cartell%20moviments%20socials%20antifranquistes_0.pdf\" target=\"_blank\" rel=\"noopener\">Programa&nbsp;<\/a><\/p>\n\n\n\n<hr class=\"wp-block-separator has-alpha-channel-opacity\" \/>\n\n\n\n<p><strong>1939:<\/strong> <em><strong>A\u00f1o de la Victoria<\/strong><\/em><\/p>\n\n\n\n<p>20 de marzo de 2009<br>\u00abL&#8217;exili republic\u00e0\u00bb, a cargo de Francesc Vilanova, Universitat Aut\u00f3noma de Barcelona<br>\u00abLa repressi\u00f3n franquista\u00bb, a cargo de Contxita Mir, Universitat de Lleida<\/p>\n\n\n\n<p>27 de marzo de 2009<br>\u00abEl franquisme entre dues guerres\u00bb, a cargo de Rosa Pardo, Universidad Nacional de Educaci\u00f3n a Distancia<br>\u00abL&#8217;Esgl\u00e9sia de la Croada\u00bb, a cargo de Juli\u00e1n Casanova, Universidad de Zaragoza<\/p>\n\n\n\n<p><a href=\"http:\/\/centresderecerca.uab.cat\/cedid\/sites\/centresderecerca.uab.cat.cedid\/files\/ISO-8859-1''Cartell%201939%20a\u00f1o%20de%20la%20victoria_0.pdf\" target=\"_blank\" rel=\"noopener\">Programa<\/a><\/p>\n\n\n\n<hr class=\"wp-block-separator has-alpha-channel-opacity\" \/>\n\n\n\n<p><strong>Cinema y franquismo: propaganda y realidad social<\/strong><\/p>\n\n\n\n<p>7 de marzo de 2008<br>Raza (1942) de Jos\u00e9 Luis S\u00e1enz de Heredia, presentaci\u00f3n y conducci\u00f3n del debate a cargo de Vicente S\u00e1nchez-Biosca (Universitat de Val\u00e8ncia)<\/p>\n\n\n\n<p>28 de marzo de 2008<br>La Colmena (1982) de Mario Camus, presentaci\u00f3n y conducci\u00f3n del debate a cargo de Juan Rodr\u00edguez (Universitat Aut\u00f2noma de Barcelona)<\/p>\n\n\n\n<p><a href=\"http:\/\/centresderecerca.uab.cat\/cedid\/sites\/centresderecerca.uab.cat.cedid\/files\/Cartell%20Cinema%20i%20Franquisme%20C_0.pdf\" target=\"_blank\" rel=\"noopener\">Programa<\/a><\/p>\n\n\n\n<hr class=\"wp-block-separator has-alpha-channel-opacity\" \/>\n\n\n\n<p><strong>Franquismo y vida cotidiana<\/strong><\/p>\n\n\n\n<p>16 de marzo de 2007<br>\u00abMiseria y opulencia en la posguerra\u00bb, a cargo de: Ramir Reig, Universidad de Valencia<br>\u00abLos a\u00f1os 50 y la cultura nacionalcat\u00f3lica\u00bb, a cargo de: Antonio Canales, Univesidad de La Laguna<\/p>\n\n\n\n<p>23 de marzo de 2007<br>\u00abLos a\u00f1os sesenta: una sociedad en transformaci\u00f3n\u00bb, a cargo de: Glicerio S\u00e1nchez, Universidad de Alicante<br>\u00abLos setenta: una societat efervescent\u00bb, a cargo de: Miguel \u00c1ngel Ruiz Carnicer, Universidad de Zaragoza<\/p>\n\n\n\n<hr class=\"wp-block-separator has-alpha-channel-opacity\" \/>\n\n\n\n<p><strong>Pol\u00edticas de g\u00e9nero y condic\u00f3n femenina durante la II Rep\u00fablica y el franquismo<\/strong><\/p>\n\n\n\n<p>24 de marzo de 2006<br>\u00abCiudadan\u00eda femenina e identidad de g\u00e9nero en la II Rep\u00fablica\u00bb, a cargo de: Ana Aguado (Universidad de Valencia)<br>\u00abModelos de g\u00e9nero y propaganda franquista\u00bb, a cargo de: Marie-Aline Barrachina (Universidad de Nice)<\/p>\n\n\n\n<p>31 de marzo de 2006<br>\u00abEl presidio pol\u00edtic femenino en la dictadura franquista\u00bb, a cargo de: Ricard Vinyes (Universidad de Barcelona)<br>\u00abLas mujeres y la pol\u00edtica: marco legislativo y realidad social\u00bb, a cargo de: Gloria Nielfa (Universidad Complutense de Madrid)<\/p>\n\n\n\n<hr class=\"wp-block-separator has-alpha-channel-opacity\" \/>\n\n\n\n<p><strong>Espa\u00f1a y la II Guerra Mundial<\/strong><\/p>\n\n\n\n<p>4 de marzo de 2005<br>\u00abEl Nuevo Orden Europeo\u00bb, a cargo de: Manuel Loff (Universidad de Oporto)<br>Proyecci\u00f3n del film Noche y niebla (Alain Resnais), coloquio con Enric Marco (Amical de Mauthausen)<\/p>\n\n\n\n<p>11 de marzo de 2005<br>\u00abEspa\u00f1a y el Nuevo Orden Europeo\u00bb, a cargo de: Manuel Ros Agudo (Universidad San Pablo-CEU)<br>\u00abLa Divisi\u00f3n Azul y la colaboraci\u00f3n nazi-franquista\u00bb, a cargo de: Xavier Moreno Juli\u00e0 (Universidad Rovira i Virgili)<\/p>\n\n\n\n<hr class=\"wp-block-separator has-alpha-channel-opacity\" \/>\n\n\n\n<p><strong>Las migraciones: fen\u00f3meno social y pol\u00edtico<\/strong><\/p>\n\n\n\n<p>19 de marzo de 2004<br>\u00abLa emigraci\u00f3n de los sesenta en Europa: anomia y movilizaci\u00f3n\u00bb, a cargo de: Jos\u00e9 Babiano (Fundaci\u00f3n Primero de Mayo)<br>\u00abInmigrantes de ayer y de hoy\u00bb, a cargo de: Jaume Botey (Universidad Aut\u00f3noma de Barcelona)<\/p>\n\n\n\n<p>26 de marzo de 2004<br>\u00abUna emigraci\u00f3n pol\u00edtica y econ\u00f3mica\u00bb, a cargo de: Angelina Puig, historiadora<br>\u00abLas pol\u00edticas franquistas versus la migraci\u00f3n\u00bb, a cargo de: Mart\u00ed Mar\u00edn (Universidat Aut\u00f3noma de Barcelona)<\/p>\n\n\n\n<hr class=\"wp-block-separator has-alpha-channel-opacity\" \/>\n\n\n\n<p><strong>Los aliados de Franco, 1936-1953<\/strong><\/p>\n\n\n\n<p>28 de marzo de 2003<br>\u00abEl amigo americano\u00bb, a cargo de: Rosa Pardo (UNED)<br>\u00abEl aval vaticano\u00bb, a cargo de: Hilari Raguer (Historiador)<\/p>\n\n\n\n<p>21 de marzo de 2003<br>\u00abLa alianza con nazi y fascistas durante la guerra y la postguerra\u00bb, a cargo de: Ismael Saz (Universidad de Valencia)<br>\u00abLa ambivalencia brit\u00e1nica respecto al franquismo\u00bb, a cargo de: Enrque Moradiellos (Universidad de Extremadura)<\/p>\n\n\n\n<hr class=\"wp-block-separator has-alpha-channel-opacity\" \/>\n\n\n\n<p><strong>La lucha antifranquista<\/strong><\/p>\n\n\n\n<p>19 de abril de 2002.<br>\u00abLas guerrillas contra Franco\u00bb, a cargo de: Secundino Serrano (I.B. Le\u00f3n)<br>\u00abEl surgimiento de una nueva oposici\u00f3n\u00bb, a cargo de: Encarna Nicol\u00e1s (Universidad de Murcia)<\/p>\n\n\n\n<p>26 de abril de 2002<br>\u00abCultura y Lucha antifranquista\u00bb, a cargo de: Manuel V\u00e1zquez Monralb\u00e1n (escritor)<br>Mesa Redonda: \u00abUna inmensa y diversa minor\u00eda\u00bb<br>Participantes: Jos\u00e9 Luis L\u00f3pez Bulla (CCOO), Laura Tremesa (Colegios profesionales), Carles Prieto (Movimiento vecinal)<\/p>\n","protected":false},"excerpt":{"rendered":"<p>1968, a uno y otro lado de los Pirineos 23 de marzo de 2018El 68 franc\u00e9s, \u00bfuna revoluci\u00f3n que tan s\u00f3lo estall\u00f3?, a cargo de Brice Chamouleau (Universit\u00e9 Paris 8)1968 y\/en la sociedad espa\u00f1ola, a cargo de Jaime Pastor (UNED) Programa Ve al video Una d\u00e9cada de cambios: cultura y&nbsp;pol\u00edtica, 1967-1977 24 de marzo&nbsp;de 2017 [&hellip;]<\/p>\n","protected":false},"author":20,"featured_media":0,"parent":0,"menu_order":0,"comment_status":"closed","ping_status":"closed","template":"","meta":{"footnotes":""},"class_list":["post-1688","page","type-page","status-publish","hentry"],"_links":{"self":[{"href":"https:\/\/webs.uab.cat\/cedid\/es\/wp-json\/wp\/v2\/pages\/1688","targetHints":{"allow":["GET"]}}],"collection":[{"href":"https:\/\/webs.uab.cat\/cedid\/es\/wp-json\/wp\/v2\/pages"}],"about":[{"href":"https:\/\/webs.uab.cat\/cedid\/es\/wp-json\/wp\/v2\/types\/page"}],"author":[{"embeddable":true,"href":"https:\/\/webs.uab.cat\/cedid\/es\/wp-json\/wp\/v2\/users\/20"}],"replies":[{"embeddable":true,"href":"https:\/\/webs.uab.cat\/cedid\/es\/wp-json\/wp\/v2\/comments?post=1688"}],"version-history":[{"count":5,"href":"https:\/\/webs.uab.cat\/cedid\/es\/wp-json\/wp\/v2\/pages\/1688\/revisions"}],"predecessor-version":[{"id":7364,"href":"https:\/\/webs.uab.cat\/cedid\/es\/wp-json\/wp\/v2\/pages\/1688\/revisions\/7364"}],"wp:attachment":[{"href":"https:\/\/webs.uab.cat\/cedid\/es\/wp-json\/wp\/v2\/media?parent=1688"}],"curies":[{"name":"wp","href":"https:\/\/api.w.org\/{rel}","templated":true}]}}