{"id":1703,"date":"2013-04-22T18:31:58","date_gmt":"2013-04-22T18:31:58","guid":{"rendered":"https:\/\/webs.uab.cat\/cedid\/programa-argo-2\/"},"modified":"2013-05-15T17:25:28","modified_gmt":"2013-05-15T17:25:28","slug":"programa-argo-2","status":"publish","type":"page","link":"https:\/\/webs.uab.cat\/cedid\/es\/programa-argo-2\/","title":{"rendered":"Programa Arg\u00f3"},"content":{"rendered":"<p align=\"justify\">El centro participa desde el a\u00f1o 2003 en el programa Arg\u00f3<span style=\"line-height: 20.80000114440918px;\">, impulsado por el&nbsp;<\/span><span style=\"line-height: 20.80000114440918px;\">Institut de Ci\u00e8ncies de l\u2019Educaci\u00f3 de la UAB y orientado a la colaboraci\u00f3n con la ense\u00f1anza secundaria. En el marco de este programa, cada verano el centro recibe durante tres semanas a un n\u00famero variable de estudiantes de Bachillerato. Durante su estancia en la UAB, los estudiantes realizan pr\u00e1cticas y tareas de apoyo a la actividad del centro, recibiendo orientaci\u00f3n para sus trabajos de investigaci\u00f3n hist\u00f3rica, tanto en lo relativo al enfoque general como a la metodolog\u00eda y las fuentes de informaci\u00f3n.<\/span><\/p>\n<p align=\"justify\"><a href=\"http:\/\/ice2.uab.cat\/argo\/presentacio.htm\" style=\"font-size: 13px;\" target=\"_blank\" rel=\"noopener\">M\u00e1s informaci\u00f3n<\/a><\/p>\n","protected":false},"excerpt":{"rendered":"<p>El centro participa desde el a\u00f1o 2003 en el programa Arg\u00f3, impulsado por el&nbsp;Institut de Ci\u00e8ncies de l\u2019Educaci\u00f3 de la UAB y orientado a la colaboraci\u00f3n con la ense\u00f1anza secundaria. En el marco de este programa, cada verano el centro recibe durante tres semanas a un n\u00famero variable de estudiantes de Bachillerato. Durante su estancia [&hellip;]<\/p>\n","protected":false},"author":20,"featured_media":0,"parent":0,"menu_order":0,"comment_status":"closed","ping_status":"closed","template":"","meta":{"footnotes":""},"class_list":["post-1703","page","type-page","status-publish","hentry"],"_links":{"self":[{"href":"https:\/\/webs.uab.cat\/cedid\/es\/wp-json\/wp\/v2\/pages\/1703","targetHints":{"allow":["GET"]}}],"collection":[{"href":"https:\/\/webs.uab.cat\/cedid\/es\/wp-json\/wp\/v2\/pages"}],"about":[{"href":"https:\/\/webs.uab.cat\/cedid\/es\/wp-json\/wp\/v2\/types\/page"}],"author":[{"embeddable":true,"href":"https:\/\/webs.uab.cat\/cedid\/es\/wp-json\/wp\/v2\/users\/20"}],"replies":[{"embeddable":true,"href":"https:\/\/webs.uab.cat\/cedid\/es\/wp-json\/wp\/v2\/comments?post=1703"}],"version-history":[{"count":0,"href":"https:\/\/webs.uab.cat\/cedid\/es\/wp-json\/wp\/v2\/pages\/1703\/revisions"}],"wp:attachment":[{"href":"https:\/\/webs.uab.cat\/cedid\/es\/wp-json\/wp\/v2\/media?parent=1703"}],"curies":[{"name":"wp","href":"https:\/\/api.w.org\/{rel}","templated":true}]}}