{"id":1708,"date":"2009-05-08T11:23:04","date_gmt":"2009-05-08T11:23:04","guid":{"rendered":"https:\/\/webs.uab.cat\/cedid\/historia-y-datos-0\/"},"modified":"2025-02-05T18:06:46","modified_gmt":"2025-02-05T18:06:46","slug":"historia-y-datos-0","status":"publish","type":"page","link":"https:\/\/webs.uab.cat\/cedid\/es\/historia-y-datos-0\/","title":{"rendered":"Historia y datos"},"content":{"rendered":"\n<p><a href=\"https:\/\/webs.uab.cat\/cedid\/es\/el-centro\/\" data-type=\"page\" data-id=\"1474\" target=\"_blank\" rel=\"noreferrer noopener\">El CEDID<\/a><\/p>\n\n\n\n<p><a href=\"https:\/\/webs.uab.cat\/cedid\/es\/equipo-directivo-0\/\" data-type=\"page\" data-id=\"1536\">Equipo de Direcci\u00f3n<\/a><\/p>\n\n\n\n<p><a href=\"https:\/\/webs.uab.cat\/cedid\/es\/consejo-asesor-0\/\" data-type=\"page\" data-id=\"1537\">Consejo Asesor<\/a><\/p>\n\n\n\n<p><a href=\"https:\/\/webs.uab.cat\/cedid\/es\/reglamento-0\/\" data-type=\"page\" data-id=\"1538\">Reglamento<\/a><\/p>\n\n\n\n<p><a href=\"https:\/\/webs.uab.cat\/cedid\/es\/memorias-anuales-del-cefid\/\" data-type=\"page\" data-id=\"1516\">Memorias anuales<\/a><\/p>\n\n\n\n<p><a href=\"https:\/\/webs.uab.cat\/cedid\/es\/resenya-historica\/\" data-type=\"page\" data-id=\"311\">Rese\u00f1a hist\u00f3rica<\/a><\/p>\n\n\n\n<p><\/p>\n","protected":false},"excerpt":{"rendered":"<p>El CEDID Equipo de Direcci\u00f3n Consejo Asesor Reglamento Memorias anuales Rese\u00f1a hist\u00f3rica<\/p>\n","protected":false},"author":20,"featured_media":0,"parent":0,"menu_order":0,"comment_status":"closed","ping_status":"closed","template":"","meta":{"footnotes":""},"class_list":["post-1708","page","type-page","status-publish","hentry"],"_links":{"self":[{"href":"https:\/\/webs.uab.cat\/cedid\/es\/wp-json\/wp\/v2\/pages\/1708","targetHints":{"allow":["GET"]}}],"collection":[{"href":"https:\/\/webs.uab.cat\/cedid\/es\/wp-json\/wp\/v2\/pages"}],"about":[{"href":"https:\/\/webs.uab.cat\/cedid\/es\/wp-json\/wp\/v2\/types\/page"}],"author":[{"embeddable":true,"href":"https:\/\/webs.uab.cat\/cedid\/es\/wp-json\/wp\/v2\/users\/20"}],"replies":[{"embeddable":true,"href":"https:\/\/webs.uab.cat\/cedid\/es\/wp-json\/wp\/v2\/comments?post=1708"}],"version-history":[{"count":3,"href":"https:\/\/webs.uab.cat\/cedid\/es\/wp-json\/wp\/v2\/pages\/1708\/revisions"}],"predecessor-version":[{"id":9252,"href":"https:\/\/webs.uab.cat\/cedid\/es\/wp-json\/wp\/v2\/pages\/1708\/revisions\/9252"}],"wp:attachment":[{"href":"https:\/\/webs.uab.cat\/cedid\/es\/wp-json\/wp\/v2\/media?parent=1708"}],"curies":[{"name":"wp","href":"https:\/\/api.w.org\/{rel}","templated":true}]}}