{"id":1813,"date":"2013-05-16T17:49:06","date_gmt":"2013-05-16T17:49:06","guid":{"rendered":"https:\/\/webs.uab.cat\/cedid\/catalunya-durant-el-franquisme-2\/"},"modified":"2025-02-20T17:27:09","modified_gmt":"2025-02-20T17:27:09","slug":"catalunya-durant-el-franquisme-2","status":"publish","type":"page","link":"https:\/\/webs.uab.cat\/cedid\/es\/catalunya-durant-el-franquisme-2\/","title":{"rendered":"Catalunya durant el franquisme"},"content":{"rendered":"\n<p>La Base de datos Catalu\u00f1a durante el franquismo, elaborada por el CEFID con la participaci\u00f3n de un centenar de especialistas en el periodo, agrupa m\u00e1s de 700 registros sobre organizaciones, instituciones, biograf\u00edas, fen\u00f3menos y acontecimientos vividos durante el periodo franquista en Catalu\u00f1a. Su dise\u00f1o t\u00e9cnico permite buscar por palabras clave generales (cualquier palabra que contenga la base de datos), t\u00edtulo de la entrada, por organizaciones (Movimiento Socialista de Catalunya, Cofrad\u00eda de la Virgen Mar\u00eda de Montserrat, etc.), nombres (Raimon, Merc\u00e8 Rodoreda, etc.), descriptores tem\u00e1ticos (por ej: organizaci\u00f3n social, represi\u00f3n, prisi\u00f3n, escritor, etc.), fen\u00f3menos (Escuela de Barcelona, Novela en el exilio, etc.) o acontecimientos (Visitas de Franco en Catalu\u00f1a, Capuchinada, etc.) y por la conjunci\u00f3n de diferentes vectores de b\u00fasqueda. Desde 2006 est\u00e0 a disposici\u00f3n de los investigadores del periodo franquista, como herramienta de apoyo a sus investigaciones, y del p\u00fablico interesado en el conocimiento de este periodo de la historia de Catalu\u00f1a.<\/p>\n\n\n\n<p><a href=\"http:\/\/sibhilla.uab.cat\/cefid\/wfran\/form.htm\" target=\"_blank\" rel=\"noreferrer noopener\">Acceso a la base de datos<\/a><\/p>\n\n\n\n<div class=\"wp-block-media-text alignwide is-stacked-on-mobile\" style=\"grid-template-columns:20% auto\"><figure class=\"wp-block-media-text__media\"><img loading=\"lazy\" decoding=\"async\" width=\"702\" height=\"1024\" src=\"https:\/\/webs.uab.cat\/cedid\/wp-content\/uploads\/sites\/151\/2023\/05\/81ev0lxBfjL-1-702x1024.jpg\" alt=\"\" class=\"wp-image-7038 size-full\" srcset=\"https:\/\/webs.uab.cat\/cedid\/wp-content\/uploads\/sites\/151\/2023\/05\/81ev0lxBfjL-1-702x1024.jpg 702w, https:\/\/webs.uab.cat\/cedid\/wp-content\/uploads\/sites\/151\/2023\/05\/81ev0lxBfjL-1-206x300.jpg 206w, https:\/\/webs.uab.cat\/cedid\/wp-content\/uploads\/sites\/151\/2023\/05\/81ev0lxBfjL-1-768x1120.jpg 768w, https:\/\/webs.uab.cat\/cedid\/wp-content\/uploads\/sites\/151\/2023\/05\/81ev0lxBfjL-1-1053x1536.jpg 1053w, https:\/\/webs.uab.cat\/cedid\/wp-content\/uploads\/sites\/151\/2023\/05\/81ev0lxBfjL-1.jpg 1085w\" sizes=\"auto, (max-width: 702px) 100vw, 702px\" \/><\/figure><div class=\"wp-block-media-text__content\">\n<p><strong>Varios Autores, <em>Catalunya durant el franquisme. Diccionari<\/em> (Molinero, Carme, Aznar Soler, Manuel, Baras, Montserrat, Campillo Maria, Mar\u00edn, Mart\u00ed, Riquer, Borja de, Vilanova, Francesc, Ys\u00e0s, Pere dirs.), Barcelona, Eumo, 2006.<\/strong><\/p>\n\n\n\n<p>El diccionario <em>Catalunya durant el franquisme<\/em> es la primera obra colectiva del CEFID. Constituye una aportaci\u00f3n valiosa y un instrumento \u00fatil tanto por los especialistas sobre el franquismo, dado que recoje las definiciones m\u00e1s importantes sobre personajes, entidades, hechos y actividades relativas al franquismo en Catalunya, como por todo aquel p\u00fablico m\u00e1s general que se quiera aproximar a la realidad de este periodo.<\/p>\n<\/div><\/div>\n\n\n\n<p>&nbsp;<\/p>\n","protected":false},"excerpt":{"rendered":"<p>La Base de datos Catalu\u00f1a durante el franquismo, elaborada por el CEFID con la participaci\u00f3n de un centenar de especialistas en el periodo, agrupa m\u00e1s de 700 registros sobre organizaciones, instituciones, biograf\u00edas, fen\u00f3menos y acontecimientos vividos durante el periodo franquista en Catalu\u00f1a. Su dise\u00f1o t\u00e9cnico permite buscar por palabras clave generales (cualquier palabra que contenga [&hellip;]<\/p>\n","protected":false},"author":20,"featured_media":0,"parent":0,"menu_order":0,"comment_status":"closed","ping_status":"closed","template":"","meta":{"footnotes":""},"class_list":["post-1813","page","type-page","status-publish","hentry"],"_links":{"self":[{"href":"https:\/\/webs.uab.cat\/cedid\/es\/wp-json\/wp\/v2\/pages\/1813","targetHints":{"allow":["GET"]}}],"collection":[{"href":"https:\/\/webs.uab.cat\/cedid\/es\/wp-json\/wp\/v2\/pages"}],"about":[{"href":"https:\/\/webs.uab.cat\/cedid\/es\/wp-json\/wp\/v2\/types\/page"}],"author":[{"embeddable":true,"href":"https:\/\/webs.uab.cat\/cedid\/es\/wp-json\/wp\/v2\/users\/20"}],"replies":[{"embeddable":true,"href":"https:\/\/webs.uab.cat\/cedid\/es\/wp-json\/wp\/v2\/comments?post=1813"}],"version-history":[{"count":3,"href":"https:\/\/webs.uab.cat\/cedid\/es\/wp-json\/wp\/v2\/pages\/1813\/revisions"}],"predecessor-version":[{"id":9307,"href":"https:\/\/webs.uab.cat\/cedid\/es\/wp-json\/wp\/v2\/pages\/1813\/revisions\/9307"}],"wp:attachment":[{"href":"https:\/\/webs.uab.cat\/cedid\/es\/wp-json\/wp\/v2\/media?parent=1813"}],"curies":[{"name":"wp","href":"https:\/\/api.w.org\/{rel}","templated":true}]}}