{"id":1817,"date":"2012-07-04T15:23:00","date_gmt":"2012-07-04T15:23:00","guid":{"rendered":"https:\/\/webs.uab.cat\/cedid\/2006-3\/"},"modified":"2022-11-29T10:48:10","modified_gmt":"2022-11-29T10:48:10","slug":"2006-3","status":"publish","type":"page","link":"https:\/\/webs.uab.cat\/cedid\/es\/2006-3\/","title":{"rendered":"2006"},"content":{"rendered":"\n<div class=\"wp-block-media-text alignwide is-stacked-on-mobile\" style=\"grid-template-columns:17% auto\"><figure class=\"wp-block-media-text__media\"><img loading=\"lazy\" decoding=\"async\" width=\"346\" height=\"517\" src=\"https:\/\/webs.uab.cat\/cedid\/wp-content\/uploads\/sites\/151\/2022\/11\/00106517452832____2__600x600-e1669718310257.webp\" alt=\"\" class=\"wp-image-4874 size-full\" srcset=\"https:\/\/webs.uab.cat\/cedid\/wp-content\/uploads\/sites\/151\/2022\/11\/00106517452832____2__600x600-e1669718310257.webp 346w, https:\/\/webs.uab.cat\/cedid\/wp-content\/uploads\/sites\/151\/2022\/11\/00106517452832____2__600x600-e1669718310257-201x300.webp 201w\" sizes=\"auto, (max-width: 346px) 100vw, 346px\" \/><\/figure><div class=\"wp-block-media-text__content\">\n<p><strong>Lard\u00edn Oliver, Antoni, <em>Activitats comunistes clandestines. Sumari de la causa 555-IV-51 contra Gregorio L\u00f3pez Raimundo i altres lluitadors antifranquistes<\/em>, Barcelona, Edicions 62, 2006.<\/strong><\/p>\n\n\n\n<p>En este volumen, el doctor Antoni Lard\u00edn Oliver presenta por primera vez la trascripci\u00f3n de las partes fundamentales del sumario de la causa ordinaria 555-IV-51. Esta edici\u00f3n no constituye s\u00f3lo un documento de valor hist\u00f3rico y testimonial, sino que quiere ser un homenaje a todas las personas que comprometieron su libertad y hasta su vida en la lucha para una sociedad m\u00e1s libre y m\u00e1s justa.<\/p>\n<\/div><\/div>\n\n\n\n<hr class=\"wp-block-separator has-alpha-channel-opacity\" \/>\n\n\n\n<div class=\"wp-block-media-text alignwide is-stacked-on-mobile\" style=\"grid-template-columns:17% auto\"><figure class=\"wp-block-media-text__media\"><img loading=\"lazy\" decoding=\"async\" width=\"250\" height=\"366\" src=\"https:\/\/webs.uab.cat\/cedid\/wp-content\/uploads\/sites\/151\/2022\/11\/imagen-9.jpg\" alt=\"\" class=\"wp-image-4877 size-full\" srcset=\"https:\/\/webs.uab.cat\/cedid\/wp-content\/uploads\/sites\/151\/2022\/11\/imagen-9.jpg 250w, https:\/\/webs.uab.cat\/cedid\/wp-content\/uploads\/sites\/151\/2022\/11\/imagen-9-205x300.jpg 205w\" sizes=\"auto, (max-width: 250px) 100vw, 250px\" \/><\/figure><div class=\"wp-block-media-text__content\">\n<p><strong>T\u00e9bar Hurtado, Javier, <em>Reforma, revoluci\u00f3n y contrarrevoluci\u00f3n agraria. Conflicto social y lucha pol\u00edtica en el campo (1931-1939)<\/em>. Madrid, Flor del Viento, 2006.<\/strong><\/p>\n\n\n\n<p>La reforma de la propiedad de la tierra convirti\u00f3 la cuesti\u00f3n agraria en uno de los ejes fundamentales del debate pol\u00edtico de los a\u00f1os treinta en Espa\u00f1a. Los objetivos de la pol\u00edtica reformista eran los de modernizar una agricultura tradicional, que padec\u00eda un retraso relativo, y el de consolidar la estabilidad social en el campo. Sin embargo, las causas del conflicto agrario estaban profundamente enraizadas en la desigualdad social y en las formas tradicionales de poder en el \u00e1mbito rural. \u00bfCu\u00e1les fueron las expectativas y los l\u00edmites de las pol\u00edticas de reforma en el campo? \u00bfQu\u00e9 actitudes mantuvieron los diferentes grupos campesinos? \u00bfC\u00f3mo se articularon los discursos y pr\u00e1cticas empleadas por las organizaciones de propietarios y el sindicalismo agrario? Y en definitiva \u00bfc\u00f3mo un problema social, que era una herencia del pasado, se alter\u00f3 de forma tan profunda como para situarse en el centro de las luchas pol\u00edticas? El autor analiza cada una de estas cuestiones y, sin situar la Rep\u00fablica como un mero antecedente, ofrece una s\u00edntesis sobre los procesos de \u00abrevoluci\u00f3n campesina\u00bb y de \u00abcontrarrevoluci\u00f3n agraria\u00bb abiertos con el inicio de la Guerra Civil y la derrota republicana.<\/p>\n<\/div><\/div>\n\n\n\n<hr class=\"wp-block-separator has-alpha-channel-opacity\" \/>\n\n\n\n<div class=\"wp-block-media-text alignwide is-stacked-on-mobile\" style=\"grid-template-columns:17% auto\"><figure class=\"wp-block-media-text__media\"><img loading=\"lazy\" decoding=\"async\" width=\"400\" height=\"648\" src=\"https:\/\/webs.uab.cat\/cedid\/wp-content\/uploads\/sites\/151\/2022\/11\/MEMORIA-DE-LA-GUERRA-Y-DEL-FRANQUISMO-i7n638370.jpg\" alt=\"\" class=\"wp-image-4880 size-full\" srcset=\"https:\/\/webs.uab.cat\/cedid\/wp-content\/uploads\/sites\/151\/2022\/11\/MEMORIA-DE-LA-GUERRA-Y-DEL-FRANQUISMO-i7n638370.jpg 400w, https:\/\/webs.uab.cat\/cedid\/wp-content\/uploads\/sites\/151\/2022\/11\/MEMORIA-DE-LA-GUERRA-Y-DEL-FRANQUISMO-i7n638370-185x300.jpg 185w\" sizes=\"auto, (max-width: 400px) 100vw, 400px\" \/><\/figure><div class=\"wp-block-media-text__content\">\n<p><strong>Juli\u00e1, Santos (dir.), <em>Memoria de la guerra y del franquismo<\/em>. Madrid, Taurus, 2006.<\/strong><\/p>\n\n\n\n<p>El libro incluye aportaciones de varios especialistas sobre el franquismo, reflexionando sobre la amnesia colectiva de la Guerra Civil del r\u00e9gimen. Una amnesia que en realidad ha dejado muchos rastros en la memoria de la poblaci\u00f3n, a pesar de la aparente contradicci\u00f3n de los t\u00e9rminos. Las aportaciones tratan la cuesti\u00f3n desde diferentes puntos de vista, dibujando las representaciones del imaginario colectivo actual. El cap\u00edtulo de Carme Molinero nos proporciona unas consideraciones sobre la relaci\u00f3n entre historia y memoria y entre la propia experiencia de la represi\u00f3n y el trabajo investigador de los historiadores, quienes luchan contra un pasado de silencio. El discurso toca muchas de las repercusiones que todo ello tuvo no s\u00f3lo sobre la memoria hist\u00f3rica, sino tambi\u00e9n sobre las actitudes y los comportamientos sociales. El texto incorpora varias referencias a obras dedicadas a la represi\u00f3n. As\u00ed mismo la autora nos presenta en los \u00faltimos p\u00e1rrafos unas reflexiones sobre la memoria del franquismo en general, puesto que la memoria de la represi\u00f3n constituye s\u00f3lo una parte de la memoria del r\u00e9gimen franquista, con un llamamiento final entorno al papel de las instituciones en la recuperaci\u00f3n de la memoria hist\u00f3rica.<\/p>\n<\/div><\/div>\n\n\n\n<hr class=\"wp-block-separator has-alpha-channel-opacity\" \/>\n\n\n\n<div class=\"wp-block-media-text alignwide is-stacked-on-mobile\" style=\"grid-template-columns:17% auto\"><figure class=\"wp-block-media-text__media\"><img loading=\"lazy\" decoding=\"async\" width=\"641\" height=\"1024\" src=\"https:\/\/webs.uab.cat\/cedid\/wp-content\/uploads\/sites\/151\/2022\/11\/714A42k3smL-641x1024.jpg\" alt=\"\" class=\"wp-image-4883 size-full\" srcset=\"https:\/\/webs.uab.cat\/cedid\/wp-content\/uploads\/sites\/151\/2022\/11\/714A42k3smL-641x1024.jpg 641w, https:\/\/webs.uab.cat\/cedid\/wp-content\/uploads\/sites\/151\/2022\/11\/714A42k3smL-188x300.jpg 188w, https:\/\/webs.uab.cat\/cedid\/wp-content\/uploads\/sites\/151\/2022\/11\/714A42k3smL-768x1227.jpg 768w, https:\/\/webs.uab.cat\/cedid\/wp-content\/uploads\/sites\/151\/2022\/11\/714A42k3smL.jpg 808w\" sizes=\"auto, (max-width: 641px) 100vw, 641px\" \/><\/figure><div class=\"wp-block-media-text__content\">\n<p><strong>Mar\u00edn, Mart\u00ed, <em>Hist\u00f2ria del franquisme a Catalunya.<\/em> Barcelona, Eumo \/ Pag\u00e8s, 2006.<\/strong><\/p>\n\n\n\n<p>Mart\u00ed Mar\u00edn ha elaborado una panor\u00e1mica completa y solvente de la dictadura franquista en Catalu\u00f1a. Examina la naturaleza fascista del r\u00e9gimen y explica su implantaci\u00f3n a partir de la dur\u00edsima represi\u00f3n pol\u00edtica y cultural ejercida por los vencedores. Expone la evoluci\u00f3n pol\u00edtica del franquismo y la salida de la autarqu\u00eda, que dio paso a una liberalizaci\u00f3n econ\u00f3mica del r\u00e9gimen. Analiza tambi\u00e9n las importantes transformaciones econ\u00f3micas y sociales que el pa\u00eds experiment\u00f3 a partir de la d\u00e9cada de los 60 y las repercusiones en las condiciones de vida, penosas los primeros a\u00f1os, y progresivamente mejores durante los siguientes. Subraya, finalmente, c\u00f3mo la carencia de apoyo al r\u00e9gimen por parte de las nuevas generaciones y la amplia movilizaci\u00f3n social y pol\u00edtica antifranquista aceleraron su descomposici\u00f3n, que dio paso a la transici\u00f3n hacia la democracia.<\/p>\n<\/div><\/div>\n\n\n\n<hr class=\"wp-block-separator has-alpha-channel-opacity\" \/>\n\n\n\n<div class=\"wp-block-media-text alignwide is-stacked-on-mobile\" style=\"grid-template-columns:17% auto\"><figure class=\"wp-block-media-text__media\"><img loading=\"lazy\" decoding=\"async\" width=\"219\" height=\"325\" src=\"https:\/\/webs.uab.cat\/cedid\/wp-content\/uploads\/sites\/151\/2022\/11\/51ZIMtQyu1L._SR600315_PIWhiteStripBottomLeft035_SCLZZZZZZZ_FMpng_BG255255255-1-e1669718683912.png\" alt=\"\" class=\"wp-image-4887 size-full\" srcset=\"https:\/\/webs.uab.cat\/cedid\/wp-content\/uploads\/sites\/151\/2022\/11\/51ZIMtQyu1L._SR600315_PIWhiteStripBottomLeft035_SCLZZZZZZZ_FMpng_BG255255255-1-e1669718683912.png 219w, https:\/\/webs.uab.cat\/cedid\/wp-content\/uploads\/sites\/151\/2022\/11\/51ZIMtQyu1L._SR600315_PIWhiteStripBottomLeft035_SCLZZZZZZZ_FMpng_BG255255255-1-e1669718683912-202x300.png 202w\" sizes=\"auto, (max-width: 219px) 100vw, 219px\" \/><\/figure><div class=\"wp-block-media-text__content\">\n<p><strong>VVAA, <em>Catalunya durant el franquisme. Diccionari<\/em>. Barcelona, Eumo, 2006.<\/strong><\/p>\n\n\n\n<p>El diccionario sobre franquismo es la primera obra colectiva del CEFID, constituyendo una aportaci\u00f3n valiosa y un instrumento \u00fatil tanto por los especialistas sobre franquismo, dado que recojo las definiciones m\u00e1s importantes sobre personajes, entidades, hechos y actividades relativas al franquismo en Catalunya, como por todo aquel p\u00fablico m\u00e1s general que se quiera aproximar a la realidad de este periodo.<\/p>\n<\/div><\/div>\n\n\n\n<hr class=\"wp-block-separator has-alpha-channel-opacity\" \/>\n\n\n\n<div class=\"wp-block-media-text alignwide is-stacked-on-mobile\" style=\"grid-template-columns:17% auto\"><figure class=\"wp-block-media-text__media\"><img loading=\"lazy\" decoding=\"async\" width=\"333\" height=\"499\" src=\"https:\/\/webs.uab.cat\/cedid\/wp-content\/uploads\/sites\/151\/2022\/11\/51QUCFtrEJL._SX331_BO1204203200_-1.jpg\" alt=\"\" class=\"wp-image-4890 size-full\" srcset=\"https:\/\/webs.uab.cat\/cedid\/wp-content\/uploads\/sites\/151\/2022\/11\/51QUCFtrEJL._SX331_BO1204203200_-1.jpg 333w, https:\/\/webs.uab.cat\/cedid\/wp-content\/uploads\/sites\/151\/2022\/11\/51QUCFtrEJL._SX331_BO1204203200_-1-200x300.jpg 200w\" sizes=\"auto, (max-width: 333px) 100vw, 333px\" \/><\/figure><div class=\"wp-block-media-text__content\">\n<p><strong>Carme Molinero (ed.), <em>La Transici\u00f3n. Treinta a\u00f1os despu\u00e9s.<\/em> Barcelona, Pen\u00ednsula, 2006.<\/strong><\/p>\n\n\n\n<p>La transici\u00f3n que vivi\u00f3 el Estado espa\u00f1ol hace treinta a\u00f1os sigue provocando amplios debates y pol\u00e9micas en la actualidad, debido a la forma que se gestion\u00f3 y a los temas que todav\u00eda quedan abiertos de aquel proceso de cambio pol\u00edtico. El texto, integrado por escritos de varios especialistas de diferentes \u00e1mbitos (Carme Molinero, Pere Ys\u00e0s, Santos Juli\u00e1, Jos\u00e9 Maria Mar\u00edn, Manuel P\u00e9rez Ledesma, Jos\u00e9-Carlos *Mainer, Joaquim Moles, Javier Ugarte, Rafael Chirbes) quiere revisar los t\u00f3picos y ampliar la visi\u00f3n que se ha mantenido a lo largo de los a\u00f1os sobre aquella etapa tan problem\u00e1tica.<\/p>\n<\/div><\/div>\n\n\n\n<hr class=\"wp-block-separator has-alpha-channel-opacity\" \/>\n\n\n\n<div class=\"wp-block-media-text alignwide is-stacked-on-mobile\" style=\"grid-template-columns:17% auto\"><figure class=\"wp-block-media-text__media\"><img loading=\"lazy\" decoding=\"async\" width=\"554\" height=\"856\" src=\"https:\/\/webs.uab.cat\/cedid\/wp-content\/uploads\/sites\/151\/2022\/11\/325772123_tcimg_B9A4B13E-e1669718834558.jpg\" alt=\"\" class=\"wp-image-4893 size-full\" srcset=\"https:\/\/webs.uab.cat\/cedid\/wp-content\/uploads\/sites\/151\/2022\/11\/325772123_tcimg_B9A4B13E-e1669718834558.jpg 554w, https:\/\/webs.uab.cat\/cedid\/wp-content\/uploads\/sites\/151\/2022\/11\/325772123_tcimg_B9A4B13E-e1669718834558-194x300.jpg 194w\" sizes=\"auto, (max-width: 554px) 100vw, 554px\" \/><\/figure><div class=\"wp-block-media-text__content\">\n<p><strong>Vilanova i Vila-Abadal, Francesc, <em>Exiliats, proscrits, deportats<\/em>. Barcelona, Emp\u00faries, 2006<\/strong>.<\/p>\n\n\n\n<p>La ca\u00edda de la Segunda Rep\u00fablica espa\u00f1ola provoc\u00f3 uno de los \u00e9xodos m\u00e1s impresionantes del siglo XX. Entre el 26 de enero y el 10 de febrero de 1939, casi medio mill\u00f3n de personas cruzaron la frontera con Francia. La mayor\u00eda de los refugiados conocer\u00edan la dureza de los campos de internamiento en las playas del Rosell\u00f3n y respirar\u00edan la hostilidad de los sectores m\u00e1s conservadores de la II Rep\u00fablica, que ve\u00edan con simpat\u00eda la victoria franquista. El libro repasa este primer exilio de los republicanos, aquel que nace con la ca\u00edda de Catalunya y vive la derrota francesa a manos de los alemanes en junio de 1940. Un primer exilio marcado por la dureza y los sufrimientos, pero tambi\u00e9n por el coraje, la voluntad de sobrevivir y reorganizarse mientras se continuava luchando por un futuro mejor.<\/p>\n<\/div><\/div>\n","protected":false},"excerpt":{"rendered":"<p>Lard\u00edn Oliver, Antoni, Activitats comunistes clandestines. Sumari de la causa 555-IV-51 contra Gregorio L\u00f3pez Raimundo i altres lluitadors antifranquistes, Barcelona, Edicions 62, 2006. En este volumen, el doctor Antoni Lard\u00edn Oliver presenta por primera vez la trascripci\u00f3n de las partes fundamentales del sumario de la causa ordinaria 555-IV-51. Esta edici\u00f3n no constituye s\u00f3lo un documento [&hellip;]<\/p>\n","protected":false},"author":20,"featured_media":0,"parent":0,"menu_order":0,"comment_status":"closed","ping_status":"closed","template":"","meta":{"footnotes":""},"class_list":["post-1817","page","type-page","status-publish","hentry"],"_links":{"self":[{"href":"https:\/\/webs.uab.cat\/cedid\/es\/wp-json\/wp\/v2\/pages\/1817","targetHints":{"allow":["GET"]}}],"collection":[{"href":"https:\/\/webs.uab.cat\/cedid\/es\/wp-json\/wp\/v2\/pages"}],"about":[{"href":"https:\/\/webs.uab.cat\/cedid\/es\/wp-json\/wp\/v2\/types\/page"}],"author":[{"embeddable":true,"href":"https:\/\/webs.uab.cat\/cedid\/es\/wp-json\/wp\/v2\/users\/20"}],"replies":[{"embeddable":true,"href":"https:\/\/webs.uab.cat\/cedid\/es\/wp-json\/wp\/v2\/comments?post=1817"}],"version-history":[{"count":4,"href":"https:\/\/webs.uab.cat\/cedid\/es\/wp-json\/wp\/v2\/pages\/1817\/revisions"}],"predecessor-version":[{"id":4898,"href":"https:\/\/webs.uab.cat\/cedid\/es\/wp-json\/wp\/v2\/pages\/1817\/revisions\/4898"}],"wp:attachment":[{"href":"https:\/\/webs.uab.cat\/cedid\/es\/wp-json\/wp\/v2\/media?parent=1817"}],"curies":[{"name":"wp","href":"https:\/\/api.w.org\/{rel}","templated":true}]}}