{"id":1819,"date":"2013-05-27T19:53:14","date_gmt":"2013-05-27T19:53:14","guid":{"rendered":"https:\/\/webs.uab.cat\/cedid\/sibhilla-uab\/"},"modified":"2013-05-27T19:53:14","modified_gmt":"2013-05-27T19:53:14","slug":"sibhilla-uab","status":"publish","type":"page","link":"https:\/\/webs.uab.cat\/cedid\/es\/sibhilla-uab\/","title":{"rendered":"SIBHIL\u00b7LA (UAB)"},"content":{"rendered":"<p align=\"justify\"><a href=\"http:\/\/sct.uab.cat\/sibhilla\/content\/presentaci%C3%B3\" target=\"_blank\" rel=\"noopener\">SIBHIL\u00b7LA<\/a>&nbsp;es el nuevo servicio cient\u00edfico-t\u00e9cnico de la UAB que nace con la voluntad de difundir el fondo documental bibliogr\u00e1fico m\u00e1s completo sobre la historia de Catalunya y la lengua y literaturas catalanas. Es responsable de los productos, proyectos y servicios del antiguo&nbsp;<a href=\"http:\/\/sct.uab.cat\/sibhilla\/content\/antic-sdhlc\" target=\"_blank\" rel=\"noopener\">Servei de Documentaci\u00f3 d\u2019Hist\u00f2ria Local de Catalunya (SDHLC)<\/a>, como de la gesti\u00f3n, del mantenimiento y de la difusi\u00f3n del <a href=\"http:\/\/sibhilla.uab.cat\/fonshl\" target=\"_blank\" rel=\"noopener\">Fons d&#8217;Hist\u00f2ria Local de Catalunya<\/a>, base de datos bibliogr<span>\u00e1<\/span>fica de la historia de Catalu<span>\u00f1a<\/span>, cat<span>\u00e1<\/span>logo bibliogr<span>\u00e1<\/span>fico de acceso p\u00fablico y gratuito sobre la historia de Catalu<span>\u00f1a<\/span>&nbsp;y que contiene m<span>\u00e1<\/span>s de 138.000 referencias bibliogr<span>\u00e1<\/span>ficas.<\/p>\n<p align=\"justify\"><a href=\"mailto:sibhilla@uab.cat\">sibhilla@uab.cat<\/a><\/p>\n","protected":false},"excerpt":{"rendered":"<p>SIBHIL\u00b7LA&nbsp;es el nuevo servicio cient\u00edfico-t\u00e9cnico de la UAB que nace con la voluntad de difundir el fondo documental bibliogr\u00e1fico m\u00e1s completo sobre la historia de Catalunya y la lengua y literaturas catalanas. Es responsable de los productos, proyectos y servicios del antiguo&nbsp;Servei de Documentaci\u00f3 d\u2019Hist\u00f2ria Local de Catalunya (SDHLC), como de la gesti\u00f3n, del mantenimiento [&hellip;]<\/p>\n","protected":false},"author":20,"featured_media":0,"parent":0,"menu_order":0,"comment_status":"closed","ping_status":"closed","template":"","meta":{"footnotes":""},"class_list":["post-1819","page","type-page","status-publish","hentry"],"_links":{"self":[{"href":"https:\/\/webs.uab.cat\/cedid\/es\/wp-json\/wp\/v2\/pages\/1819","targetHints":{"allow":["GET"]}}],"collection":[{"href":"https:\/\/webs.uab.cat\/cedid\/es\/wp-json\/wp\/v2\/pages"}],"about":[{"href":"https:\/\/webs.uab.cat\/cedid\/es\/wp-json\/wp\/v2\/types\/page"}],"author":[{"embeddable":true,"href":"https:\/\/webs.uab.cat\/cedid\/es\/wp-json\/wp\/v2\/users\/20"}],"replies":[{"embeddable":true,"href":"https:\/\/webs.uab.cat\/cedid\/es\/wp-json\/wp\/v2\/comments?post=1819"}],"version-history":[{"count":0,"href":"https:\/\/webs.uab.cat\/cedid\/es\/wp-json\/wp\/v2\/pages\/1819\/revisions"}],"wp:attachment":[{"href":"https:\/\/webs.uab.cat\/cedid\/es\/wp-json\/wp\/v2\/media?parent=1819"}],"curies":[{"name":"wp","href":"https:\/\/api.w.org\/{rel}","templated":true}]}}