{"id":1824,"date":"2012-07-04T15:24:48","date_gmt":"2012-07-04T15:24:48","guid":{"rendered":"https:\/\/webs.uab.cat\/cedid\/2003-3\/"},"modified":"2022-11-28T12:17:23","modified_gmt":"2022-11-28T12:17:23","slug":"2003-3","status":"publish","type":"page","link":"https:\/\/webs.uab.cat\/cedid\/es\/2003-3\/","title":{"rendered":"2003"},"content":{"rendered":"\n<div class=\"wp-block-media-text alignwide is-stacked-on-mobile\" style=\"grid-template-columns:19% auto\"><figure class=\"wp-block-media-text__media\"><img loading=\"lazy\" decoding=\"async\" width=\"714\" height=\"1024\" src=\"https:\/\/webs.uab.cat\/cedid\/wp-content\/uploads\/sites\/151\/2022\/11\/71XexBJkM2L-1-714x1024.jpg\" alt=\"\" class=\"wp-image-4765 size-full\" srcset=\"https:\/\/webs.uab.cat\/cedid\/wp-content\/uploads\/sites\/151\/2022\/11\/71XexBJkM2L-1-714x1024.jpg 714w, https:\/\/webs.uab.cat\/cedid\/wp-content\/uploads\/sites\/151\/2022\/11\/71XexBJkM2L-1-209x300.jpg 209w, https:\/\/webs.uab.cat\/cedid\/wp-content\/uploads\/sites\/151\/2022\/11\/71XexBJkM2L-1-768x1101.jpg 768w, https:\/\/webs.uab.cat\/cedid\/wp-content\/uploads\/sites\/151\/2022\/11\/71XexBJkM2L-1-1071x1536.jpg 1071w, https:\/\/webs.uab.cat\/cedid\/wp-content\/uploads\/sites\/151\/2022\/11\/71XexBJkM2L-1.jpg 1083w\" sizes=\"auto, (max-width: 714px) 100vw, 714px\" \/><\/figure><div class=\"wp-block-media-text__content\">\n<p><strong>Molinero, Carme; Sala, Margarida i Sobrequ\u00e9s, Jaume, <em>Una inmensa prisi\u00f3n<\/em>. <em>Los campos de concentraci\u00f3n y las prisiones durante la guerra civil y el franquismo<\/em>. Cr\u00edtica, Barcelona, 2003.<\/strong><\/p>\n\n\n\n<p>La guerra civil espa\u00f1ola no conluy\u00f3 en 1939. No se trata de un mero golpe militar que pudiese darse por satisfecho con la toma del poder. Los prop\u00f3sitos de los sublevados eran, eliminados quienes hab\u00edan hecho posibles los avances democratizadores de la Segunda Rep\u00fablica, reeducar a los recuperables y establecer unos controles que impidiesen que en lo sucesivo pudiera volver a producirse algo semejante. Ello implicaba convertir la guerra civil en algo permanente. Hay ya una literatura importante sobre la represi\u00f3n, pero en este volumen se intenta por primera vez, como resultado de la confluencia de una serie de l\u00edneas de trabajo en pleno desarrollo, dar una visi\u00f3n de conjunto de lo que representaron los campos de concentraci\u00f3n y las c\u00e1rceles como puntos fundamentales del sistema pol\u00edtico franquista.<\/p>\n<\/div><\/div>\n\n\n\n<hr class=\"wp-block-separator has-alpha-channel-opacity\" \/>\n\n\n\n<div class=\"wp-block-media-text alignwide is-stacked-on-mobile\" style=\"grid-template-columns:19% auto\"><figure class=\"wp-block-media-text__media\"><img loading=\"lazy\" decoding=\"async\" width=\"237\" height=\"346\" src=\"https:\/\/webs.uab.cat\/cedid\/wp-content\/uploads\/sites\/151\/2022\/11\/51PXLYGBcL._SY344_BO1204203200_.jpg\" alt=\"\" class=\"wp-image-4768 size-full\" srcset=\"https:\/\/webs.uab.cat\/cedid\/wp-content\/uploads\/sites\/151\/2022\/11\/51PXLYGBcL._SY344_BO1204203200_.jpg 237w, https:\/\/webs.uab.cat\/cedid\/wp-content\/uploads\/sites\/151\/2022\/11\/51PXLYGBcL._SY344_BO1204203200_-205x300.jpg 205w\" sizes=\"auto, (max-width: 237px) 100vw, 237px\" \/><\/figure><div class=\"wp-block-media-text__content\">\n<p><strong>Josep Maym\u00ed, <em>Josep Irla. La tenacitat d&#8217;un comprom\u00eds<\/em>. Barcelona: Publicacions de l&#8217;Abadia de Montserrat, 2003<\/strong>.<\/p>\n\n\n\n<p>El objetivo de esta obra, fruto de la I Beca de estudio President Josep Irla i Bosch, se ha centrado esencialmente en una tarea de recuperaci\u00f3n de la memoria colectiva de la familia Irla de Sant Feliu de Gu\u00edxols. La historia de esta familia bien podr\u00eda ser la de tantas familias de nuestro pa\u00eds. Los Irla se adaptaron a los cambios que conllev\u00f3 la entrada del siglo XX y tuvieron un protagonismo pol\u00edtico creciente: primero en Sant Feliu, despu\u00e9s en lo que entonces se conoc\u00eda como el distrito de La Bisbal, y, finalmente, en toda Catalu\u00f1a. Dedicados a la representaci\u00f3n del corcho y adscritos al republicanismo, se convirtieron en uno de los elementos que contribuir\u00edan al apogeo republicano de la d\u00e9cada de los treinta del pasado siglo, y tambi\u00e9n sufrir\u00edan las consecuencias.<\/p>\n\n\n\n<p>Despu\u00e9s de la Guerra civil vendr\u00eda el exilio. Un exilio que, para la familia Irla, significar\u00eda un punto y aparte en su existencia. Comenzaba una larga etapa en la que deber\u00edan luchar nuevamente para conseguir la estabilidad econ\u00f3mica. Paralelamente, el mayor de los tres hermanos, Josep Irla, se convertir\u00eda, en 1940, en el Presidente de la Generalitat de Catalunya en el exilio.<\/p>\n<\/div><\/div>\n","protected":false},"excerpt":{"rendered":"<p>Molinero, Carme; Sala, Margarida i Sobrequ\u00e9s, Jaume, Una inmensa prisi\u00f3n. Los campos de concentraci\u00f3n y las prisiones durante la guerra civil y el franquismo. Cr\u00edtica, Barcelona, 2003. La guerra civil espa\u00f1ola no conluy\u00f3 en 1939. No se trata de un mero golpe militar que pudiese darse por satisfecho con la toma del poder. Los prop\u00f3sitos [&hellip;]<\/p>\n","protected":false},"author":20,"featured_media":0,"parent":0,"menu_order":0,"comment_status":"closed","ping_status":"closed","template":"","meta":{"footnotes":""},"class_list":["post-1824","page","type-page","status-publish","hentry"],"_links":{"self":[{"href":"https:\/\/webs.uab.cat\/cedid\/es\/wp-json\/wp\/v2\/pages\/1824","targetHints":{"allow":["GET"]}}],"collection":[{"href":"https:\/\/webs.uab.cat\/cedid\/es\/wp-json\/wp\/v2\/pages"}],"about":[{"href":"https:\/\/webs.uab.cat\/cedid\/es\/wp-json\/wp\/v2\/types\/page"}],"author":[{"embeddable":true,"href":"https:\/\/webs.uab.cat\/cedid\/es\/wp-json\/wp\/v2\/users\/20"}],"replies":[{"embeddable":true,"href":"https:\/\/webs.uab.cat\/cedid\/es\/wp-json\/wp\/v2\/comments?post=1824"}],"version-history":[{"count":2,"href":"https:\/\/webs.uab.cat\/cedid\/es\/wp-json\/wp\/v2\/pages\/1824\/revisions"}],"predecessor-version":[{"id":4771,"href":"https:\/\/webs.uab.cat\/cedid\/es\/wp-json\/wp\/v2\/pages\/1824\/revisions\/4771"}],"wp:attachment":[{"href":"https:\/\/webs.uab.cat\/cedid\/es\/wp-json\/wp\/v2\/media?parent=1824"}],"curies":[{"name":"wp","href":"https:\/\/api.w.org\/{rel}","templated":true}]}}