{"id":1825,"date":"2012-07-04T15:25:22","date_gmt":"2012-07-04T15:25:22","guid":{"rendered":"https:\/\/webs.uab.cat\/cedid\/2002-3\/"},"modified":"2022-11-28T12:14:58","modified_gmt":"2022-11-28T12:14:58","slug":"2002-3","status":"publish","type":"page","link":"https:\/\/webs.uab.cat\/cedid\/es\/2002-3\/","title":{"rendered":"2002"},"content":{"rendered":"\n<div class=\"wp-block-media-text alignwide is-stacked-on-mobile\" style=\"grid-template-columns:17% auto\"><figure class=\"wp-block-media-text__media\"><img loading=\"lazy\" decoding=\"async\" width=\"491\" height=\"702\" src=\"https:\/\/webs.uab.cat\/cedid\/wp-content\/uploads\/sites\/151\/2022\/11\/institut-destudis-ilerdencs-primer-franquisme-a-les-terres-de-lleida-1938-1950-el-actes-del-seminari-el-primer-fran-1.png\" alt=\"\" class=\"wp-image-4745 size-full\" srcset=\"https:\/\/webs.uab.cat\/cedid\/wp-content\/uploads\/sites\/151\/2022\/11\/institut-destudis-ilerdencs-primer-franquisme-a-les-terres-de-lleida-1938-1950-el-actes-del-seminari-el-primer-fran-1.png 491w, https:\/\/webs.uab.cat\/cedid\/wp-content\/uploads\/sites\/151\/2022\/11\/institut-destudis-ilerdencs-primer-franquisme-a-les-terres-de-lleida-1938-1950-el-actes-del-seminari-el-primer-fran-1-210x300.png 210w\" sizes=\"auto, (max-width: 491px) 100vw, 491px\" \/><\/figure><div class=\"wp-block-media-text__content\">\n<p><strong>DDAA, <em>El primer franquisme a les terres de Lleida (1938-1950)<\/em>. Lleida, Institut d&#8217;Estudis Ilerdencs, 2002.<\/strong><\/p>\n\n\n\n<p>El presente libro recojo las ponencias referentes a las tierras leridanas realizadas en el marco del seminario que tuvo lugar en Lleida entre el 12 y el 22 de abril de 1998, bajo el t\u00edtulo El primer franquismo. Lleida (1938-1950), organizado por el Departamento de Geograf\u00eda y Historia de la IEI. Tras un cap\u00edtulo introductorio en qu\u00e9 el profesor Jaume Barrul elabora un interesante balance historiogr\u00e1fico sobre el qu\u00e9 se ha estudiado y el que no en lo referente al periodo franquista en Lleida, Joan Sagues, Merc\u00e8 Peleado, Josep Clavet, Jaume Peleado, Romano Sol y Carme Torres y Antonieta Jarne nos aproximan a sus investigaciones y conclusiones sobre los primeros meses de la ocupaci\u00f3n franquista de la ciudad, la represi\u00f3n sobre la poblaci\u00f3n, el control social militarizado ejercido en la zona pirenaica, la organizaci\u00f3n y actuaci\u00f3n de la Acci\u00f3n Cat\u00f3lica o los instrumentos de disidencia pol\u00edtica al r\u00e9gimen.<\/p>\n<\/div><\/div>\n\n\n\n<hr class=\"wp-block-separator has-alpha-channel-opacity\" \/>\n\n\n\n<div class=\"wp-block-media-text alignwide is-stacked-on-mobile\" style=\"grid-template-columns:17% auto\"><figure class=\"wp-block-media-text__media\"><img loading=\"lazy\" decoding=\"async\" width=\"346\" height=\"499\" src=\"https:\/\/webs.uab.cat\/cedid\/wp-content\/uploads\/sites\/151\/2022\/11\/51DLqHBehwL._SX344_BO1204203200_.jpg\" alt=\"\" class=\"wp-image-4748 size-full\" srcset=\"https:\/\/webs.uab.cat\/cedid\/wp-content\/uploads\/sites\/151\/2022\/11\/51DLqHBehwL._SX344_BO1204203200_.jpg 346w, https:\/\/webs.uab.cat\/cedid\/wp-content\/uploads\/sites\/151\/2022\/11\/51DLqHBehwL._SX344_BO1204203200_-208x300.jpg 208w\" sizes=\"auto, (max-width: 346px) 100vw, 346px\" \/><\/figure><div class=\"wp-block-media-text__content\">\n<p><strong>Mota Mu\u00f1oz, Jos\u00e9 Fernando, <em>La Rep\u00fablica, la guerra civil i el primer franquisme a Sant Cugat del Vall\u00e8s (1931-1941)<\/em>. Barcelona, Publicacions de l&#8217;Abadia de Montserrat, 2002.<\/strong><\/p>\n\n\n\n<p>La obra analiza un periodo clave por la historia contempor\u00e1nea en un pueblo del Vall\u00e8s Occidental. Lo trabaja est\u00e1 estructurado en cuatro partes. Una primera trata de situar el Sant Cugat de los a\u00f1os 30 con respecto a los aspectos econ\u00f3micos, demogr\u00e1ficos, sociales y asociativos. La segunda parte est\u00e1 dedicada a estudiar la evoluci\u00f3n pol\u00edtica y social del periodo 1931-1936, la actuaci\u00f3n de los diferentes Ayuntamientos, la conflictividad social, sobre todo el problema \u00abrabassaire\u00bb y el paro, los hechos de Octubre del 34 &#8211; de especial relevancia a Sant Cugat &#8211; y sus repercusiones. La tercera parte trata del periodo de la guerra; se hace una descripci\u00f3n de la evoluci\u00f3n pol\u00edtica de 1936 a 1939, y fijamos el an\u00e1lisis en la experiencia revolucionar\u00eda, el niveles de vida, la represi\u00f3n a la retaguardia, etc. Finalmente, la cuarta parte est\u00e1 dedicada al periodo 1939-1941, en qu\u00e9 act\u00faan las dos primeras Juntas municipales franquistas y se analiza tanto el papel de estas, como la creaci\u00f3n de la delegaci\u00f3n DE HECHO y todas sus secciones, el papel de la Iglesia, la represi\u00f3n y el nivel de vida de este periodo. El libro se completa con unos anexos con un an\u00e1lisis del personal pol\u00edtico que ha pasado por los ayuntamientos de Sant Cugat de 1931 a 1941, los resultados electorales a Sant Cugat entre 1931 y 1936, un listado de los santcugatences muertes al frente y un listado de las fincas confiscadas al municipio durante el periodo revolucionario. Tambi\u00e9n tiene un \u00edndice onom\u00e1stico.<\/p>\n<\/div><\/div>\n\n\n\n<hr class=\"wp-block-separator has-alpha-channel-opacity\" \/>\n\n\n\n<div class=\"wp-block-media-text alignwide is-stacked-on-mobile\" style=\"grid-template-columns:17% auto\"><figure class=\"wp-block-media-text__media\"><img loading=\"lazy\" decoding=\"async\" width=\"552\" height=\"831\" src=\"https:\/\/webs.uab.cat\/cedid\/wp-content\/uploads\/sites\/151\/2022\/11\/9788484608233-1.jpg\" alt=\"\" class=\"wp-image-4751 size-full\" srcset=\"https:\/\/webs.uab.cat\/cedid\/wp-content\/uploads\/sites\/151\/2022\/11\/9788484608233-1.jpg 552w, https:\/\/webs.uab.cat\/cedid\/wp-content\/uploads\/sites\/151\/2022\/11\/9788484608233-1-199x300.jpg 199w\" sizes=\"auto, (max-width: 552px) 100vw, 552px\" \/><\/figure><div class=\"wp-block-media-text__content\">\n<p><strong>Ricard Vinyes, Irredentas. <em>Las presas pol\u00edticas y sus hijos en las carceles franquistas<\/em>. Madrid,Temas de Hoy, 2002.<\/strong><\/p>\n\n\n\n<p>En este libro Ricard Vi\u00f1as hace una apasionante y a la vez conmovedora narraci\u00f3n de la vida y las penurias por las que pasar las prisas pol\u00edticas durante el franquismo y analiza en profundidad el funcionamiento del sistema carcelario franquista. El autor describe los ingeniosos y valientes m\u00e9todos de las presas para sobrevivir, basados en la solidaridad y el reforzamiento de su identidad de presas pol\u00edticas en frente de un sistema carcelario profundamente deshumanizado<\/p>\n<\/div><\/div>\n\n\n\n<hr class=\"wp-block-separator has-alpha-channel-opacity\" \/>\n\n\n\n<div class=\"wp-block-media-text alignwide is-stacked-on-mobile\" style=\"grid-template-columns:17% auto\"><figure class=\"wp-block-media-text__media\"><img loading=\"lazy\" decoding=\"async\" width=\"169\" height=\"272\" src=\"https:\/\/webs.uab.cat\/cedid\/wp-content\/uploads\/sites\/151\/2022\/11\/descarga-12.jpg\" alt=\"\" class=\"wp-image-4754 size-full\" \/><\/figure><div class=\"wp-block-media-text__content\">\n<p><strong>Casanova, J.; Espinosa, F.; Mir, Conxita; Moreno Gomez, F., <em>Morir, matar, sobrevivir. La violencia en la dictadura de Franco<\/em>. Barcelona, Cr\u00edtica, 2002.<\/strong><\/p>\n\n\n\n<p>Julian Casanova lo inicia con una valoraci\u00f3n global del papel que tuvo el terror durante los cuarenta a\u00f1os de dictadura. Francisco Espinosa pone a cuerpo descubierto el plan de exterminio que inspiraba el golpe militar y analiza su sanguinario desarrollo. Conchita Mir nos muestra como, un golpe acabados los combates, se utiliz\u00f3 el terror como un instrumento de control social de los vencidos, se a decir, de la mayor\u00eda de los espa\u00f1oles. Finalmente, Francisco Moreno estudia la resistencia al r\u00e9gimen por los huidos y guerrilleros.<\/p>\n<\/div><\/div>\n\n\n\n<hr class=\"wp-block-separator has-alpha-channel-opacity\" \/>\n\n\n\n<div class=\"wp-block-media-text alignwide is-stacked-on-mobile\" style=\"grid-template-columns:17% auto\"><figure class=\"wp-block-media-text__media\"><img loading=\"lazy\" decoding=\"async\" width=\"340\" height=\"499\" src=\"https:\/\/webs.uab.cat\/cedid\/wp-content\/uploads\/sites\/151\/2022\/11\/51eupQ6nSQL._SX338_BO1204203200_-1.jpg\" alt=\"\" class=\"wp-image-4757 size-full\" srcset=\"https:\/\/webs.uab.cat\/cedid\/wp-content\/uploads\/sites\/151\/2022\/11\/51eupQ6nSQL._SX338_BO1204203200_-1.jpg 340w, https:\/\/webs.uab.cat\/cedid\/wp-content\/uploads\/sites\/151\/2022\/11\/51eupQ6nSQL._SX338_BO1204203200_-1-204x300.jpg 204w\" sizes=\"auto, (max-width: 340px) 100vw, 340px\" \/><\/figure><div class=\"wp-block-media-text__content\">\n<p><strong>Xavier Dom\u00e8nech Sampere, <em>Quan el carrer va deixar de ser seu. Moviment obrer, societat civil i canvi pol\u00edtic. Sabadell (1966-1976)<\/em>. Barcelona, Publicacions de l&#8217;Abadia de Montserrat, 2002.<\/strong><\/p>\n\n\n\n<p><em>Quan el carrer va deixar de ser seu<\/em> es un libro que se inscribe en las corrientes historiogr\u00e1ficas que han procurado devolver el protagonismo del que se conoce como transci\u00f3n espa\u00f1ola a sus principales impulsores: las personas, los movimientos sociales y los tejidos civiles que a partir de los a\u00f1os sesenta innaguraron unas renovadas pr\u00e1cticas democr\u00e1ticas, y consiguieron abrir nuevos espacios de libertad bajo el franquismo y llevarnos finalmente, la democracia. Intenta ir m\u00e1s all\u00e1 de las historias corrientes sobre este periodo, todo ampliando el \u00e1mbito cronol\u00f3gico del cambio pol\u00edtico, centrado casi siempre en la segunda mitad de los a\u00f1os sesenta, e introduciendo los sujetos sociales en este proceso. En este libro no se habla solamente de los grandes dirigentes pol\u00edticos, sino que se centra en el miles de personas an\u00f3nimas que en su d\u00eda a d\u00eda lucharon por conseguir peque\u00f1os grandes cambios, sin los cuales dif\u00edcilmente entender\u00edamos como lleg\u00f3 la democracia a nuestro pa\u00eds. As\u00ed, es un libro que pretende incorporar a las perspectivas tradicionales del cambio pol\u00edtico una perspectiva desde debajo y desde Catalu\u00f1a. El estudio de un caso, el de la ciudad de Sabadell, permito pasar del an\u00e1lisis microhist\u00f3rica, un \u00e1mbito privilegiado para observar estos peque\u00f1os grandes cambios, al contexto general catal\u00e1n y espa\u00f1ol e introducir nuevas llaves explicativas que nos permitan entender el proceso hist\u00f3rico de una manera integral.<\/p>\n<\/div><\/div>\n\n\n\n<hr class=\"wp-block-separator has-alpha-channel-opacity\" \/>\n\n\n\n<div class=\"wp-block-media-text alignwide is-stacked-on-mobile\" style=\"grid-template-columns:17% auto\"><figure class=\"wp-block-media-text__media\"><img loading=\"lazy\" decoding=\"async\" width=\"150\" height=\"226\" src=\"https:\/\/webs.uab.cat\/cedid\/wp-content\/uploads\/sites\/151\/2022\/11\/UDC-1.png\" alt=\"\" class=\"wp-image-4761 size-full\" \/><\/figure><div class=\"wp-block-media-text__content\">\n<p><strong>Culla i Clar\u00e0, Joan B., <em>Uni\u00f3 Democr\u00e0tica de Catalunya: el llarg cam\u00ed (1931-2001)<\/em>. Barcelona, Uni\u00f3 Democr\u00e0tica de Catalunya, 2002<\/strong>.<\/p>\n\n\n\n<p>Editado en conmemoraci\u00f3n del 70\u00ba aniversario de la fundaci\u00f3n del partido pol\u00edtico Uni\u00f3n Democr\u00e1tica de Catalunya, este libro pretende ser un breve repaso por su dilatada trayectoria pol\u00edtica desde el momento de su fundaci\u00f3n, al 1931, hasta el todav\u00eda reciente 2001. En \u00e9l encontramos diferentes cap\u00edtulos que abordan las principales etapas hist\u00f3ricas que ha vivido Catalu\u00f1a densa la proclamaci\u00f3n de la Segunda Rep\u00fablica, y el papel que Uni\u00f3n Democr\u00e1tica ha jugado en cada momento dentro del panorama pol\u00edtico catal\u00e1n, hasta llegar pr\u00e1cticamente al d\u00eda de hoy.<\/p>\n<\/div><\/div>\n","protected":false},"excerpt":{"rendered":"<p>DDAA, El primer franquisme a les terres de Lleida (1938-1950). Lleida, Institut d&#8217;Estudis Ilerdencs, 2002. El presente libro recojo las ponencias referentes a las tierras leridanas realizadas en el marco del seminario que tuvo lugar en Lleida entre el 12 y el 22 de abril de 1998, bajo el t\u00edtulo El primer franquismo. Lleida (1938-1950), [&hellip;]<\/p>\n","protected":false},"author":20,"featured_media":0,"parent":0,"menu_order":0,"comment_status":"closed","ping_status":"closed","template":"","meta":{"footnotes":""},"class_list":["post-1825","page","type-page","status-publish","hentry"],"_links":{"self":[{"href":"https:\/\/webs.uab.cat\/cedid\/es\/wp-json\/wp\/v2\/pages\/1825","targetHints":{"allow":["GET"]}}],"collection":[{"href":"https:\/\/webs.uab.cat\/cedid\/es\/wp-json\/wp\/v2\/pages"}],"about":[{"href":"https:\/\/webs.uab.cat\/cedid\/es\/wp-json\/wp\/v2\/types\/page"}],"author":[{"embeddable":true,"href":"https:\/\/webs.uab.cat\/cedid\/es\/wp-json\/wp\/v2\/users\/20"}],"replies":[{"embeddable":true,"href":"https:\/\/webs.uab.cat\/cedid\/es\/wp-json\/wp\/v2\/comments?post=1825"}],"version-history":[{"count":6,"href":"https:\/\/webs.uab.cat\/cedid\/es\/wp-json\/wp\/v2\/pages\/1825\/revisions"}],"predecessor-version":[{"id":4764,"href":"https:\/\/webs.uab.cat\/cedid\/es\/wp-json\/wp\/v2\/pages\/1825\/revisions\/4764"}],"wp:attachment":[{"href":"https:\/\/webs.uab.cat\/cedid\/es\/wp-json\/wp\/v2\/media?parent=1825"}],"curies":[{"name":"wp","href":"https:\/\/api.w.org\/{rel}","templated":true}]}}