{"id":1966,"date":"2016-07-13T13:46:43","date_gmt":"2016-07-13T13:46:43","guid":{"rendered":"https:\/\/webs.uab.cat\/cedid\/archivos-y-fuentes-documentales-consultadas\/"},"modified":"2016-07-13T13:46:43","modified_gmt":"2016-07-13T13:46:43","slug":"archivos-y-fuentes-documentales-consultadas","status":"publish","type":"page","link":"https:\/\/webs.uab.cat\/cedid\/es\/archivos-y-fuentes-documentales-consultadas\/","title":{"rendered":"Archivos y fuentes documentales consultadas"},"content":{"rendered":"<p><a style=\"color: #8c0000;\"><span style=\",'serif'; font-size: 12.0pt;\">Archivos y fondos consultados en el proyecto:<\/span><\/a><\/p>\n<p><strong><span style=\"text-decoration: underline;\"><span class=\"inline inline-none\"><a href=\"http:\/\/www.1mayo.ccoo.es\/nova\/NPortada?CodPortada=1188\" target=\"_blank\" rel=\"noopener\"><img loading=\"lazy\" decoding=\"async\" alt=\"\" class=\"image image-_original\" height=\"30\" src=\"http:\/\/centresderecerca.uab.cat\/cedid\/sites\/centresderecerca.uab.cat.cedid\/files\/images\/logo2.fw_.png\" style=\"border:1px solid black; margin-left:5px; margin-right:5px; float:left\" title=\"\" width=\"50\" \/><\/a><\/span>ARCHIVO DE HISTORIA DEL TRABAJO DE LA FUNDACI\u00d3N PRIMERO DE MAYO<\/span><\/strong><\/p>\n<p>\n<a href=\"http:\/\/www.1mayo.ccoo.es\/nova\/\" target=\"_blank\" rel=\"noopener\">Fundaci\u00f3n Primero de Mayo<\/a><br \/>\n<a href=\"http:\/\/www.1mayo.ccoo.es\/nova\/NPortada?CodPortada=1188\" target=\"_blank\" rel=\"noopener\">Archivo Historia de Trabajo (Fundaci\u00f3n Primero de Mayo)<\/a><br \/>\n<a href=\"http:\/\/www.1mayo.ccoo.es\/nova\/NNws_ShwNewDup?codigo=4797&amp;cod_primaria=1411&amp;cod_secundaria=1411#.V4YPn9zDLTq\" target=\"_blank\" rel=\"noopener\">Archivo de Historia Oral<\/a><br \/>\n<a href=\"http:\/\/centresderecerca.uab.cat\/cedid\/sites\/centresderecerca.uab.cat.cedid\/files\/BiografiasObreras2014.pdf\" target=\"_blank\" rel=\"noopener\">\u00cdndice entrevistas<\/a><\/p>\n<p><strong><span style=\"text-decoration: underline;\"><span class=\"inline inline-none\"><a href=\"http:\/\/www.estudiossindicales.andalucia.ccoo.es\/Default.aspx?idcategoria=12&amp;MenuNombre=Archivo_Hist%C3%B3rico\" target=\"_blank\" rel=\"noopener\"><img loading=\"lazy\" decoding=\"async\" alt=\"\" class=\"image image-_original\" height=\"30\" src=\"http:\/\/centresderecerca.uab.cat\/cedid\/sites\/centresderecerca.uab.cat.cedid\/files\/images\/logo3.fw_.png\" style=\"border:1px solid black; margin-left:5px; margin-right:5px; float:left\" title=\"\" width=\"50\" \/><\/a><\/span>ARCHIVO FUNDACI\u00d3N DE ESTUDIOS SINDICALES<\/span><\/strong><\/p>\n<p>\n<a href=\"http:\/\/www.estudiossindicales.andalucia.ccoo.es\/\" target=\"_blank\" rel=\"noopener\">Fundaci\u00f3n de Estudios Sindicales<\/a><br \/>\n<a href=\"http:\/\/www.estudiossindicales.andalucia.ccoo.es\/Default.aspx?idcategoria=12&amp;MenuNombre=Archivo_Hist%C3%B3rico\" target=\"_blank\" rel=\"noopener\">Archivo Hist\u00f3rico<\/a><br \/>\n<a href=\"http:\/\/www.estudiossindicales.andalucia.ccoo.es\/Default.aspx?idcategoria=19&amp;MenuNombre=Fondos_y_colecciones\" target=\"_blank\" rel=\"noopener\">Fondos Documentales<\/a><br \/>\n<a href=\"http:\/\/www.estudiossindicales.andalucia.ccoo.es\/Default.aspx?idcategoria=82&amp;MenuNombre=Fondo_Oral\" target=\"_blank\" rel=\"noopener\">Colecci\u00f3n Oral del Archivo Hist\u00f3rico<\/a><br \/>\n<a href=\"http:\/\/centresderecerca.uab.cat\/cedid\/sites\/centresderecerca.uab.cat.cedid\/files\/CatalogoFOrales.pdf\" target=\"_blank\" rel=\"noopener\">Cat\u00e1logo de Fuentes Orales<\/a><\/p>\n<p><strong><span style=\"text-decoration: underline;\"><span class=\"inline inline-none\"><a href=\"http:\/\/portal.ugt.org\/fflc\/biblioteca\/archivo.htm\" target=\"_blank\" rel=\"noopener\"><img loading=\"lazy\" decoding=\"async\" alt=\"\" class=\"image image-_original\" height=\"30\" src=\"http:\/\/centresderecerca.uab.cat\/cedid\/sites\/centresderecerca.uab.cat.cedid\/files\/images\/logo4.fw_.png\" style=\"border:1px solid black; margin-left:5px; margin-right:5px; float:left\" title=\"\" width=\"50\" \/><\/a><\/span>ARCHIVO FUNDACI\u00d3N LARGO CABALLERO<\/span><\/strong><\/p>\n<p>\n<a href=\"http:\/\/portal.ugt.org\/fflc\/index.html\" target=\"_blank\" rel=\"noopener\">Fundaci\u00f3n Francisco Largo Caballero<\/a><br \/>\n<a href=\"http:\/\/portal.ugt.org\/fflc\/biblioteca\/archivo.htm\" target=\"_blank\" rel=\"noopener\">Archivo Hist\u00f3rico<\/a><br \/>\n<a href=\"http:\/\/portal.ugt.org\/fflc\/hemeroteca\/hemeroteca00.htm\" target=\"_blank\" rel=\"noopener\">Archivo Oral del Sindicalismo Socialista<\/a><\/p>\n<p><strong><span style=\"text-decoration: underline;\"><span class=\"inline inline-none\"><a href=\"http:\/\/archivo.fpabloiglesias.es\/\" target=\"_blank\" rel=\"noopener\"><img loading=\"lazy\" decoding=\"async\" alt=\"\" class=\"image image-_original\" height=\"30\" src=\"http:\/\/centresderecerca.uab.cat\/cedid\/sites\/centresderecerca.uab.cat.cedid\/files\/images\/logo5.fw_.png\" style=\"border:1px solid black; margin-left:5px; margin-right:5px; float:left\" title=\"\" width=\"50\" \/><\/a><\/span>ARCHIVO FUNDACI\u00d3N PABLO IGLESIAS<\/span><\/strong><\/p>\n<p>\n<a href=\"http:\/\/www.fpabloiglesias.es\/\" target=\"_blank\" rel=\"noopener\">Fundaci\u00f3n Pablo Iglesias<\/a><br \/>\n<a href=\"http:\/\/archivo.fpabloiglesias.es\/\" target=\"_blank\" rel=\"noopener\">Archivo de la Fundaci\u00f3n Pablo Iglesias<\/a><\/p>\n<p><strong><span style=\"text-decoration: underline;\"><span class=\"inline inline-none\"><a href=\"http:\/\/www.march.es\/ceacs\/proyectos\/linz\/Gunther.aspx\" target=\"_blank\" rel=\"noopener\"><img loading=\"lazy\" decoding=\"async\" alt=\"\" class=\"image image-_original\" height=\"30\" src=\"http:\/\/centresderecerca.uab.cat\/cedid\/sites\/centresderecerca.uab.cat.cedid\/files\/images\/logo1.fw_.png\" style=\"border:1px solid black; margin-left:5px; margin-right:5px; float:left\" title=\"\" width=\"50\" \/><\/a><\/span>ARCHIVO GUNTHER (FUNDACI\u00d3N JUAN MARCH)<\/span><\/strong><\/p>\n<p>\n<a href=\"http:\/\/www.march.es\/\" target=\"_blank\" rel=\"noopener\">Fundaci\u00f3n Juan March<\/a><br \/>\n<a href=\"http:\/\/www.march.es\/ceacs\/proyectos\/linz\/Gunther.aspx\" target=\"_blank\" rel=\"noopener\">Archivo Gunther de la transici\u00f3n espa\u00f1ola<\/a><br \/>\n<a href=\"http:\/\/www.march.es\/abnopac\/abnetcl.exe\/O7012\/ID106234c7?ACC=101\" target=\"_blank\" rel=\"noopener\">Cat\u00e1logo de la Biblioteca de la Fundaci\u00f3n Juan March<\/a><\/p>\n<p><strong><span style=\"text-decoration: underline;\"><span class=\"inline inline-none\"><a href=\"http:\/\/www.fciprianogarcia.ccoo.cat\/ciprianogarcia\/arxiuhistoric\/index.aspx\" target=\"_blank\" rel=\"noopener\"><img loading=\"lazy\" decoding=\"async\" alt=\"\" class=\"image image-_original\" height=\"30\" src=\"http:\/\/centresderecerca.uab.cat\/cedid\/sites\/centresderecerca.uab.cat.cedid\/files\/images\/logo6.fw_.png\" style=\"border:1px solid black; margin-left:5px; margin-right:5px; float:left\" title=\"\" width=\"50\" \/><\/a><\/span>ARCHIVO HIST\u00d3RICO DE CCOO DE CATALUNYA (FUNDACI\u00d3 CIPRIANO GARC\u00cdA)<\/span><\/strong><\/p>\n<p>\n<a href=\"http:\/\/www.fciprianogarcia.ccoo.cat\/ciprianogarcia\/index.aspx\" target=\"_blank\" rel=\"noopener\">Fundaci\u00f3n Cipriano Garc\u00eda<\/a><br \/>\n<a href=\"http:\/\/www.fciprianogarcia.ccoo.cat\/ciprianogarcia\/arxiuhistoric\/index.aspx\" target=\"_blank\" rel=\"noopener\">Arxivo Hist\u00f3rico Fundaci\u00f3n Cipriano Garc\u00eda<\/a><br \/>\n<a href=\"http:\/\/www.fciprianogarcia.ccoo.cat\/ciprianogarcia\/arxiuhistoric\/aspnet\/pagina.aspx?id=9\" target=\"_blank\" rel=\"noopener\">Fondos documentales Fundaci\u00f3n Cipriano Garc\u00eda<\/a><br \/>\n<a href=\"http:\/\/centresderecerca.uab.cat\/cedid\/sites\/centresderecerca.uab.cat.cedid\/files\/CatalogoFuentes.pdf\" target=\"_blank\" rel=\"noopener\">Cat\u00e1logo Fuentes Orales<\/a><\/p>\n<p><strong><span style=\"text-decoration: underline;\"><span class=\"inline inline-none\"><a href=\"http:\/\/archivohistoricopce.org\/\" target=\"_blank\" rel=\"noopener\"><img loading=\"lazy\" decoding=\"async\" alt=\"\" class=\"image image-_original\" height=\"30\" src=\"http:\/\/centresderecerca.uab.cat\/cedid\/sites\/centresderecerca.uab.cat.cedid\/files\/images\/logo7.fw_.png\" style=\"border:1px solid black; margin-left:5px; margin-right:5px; float:left\" title=\"\" width=\"50\" \/><\/a><\/span>ARCHIVO HIST\u00d3RICO DEL PCE<\/span><\/strong><\/p>\n<p>\n<a href=\"http:\/\/archivohistoricopce.org\/\" target=\"_blank\" rel=\"noopener\">Archivo Hist\u00f3rico del PCE<\/a><br \/>\n<a href=\"http:\/\/archivohistoricopce.org\/descripcion-de-fondos\/\" target=\"_blank\" rel=\"noopener\">Descripci\u00f3n de fondos documentales<\/a><\/p>\n<p><strong><span style=\"text-decoration: underline;\"><span class=\"inline inline-none\"><a href=\"http:\/\/www.soleturamollet.cat\/DetallContinguts\/_K1mdFksNO-8DZOHOPfwUfz3bsiyVQgDwo6okXSo6bU5Az0UsgKHG558Hyb8P8FAC\" target=\"_blank\" rel=\"noopener\"><img loading=\"lazy\" decoding=\"async\" alt=\"\" class=\"image image-_original\" height=\"30\" src=\"http:\/\/centresderecerca.uab.cat\/cedid\/sites\/centresderecerca.uab.cat.cedid\/files\/images\/logo8.fw_.png\" style=\"border:1px solid black; margin-left:5px; margin-right:5px; float:left\" title=\"\" width=\"50\" \/><\/a><\/span>ARCHIVO MUNICIPAL DE MOLLET \/ FONDO DOCUMENTAL &nbsp;JORDI SOL\u00c9 TURA<\/span><\/strong><\/p>\n<p>\n<a href=\"http:\/\/www.soleturamollet.cat\/DetallContinguts\/_K1mdFksNO-9wgasRDQea-tHGCujtmSb9xk_QIdjJ3rxzJlt5MJPcx53ZskZkwuhV\" target=\"_blank\" rel=\"noopener\">Centro de Estudios por la Democracia<\/a><br \/>\n<a href=\"http:\/\/www.soleturamollet.cat\/DetallContinguts\/_K1mdFksNO-8DZOHOPfwUfz3bsiyVQgDwo6okXSo6bU5Az0UsgKHG558Hyb8P8FAC\" target=\"_blank\" rel=\"noopener\">Fondo Documental Jordi Sol\u00e9 Tura<\/a><\/p>\n","protected":false},"excerpt":{"rendered":"<p>Archivos y fondos consultados en el proyecto: ARCHIVO DE HISTORIA DEL TRABAJO DE LA FUNDACI\u00d3N PRIMERO DE MAYO Fundaci\u00f3n Primero de Mayo Archivo Historia de Trabajo (Fundaci\u00f3n Primero de Mayo) Archivo de Historia Oral \u00cdndice entrevistas ARCHIVO FUNDACI\u00d3N DE ESTUDIOS SINDICALES Fundaci\u00f3n de Estudios Sindicales Archivo Hist\u00f3rico Fondos Documentales Colecci\u00f3n Oral del Archivo Hist\u00f3rico Cat\u00e1logo [&hellip;]<\/p>\n","protected":false},"author":20,"featured_media":0,"parent":0,"menu_order":0,"comment_status":"closed","ping_status":"closed","template":"","meta":{"footnotes":""},"class_list":["post-1966","page","type-page","status-publish","hentry"],"_links":{"self":[{"href":"https:\/\/webs.uab.cat\/cedid\/es\/wp-json\/wp\/v2\/pages\/1966","targetHints":{"allow":["GET"]}}],"collection":[{"href":"https:\/\/webs.uab.cat\/cedid\/es\/wp-json\/wp\/v2\/pages"}],"about":[{"href":"https:\/\/webs.uab.cat\/cedid\/es\/wp-json\/wp\/v2\/types\/page"}],"author":[{"embeddable":true,"href":"https:\/\/webs.uab.cat\/cedid\/es\/wp-json\/wp\/v2\/users\/20"}],"replies":[{"embeddable":true,"href":"https:\/\/webs.uab.cat\/cedid\/es\/wp-json\/wp\/v2\/comments?post=1966"}],"version-history":[{"count":0,"href":"https:\/\/webs.uab.cat\/cedid\/es\/wp-json\/wp\/v2\/pages\/1966\/revisions"}],"wp:attachment":[{"href":"https:\/\/webs.uab.cat\/cedid\/es\/wp-json\/wp\/v2\/media?parent=1966"}],"curies":[{"name":"wp","href":"https:\/\/api.w.org\/{rel}","templated":true}]}}