{"id":1987,"date":"2016-11-03T12:51:58","date_gmt":"2016-11-03T12:51:58","guid":{"rendered":"https:\/\/webs.uab.cat\/cedid\/grup-de-recerca-en-historia-actual-greha-2\/"},"modified":"2016-11-03T12:51:58","modified_gmt":"2016-11-03T12:51:58","slug":"grup-de-recerca-en-historia-actual-greha-2","status":"publish","type":"page","link":"https:\/\/webs.uab.cat\/cedid\/es\/grup-de-recerca-en-historia-actual-greha-2\/","title":{"rendered":"Grup de Recerca en Hist\u00f2ria Actual (GReHA)"},"content":{"rendered":"<p align=\"justify\">El <strong>Grupo de Investigaci\u00f3n en Historia Actual<\/strong>, actualmente SGR 956 (2014), es m\u00e1s reciente creaci\u00f3n dentro del \u00e1mbito del <a href=\"http:\/\/www.uab.cat\/web\/departamento-de-historia-moderna-y-contemporanea-1332228288180.html\" target=\"_blank\" rel=\"noopener\">Departamento de Historia Contempor\u00e1nea de la UAB<\/a>. Debido a esto, incorpora algunos elementos distintivos nuevos. El grupo, por ejemplo, tiene blog propio, dise\u00f1ado para mantener sus publicaciones y materiales, o establecer relaciones directas con instituciones afines en otras universidades.<br \/> Tambi\u00e9n cuenta con una revista propia, publicada por el Servicio de Revistas Digitales de la UAB: <a href=\"http:\/\/revistes.uab.cat\/tdevorado\" target=\"_blank\" rel=\"noopener\">Tiempo devorado<\/a>, que de momento publica tres n\u00fameros al a\u00f1o con art\u00edculos en catal\u00e1n, castellano e ingl\u00e9s. Como complemento de la publicaci\u00f3n regular de <em>Tiempo devorado<\/em> y repositorio de documentataci\u00f3 hemerogr\u00e1fica y \u00e1mbito para nuevas propuestas de investigaci\u00f3n y publicaci\u00f3n, se ha puesto en marcha un bloque espec\u00edfico.<br \/> Por otro lado, el <strong>GReHA<\/strong> incorpora a profesores e investigadores de otras facultades e incluso de universidades extranjeras. Atendido el recurso a fuentes vivas que utiliza la Historia Actual, resulta de gran utilidad los recurso de los estudios interdisciplinarios.<\/p>\n<p><a href=\"http:\/\/www.uab.cat\/web\/departamento-de-historia-moderna-y-contemporanea-1332228288180.html\" target=\"_blank\" rel=\"noopener\">M\u00e1s informaci\u00f3n<\/a>&nbsp;<br \/><a href=\"http:\/\/revistes.uab.cat\/tdevorado\" target=\"_blank\" rel=\"noopener\">Tiempo devorado<\/a>&nbsp;<br \/><a href=\"https:\/\/tiempodevorado.wordpress.com\/\" target=\"_blank\" rel=\"noopener\">Tiempo devorado, el blog<\/a><br \/><a href=\"https:\/\/greha.wordpress.com\/\" target=\"_blank\" rel=\"noopener\">Blog del GReHA<\/a><\/p>\n","protected":false},"excerpt":{"rendered":"<p>El Grupo de Investigaci\u00f3n en Historia Actual, actualmente SGR 956 (2014), es m\u00e1s reciente creaci\u00f3n dentro del \u00e1mbito del Departamento de Historia Contempor\u00e1nea de la UAB. Debido a esto, incorpora algunos elementos distintivos nuevos. El grupo, por ejemplo, tiene blog propio, dise\u00f1ado para mantener sus publicaciones y materiales, o establecer relaciones directas con instituciones afines [&hellip;]<\/p>\n","protected":false},"author":20,"featured_media":0,"parent":0,"menu_order":0,"comment_status":"closed","ping_status":"closed","template":"","meta":{"footnotes":""},"class_list":["post-1987","page","type-page","status-publish","hentry"],"_links":{"self":[{"href":"https:\/\/webs.uab.cat\/cedid\/es\/wp-json\/wp\/v2\/pages\/1987","targetHints":{"allow":["GET"]}}],"collection":[{"href":"https:\/\/webs.uab.cat\/cedid\/es\/wp-json\/wp\/v2\/pages"}],"about":[{"href":"https:\/\/webs.uab.cat\/cedid\/es\/wp-json\/wp\/v2\/types\/page"}],"author":[{"embeddable":true,"href":"https:\/\/webs.uab.cat\/cedid\/es\/wp-json\/wp\/v2\/users\/20"}],"replies":[{"embeddable":true,"href":"https:\/\/webs.uab.cat\/cedid\/es\/wp-json\/wp\/v2\/comments?post=1987"}],"version-history":[{"count":0,"href":"https:\/\/webs.uab.cat\/cedid\/es\/wp-json\/wp\/v2\/pages\/1987\/revisions"}],"wp:attachment":[{"href":"https:\/\/webs.uab.cat\/cedid\/es\/wp-json\/wp\/v2\/media?parent=1987"}],"curies":[{"name":"wp","href":"https:\/\/api.w.org\/{rel}","templated":true}]}}