{"id":2443,"date":"2019-01-23T13:42:51","date_gmt":"2019-01-23T13:42:51","guid":{"rendered":"https:\/\/webs.uab.cat\/cedid\/2019-2020-2\/"},"modified":"2022-12-15T10:51:22","modified_gmt":"2022-12-15T10:51:22","slug":"2019-2020-2","status":"publish","type":"page","link":"https:\/\/webs.uab.cat\/cedid\/es\/2019-2020-2\/","title":{"rendered":"2019-2020"},"content":{"rendered":"\n<p><strong><a href=\"https:\/\/webs.uab.cat\/cedid\/wp-content\/uploads\/sites\/151\/2019\/01\/articulos_2018-2019.pdf\" target=\"_blank\" rel=\"noreferrer noopener\">Enlace: relaci\u00f3n de los art\u00edculos publicados por las investigadoras y los investigadores del CEDID entre los a\u00f1os 2018 y 2019.<\/a><\/strong><\/p>\n\n\n\n<div class=\"wp-block-media-text alignwide is-stacked-on-mobile\" style=\"grid-template-columns:15% auto\"><figure class=\"wp-block-media-text__media\"><img loading=\"lazy\" decoding=\"async\" width=\"600\" height=\"847\" src=\"https:\/\/webs.uab.cat\/cedid\/wp-content\/uploads\/sites\/151\/2022\/12\/cover_issue_3611_es_es_0.jpg\" alt=\"\" class=\"wp-image-6272 size-full\" srcset=\"https:\/\/webs.uab.cat\/cedid\/wp-content\/uploads\/sites\/151\/2022\/12\/cover_issue_3611_es_es_0.jpg 600w, https:\/\/webs.uab.cat\/cedid\/wp-content\/uploads\/sites\/151\/2022\/12\/cover_issue_3611_es_es_0-213x300.jpg 213w\" sizes=\"auto, (max-width: 600px) 100vw, 600px\" \/><\/figure><div class=\"wp-block-media-text__content\">\n<p><strong>Pau Casanellas, C\u00e9sar Lorenzo, \u00abLucha antirrepresiva e influjo unitario en la movilizaci\u00f3n antifranquista: las Comisiones de Solidaridad (1969-1977)\u00bb,&nbsp;<em>Historia y Pol\u00edtica<\/em>, 43, 2020, pp. 291-326.<\/strong><\/p>\n\n\n\n<p>La movilizaci\u00f3n unitaria de apoyo a los represaliados pol\u00edticos es un aspecto pr\u00e1cticamente sin estudiar, pero de notable relevancia, de la lucha antifranquista. Este art\u00edculo pretende ayudar a llenar ese vac\u00edo. En un contexto de marcado endurecimiento de la represi\u00f3n, las organizaciones clandestinas y los movimientos sociales de oposici\u00f3n se dotaron de una herramienta transversal para ayudar a las v\u00edctimas y denunciar su situaci\u00f3n. Los primeros ejemplos se documentan en 1967 en diferentes localidades, pero es a partir de inicios de 1969 cuando se constituye el principal germen del movimiento: la Comissi\u00f3 de Solidaritat de Barcelona. Este n\u00facleo inicial y m\u00e1s destacado se extender\u00e1 en los a\u00f1os siguientes a otros municipios de Catalu\u00f1a, primero, y Madrid y otras capitales, m\u00e1s tarde. A trav\u00e9s del estudio de la documentaci\u00f3n generada por estas nuevas plataformas, as\u00ed como de la realizaci\u00f3n de entrevistas a algunos de sus componentes, se constata su importancia como uno de los ejes vertebradores del nuevo tipo de oposici\u00f3n a la dictadura. Gracias al trabajo de las Comisiones de Solidaridad se consigui\u00f3 amortiguar el embate represivo al tiempo que deslegitimar al r\u00e9gimen y aglutinar las diferentes sensibilidades presentes en el antifranquismo. Asimismo, no puede obviarse la influencia de esa experiencia en la creaci\u00f3n de organismos unitarios de oposici\u00f3n durante el franquismo y la transici\u00f3n.&nbsp;<\/p>\n<\/div><\/div>\n\n\n\n<hr class=\"wp-block-separator has-alpha-channel-opacity\" \/>\n\n\n\n<div class=\"wp-block-media-text alignwide is-stacked-on-mobile\" style=\"grid-template-columns:15% auto\"><figure class=\"wp-block-media-text__media\"><img loading=\"lazy\" decoding=\"async\" width=\"450\" height=\"630\" src=\"https:\/\/webs.uab.cat\/cedid\/wp-content\/uploads\/sites\/151\/2022\/12\/sansuena_suplemento_a_1_coberta.png\" alt=\"\" class=\"wp-image-6274 size-full\" srcset=\"https:\/\/webs.uab.cat\/cedid\/wp-content\/uploads\/sites\/151\/2022\/12\/sansuena_suplemento_a_1_coberta.png 450w, https:\/\/webs.uab.cat\/cedid\/wp-content\/uploads\/sites\/151\/2022\/12\/sansuena_suplemento_a_1_coberta-214x300.png 214w\" sizes=\"auto, (max-width: 450px) 100vw, 450px\" \/><\/figure><div class=\"wp-block-media-text__content\">\n<p><strong><em>Sansue\u00f1a. Revista de estudios sobre el exilio republicano de 1939<\/em>, suplemento, n\u00famero 1, 2020.<\/strong><\/p>\n\n\n\n<p>Los Suplementos de <em>Sansue\u00f1a <\/em>inician su andadura en este a\u00f1o 2020 como un complemento de la revista porque no tienen car\u00e1cter miscel\u00e1neo sino monogr\u00e1fico. Concretamente, en este Suplemento 1\u00ba, con el t\u00edtulo de Adolfo S\u00e1nchez V\u00e1zquez (1915-2015). Filosof\u00eda, est\u00e9tica y literatura, se pubican quince art\u00edculos sobre el fil\u00f3sofo marxista y exiliado republicano espa\u00f1ol de 1939 m\u00e1s influyente en las izquierdas latinoamericanas, con quien el GEXEL mantuvo una larga y fruct\u00edfera relaci\u00f3n.<\/p>\n\n\n\n<p><a href=\"https:\/\/webs.uab.cat\/cedid\/wp-content\/uploads\/sites\/151\/2019\/01\/b-sansuena_suplemento_a_1.pdf\" target=\"_blank\" rel=\"noreferrer noopener\">\u00cdndice y presentaci\u00f3n.<\/a><\/p>\n<\/div><\/div>\n\n\n\n<hr class=\"wp-block-separator has-alpha-channel-opacity\" \/>\n\n\n\n<div class=\"wp-block-media-text alignwide is-stacked-on-mobile\" style=\"grid-template-columns:15% auto\"><figure class=\"wp-block-media-text__media\"><img loading=\"lazy\" decoding=\"async\" width=\"354\" height=\"499\" src=\"https:\/\/webs.uab.cat\/cedid\/wp-content\/uploads\/sites\/151\/2022\/12\/thumbnail_sansuena_2_coberta.png\" alt=\"\" class=\"wp-image-6276 size-full\" srcset=\"https:\/\/webs.uab.cat\/cedid\/wp-content\/uploads\/sites\/151\/2022\/12\/thumbnail_sansuena_2_coberta.png 354w, https:\/\/webs.uab.cat\/cedid\/wp-content\/uploads\/sites\/151\/2022\/12\/thumbnail_sansuena_2_coberta-213x300.png 213w\" sizes=\"auto, (max-width: 354px) 100vw, 354px\" \/><\/figure><div class=\"wp-block-media-text__content\">\n<p><strong><em>Sansue\u00f1a. Revista de estudios sobre el exilio republicano de 1939<\/em>, n\u00famero 2, 2020.<\/strong><\/p>\n\n\n\n<p>Se ha publicado el n\u00famero 2 de la revista <em>Sansue\u00f1a<\/em>, impulsada por el GEXEL-CEDID con el objetivo de contribuir a la reconstrucci\u00f3n de la memoria hist\u00f3rica, cultural y literaria del exilio republicano espa\u00f1ol de 1939 y promover las diferentes l\u00edneas de debate en torno a la producci\u00f3n de las culturas de dicho exilio..<\/p>\n\n\n\n<p><a href=\"https:\/\/webs.uab.cat\/cedid\/wp-content\/uploads\/sites\/151\/2019\/01\/c-sansuena_2.pdf\" target=\"_blank\" rel=\"noreferrer noopener\">\u00cdndice y presentaci\u00f3n.<\/a><\/p>\n<\/div><\/div>\n\n\n\n<hr class=\"wp-block-separator has-alpha-channel-opacity\" \/>\n\n\n\n<div class=\"wp-block-media-text alignwide is-stacked-on-mobile\" style=\"grid-template-columns:15% auto\"><figure class=\"wp-block-media-text__media\"><img loading=\"lazy\" decoding=\"async\" width=\"200\" height=\"271\" src=\"https:\/\/webs.uab.cat\/cedid\/wp-content\/uploads\/sites\/151\/2022\/12\/00000001-0000-0011-0000-000002210438-1.jpg\" alt=\"\" class=\"wp-image-6278 size-full\" \/><\/figure><div class=\"wp-block-media-text__content\">\n<p><strong>Ara\u00f1\u00f3 Vega, Laia i Garcia Raffi, Josep V.&nbsp;<\/strong><strong>\u00abLa identitat i la p\u00e8rdua en l\u2019epistolari del primer exili del conseller Carles Pi i Sunyer (1939-1940)\u00bb; Bacard\u00ed, Montserrat, \u00abAlteritat i modernitat. Traducci\u00f3 catalana a Buenos Aires\u00bb,&nbsp;<em>Afers (fulls de recerca i pensament)<\/em>, 96\/97, 2020, pp. 307-322 i 309-324.<\/strong><\/p>\n\n\n\n<p>El \u00faltimo n\u00famero de 2020 de la revista <em>Afers (fulls de recerca i pensament) <\/em>presenta el dosier \u00abLiteratura catalana d\u2019exili\u00bb, coordinado por Oriol Teixell Puig. Entre otros trabajos, incluye un art\u00edculo de Laia Ara\u00f1\u00f3 y Josep Vicent Garcia Raffi sobre el primer exilio de Carles Pi i Sunyer estudiado a trav\u00e9s de su epistolario y&nbsp;otro de Montserrat Bacard\u00ed dedicado a la actividad de traducci\u00f3n catalana de los exiliados en Buenos Aires.<\/p>\n<\/div><\/div>\n\n\n\n<hr class=\"wp-block-separator has-alpha-channel-opacity\" \/>\n\n\n\n<div class=\"wp-block-media-text alignwide is-stacked-on-mobile\" style=\"grid-template-columns:15% auto\"><figure class=\"wp-block-media-text__media\"><img loading=\"lazy\" decoding=\"async\" width=\"658\" height=\"1024\" src=\"https:\/\/webs.uab.cat\/cedid\/wp-content\/uploads\/sites\/151\/2022\/12\/00_presentacion_ayer_120-658x1024.jpg\" alt=\"\" class=\"wp-image-6282 size-full\" srcset=\"https:\/\/webs.uab.cat\/cedid\/wp-content\/uploads\/sites\/151\/2022\/12\/00_presentacion_ayer_120-658x1024.jpg 658w, https:\/\/webs.uab.cat\/cedid\/wp-content\/uploads\/sites\/151\/2022\/12\/00_presentacion_ayer_120-193x300.jpg 193w, https:\/\/webs.uab.cat\/cedid\/wp-content\/uploads\/sites\/151\/2022\/12\/00_presentacion_ayer_120.jpg 765w\" sizes=\"auto, (max-width: 658px) 100vw, 658px\" \/><\/figure><div class=\"wp-block-media-text__content\">\n<p><strong>Carme Molinero, \u00abEmpresarios a la b\u00fasqueda de partido: las conflictivas relaciones entre la CEOE y el gobierno de Su\u00e1rez\u00bb, pp 257-282; Xavier Dom\u00e8nech (et al.), \u00abDebate: El proc\u00e9s de Catalu\u00f1a en perspectiva hist\u00f3rica\u00bb, pp 327-355,&nbsp;<em>Ayer<\/em>, 120, 2020 (4).<\/strong><\/p>\n\n\n\n<p>Este n\u00famero de <em>Ayer<\/em>&nbsp;presenta el art\u00edculo&nbsp;de Carme Molinero&nbsp;\u00abEmpresarios a la b\u00fasqueda de partido: las conflictivas relaciones entre la CEOE y el gobierno de Su\u00e1rez\u00bb, en el que, en el contexto de la inquietud generada por el&nbsp;nuevo&nbsp;escenario pol\u00edtico despu\u00e9s&nbsp;de las elecciones de 1977 entre la c\u00fapula empresarial en fase d&#8217;organizaci\u00f3n, aborda algunos de los puntos m\u00e1s conflictivos de la relaci\u00f3 entre la CEOE y el gobierno&nbsp;de UCD, as\u00ed&nbsp;como la intervenci\u00f3n directamente pol\u00edtica de la organizaci\u00f3n empresarial que&nbsp;contribuy\u00f3&nbsp;a la dimisi\u00f3n de Adolfo Su\u00e1rez.&nbsp;<em>Ayer<\/em>&nbsp;tambi\u00e9n presenta un debate en el que&nbsp;participa&nbsp;Xavier Dom\u00e8nech con&nbsp;Mariona Lladonosa, Javier Moreno y&nbsp;Joan-Pau Rubi\u00e9s sobre el contexto hist\u00f3rico del <em>proc\u00e9s <\/em>de Catalu\u00f1a.<\/p>\n<\/div><\/div>\n\n\n\n<hr class=\"wp-block-separator has-alpha-channel-opacity\" \/>\n\n\n\n<div class=\"wp-block-media-text alignwide is-stacked-on-mobile\" style=\"grid-template-columns:15% auto\"><figure class=\"wp-block-media-text__media\"><img loading=\"lazy\" decoding=\"async\" width=\"535\" height=\"773\" src=\"https:\/\/webs.uab.cat\/cedid\/wp-content\/uploads\/sites\/151\/2022\/12\/dictatorships8_0.jpg\" alt=\"\" class=\"wp-image-6284 size-full\" srcset=\"https:\/\/webs.uab.cat\/cedid\/wp-content\/uploads\/sites\/151\/2022\/12\/dictatorships8_0.jpg 535w, https:\/\/webs.uab.cat\/cedid\/wp-content\/uploads\/sites\/151\/2022\/12\/dictatorships8_0-208x300.jpg 208w\" sizes=\"auto, (max-width: 535px) 100vw, 535px\" \/><\/figure><div class=\"wp-block-media-text__content\">\n<p><strong>Joan Maria Thom\u00e0s (et alii.), \u00abDossier: \u00bfHa terminado la Guerra Civil? Espa\u00f1a 1939-1953\u00bb;&nbsp;Joan Maria Thom\u00e0s, \u00abLa larga sombra de la Guerra Civil: Espa\u00f1a y las grandes potencias (1939-1953)\u00bbpp. 11-26;&nbsp;Xavier Casals, \u00abLa influencia de Argelia en la violencia pol\u00edtica de la Transici\u00f3n espa\u00f1ola (1975-1982)\u00bb, pp. 213-240.&nbsp;<em>Dictatorships and Democracies. Journal of History and Culture<\/em>, n\u00ba 8, 2020.<\/strong><\/p>\n\n\n\n<p>El numero 8 de la revista&nbsp;Dictatorships and Democracies presenta el dosier \u00ab\u00bfHa terminado la Guerra Civil? Espa\u00f1a 1939-1953\u00bb,&nbsp;coordinado&nbsp;por los investigadores&nbsp;Ursula Hennigfeld, Jenny Augustin, Raanan Rein, y&nbsp;el miembro&nbsp;del CEDID Joan Maria Thom\u00e0s, que dedica un art\u00edculo&nbsp;a la&nbsp;\u00abLa larga sombra de la Guerra Civil: Espa\u00f1a y las grandes potencias (1939-1953)\u00bb. Este mismo dossier contiene el art\u00edculo&nbsp;de Xavier Casals sobre \u00abLa influencia de Argelia en la violencia pol\u00edtica de la Transici\u00f3n espa\u00f1ola (1975-1982)\u00bb.<\/p>\n\n\n\n<p><a href=\"https:\/\/raco.cat\/index.php\/Dictatorships-Democracies\/issue\/view\/28906\" target=\"_blank\" rel=\"noreferrer noopener\">Acceso abierto a la revista<\/a><\/p>\n<\/div><\/div>\n\n\n\n<hr class=\"wp-block-separator has-alpha-channel-opacity\" \/>\n\n\n\n<div class=\"wp-block-media-text alignwide is-stacked-on-mobile\" style=\"grid-template-columns:15% auto\"><figure class=\"wp-block-media-text__media\"><img loading=\"lazy\" decoding=\"async\" width=\"150\" height=\"219\" src=\"https:\/\/webs.uab.cat\/cedid\/wp-content\/uploads\/sites\/151\/2022\/12\/cover_issue_61_it_it_0.png\" alt=\"\" class=\"wp-image-6287 size-full\" \/><\/figure><div class=\"wp-block-media-text__content\">\n<p><strong>Pere Ys\u00e0s, \u00abElaboraci\u00f3n y debate de la Constituci\u00f3n del 78\u00bb, <em>Spagna Contemporanea<\/em>, 57, 2020, pp. 33-50.<\/strong><\/p>\n\n\n\n<p>Los resultados de las elecciones del 15 de junio de 1977 transformaron las Cortes en Asamblea Constituyente. El art\u00edculo analiza el proceso de redacci\u00f3n de la Constituci\u00f3n espa\u00f1ola de 1978, con especial atenci\u00f3n a los debates parlamentarios sobre los aspectos m\u00e1s importantes y controvertidos, lo que permite conocer las diferentes posiciones de los principales grupos pol\u00edticos y los acuerdos alcanzados. El gran acuerdo final fue el resultado de un extenso debate en el que se discuti\u00f3 de todo, desde la forma de gobierno hasta el concepto de naci\u00f3n espa\u00f1ola, desde los derechos y libertades garantizados hasta los modelos econ\u00f3micos y sociales que podr\u00edan tener cabida en la Carta Magna.<\/p>\n<\/div><\/div>\n\n\n\n<hr class=\"wp-block-separator has-alpha-channel-opacity\" \/>\n\n\n\n<div class=\"wp-block-media-text alignwide is-stacked-on-mobile\" style=\"grid-template-columns:15% auto\"><figure class=\"wp-block-media-text__media\"><img loading=\"lazy\" decoding=\"async\" width=\"150\" height=\"194\" src=\"https:\/\/webs.uab.cat\/cedid\/wp-content\/uploads\/sites\/151\/2022\/12\/rsz_1historia_presente_0.jpg\" alt=\"\" class=\"wp-image-6290 size-full\" \/><\/figure><div class=\"wp-block-media-text__content\">\n<p><strong>Steven Forti (ed.), \u201cA vueltas con el Proc\u00e9s. Cambios y continuidades en la pol\u00edtica y la sociedad catalanas\u201d, <em>Historia del Presente<\/em>, 35, 2020\/1<\/strong>.<\/p>\n\n\n\n<p><em>A vueltas con el Proc\u00e9s <\/em>quiere ofrecer una visi\u00f3n panor\u00e1mica de la pol\u00edtica y la sociedad catalanas en los a\u00f1os del \u201c<em>Proc\u00e9s<\/em>\u201d (2010-2019): por un lado, se profundiza en cuestiones poco exploradas o territorios a\u00fan v\u00edrgenes y, por el otro, se tiene en cuenta un enfoque interdisciplinario, atento tanto a la ciencia pol\u00edtica como a la sociolog\u00eda.&nbsp;El monogr\u00e1fico cuenta con las aportaciones de Paola Lo Cascio, Gemma Ubasart, Andrew Dowling, Jos\u00e9 Manuel R\u00faa y Steven Forti. Se afrontan diferentes cuestiones de la historia catalana del tiempo presente como la actividad del gobierno auton\u00f3mico, la transformaci\u00f3n de las \u00e9lites pol\u00edticas nacionalistas, los cambios vividos por la sociedad, el mundo del trabajo, el asociacionismo y la dimensi\u00f3n populista de lo que se conoce como&nbsp;\u201c<em>Proc\u00e9s\u201d<\/em>.&nbsp; <a href=\"https:\/\/dialnet.unirioja.es\/ejemplar\/556307\">\u00cdndice<\/a>.<\/p>\n<\/div><\/div>\n\n\n\n<hr class=\"wp-block-separator has-alpha-channel-opacity\" \/>\n\n\n\n<div class=\"wp-block-media-text alignwide is-stacked-on-mobile\" style=\"grid-template-columns:15% auto\"><figure class=\"wp-block-media-text__media\"><img loading=\"lazy\" decoding=\"async\" width=\"150\" height=\"212\" src=\"https:\/\/webs.uab.cat\/cedid\/wp-content\/uploads\/sites\/151\/2022\/12\/portada_pasado_memoria_2020_0.png\" alt=\"\" class=\"wp-image-6292 size-full\" \/><\/figure><div class=\"wp-block-media-text__content\">\n<p><strong>Steven Forti (con Maximiliano Fuentes Codera, eds.), \u201cEntre naciones e identidades pol\u00edticas: circulaciones de ideas y proyectos colectivos entre Europa y Am\u00e9rica Latina\u201d, <em>Pasado y memoria. Revista de Historia Contempor\u00e1nea, <\/em>20\/2020<\/strong><\/p>\n\n\n\n<p>El dossier pretende realizar, desde una perspectiva de historia post-nacional, una aportaci\u00f3n al campo de los m\u00faltiples nexos intelectuales y pol\u00edticos entre Europa y Am\u00e9rica entre el \u00faltimo tercio del siglo XIX y la primera mitad del siglo XX.&nbsp; El monogr\u00e1fico se compone de cuatro art\u00edculos \u2013cuyos autores son Javier Esteve Mart\u00ed, Marco Masulli, Alicia San Mart\u00edn Molina y Jos\u00e9 Rilla\u2013 que, aunque estudian pa\u00edses (Brasil, Argentina, Uruguay, Italia, Espa\u00f1a, Francia), periodos hist\u00f3ricos, corrientes intelectuales y familias pol\u00edticas distintas, tienen notables puntos de contacto.<\/p>\n<\/div><\/div>\n\n\n\n<hr class=\"wp-block-separator has-alpha-channel-opacity\" \/>\n\n\n\n<div class=\"wp-block-media-text alignwide is-stacked-on-mobile\" style=\"grid-template-columns:15% auto\"><figure class=\"wp-block-media-text__media\"><img loading=\"lazy\" decoding=\"async\" width=\"150\" height=\"234\" src=\"https:\/\/webs.uab.cat\/cedid\/wp-content\/uploads\/sites\/151\/2022\/12\/coberta_ayer_116_0.png\" alt=\"\" class=\"wp-image-6294 size-full\" \/><\/figure><div class=\"wp-block-media-text__content\">\n<p><strong>Carlos Ord\u00e1s: \u201c<\/strong><strong>El Movimiento de Objeci\u00f3n de Conciencia en la d\u00e9cada de 1980\u201d, <em>Ayer<\/em>, n\u00ba 116, desembre de 2019, pp. 277-303<\/strong><\/p>\n\n\n\n<p>La campa\u00f1a de insumisi\u00f3n iniciada en febrero de 1989 supuso la continuaci\u00f3n de una l\u00ednea de desobediencia al Estado que duraba casi dos d\u00e9cadas. A diferencia del contexto pol\u00edtico precedente, a partir de las elecciones de 1982 el Gobierno de la democracia gozaba de un importante grado de legitimidad pol\u00edtica y social para hacer cumplir la ley. No obstante, los j\u00f3venes antimilitaristas consiguieron poner en marcha la insumisi\u00f3n y cuestionar la legitimidad del Gobierno. Todo esto fue fruto de la evoluci\u00f3n del contexto pol\u00edtico y social, as\u00ed como de la evoluci\u00f3n interna de los grupos antimilitaristas, especialmente el Movimiento de Objeci\u00f3n de Conciencia, que acab\u00f3 configur\u00e1ndose como un importante espacio de encuentro, movilizaci\u00f3n y activismo pol\u00edtico de la juventud espa\u00f1ola.<\/p>\n<\/div><\/div>\n\n\n\n<hr class=\"wp-block-separator has-alpha-channel-opacity\" \/>\n\n\n\n<div class=\"wp-block-media-text alignwide is-stacked-on-mobile\" style=\"grid-template-columns:15% auto\"><figure class=\"wp-block-media-text__media\"><img loading=\"lazy\" decoding=\"async\" width=\"158\" height=\"218\" src=\"https:\/\/webs.uab.cat\/cedid\/wp-content\/uploads\/sites\/151\/2022\/12\/dd7fv_0.png\" alt=\"\" class=\"wp-image-6296 size-full\" \/><\/figure><div class=\"wp-block-media-text__content\">\n<p><strong>Francesc Vilanova i Vila-Abadal: \u201cEl franquisme catal\u00e0 i Europa: de Munic a Par\u00eds\u201d, <em>Dictatorships and Democracies. Journal of History and Culture<\/em>, n\u00ba 7, 2019, pp. 191-245<\/strong><\/p>\n\n\n\n<p>Las derechas catalanas de 1936 no fueron inmunes a la contaminaci\u00f3n del discurso fascista europeo de los a\u00f1os treinta del siglo pasado. En el contexto excepcional de la Guerra Civil espa\u00f1ola, los elementos pol\u00edticos e intelectuales del mundo conservador catal\u00e1n (dirigentes pol\u00edticos como Francesc Camb\u00f3, j\u00f3venes periodistas y escritores como Ignacio Agust\u00ed, etc.) asumieron, de forma consciente y querida, el discurso interpretativo generado por los fascismos europeos: el antisemitismo, la guerra de los imperialismos occidentales (el anglosaj\u00f3n y el franc\u00e9s), la legitimidad del renacimiento alem\u00e1n, etc. A la ca\u00edda de Par\u00eds, en junio de 1940, los franquistas catalanes hab\u00edan llegado a un consenso transversal incuestionable: las democracias eran los reg\u00edmenes d\u00e9biles del pasado; el presente era para los reg\u00edmenes valientes y en\u00e9rgicos; el futuro ser\u00eda un nuevo orden europeo liberado de las r\u00e9moras de la Ilustraci\u00f3n.<\/p>\n\n\n\n<p><a href=\"https:\/\/www.dictatorships-democracies.com\/articles\/abstract\/10.7238\/dd.v0i7.3161\/\" target=\"_blank\" rel=\"noreferrer noopener\"><strong>Acceso abierto al art\u00edculo<\/strong><\/a><\/p>\n<\/div><\/div>\n\n\n\n<hr class=\"wp-block-separator has-alpha-channel-opacity\" \/>\n\n\n\n<div class=\"wp-block-media-text alignwide is-stacked-on-mobile\" style=\"grid-template-columns:15% auto\"><figure class=\"wp-block-media-text__media\"><img loading=\"lazy\" decoding=\"async\" width=\"150\" height=\"195\" src=\"https:\/\/webs.uab.cat\/cedid\/wp-content\/uploads\/sites\/151\/2022\/12\/thumbnail_historia_presente_34.png\" alt=\"\" class=\"wp-image-6298 size-full\" \/><\/figure><div class=\"wp-block-media-text__content\">\n<p><strong>Jordi Sancho Gal\u00e1n,\u00bb\u00abNuestro 68 fue el 66\u00bb. El movimiento estudiantil de Barcelona en el marco global de los sesentayochos (1965-1969)\u00bb, <em>Historia del Presente<\/em>,&nbsp; 2019, n. 34, pp. 161-176.<\/strong><\/p>\n\n\n\n<p>Entre 1965 y 1969 se produjeron revueltas estudiantiles significativas en m\u00e1s de medio centenar de pa\u00edses, de Estados Unidos y Canad\u00e1 a Brasil, de M\u00e9xico a B\u00e9lgica, Polonia o Jap\u00f3n. Aunque, en general, en lo referente a estas movilizaciones, su principal foco se desarroll\u00f3 en las ciudades, as\u00ed, de Berkeley a Tokio, pasando por Ciudad de M\u00e9xico, Berl\u00edn, Mil\u00e1n, Par\u00eds, Roma, Praga y tambi\u00e9n Madrid y Barcelona, entre muchas otras ciudades universitarias, la contestaci\u00f3n estudiantil tom\u00f3 partido en el debate pol\u00edtico y social con una magnitud y forma como nunca antes se hab\u00eda visto. En este art\u00edculo Jordi Sancho Gal\u00e1n realiza un estudio comparativo entre las ciudades de Barcelona, Berl\u00edn y Pisa y inserta el caso de Barcelona en la l\u00f3gica internacional. Se tratan aspectos como la importancia del SDEUB como un espacio de debate p\u00fablico y pr\u00e1ctica democr\u00e1tica, as\u00ed como la posterior radicalizaci\u00f3n por parte de la vanguardia del movimiento estudiantil, y la siempre presente represi\u00f3n.<\/p>\n<\/div><\/div>\n\n\n\n<hr class=\"wp-block-separator has-alpha-channel-opacity\" \/>\n\n\n\n<div class=\"wp-block-media-text alignwide is-stacked-on-mobile\" style=\"grid-template-columns:15% auto\"><figure class=\"wp-block-media-text__media\"><img loading=\"lazy\" decoding=\"async\" width=\"575\" height=\"812\" src=\"https:\/\/webs.uab.cat\/cedid\/wp-content\/uploads\/sites\/151\/2022\/12\/wp.png\" alt=\"\" class=\"wp-image-6300 size-full\" srcset=\"https:\/\/webs.uab.cat\/cedid\/wp-content\/uploads\/sites\/151\/2022\/12\/wp.png 575w, https:\/\/webs.uab.cat\/cedid\/wp-content\/uploads\/sites\/151\/2022\/12\/wp-212x300.png 212w\" sizes=\"auto, (max-width: 575px) 100vw, 575px\" \/><\/figure><div class=\"wp-block-media-text__content\">\n<p><strong>Nil Bosch Navarro, \u00abLa lucha por el relato: el conflicto \u00c1rabo-Israel\u00ed y la Uni\u00f3n Europea\u00bb,<em> ICPS, Colecci\u00f3n Working papers<\/em>, 2019 n. 360.<\/strong><\/p>\n\n\n\n<p>El conflicto \u00e1rabo-israel\u00ed ha sido objeto de una intensa lucha entre sus actores para imponer su relato de la realidad y la Uni\u00f3n Europea, uno de los marcos en los que esta lucha ha presentado una evoluci\u00f3n hist\u00f3rica m\u00e1s din\u00e1mica y ha terminado por influir en la aproximaci\u00f3n que se realiza hacia el conflicto. Aunque haya pasado a un segundo plano, estados, lobbies y partidos no cesan en tratar de imponer su propia visi\u00f3n del conflicto, una situaci\u00f3n que con el auge de la extrema derecha puede terminar por comprometer el cuestionado papel comunitario en el conflicto.<\/p>\n<\/div><\/div>\n\n\n\n<hr class=\"wp-block-separator has-alpha-channel-opacity\" \/>\n\n\n\n<div class=\"wp-block-media-text alignwide is-stacked-on-mobile\" style=\"grid-template-columns:15% auto\"><figure class=\"wp-block-media-text__media\"><img loading=\"lazy\" decoding=\"async\" width=\"707\" height=\"1024\" src=\"https:\/\/webs.uab.cat\/cedid\/wp-content\/uploads\/sites\/151\/2022\/12\/nous_horitzons_portda_0-707x1024.jpg\" alt=\"\" class=\"wp-image-6302 size-full\" srcset=\"https:\/\/webs.uab.cat\/cedid\/wp-content\/uploads\/sites\/151\/2022\/12\/nous_horitzons_portda_0-707x1024.jpg 707w, https:\/\/webs.uab.cat\/cedid\/wp-content\/uploads\/sites\/151\/2022\/12\/nous_horitzons_portda_0-207x300.jpg 207w, https:\/\/webs.uab.cat\/cedid\/wp-content\/uploads\/sites\/151\/2022\/12\/nous_horitzons_portda_0-768x1113.jpg 768w, https:\/\/webs.uab.cat\/cedid\/wp-content\/uploads\/sites\/151\/2022\/12\/nous_horitzons_portda_0.jpg 862w\" sizes=\"auto, (max-width: 707px) 100vw, 707px\" \/><\/figure><div class=\"wp-block-media-text__content\">\n<p><strong>Steven Forti, \u201cDe la banalitzaci\u00f3 del fascisme al sobiranisme de Salvini\u201d, <em>Nous Horitzons<\/em>, 2019, n. 221, pp. 82-85.<\/strong><\/p>\n\n\n\n<p>La revista <em>Nous Horitzons <\/em>ha dedicado un monogr\u00e1fico a la extrema derecha en Europa en el cual se abordan diferentes cuestiones, desde sus causas y sus or\u00edgenes hasta su organizaci\u00f3n y su discurso. Asimismo, una serie de art\u00edculos presentan unos estudios de caso, desde Francia y Alemania a Espa\u00f1a e Italia. Steven Forti analiza la realidad del pa\u00eds transalpino con el ascenso de la Liga de Matteo Salvini que vincula al constante trabajo de banalizaci\u00f3n del fascismo realizado a partir de principios de los a\u00f1os Noventa con la entrada en pol\u00edtica de Silvio Berlusconi.<\/p>\n<\/div><\/div>\n","protected":false},"excerpt":{"rendered":"<p>Enlace: relaci\u00f3n de los art\u00edculos publicados por las investigadoras y los investigadores del CEDID entre los a\u00f1os 2018 y 2019. Pau Casanellas, C\u00e9sar Lorenzo, \u00abLucha antirrepresiva e influjo unitario en la movilizaci\u00f3n antifranquista: las Comisiones de Solidaridad (1969-1977)\u00bb,&nbsp;Historia y Pol\u00edtica, 43, 2020, pp. 291-326. La movilizaci\u00f3n unitaria de apoyo a los represaliados pol\u00edticos es un [&hellip;]<\/p>\n","protected":false},"author":20,"featured_media":0,"parent":0,"menu_order":0,"comment_status":"closed","ping_status":"closed","template":"","meta":{"footnotes":""},"class_list":["post-2443","page","type-page","status-publish","hentry"],"_links":{"self":[{"href":"https:\/\/webs.uab.cat\/cedid\/es\/wp-json\/wp\/v2\/pages\/2443","targetHints":{"allow":["GET"]}}],"collection":[{"href":"https:\/\/webs.uab.cat\/cedid\/es\/wp-json\/wp\/v2\/pages"}],"about":[{"href":"https:\/\/webs.uab.cat\/cedid\/es\/wp-json\/wp\/v2\/types\/page"}],"author":[{"embeddable":true,"href":"https:\/\/webs.uab.cat\/cedid\/es\/wp-json\/wp\/v2\/users\/20"}],"replies":[{"embeddable":true,"href":"https:\/\/webs.uab.cat\/cedid\/es\/wp-json\/wp\/v2\/comments?post=2443"}],"version-history":[{"count":4,"href":"https:\/\/webs.uab.cat\/cedid\/es\/wp-json\/wp\/v2\/pages\/2443\/revisions"}],"predecessor-version":[{"id":6304,"href":"https:\/\/webs.uab.cat\/cedid\/es\/wp-json\/wp\/v2\/pages\/2443\/revisions\/6304"}],"wp:attachment":[{"href":"https:\/\/webs.uab.cat\/cedid\/es\/wp-json\/wp\/v2\/media?parent=2443"}],"curies":[{"name":"wp","href":"https:\/\/api.w.org\/{rel}","templated":true}]}}