{"id":413,"date":"2010-06-22T16:25:15","date_gmt":"2010-06-22T16:25:15","guid":{"rendered":"https:\/\/webs.uab.cat\/cedid\/jornades-dactualitzacio-cientifica-i-didactica-0\/"},"modified":"2022-12-13T14:29:46","modified_gmt":"2022-12-13T14:29:46","slug":"jornades-dactualitzacio-cientifica-i-didactica-0","status":"publish","type":"page","link":"https:\/\/webs.uab.cat\/cedid\/es\/jornades-dactualitzacio-cientifica-i-didactica-0\/","title":{"rendered":"Jornades d&#8217;Actualitzaci\u00f3 Cient\u00edfica i Did\u00e0ctica"},"content":{"rendered":"\n<p><\/p>\n\n\n\n<p><strong><a href=\"https:\/\/webs.uab.cat\/cedid\/es\/jornades-dactualitzacio-cientifica-i-didactica-2\/\">Jornadas de Actualizaci\u00f3n cient\u00edfica y did\u00e1ctica realizadas, 2008-2021<\/a><\/strong><\/p>\n","protected":false},"excerpt":{"rendered":"<p>Jornadas de Actualizaci\u00f3n cient\u00edfica y did\u00e1ctica realizadas, 2008-2021<\/p>\n","protected":false},"author":20,"featured_media":0,"parent":0,"menu_order":0,"comment_status":"closed","ping_status":"closed","template":"","meta":{"footnotes":""},"class_list":["post-413","page","type-page","status-publish","hentry"],"_links":{"self":[{"href":"https:\/\/webs.uab.cat\/cedid\/es\/wp-json\/wp\/v2\/pages\/413","targetHints":{"allow":["GET"]}}],"collection":[{"href":"https:\/\/webs.uab.cat\/cedid\/es\/wp-json\/wp\/v2\/pages"}],"about":[{"href":"https:\/\/webs.uab.cat\/cedid\/es\/wp-json\/wp\/v2\/types\/page"}],"author":[{"embeddable":true,"href":"https:\/\/webs.uab.cat\/cedid\/es\/wp-json\/wp\/v2\/users\/20"}],"replies":[{"embeddable":true,"href":"https:\/\/webs.uab.cat\/cedid\/es\/wp-json\/wp\/v2\/comments?post=413"}],"version-history":[{"count":2,"href":"https:\/\/webs.uab.cat\/cedid\/es\/wp-json\/wp\/v2\/pages\/413\/revisions"}],"predecessor-version":[{"id":6239,"href":"https:\/\/webs.uab.cat\/cedid\/es\/wp-json\/wp\/v2\/pages\/413\/revisions\/6239"}],"wp:attachment":[{"href":"https:\/\/webs.uab.cat\/cedid\/es\/wp-json\/wp\/v2\/media?parent=413"}],"curies":[{"name":"wp","href":"https:\/\/api.w.org\/{rel}","templated":true}]}}