{"id":419,"date":"2010-06-22T16:26:37","date_gmt":"2010-06-22T16:26:37","guid":{"rendered":"https:\/\/webs.uab.cat\/cedid\/proyectos-en-curso\/"},"modified":"2024-02-02T17:02:30","modified_gmt":"2024-02-02T17:02:30","slug":"proyectos-en-curso","status":"publish","type":"page","link":"https:\/\/webs.uab.cat\/cedid\/es\/proyectos-en-curso\/","title":{"rendered":"Proyectos en curso"},"content":{"rendered":"<p><strong>Proyectos de investigaci\u00f3n dirigidos por miembros del CEFID\/CEDID<\/strong><\/p>\n<p><em>Analysis of and Responses to Extremist Narratives <\/em>(ARENAS)<br \/>\nIP local: Steven Forti<br \/>\nReferencia: Grant Agreement No. 101094731 (EU \/ Horizon Europe research and innovation programme)<br \/>\nDuraci\u00f3n: 2023-2027<br \/>\n<a href=\"https:\/\/webs.uab.cat\/cedid\/es\/proyecto-arenas\/\">Proyecto ARENAS<\/a><\/p>\n<p><em>La dictadura de Primo de Rivera y la Segunda Rep\u00fablica espa\u00f1ola en sus relaciones con el panarabismo y el panislamismo (1923-1937)<br \/>\n<\/em>Investigador principal: Francisco Veiga<br \/>\nReferencia: PID2022-138969NB-I00 (AEI \/ Ministerio de Ciencia, Innovaci\u00f3n y Universidades)<br \/>\nDuraci\u00f3n: 2023-2026<\/p>\n<p><em>Usos y transformaciones de los g\u00e9neros paraliterarios en la literatura catalana de la posmodernidad, 1968-2021<\/em><br \/>\nInvestigador principal: V\u00edctor Martinez-Gil (amb Jordi Marrugat Dom\u00e8nech)<br \/>\nRefer\u00e8ncia: PID2021-122535NB-I00 (AEI \/ Ministerio de Ciencia e Innovaci\u00f3n)<br \/>\nDurada: 2022-2025<\/p>\n<p><em>La historia de la literatura espa\u00f1ola: exilio republicano de 1939 e interior<\/em><br \/>\nInvestigadores principales: Jos\u00e9 Ram\u00f3n L\u00f3pez Garc\u00eda y Manuel Aznar Soler<br \/>\nReferencia: PID2020-115252GB-I00 (AEI \/ Ministerio de Ciencia e Innovaci\u00f3n)<br \/>\nDuraci\u00f3n: 2021-2025<\/p>\n<p><em>La derecha en la Espa\u00f1a democr\u00e1tica (1977-1996). Proyectos, actuaci\u00f3n institucional y presencia social<\/em><br \/>\nInvestigadores principales: Carme Molinero y Pere Ys\u00e0s<br \/>\nReferencia: PID2020-112679GB-I00 (AEI \/ Ministerio de Ciencia e Innovaci\u00f3n)<br \/>\nDuraci\u00f3n: 2021-2025<\/p>\n<p><i>Estado y din\u00e1micas nacionales en Espa\u00f1a (1931-1978)<\/i><br \/>\nInvestigadores principales: Francesc Vilanova y\u00a0Xavier Dom\u00e8nech<br \/>\nReferencia: PID2019-105464GB-I00 \/\u00a0AEI \/ 10.13039\/501100011033<br \/>\nDuraci\u00f3n: 2020-2024<\/p>\n<p><span style=\"line-height: 20.799999237060547px\"><strong>Ayudas vigentes a grupos de investigaci\u00f3n coordinados por miembros del CEDID<\/strong><\/span><\/p>\n<p>Grupo de Estudios del Exilio Literario (GEXEL)\u00a0 \u00a0 \u00a0 \u00a0 \u00a0 \u00a0 \u00a0 \u00a0 \u00a0 \u00a0 \u00a0 \u00a0 \u00a0 \u00a0 \u00a0 \u00a0 \u00a0 \u00a0 \u00a0 \u00a0 \u00a0 \u00a0 \u00a0 \u00a0 \u00a0 \u00a0 \u00a0 \u00a0 \u00a0 \u00a0 \u00a0 \u00a0 \u00a0 \u00a0 \u00a0 \u00a0 \u00a0 \u00a0 \u00a0 \u00a0 \u00a0 \u00a0 \u00a0 \u00a0 \u00a0 \u00a0 \u00a0 <span style=\"font-size: revert;letter-spacing: 0.05rem\">Investigador Responsable: Jos\u00e9 Ram\u00f3n L\u00f3pez Garc\u00eda\u00a0 \u00a0 \u00a0 \u00a0 \u00a0 \u00a0 \u00a0 \u00a0 \u00a0 \u00a0 \u00a0 \u00a0 \u00a0 \u00a0 \u00a0 \u00a0 \u00a0 \u00a0 \u00a0 \u00a0 \u00a0 \u00a0 \u00a0 \u00a0 \u00a0 \u00a0 \u00a0 \u00a0 \u00a0 \u00a0 \u00a0 \u00a0 \u00a0 \u00a0 \u00a0 <\/span>Referencia: 2021 SGR 00118<\/p>\n<p><span style=\"font-size: revert;letter-spacing: 0.05rem\">Grup de Recerca sobre Dictadures i Democr\u00e0cies (GReDD)\u00a0 \u00a0 \u00a0 \u00a0 \u00a0 \u00a0 \u00a0 \u00a0 \u00a0 \u00a0 \u00a0 \u00a0 \u00a0 \u00a0 \u00a0 \u00a0 \u00a0 \u00a0 \u00a0 \u00a0 \u00a0 \u00a0 \u00a0 \u00a0 \u00a0 \u00a0 \u00a0 \u00a0 \u00a0 \u00a0 \u00a0 \u00a0 \u00a0 \u00a0 <\/span><span style=\"font-size: revert;letter-spacing: 0.05rem\">Investigador Responsable: Francesc Vilanova i Vila-Abadal\u00a0 \u00a0 \u00a0 \u00a0 \u00a0 \u00a0 \u00a0 \u00a0 \u00a0 \u00a0 \u00a0 \u00a0 \u00a0 \u00a0 \u00a0 \u00a0 \u00a0 \u00a0 \u00a0 \u00a0 \u00a0 \u00a0 \u00a0 \u00a0 \u00a0 \u00a0 \u00a0 \u00a0 \u00a0 \u00a0 <\/span><span style=\"font-size: revert;letter-spacing: 0.05rem\">Referencia: 2021 SGR 00123<\/span><\/p>\n<p>Grup d\u2019Estudi de la Traducci\u00f3 Catalana Contempor\u00e0nia (GETCC)<br \/>\nInvestigadora responsable: Montserrat Bacard\u00ed Tom\u00e0s<br \/>\nReferencia: 2021 SGR 00016<\/p>\n<p>Grup d&#8217;Estudis de Literatura Catalana Contempor\u00e0nia (GELCC)<br \/>\nInvestigador responsable: Xavier Vall i Solaz<br \/>\nReferencia: 2021 SGR 00119<\/p>\n","protected":false},"excerpt":{"rendered":"<p>Proyectos de investigaci\u00f3n dirigidos por miembros del CEFID\/CEDID Analysis of and Responses to Extremist Narratives (ARENAS) IP local: Steven Forti Referencia: Grant Agreement No. 101094731 (EU \/ Horizon Europe research and innovation programme) Duraci\u00f3n: 2023-2027 Proyecto ARENAS La dictadura de Primo de Rivera y la Segunda Rep\u00fablica espa\u00f1ola en sus relaciones con el panarabismo y [&hellip;]<\/p>\n","protected":false},"author":20,"featured_media":0,"parent":0,"menu_order":0,"comment_status":"closed","ping_status":"closed","template":"","meta":{"footnotes":""},"class_list":["post-419","page","type-page","status-publish","hentry"],"_links":{"self":[{"href":"https:\/\/webs.uab.cat\/cedid\/es\/wp-json\/wp\/v2\/pages\/419","targetHints":{"allow":["GET"]}}],"collection":[{"href":"https:\/\/webs.uab.cat\/cedid\/es\/wp-json\/wp\/v2\/pages"}],"about":[{"href":"https:\/\/webs.uab.cat\/cedid\/es\/wp-json\/wp\/v2\/types\/page"}],"author":[{"embeddable":true,"href":"https:\/\/webs.uab.cat\/cedid\/es\/wp-json\/wp\/v2\/users\/20"}],"replies":[{"embeddable":true,"href":"https:\/\/webs.uab.cat\/cedid\/es\/wp-json\/wp\/v2\/comments?post=419"}],"version-history":[{"count":7,"href":"https:\/\/webs.uab.cat\/cedid\/es\/wp-json\/wp\/v2\/pages\/419\/revisions"}],"predecessor-version":[{"id":8155,"href":"https:\/\/webs.uab.cat\/cedid\/es\/wp-json\/wp\/v2\/pages\/419\/revisions\/8155"}],"wp:attachment":[{"href":"https:\/\/webs.uab.cat\/cedid\/es\/wp-json\/wp\/v2\/media?parent=419"}],"curies":[{"name":"wp","href":"https:\/\/api.w.org\/{rel}","templated":true}]}}