{"id":1016,"date":"2013-04-22T18:31:58","date_gmt":"2013-04-22T18:31:58","guid":{"rendered":"https:\/\/webs.uab.cat\/cedid\/programa-argo\/"},"modified":"2022-11-17T14:54:47","modified_gmt":"2022-11-17T14:54:47","slug":"programa-argo","status":"publish","type":"page","link":"https:\/\/webs.uab.cat\/cedid\/programa-argo\/","title":{"rendered":"Programa Arg\u00f3"},"content":{"rendered":"\n<p>El CEFID participa des de l\u2019any 2003 en el programa Arg\u00f3, impulsat per l\u2019Institut de Ci\u00e8ncies de l\u2019Educaci\u00f3 de la UAB i orientat a la&nbsp;col\u00b7laboraci\u00f3 amb l\u2019ensenyament secundari. En el marc d\u2019aquest programa,&nbsp;cada estiu el centre acull durant tres setmanes un nombre variable&nbsp;d\u2019estudiants de Batxillerat. Durant la seva estada a la UAB, els&nbsp;estudiants realitzen, a tall de pr\u00e0ctiques, tasques de suport a&nbsp;l\u2019activitat del centre i, alhora, reben orientaci\u00f3 per a la realitzaci\u00f3&nbsp;dels seus treballs de recerca hist\u00f2rica, tant pel que fa a l\u2019enfocament&nbsp;general com a metodologia i fonts d\u2019informaci\u00f3.<\/p>\n\n\n\n<p><a rel=\"noopener\" href=\"http:\/\/ice2.uab.cat\/argo\/presentacio.htm\" target=\"_blank\">M\u00e9s informaci\u00f3<\/a><\/p>\n","protected":false},"excerpt":{"rendered":"<p>El CEFID participa des de l\u2019any 2003 en el programa Arg\u00f3, impulsat per l\u2019Institut de Ci\u00e8ncies de l\u2019Educaci\u00f3 de la UAB i orientat a la&nbsp;col\u00b7laboraci\u00f3 amb l\u2019ensenyament secundari. En el marc d\u2019aquest programa,&nbsp;cada estiu el centre acull durant tres setmanes un nombre variable&nbsp;d\u2019estudiants de Batxillerat. Durant la seva estada a la UAB, els&nbsp;estudiants realitzen, a [&hellip;]<\/p>\n","protected":false},"author":20,"featured_media":0,"parent":0,"menu_order":0,"comment_status":"closed","ping_status":"closed","template":"","meta":{"footnotes":""},"class_list":["post-1016","page","type-page","status-publish","hentry"],"_links":{"self":[{"href":"https:\/\/webs.uab.cat\/cedid\/wp-json\/wp\/v2\/pages\/1016","targetHints":{"allow":["GET"]}}],"collection":[{"href":"https:\/\/webs.uab.cat\/cedid\/wp-json\/wp\/v2\/pages"}],"about":[{"href":"https:\/\/webs.uab.cat\/cedid\/wp-json\/wp\/v2\/types\/page"}],"author":[{"embeddable":true,"href":"https:\/\/webs.uab.cat\/cedid\/wp-json\/wp\/v2\/users\/20"}],"replies":[{"embeddable":true,"href":"https:\/\/webs.uab.cat\/cedid\/wp-json\/wp\/v2\/comments?post=1016"}],"version-history":[{"count":2,"href":"https:\/\/webs.uab.cat\/cedid\/wp-json\/wp\/v2\/pages\/1016\/revisions"}],"predecessor-version":[{"id":4216,"href":"https:\/\/webs.uab.cat\/cedid\/wp-json\/wp\/v2\/pages\/1016\/revisions\/4216"}],"wp:attachment":[{"href":"https:\/\/webs.uab.cat\/cedid\/wp-json\/wp\/v2\/media?parent=1016"}],"curies":[{"name":"wp","href":"https:\/\/api.w.org\/{rel}","templated":true}]}}