{"id":1293,"date":"2013-05-02T17:05:17","date_gmt":"2013-05-02T17:05:17","guid":{"rendered":"https:\/\/webs.uab.cat\/cedid\/daltres-institucions\/"},"modified":"2026-01-19T11:54:21","modified_gmt":"2026-01-19T11:54:21","slug":"daltres-institucions","status":"publish","type":"page","link":"https:\/\/webs.uab.cat\/cedid\/daltres-institucions\/","title":{"rendered":"D&#8217;altres institucions"},"content":{"rendered":"\n<p><\/p>\n\n\n\n<hr class=\"wp-block-separator has-alpha-channel-opacity\" \/>\n\n\n\n<div class=\"wp-block-media-text alignwide is-stacked-on-mobile\" style=\"grid-template-columns:29% auto\"><figure class=\"wp-block-media-text__media\"><img loading=\"lazy\" decoding=\"async\" width=\"371\" height=\"48\" src=\"https:\/\/webs.uab.cat\/cedid\/wp-content\/uploads\/sites\/151\/2026\/01\/logo-roig-e1676703664163.png\" alt=\"\" class=\"wp-image-11135 size-full\" srcset=\"https:\/\/webs.uab.cat\/cedid\/wp-content\/uploads\/sites\/151\/2026\/01\/logo-roig-e1676703664163.png 371w, https:\/\/webs.uab.cat\/cedid\/wp-content\/uploads\/sites\/151\/2026\/01\/logo-roig-e1676703664163-300x39.png 300w\" sizes=\"auto, (max-width: 371px) 100vw, 371px\" \/><\/figure><div class=\"wp-block-media-text__content\">\n<p><strong>Programaci\u00f3 d&#8217;activitats de l&#8217;European Observatory on Memories<\/strong><\/p>\n\n\n\n<p><a href=\"https:\/\/europeanmemories.net\/activities\/\"><strong>Acc\u00e9s a la programaci\u00f3<\/strong><\/a><\/p>\n<\/div><\/div>\n\n\n\n<hr class=\"wp-block-separator has-alpha-channel-opacity\" \/>\n\n\n\n<div class=\"wp-block-media-text alignwide is-stacked-on-mobile\" style=\"grid-template-columns:25% auto\"><figure class=\"wp-block-media-text__media\"><img loading=\"lazy\" decoding=\"async\" width=\"791\" height=\"1024\" src=\"https:\/\/webs.uab.cat\/cedid\/wp-content\/uploads\/sites\/151\/2023\/06\/afiche_seminario_23_y_24_nov_2022-791x1024.png\" alt=\"\" class=\"wp-image-7254 size-full\" srcset=\"https:\/\/webs.uab.cat\/cedid\/wp-content\/uploads\/sites\/151\/2023\/06\/afiche_seminario_23_y_24_nov_2022-791x1024.png 791w, https:\/\/webs.uab.cat\/cedid\/wp-content\/uploads\/sites\/151\/2023\/06\/afiche_seminario_23_y_24_nov_2022-232x300.png 232w, https:\/\/webs.uab.cat\/cedid\/wp-content\/uploads\/sites\/151\/2023\/06\/afiche_seminario_23_y_24_nov_2022-768x994.png 768w, https:\/\/webs.uab.cat\/cedid\/wp-content\/uploads\/sites\/151\/2023\/06\/afiche_seminario_23_y_24_nov_2022-1187x1536.png 1187w, https:\/\/webs.uab.cat\/cedid\/wp-content\/uploads\/sites\/151\/2023\/06\/afiche_seminario_23_y_24_nov_2022-1200x1553.png 1200w, https:\/\/webs.uab.cat\/cedid\/wp-content\/uploads\/sites\/151\/2023\/06\/afiche_seminario_23_y_24_nov_2022.png 1500w\" sizes=\"auto, (max-width: 791px) 100vw, 791px\" \/><\/figure><div class=\"wp-block-media-text__content\">\n<p class=\"has-normal-font-size\"><\/p>\n\n\n\n<p><span style=\"text-decoration: underline\">Seminari Permanent<\/span><\/p>\n\n\n\n<p><strong>Dictaduras en Iberoam\u00e9rica<\/strong><\/p>\n\n\n\n<p>Periodicitat semestral, format en l\u00ednia a la plataforma Zoom<\/p>\n\n\n\n<p>Organitzat pel Departament de Ci\u00e8ncies del Dret de la Universitat de Chile<\/p>\n\n\n\n<p><strong><a rel=\"noreferrer noopener\" href=\"https:\/\/dictaduraseniberoamerica.com\/\" target=\"_blank\">M\u00e9s informaci\u00f3<\/a><\/strong><\/p>\n<\/div><\/div>\n\n\n\n<hr class=\"wp-block-separator has-alpha-channel-opacity\" \/>\n","protected":false},"excerpt":{"rendered":"<p>Programaci\u00f3 d&#8217;activitats de l&#8217;European Observatory on Memories Acc\u00e9s a la programaci\u00f3 Seminari Permanent Dictaduras en Iberoam\u00e9rica Periodicitat semestral, format en l\u00ednia a la plataforma Zoom Organitzat pel Departament de Ci\u00e8ncies del Dret de la Universitat de Chile M\u00e9s informaci\u00f3<\/p>\n","protected":false},"author":20,"featured_media":0,"parent":0,"menu_order":0,"comment_status":"closed","ping_status":"closed","template":"","meta":{"footnotes":""},"class_list":["post-1293","page","type-page","status-publish","hentry"],"_links":{"self":[{"href":"https:\/\/webs.uab.cat\/cedid\/wp-json\/wp\/v2\/pages\/1293","targetHints":{"allow":["GET"]}}],"collection":[{"href":"https:\/\/webs.uab.cat\/cedid\/wp-json\/wp\/v2\/pages"}],"about":[{"href":"https:\/\/webs.uab.cat\/cedid\/wp-json\/wp\/v2\/types\/page"}],"author":[{"embeddable":true,"href":"https:\/\/webs.uab.cat\/cedid\/wp-json\/wp\/v2\/users\/20"}],"replies":[{"embeddable":true,"href":"https:\/\/webs.uab.cat\/cedid\/wp-json\/wp\/v2\/comments?post=1293"}],"version-history":[{"count":53,"href":"https:\/\/webs.uab.cat\/cedid\/wp-json\/wp\/v2\/pages\/1293\/revisions"}],"predecessor-version":[{"id":11137,"href":"https:\/\/webs.uab.cat\/cedid\/wp-json\/wp\/v2\/pages\/1293\/revisions\/11137"}],"wp:attachment":[{"href":"https:\/\/webs.uab.cat\/cedid\/wp-json\/wp\/v2\/media?parent=1293"}],"curies":[{"name":"wp","href":"https:\/\/api.w.org\/{rel}","templated":true}]}}