{"id":1466,"date":"2013-05-08T17:57:08","date_gmt":"2013-05-08T17:57:08","guid":{"rendered":"https:\/\/webs.uab.cat\/cedid\/el-centre\/"},"modified":"2023-02-28T16:27:51","modified_gmt":"2023-02-28T16:27:51","slug":"el-centre","status":"publish","type":"page","link":"https:\/\/webs.uab.cat\/cedid\/el-centre\/","title":{"rendered":"El centre"},"content":{"rendered":"\n<div class=\"wp-block-cover alignfull wp-duotone-2a2a2a-rgb2055353-1\" style=\"min-height:800px;aspect-ratio:unset;\"><span aria-hidden=\"true\" class=\"wp-block-cover__background has-background-dim-100 has-background-dim\" style=\"background-color:#b61616\"><\/span><div class=\"wp-block-cover__inner-container is-layout-flow wp-block-cover-is-layout-flow\">\n<div class=\"wp-block-columns alignwide is-layout-flex wp-container-core-columns-is-layout-9d6595d7 wp-block-columns-is-layout-flex\">\n<div class=\"wp-block-column is-layout-flow wp-block-column-is-layout-flow\" style=\"flex-basis:55%\">\n<p class=\"has-background-color has-text-color\">El Centre d\u2019Estudis sobre Dictadures i Democr\u00e0cies (CEDID) \u00e9s un Centre d\u2019Estudi i Recerca de la UAB format per m\u00e9s d\u2019un centenar d\u2019investigadores i investigadors de diferents disciplines \u2013hist\u00f2ria, filologia, politologia, comunicaci\u00f3, sociologia, economia, dret\u2013, la majoria dels quals estan adscrits a diversos departaments o grups de recerca de la UAB, per b\u00e9 que tamb\u00e9 en formen part professors i investigadors d\u2019altres universitats catalanes i d\u2019altres territoris. Constitu\u00eft el 2001 amb el nom de Centre d\u2019Estudis sobre les \u00c8poques Franquista i Democr\u00e0tica (CEFID), el seu car\u00e0cter interdisciplinari va permetre aplegar en un \u00fanic centre de recerca una part molt notable de la investigaci\u00f3 desenvolupada a Catalunya sobre aquell per\u00edode hist\u00f2ric. Amb el pas dels anys, les l\u00ednies de treball cient\u00edfic impulsades des del centre van experimentar una progressiva ampliaci\u00f3 tem\u00e0tica i cronol\u00f2gica i van adquirir una creixent dimensi\u00f3 internacional, amb particular atenci\u00f3 a processos hist\u00f2rics comparables esdevinguts en altres pa\u00efsos d\u2019Europa i Am\u00e8rica Llatina. Aquest eixamplament substancial dels \u00e0mbits de recerca del centre es va reflectir el 2017 en l\u2019adopci\u00f3 del seu nom actual.<\/p>\n<\/div>\n\n\n\n<div class=\"wp-block-column is-layout-flow wp-block-column-is-layout-flow\">\n<p class=\"has-background-color has-text-color\">Al CEDID hi estan integrats el Grup de Recerca sobre Dictadures i Democr\u00e0cies -GReDD (abans GREF)-, el Grupo de Estudios del Exilio Literario \u2013GEXEL\u2013 i el Grup de Recerca en Hist\u00f2ria Actual \u2013GReHA\u2013, a m\u00e9s de nombrosos investigadors que encap\u00e7alen altres grups o en formen part, o b\u00e9 desenvolupen la seva recerca de manera individual. D\u2019altra banda, el CEDID t\u00e9 relacions de col\u00b7laboraci\u00f3 permanent amb el Servei d\u2019Informaci\u00f3 Bibliogr\u00e0fica i de Documentaci\u00f3 d\u2019Hist\u00f2ria, Llengua, Literatura i Art de Catalunya \u2013Sibhil\u00b7la\u2013 i el Centre Documental de la Comunicaci\u00f3 \u2013CEDOC\u2013, tots dos de la UAB.<\/p>\n<\/div>\n<\/div>\n<\/div><\/div>\n\n\n\n<p><\/p>\n","protected":false},"excerpt":{"rendered":"","protected":false},"author":20,"featured_media":0,"parent":0,"menu_order":0,"comment_status":"closed","ping_status":"closed","template":"index.php","meta":{"footnotes":""},"class_list":["post-1466","page","type-page","status-publish","hentry"],"_links":{"self":[{"href":"https:\/\/webs.uab.cat\/cedid\/wp-json\/wp\/v2\/pages\/1466","targetHints":{"allow":["GET"]}}],"collection":[{"href":"https:\/\/webs.uab.cat\/cedid\/wp-json\/wp\/v2\/pages"}],"about":[{"href":"https:\/\/webs.uab.cat\/cedid\/wp-json\/wp\/v2\/types\/page"}],"author":[{"embeddable":true,"href":"https:\/\/webs.uab.cat\/cedid\/wp-json\/wp\/v2\/users\/20"}],"replies":[{"embeddable":true,"href":"https:\/\/webs.uab.cat\/cedid\/wp-json\/wp\/v2\/comments?post=1466"}],"version-history":[{"count":15,"href":"https:\/\/webs.uab.cat\/cedid\/wp-json\/wp\/v2\/pages\/1466\/revisions"}],"predecessor-version":[{"id":8663,"href":"https:\/\/webs.uab.cat\/cedid\/wp-json\/wp\/v2\/pages\/1466\/revisions\/8663"}],"wp:attachment":[{"href":"https:\/\/webs.uab.cat\/cedid\/wp-json\/wp\/v2\/media?parent=1466"}],"curies":[{"name":"wp","href":"https:\/\/api.w.org\/{rel}","templated":true}]}}